{"id":9203,"date":"2024-09-10T07:43:22","date_gmt":"2024-09-10T07:43:22","guid":{"rendered":"https:\/\/yousanusb.com\/?post_type=product&#038;p=9203"},"modified":"2025-11-10T07:36:39","modified_gmt":"2025-11-10T07:36:39","slug":"multicolor-usb-3-0-flash-drive-colorful-thumb-drives","status":"publish","type":"product","link":"https:\/\/www.yousanusb.com\/de\/product\/multicolor-usb-3-0-flash-drive-colorful-thumb-drives\/","title":{"rendered":"Mehrfarbiges USB 3.0-Flash-Laufwerk"},"content":{"rendered":"<p>Das Aluminiumlegierungs-USB-Laufwerk Brilliant Color verf\u00fcgt \u00fcber ein Geh\u00e4use aus einer Aluminiumlegierung, das in einem integrierten Gussverfahren hergestellt wird. Die Eloxierung verleiht der Oberfl\u00e4che einen zarten, durchscheinenden Glanz, der bei Lichtbrechung einen Farbverlauf erkennen l\u00e4sst. Es f\u00fchlt sich glatt an und ist resistent gegen Fingerabdr\u00fccke, ist kratzfest und bleibt lange frisch.<\/p>\n\n\n\n<div class=\"wp-block-columns is-layout-flex wp-container-core-columns-is-layout-1 wp-block-columns-is-layout-flex\">\n<div class=\"wp-block-column is-layout-flow wp-block-column-is-layout-flow\">\n<figure class=\"wp-block-image size-full\"><img fetchpriority=\"high\" decoding=\"async\" width=\"450\" height=\"450\" src=\"https:\/\/www.yousanusb.com\/wp-content\/uploads\/2024\/12\/Multicolor-USB-3.0-Flash-Drive.jpg\" alt=\"Mehrfarbiges USB 3.0-Flash-Laufwerk\" class=\"wp-image-13005\" srcset=\"https:\/\/www.yousanusb.com\/wp-content\/uploads\/2024\/12\/Multicolor-USB-3.0-Flash-Drive.jpg 450w, https:\/\/www.yousanusb.com\/wp-content\/uploads\/2024\/12\/Multicolor-USB-3.0-Flash-Drive-300x300.jpg 300w, https:\/\/www.yousanusb.com\/wp-content\/uploads\/2024\/12\/Multicolor-USB-3.0-Flash-Drive-150x150.jpg 150w, https:\/\/www.yousanusb.com\/wp-content\/uploads\/2024\/12\/Multicolor-USB-3.0-Flash-Drive-100x100.jpg 100w\" sizes=\"(max-width: 450px) 100vw, 450px\" \/><\/figure>\n<\/div>\n\n\n\n<div class=\"wp-block-column is-layout-flow wp-block-column-is-layout-flow\">\n<figure class=\"wp-block-image size-full\"><img decoding=\"async\" width=\"800\" height=\"800\" src=\"https:\/\/www.yousanusb.com\/wp-content\/uploads\/2024\/12\/Customized-USB-flash-drive-with-short-metal-and-aluminum-case-by-Panasonic.jpg\" alt=\"\" class=\"wp-image-11705\" srcset=\"https:\/\/www.yousanusb.com\/wp-content\/uploads\/2024\/12\/Customized-USB-flash-drive-with-short-metal-and-aluminum-case-by-Panasonic.jpg 800w, https:\/\/www.yousanusb.com\/wp-content\/uploads\/2024\/12\/Customized-USB-flash-drive-with-short-metal-and-aluminum-case-by-Panasonic-300x300.jpg 300w, https:\/\/www.yousanusb.com\/wp-content\/uploads\/2024\/12\/Customized-USB-flash-drive-with-short-metal-and-aluminum-case-by-Panasonic-150x150.jpg 150w, https:\/\/www.yousanusb.com\/wp-content\/uploads\/2024\/12\/Customized-USB-flash-drive-with-short-metal-and-aluminum-case-by-Panasonic-768x768.jpg 768w, https:\/\/www.yousanusb.com\/wp-content\/uploads\/2024\/12\/Customized-USB-flash-drive-with-short-metal-and-aluminum-case-by-Panasonic-600x600.jpg 600w, https:\/\/www.yousanusb.com\/wp-content\/uploads\/2024\/12\/Customized-USB-flash-drive-with-short-metal-and-aluminum-case-by-Panasonic-100x100.jpg 100w\" sizes=\"(max-width: 800px) 100vw, 800px\" \/><\/figure>\n<\/div>\n<\/div>\n\n\n\n<p>Classic Silver bietet eine k\u00fchle, raffinierte Textur, Soft Mist Pink sorgt f\u00fcr eine sanfte, aber kantige Ausstrahlung und Deep Space Gray strahlt eine ruhige, verbindliche Pr\u00e4senz aus. Jede Farbe passt zu verschiedenen Stilen und Anl\u00e4ssen. <\/p>\n\n\n\n<div class=\"wp-block-columns is-layout-flex wp-container-core-columns-is-layout-2 wp-block-columns-is-layout-flex\">\n<div class=\"wp-block-column is-layout-flow wp-block-column-is-layout-flow\">\n<figure class=\"wp-block-image size-large\"><img decoding=\"async\" width=\"1024\" height=\"1024\" src=\"https:\/\/www.yousanusb.com\/wp-content\/uploads\/2024\/11\/O1CN01rzM9Pp1TrjuEUk5AS_2206890492436-0-cib-1024x1024.jpg\" alt=\"\" class=\"wp-image-19524\" srcset=\"https:\/\/www.yousanusb.com\/wp-content\/uploads\/2024\/11\/O1CN01rzM9Pp1TrjuEUk5AS_2206890492436-0-cib-1024x1024.jpg 1024w, https:\/\/www.yousanusb.com\/wp-content\/uploads\/2024\/11\/O1CN01rzM9Pp1TrjuEUk5AS_2206890492436-0-cib-300x300.jpg 300w, https:\/\/www.yousanusb.com\/wp-content\/uploads\/2024\/11\/O1CN01rzM9Pp1TrjuEUk5AS_2206890492436-0-cib-150x150.jpg 150w, https:\/\/www.yousanusb.com\/wp-content\/uploads\/2024\/11\/O1CN01rzM9Pp1TrjuEUk5AS_2206890492436-0-cib-768x768.jpg 768w, https:\/\/www.yousanusb.com\/wp-content\/uploads\/2024\/11\/O1CN01rzM9Pp1TrjuEUk5AS_2206890492436-0-cib-12x12.jpg 12w, https:\/\/www.yousanusb.com\/wp-content\/uploads\/2024\/11\/O1CN01rzM9Pp1TrjuEUk5AS_2206890492436-0-cib-600x600.jpg 600w, https:\/\/www.yousanusb.com\/wp-content\/uploads\/2024\/11\/O1CN01rzM9Pp1TrjuEUk5AS_2206890492436-0-cib-100x100.jpg 100w, https:\/\/www.yousanusb.com\/wp-content\/uploads\/2024\/11\/O1CN01rzM9Pp1TrjuEUk5AS_2206890492436-0-cib.jpg 1271w\" sizes=\"(max-width: 1024px) 100vw, 1024px\" \/><\/figure>\n<\/div>\n\n\n\n<div class=\"wp-block-column is-layout-flow wp-block-column-is-layout-flow\">\n<figure class=\"wp-block-image size-large\"><img loading=\"lazy\" decoding=\"async\" width=\"1024\" height=\"1024\" src=\"https:\/\/www.yousanusb.com\/wp-content\/uploads\/2024\/11\/O1CN01iId5EU1TrjuEGFwWw_2206890492436-0-cib-1024x1024.jpg\" alt=\"\" class=\"wp-image-19523\" srcset=\"https:\/\/www.yousanusb.com\/wp-content\/uploads\/2024\/11\/O1CN01iId5EU1TrjuEGFwWw_2206890492436-0-cib-1024x1024.jpg 1024w, https:\/\/www.yousanusb.com\/wp-content\/uploads\/2024\/11\/O1CN01iId5EU1TrjuEGFwWw_2206890492436-0-cib-300x300.jpg 300w, https:\/\/www.yousanusb.com\/wp-content\/uploads\/2024\/11\/O1CN01iId5EU1TrjuEGFwWw_2206890492436-0-cib-150x150.jpg 150w, https:\/\/www.yousanusb.com\/wp-content\/uploads\/2024\/11\/O1CN01iId5EU1TrjuEGFwWw_2206890492436-0-cib-768x767.jpg 768w, https:\/\/www.yousanusb.com\/wp-content\/uploads\/2024\/11\/O1CN01iId5EU1TrjuEGFwWw_2206890492436-0-cib-12x12.jpg 12w, https:\/\/www.yousanusb.com\/wp-content\/uploads\/2024\/11\/O1CN01iId5EU1TrjuEGFwWw_2206890492436-0-cib-600x600.jpg 600w, https:\/\/www.yousanusb.com\/wp-content\/uploads\/2024\/11\/O1CN01iId5EU1TrjuEGFwWw_2206890492436-0-cib-100x100.jpg 100w, https:\/\/www.yousanusb.com\/wp-content\/uploads\/2024\/11\/O1CN01iId5EU1TrjuEGFwWw_2206890492436-0-cib.jpg 1264w\" sizes=\"(max-width: 1024px) 100vw, 1024px\" \/><\/figure>\n<\/div>\n\n\n\n<div class=\"wp-block-column is-layout-flow wp-block-column-is-layout-flow\">\n<figure class=\"wp-block-image size-large\"><img loading=\"lazy\" decoding=\"async\" width=\"1024\" height=\"1024\" src=\"https:\/\/www.yousanusb.com\/wp-content\/uploads\/2024\/11\/O1CN01G9DuQ41TrjuFFp5zi_2206890492436-0-cib-1024x1024.jpg\" alt=\"\" class=\"wp-image-19522\" srcset=\"https:\/\/www.yousanusb.com\/wp-content\/uploads\/2024\/11\/O1CN01G9DuQ41TrjuFFp5zi_2206890492436-0-cib-1024x1024.jpg 1024w, https:\/\/www.yousanusb.com\/wp-content\/uploads\/2024\/11\/O1CN01G9DuQ41TrjuFFp5zi_2206890492436-0-cib-300x300.jpg 300w, https:\/\/www.yousanusb.com\/wp-content\/uploads\/2024\/11\/O1CN01G9DuQ41TrjuFFp5zi_2206890492436-0-cib-150x150.jpg 150w, https:\/\/www.yousanusb.com\/wp-content\/uploads\/2024\/11\/O1CN01G9DuQ41TrjuFFp5zi_2206890492436-0-cib-768x768.jpg 768w, https:\/\/www.yousanusb.com\/wp-content\/uploads\/2024\/11\/O1CN01G9DuQ41TrjuFFp5zi_2206890492436-0-cib-12x12.jpg 12w, https:\/\/www.yousanusb.com\/wp-content\/uploads\/2024\/11\/O1CN01G9DuQ41TrjuFFp5zi_2206890492436-0-cib-600x600.jpg 600w, https:\/\/www.yousanusb.com\/wp-content\/uploads\/2024\/11\/O1CN01G9DuQ41TrjuFFp5zi_2206890492436-0-cib-100x100.jpg 100w, https:\/\/www.yousanusb.com\/wp-content\/uploads\/2024\/11\/O1CN01G9DuQ41TrjuFFp5zi_2206890492436-0-cib.jpg 1252w\" sizes=\"(max-width: 1024px) 100vw, 1024px\" \/><\/figure>\n<\/div>\n<\/div>\n\n\n\n<p>Mit seiner Lanyard-Befestigung ist er ein auff\u00e4lliges Accessoire, das an der Tasche h\u00e4ngt oder m\u00fchelos in Taschen oder Schminkt\u00e4schchen passt. Er ist tragbar und stilvoll und verleiht Ihnen eine modische Aura, wo immer Sie hingehen.<\/p>","protected":false},"excerpt":{"rendered":"<ul>\n<li>Multicolor<\/li>\n<li>Werkstoff Metall<\/li>\n<li>Wasserdicht und langlebig<\/li>\n<li>Schnellere Geschwindigkeit und hohe Qualit\u00e4t<\/li>\n<li>Zuverl\u00e4ssig und sicher<\/li>\n<li>Gro\u00dfartig f\u00fcr alle Zwecke<\/li>\n<\/ul>","protected":false},"featured_media":9205,"comment_status":"open","ping_status":"closed","template":"","meta":{"_seopress_robots_primary_cat":"none","_seopress_titles_title":"","_seopress_titles_desc":"","_seopress_robots_index":""},"class_list":["post-9203","product","type-product","status-publish","has-post-thumbnail","hentry","product_cat-usb30-flash-drive","product_tag-aluminum-flash-drive","product_tag-buy-metal-leather-usb-flash-drive"],"_links":{"self":[{"href":"https:\/\/www.yousanusb.com\/de\/wp-json\/wp\/v2\/product\/9203"}],"collection":[{"href":"https:\/\/www.yousanusb.com\/de\/wp-json\/wp\/v2\/product"}],"about":[{"href":"https:\/\/www.yousanusb.com\/de\/wp-json\/wp\/v2\/types\/product"}],"replies":[{"embeddable":true,"href":"https:\/\/www.yousanusb.com\/de\/wp-json\/wp\/v2\/comments?post=9203"}],"wp:featuredmedia":[{"embeddable":true,"href":"https:\/\/www.yousanusb.com\/de\/wp-json\/wp\/v2\/media\/9205"}],"wp:attachment":[{"href":"https:\/\/www.yousanusb.com\/de\/wp-json\/wp\/v2\/media?parent=9203"}],"curies":[{"name":"wp","href":"https:\/\/api.w.org\/{rel}","templated":true}]}}