{"id":9245,"date":"2024-09-10T08:50:46","date_gmt":"2024-09-10T08:50:46","guid":{"rendered":"https:\/\/yousanusb.com\/?post_type=product&#038;p=9245"},"modified":"2025-11-13T12:17:25","modified_gmt":"2025-11-13T12:17:25","slug":"mini-fit-metal-waterproof-compact-usb-drive-metal-thumb-drives-memory-stick","status":"publish","type":"product","link":"https:\/\/www.yousanusb.com\/de\/product\/mini-fit-metal-waterproof-compact-usb-drive-metal-thumb-drives-memory-stick\/","title":{"rendered":"Mini Fit Metall Wasserdichtes Kompaktes USB-Laufwerk"},"content":{"rendered":"<p>Langlebiger Super Small Metallic Low Profile Fashion Design, USB 3 Mini Memory Stick. Perfekt f\u00fcr Desktop, Laptop, Spielkonsolen, Audio und mehr. Speichern und teilen Sie Fotos, Videos, Musik und Filme im Handumdrehen.<\/p>\n\n\n\n<div class=\"wp-block-columns is-layout-flex wp-container-core-columns-is-layout-1 wp-block-columns-is-layout-flex\">\n<div class=\"wp-block-column is-layout-flow wp-block-column-is-layout-flow\">\n<figure class=\"wp-block-image size-full\"><img fetchpriority=\"high\" decoding=\"async\" width=\"1000\" height=\"1000\" src=\"https:\/\/www.yousanusb.com\/wp-content\/uploads\/2024\/09\/custom-metal-usb-flash-drive-32gb.jpg\" alt=\"benutzerdefinierte Metall-USB-Flash-Laufwerk 32gb\" class=\"wp-image-9249\" srcset=\"https:\/\/www.yousanusb.com\/wp-content\/uploads\/2024\/09\/custom-metal-usb-flash-drive-32gb.jpg 1000w, https:\/\/www.yousanusb.com\/wp-content\/uploads\/2024\/09\/custom-metal-usb-flash-drive-32gb-300x300.jpg 300w, https:\/\/www.yousanusb.com\/wp-content\/uploads\/2024\/09\/custom-metal-usb-flash-drive-32gb-150x150.jpg 150w, https:\/\/www.yousanusb.com\/wp-content\/uploads\/2024\/09\/custom-metal-usb-flash-drive-32gb-768x768.jpg 768w, https:\/\/www.yousanusb.com\/wp-content\/uploads\/2024\/09\/custom-metal-usb-flash-drive-32gb-600x600.jpg 600w, https:\/\/www.yousanusb.com\/wp-content\/uploads\/2024\/09\/custom-metal-usb-flash-drive-32gb-100x100.jpg 100w\" sizes=\"(max-width: 1000px) 100vw, 1000px\" \/><\/figure>\n<\/div>\n\n\n\n<div class=\"wp-block-column is-vertically-aligned-center is-layout-flow wp-block-column-is-layout-flow\">\n<h2 class=\"wp-block-heading\">Design-Merkmale<\/h2>\n\n\n\n<p>Dieses Produkt verf\u00fcgt \u00fcber ein ringf\u00f6rmiges USB-Laufwerk mit integrierter Ringstruktur, das sich direkt an Schl\u00fcsseln, Taschen oder anderen pers\u00f6nlichen Gegenst\u00e4nden befestigen l\u00e4sst und so das Verlustrisiko beim t\u00e4glichen Gebrauch wirksam verringert. Dank des formschl\u00fcssigen Geh\u00e4uses kann der USB-Anschluss in die H\u00fclle eingezogen werden, wodurch er vor Staub und Kratzern gesch\u00fctzt wird, w\u00e4hrend er gleichzeitig f\u00fcr eine h\u00e4ufige t\u00e4gliche Nutzung geeignet ist.<\/p>\n\n\n\n<h2 class=\"wp-block-heading\">Farboptionen<\/h2>\n\n\n\n<p>Erh\u00e4ltlich in den Farben Rosa, Gold, Schwarz und Silber, um verschiedenen pers\u00f6nlichen Vorstellungen zu entsprechen. Diese Optionen erf\u00fcllen verschiedene visuelle Anforderungen f\u00fcr den pers\u00f6nlichen Gebrauch, die Verteilung von Firmengeschenken und andere Szenarien.<\/p>\n<\/div>\n<\/div>\n\n\n\n<div class=\"wp-block-columns is-layout-flex wp-container-core-columns-is-layout-2 wp-block-columns-is-layout-flex\">\n<div class=\"wp-block-column is-vertically-aligned-center is-layout-flow wp-block-column-is-layout-flow\">\n<h2 class=\"wp-block-heading\">Professionelle Speicherleistung<\/h2>\n\n\n\n<p>Ausgestattet mit einer Hochgeschwindigkeits-USB 3.0-Schnittstelle f\u00fcr die effiziente \u00dcbertragung kleiner Dateien. Verwendet echte Speicherchips f\u00fcr stabile Datenleistung, unterst\u00fctzt mehrere Dateiformate und ist mit g\u00e4ngigen Betriebssystemen wie Windows und Mac OS kompatibel. <\/p>\n\n\n\n<p>Bietet Plug-and-Play-Funktionalit\u00e4t ohne zus\u00e4tzliche Treiber und erm\u00f6glicht die zuverl\u00e4ssige Speicherung von Dokumenten, Bildern, Videos und anderen Daten. Ideal f\u00fcr den pers\u00f6nlichen B\u00fcroalltag und die Aufbewahrung von Studienmaterial.<\/p>\n\n\n\n<h2 class=\"wp-block-heading\">Logo-Anpassungsdienst<\/h2>\n\n\n\n<p>Unterst\u00fctzt OEM\/ODM-Logoanpassung und erm\u00f6glicht den Druck von Markenlogos, Text oder anderen Inhalten auf das Au\u00dfengeh\u00e4use. Ideal f\u00fcr Massenbeschaffungsszenarien, wie z. B. Branding-Kampagnen von Unternehmen und die Verteilung individueller Geschenke.<\/p>\n<\/div>\n\n\n\n<div class=\"wp-block-column is-layout-flow wp-block-column-is-layout-flow\">\n<figure class=\"wp-block-image size-full\"><img decoding=\"async\" width=\"1000\" height=\"1000\" src=\"https:\/\/www.yousanusb.com\/wp-content\/uploads\/2024\/09\/custom-mini-metal-usb-flash-drives-with-hook.jpg\" alt=\"benutzerdefinierte Mini-USB-Flash-Laufwerke aus Metall mit Haken\" class=\"wp-image-9251\" srcset=\"https:\/\/www.yousanusb.com\/wp-content\/uploads\/2024\/09\/custom-mini-metal-usb-flash-drives-with-hook.jpg 1000w, https:\/\/www.yousanusb.com\/wp-content\/uploads\/2024\/09\/custom-mini-metal-usb-flash-drives-with-hook-300x300.jpg 300w, https:\/\/www.yousanusb.com\/wp-content\/uploads\/2024\/09\/custom-mini-metal-usb-flash-drives-with-hook-150x150.jpg 150w, https:\/\/www.yousanusb.com\/wp-content\/uploads\/2024\/09\/custom-mini-metal-usb-flash-drives-with-hook-768x768.jpg 768w, https:\/\/www.yousanusb.com\/wp-content\/uploads\/2024\/09\/custom-mini-metal-usb-flash-drives-with-hook-600x600.jpg 600w, https:\/\/www.yousanusb.com\/wp-content\/uploads\/2024\/09\/custom-mini-metal-usb-flash-drives-with-hook-100x100.jpg 100w\" sizes=\"(max-width: 1000px) 100vw, 1000px\" \/><\/figure>\n<\/div>\n<\/div>\n\n\n\n<div class=\"wp-block-columns is-layout-flex wp-container-core-columns-is-layout-3 wp-block-columns-is-layout-flex\">\n<div class=\"wp-block-column is-layout-flow wp-block-column-is-layout-flow\">\n<figure class=\"wp-block-image size-full\"><img decoding=\"async\" width=\"1000\" height=\"1000\" src=\"https:\/\/www.yousanusb.com\/wp-content\/uploads\/2024\/09\/custom-small-metal-usb-flash-drive.jpg\" alt=\"benutzerdefiniertes kleines usb-flash-laufwerk aus metall\" class=\"wp-image-9252\" srcset=\"https:\/\/www.yousanusb.com\/wp-content\/uploads\/2024\/09\/custom-small-metal-usb-flash-drive.jpg 1000w, https:\/\/www.yousanusb.com\/wp-content\/uploads\/2024\/09\/custom-small-metal-usb-flash-drive-300x300.jpg 300w, https:\/\/www.yousanusb.com\/wp-content\/uploads\/2024\/09\/custom-small-metal-usb-flash-drive-150x150.jpg 150w, https:\/\/www.yousanusb.com\/wp-content\/uploads\/2024\/09\/custom-small-metal-usb-flash-drive-768x768.jpg 768w, https:\/\/www.yousanusb.com\/wp-content\/uploads\/2024\/09\/custom-small-metal-usb-flash-drive-600x600.jpg 600w, https:\/\/www.yousanusb.com\/wp-content\/uploads\/2024\/09\/custom-small-metal-usb-flash-drive-100x100.jpg 100w\" sizes=\"(max-width: 1000px) 100vw, 1000px\" \/><\/figure>\n<\/div>\n\n\n\n<div class=\"wp-block-column is-vertically-aligned-center is-layout-flow wp-block-column-is-layout-flow\">\n<h2 class=\"wp-block-heading\">Materialeigenschaften<\/h2>\n\n\n\n<p>Das Metallgeh\u00e4use verbindet \u00c4sthetik mit praktischem Schutz und bietet grundlegende Sto\u00df- und Kratzfestigkeit. Es widersteht kleinen St\u00f6\u00dfen im Alltag, gew\u00e4hrleistet einen stabilen Betrieb der internen Speichermodule und verl\u00e4ngert die Lebensdauer des Produkts.<\/p>\n\n\n\n<h2 class=\"wp-block-heading\">Formfaktor und Tragbarkeit<\/h2>\n\n\n\n<p>Das Produkt zeichnet sich durch ein kompaktes, miniaturisiertes Design aus, das nur wenig Platz einnimmt. Es passt direkt in Taschen, Brieftaschen oder andere pers\u00f6nliche Tr\u00e4ger und macht zus\u00e4tzliche Aufbewahrungsm\u00f6glichkeiten \u00fcberfl\u00fcssig. Es ist ideal f\u00fcr Pendler, mobile B\u00fcroarbeit und andere Situationen, in denen man unterwegs ist, und erf\u00fcllt den Bedarf an sofortigem Datenzugriff und Lese-\/Schreibfunktionen.<\/p>\n<\/div>\n<\/div>","protected":false},"excerpt":{"rendered":"<ul>\n<li>Mini-Fit-Design<\/li>\n<li>Werkstoff Metall<\/li>\n<li>Wasserdicht und langlebig<\/li>\n<li>Schnellere Geschwindigkeit und hohe Qualit\u00e4t<\/li>\n<li>Zuverl\u00e4ssig und sicher<\/li>\n<li>Gro\u00dfartig f\u00fcr alle Zwecke<\/li>\n<li>MOQ:100St\u00fcck<\/li>\n<\/ul>","protected":false},"featured_media":9247,"comment_status":"open","ping_status":"closed","template":"","meta":{"_seopress_robots_primary_cat":"none","_seopress_titles_title":"","_seopress_titles_desc":"","_seopress_robots_index":""},"class_list":["post-9245","product","type-product","status-publish","has-post-thumbnail","hentry","product_cat-metal-usb-flash-drive","product_cat-mini-usb-flash-drive","product_tag-rose-gold-usb-flash-drive","product_tag-custom-metal-keychain-usb-flash-drive","product_tag-buy-metal-leather-usb-flash-drive"],"_links":{"self":[{"href":"https:\/\/www.yousanusb.com\/de\/wp-json\/wp\/v2\/product\/9245"}],"collection":[{"href":"https:\/\/www.yousanusb.com\/de\/wp-json\/wp\/v2\/product"}],"about":[{"href":"https:\/\/www.yousanusb.com\/de\/wp-json\/wp\/v2\/types\/product"}],"replies":[{"embeddable":true,"href":"https:\/\/www.yousanusb.com\/de\/wp-json\/wp\/v2\/comments?post=9245"}],"wp:featuredmedia":[{"embeddable":true,"href":"https:\/\/www.yousanusb.com\/de\/wp-json\/wp\/v2\/media\/9247"}],"wp:attachment":[{"href":"https:\/\/www.yousanusb.com\/de\/wp-json\/wp\/v2\/media?parent=9245"}],"curies":[{"name":"wp","href":"https:\/\/api.w.org\/{rel}","templated":true}]}}