{"id":9263,"date":"2024-09-10T13:33:37","date_gmt":"2024-09-10T13:33:37","guid":{"rendered":"https:\/\/yousanusb.com\/?post_type=product&#038;p=9263"},"modified":"2025-11-10T09:05:24","modified_gmt":"2025-11-10T09:05:24","slug":"gift-wooden-credit-card-shaped-usb-flash-drives-thumb-drives-memory-stick","status":"publish","type":"product","link":"https:\/\/www.yousanusb.com\/de\/product\/gift-wooden-credit-card-shaped-usb-flash-drives-thumb-drives-memory-stick\/","title":{"rendered":"Geschenk USB-Stick in Form einer Kreditkarte aus Holz"},"content":{"rendered":"<p>Holzkarten-USB-Laufwerke bieten eine Vielzahl von Optionen, darunter Bambus, nordamerikanischer Hartahorn, schwarzer Nussbaum und s\u00fcdostasiatischer Palisander, um verschiedenen \u00e4sthetischen Vorlieben gerecht zu werden:<\/p>\n\n\n\n<div class=\"wp-block-columns is-layout-flex wp-container-core-columns-is-layout-1 wp-block-columns-is-layout-flex\">\n<div class=\"wp-block-column is-layout-flow wp-block-column-is-layout-flow\">\n<figure class=\"wp-block-image size-full\"><img fetchpriority=\"high\" decoding=\"async\" width=\"1000\" height=\"1000\" src=\"https:\/\/www.yousanusb.com\/wp-content\/uploads\/2024\/09\/64gb-usb-wooden-flash-drive-supplier.jpg\" alt=\"64gb usb-flash-laufwerk aus holz lieferant\" class=\"wp-image-9266\" srcset=\"https:\/\/www.yousanusb.com\/wp-content\/uploads\/2024\/09\/64gb-usb-wooden-flash-drive-supplier.jpg 1000w, https:\/\/www.yousanusb.com\/wp-content\/uploads\/2024\/09\/64gb-usb-wooden-flash-drive-supplier-300x300.jpg 300w, https:\/\/www.yousanusb.com\/wp-content\/uploads\/2024\/09\/64gb-usb-wooden-flash-drive-supplier-150x150.jpg 150w, https:\/\/www.yousanusb.com\/wp-content\/uploads\/2024\/09\/64gb-usb-wooden-flash-drive-supplier-768x768.jpg 768w, https:\/\/www.yousanusb.com\/wp-content\/uploads\/2024\/09\/64gb-usb-wooden-flash-drive-supplier-600x600.jpg 600w, https:\/\/www.yousanusb.com\/wp-content\/uploads\/2024\/09\/64gb-usb-wooden-flash-drive-supplier-100x100.jpg 100w\" sizes=\"(max-width: 1000px) 100vw, 1000px\" \/><\/figure>\n<\/div>\n\n\n\n<div class=\"wp-block-column is-layout-flow wp-block-column-is-layout-flow\">\n<p>Das Modell aus Bambus ist leicht, umweltfreundlich und verschlei\u00dffest und hat einen nat\u00fcrlichen gelb-braunen Farbverlauf; <\/p>\n\n\n\n<p>Die Ahornmodelle haben eine H\u00e4rte von 4,0H und eine feine Maserung, die von hellrot bis cremefarben reicht und sich ideal f\u00fcr komplizierte Gravuren eignet; <\/p>\n\n\n\n<p>Walnussmodelle besitzen nat\u00fcrliche, insektenabweisende \u00d6le und bieten eine warme Textur in schokoladen- bis dunkelbraunen Farbt\u00f6nen; <\/p>\n\n\n\n<p>Palisandermodelle zeichnen sich durch hohe Dichte (0,85 g\/cm\u00b3), Korrosionsbest\u00e4ndigkeit und luxuri\u00f6se Maserungen in tiefroten bis dunkelbraunen T\u00f6nen aus.<\/p>\n<\/div>\n<\/div>\n\n\n\n<p>- Schnittstellen und Geschwindigkeit: Verf\u00fcgbar in den Versionen USB 2.0, USB 3.0 und USB 3.1 Typ-A mit OTG-Unterst\u00fctzung; USB 2.0-Version: Lesegeschwindigkeit 10-30MB\/s, Schreibgeschwindigkeit 5-10MB\/s; USB 3.0-Version: Lesegeschwindigkeit bis zu 150 MB\/s, Schreibgeschwindigkeit 50 MB\/s; die USB 3.1-Version erreicht Spitzen-Lesegeschwindigkeiten von 500 MB\/s und Spitzen-Schreibgeschwindigkeiten von 400 MB\/s und \u00fcbertr\u00e4gt ein 1 GB gro\u00dfes HD-Video in nur 2 Sekunden.<\/p>\n\n\n\n<div class=\"wp-block-columns is-layout-flex wp-container-core-columns-is-layout-2 wp-block-columns-is-layout-flex\">\n<div class=\"wp-block-column is-layout-flow wp-block-column-is-layout-flow\">\n<figure class=\"wp-block-image size-full\"><img decoding=\"async\" width=\"1000\" height=\"1000\" src=\"https:\/\/www.yousanusb.com\/wp-content\/uploads\/2024\/09\/blank-wood-usb-flash-drives.jpg\" alt=\"leere usb-flash-laufwerke aus holz\" class=\"wp-image-9268\" srcset=\"https:\/\/www.yousanusb.com\/wp-content\/uploads\/2024\/09\/blank-wood-usb-flash-drives.jpg 1000w, https:\/\/www.yousanusb.com\/wp-content\/uploads\/2024\/09\/blank-wood-usb-flash-drives-300x300.jpg 300w, https:\/\/www.yousanusb.com\/wp-content\/uploads\/2024\/09\/blank-wood-usb-flash-drives-150x150.jpg 150w, https:\/\/www.yousanusb.com\/wp-content\/uploads\/2024\/09\/blank-wood-usb-flash-drives-768x768.jpg 768w, https:\/\/www.yousanusb.com\/wp-content\/uploads\/2024\/09\/blank-wood-usb-flash-drives-600x600.jpg 600w, https:\/\/www.yousanusb.com\/wp-content\/uploads\/2024\/09\/blank-wood-usb-flash-drives-100x100.jpg 100w\" sizes=\"(max-width: 1000px) 100vw, 1000px\" \/><\/figure>\n<\/div>\n\n\n\n<div class=\"wp-block-column is-layout-flow wp-block-column-is-layout-flow\">\n<figure class=\"wp-block-image size-full\"><img decoding=\"async\" width=\"1000\" height=\"1000\" src=\"https:\/\/www.yousanusb.com\/wp-content\/uploads\/2024\/09\/wooden-swivel-usb-flash-drive.jpg\" alt=\"schwenkbares usb-flash-laufwerk aus holz\" class=\"wp-image-9270\" srcset=\"https:\/\/www.yousanusb.com\/wp-content\/uploads\/2024\/09\/wooden-swivel-usb-flash-drive.jpg 1000w, https:\/\/www.yousanusb.com\/wp-content\/uploads\/2024\/09\/wooden-swivel-usb-flash-drive-300x300.jpg 300w, https:\/\/www.yousanusb.com\/wp-content\/uploads\/2024\/09\/wooden-swivel-usb-flash-drive-150x150.jpg 150w, https:\/\/www.yousanusb.com\/wp-content\/uploads\/2024\/09\/wooden-swivel-usb-flash-drive-768x768.jpg 768w, https:\/\/www.yousanusb.com\/wp-content\/uploads\/2024\/09\/wooden-swivel-usb-flash-drive-600x600.jpg 600w, https:\/\/www.yousanusb.com\/wp-content\/uploads\/2024\/09\/wooden-swivel-usb-flash-drive-100x100.jpg 100w\" sizes=\"(max-width: 1000px) 100vw, 1000px\" \/><\/figure>\n<\/div>\n<\/div>\n\n\n\n<p><\/p>\n\n\n\n<p>- Speicherkapazit\u00e4t: Umfassende Kapazit\u00e4tsoptionen mit 2 GB, 4 GB, 8 GB, 16 GB, 32 GB, 64 GB, 128 GB, 256 GB und 512 GB f\u00fcr unterschiedliche Anforderungen, von der t\u00e4glichen Dokumentenspeicherung bis zur HD-Mediensicherung, mit einer Datenaufbewahrung von \u00fcber 10 Jahren.<\/p>","protected":false},"excerpt":{"rendered":"<ul>\n<li>Kreditkartenf\u00f6rmiges Design<\/li>\n<li>H\u00f6lzernes Material<\/li>\n<li>Geeignet f\u00fcr Geschenke<\/li>\n<li>Schnellere Geschwindigkeit und hohe Qualit\u00e4t<\/li>\n<li>Zuverl\u00e4ssig und sicher<\/li>\n<li>Gro\u00dfartig f\u00fcr alle Zwecke<\/li>\n<\/ul>","protected":false},"featured_media":9269,"comment_status":"open","ping_status":"closed","template":"","meta":{"_seopress_robots_primary_cat":"none","_seopress_titles_title":"","_seopress_titles_desc":"","_seopress_robots_index":""},"class_list":["post-9263","product","type-product","status-publish","has-post-thumbnail","hentry","product_cat-wooden-usb-flash-drive"],"_links":{"self":[{"href":"https:\/\/www.yousanusb.com\/de\/wp-json\/wp\/v2\/product\/9263"}],"collection":[{"href":"https:\/\/www.yousanusb.com\/de\/wp-json\/wp\/v2\/product"}],"about":[{"href":"https:\/\/www.yousanusb.com\/de\/wp-json\/wp\/v2\/types\/product"}],"replies":[{"embeddable":true,"href":"https:\/\/www.yousanusb.com\/de\/wp-json\/wp\/v2\/comments?post=9263"}],"wp:featuredmedia":[{"embeddable":true,"href":"https:\/\/www.yousanusb.com\/de\/wp-json\/wp\/v2\/media\/9269"}],"wp:attachment":[{"href":"https:\/\/www.yousanusb.com\/de\/wp-json\/wp\/v2\/media?parent=9263"}],"curies":[{"name":"wp","href":"https:\/\/api.w.org\/{rel}","templated":true}]}}