{"id":9271,"date":"2024-09-10T13:43:16","date_gmt":"2024-09-10T13:43:16","guid":{"rendered":"https:\/\/yousanusb.com\/?post_type=product&#038;p=9271"},"modified":"2025-11-10T09:09:20","modified_gmt":"2025-11-10T09:09:20","slug":"wooden-baseball-bat-model-usb-flash-drive-flash-disk-memory-stick","status":"publish","type":"product","link":"https:\/\/www.yousanusb.com\/de\/product\/wooden-baseball-bat-model-usb-flash-drive-flash-disk-memory-stick\/","title":{"rendered":"Baseballschl\u00e4ger-Modell USB-Flash-Laufwerk aus Holz"},"content":{"rendered":"<p>Baseballschl\u00e4ger USB-Stick aus Holz: Bringen Sie Leidenschaft in den Alltag mit Praktikabilit\u00e4t und Pers\u00f6nlichkeit<\/p>\n\n\n\n<p>Aus nat\u00fcrlichem Massivholz in Form eines Mini-Baseballschl\u00e4gers gefertigt, f\u00e4ngt er den Geist des Sports ein. Jede Maserung des Holzes tr\u00e4gt eine nat\u00fcrliche Textur. Der kompakte und tragbare Schl\u00e4ger liegt gut und angenehm in der Hand. Er ist sowohl ein praktisches Aufbewahrungsinstrument als auch ein Accessoire, das f\u00fcr Gespr\u00e4chsstoff sorgt.<\/p>\n\n\n\n<div class=\"wp-block-columns is-layout-flex wp-container-core-columns-is-layout-1 wp-block-columns-is-layout-flex\">\n<div class=\"wp-block-column is-layout-flow wp-block-column-is-layout-flow\">\n<figure class=\"wp-block-image size-full\"><img fetchpriority=\"high\" decoding=\"async\" width=\"1000\" height=\"1000\" src=\"https:\/\/www.yousanusb.com\/wp-content\/uploads\/2024\/09\/bulk-64gb-usb-wooden-flash-drive.jpg\" alt=\"bulk 64gb usb holz flash drive\" class=\"wp-image-9274\" srcset=\"https:\/\/www.yousanusb.com\/wp-content\/uploads\/2024\/09\/bulk-64gb-usb-wooden-flash-drive.jpg 1000w, https:\/\/www.yousanusb.com\/wp-content\/uploads\/2024\/09\/bulk-64gb-usb-wooden-flash-drive-300x300.jpg 300w, https:\/\/www.yousanusb.com\/wp-content\/uploads\/2024\/09\/bulk-64gb-usb-wooden-flash-drive-150x150.jpg 150w, https:\/\/www.yousanusb.com\/wp-content\/uploads\/2024\/09\/bulk-64gb-usb-wooden-flash-drive-768x768.jpg 768w, https:\/\/www.yousanusb.com\/wp-content\/uploads\/2024\/09\/bulk-64gb-usb-wooden-flash-drive-600x600.jpg 600w, https:\/\/www.yousanusb.com\/wp-content\/uploads\/2024\/09\/bulk-64gb-usb-wooden-flash-drive-100x100.jpg 100w\" sizes=\"(max-width: 1000px) 100vw, 1000px\" \/><\/figure>\n<\/div>\n\n\n\n<div class=\"wp-block-column is-layout-flow wp-block-column-is-layout-flow\">\n<figure class=\"wp-block-image size-full\"><img decoding=\"async\" width=\"1000\" height=\"1000\" src=\"https:\/\/www.yousanusb.com\/wp-content\/uploads\/2024\/09\/bulk-engraved-wooden-usb-flash-drive.jpg\" alt=\"bulk graviert holz usb flash drive\" class=\"wp-image-9276\" srcset=\"https:\/\/www.yousanusb.com\/wp-content\/uploads\/2024\/09\/bulk-engraved-wooden-usb-flash-drive.jpg 1000w, https:\/\/www.yousanusb.com\/wp-content\/uploads\/2024\/09\/bulk-engraved-wooden-usb-flash-drive-300x300.jpg 300w, https:\/\/www.yousanusb.com\/wp-content\/uploads\/2024\/09\/bulk-engraved-wooden-usb-flash-drive-150x150.jpg 150w, https:\/\/www.yousanusb.com\/wp-content\/uploads\/2024\/09\/bulk-engraved-wooden-usb-flash-drive-768x768.jpg 768w, https:\/\/www.yousanusb.com\/wp-content\/uploads\/2024\/09\/bulk-engraved-wooden-usb-flash-drive-600x600.jpg 600w, https:\/\/www.yousanusb.com\/wp-content\/uploads\/2024\/09\/bulk-engraved-wooden-usb-flash-drive-100x100.jpg 100w\" sizes=\"(max-width: 1000px) 100vw, 1000px\" \/><\/figure>\n<\/div>\n<\/div>\n\n\n\n<p><strong>Wichtigste Highlights<\/strong><\/p>\n\n\n\n<p>Aufsehenerregendes Design: Realistisches Baseballschl\u00e4ger-Design mit ausgepr\u00e4gter, strukturierter Holzmaserung. Verabschieden Sie sich von gew\u00f6hnlichen Plastik-Flash-Laufwerken - dieses hier strahlt eine coole, kantige Ausstrahlung aus.<\/p>\n\n\n\n<p>Zuverl\u00e4ssige Materialien: Gefertigt aus hochwertigem Massivholz f\u00fcr Langlebigkeit und Kratzfestigkeit. Pr\u00e4zise gefertigte Anschl\u00fcsse sorgen f\u00fcr ein ausgewogenes Verh\u00e4ltnis zwischen taktilem Komfort und Funktionalit\u00e4t.<\/p>\n\n\n\n<div class=\"wp-block-columns is-layout-flex wp-container-core-columns-is-layout-2 wp-block-columns-is-layout-flex\">\n<div class=\"wp-block-column is-layout-flow wp-block-column-is-layout-flow\">\n<figure class=\"wp-block-image size-full\"><img decoding=\"async\" width=\"1000\" height=\"1000\" src=\"https:\/\/www.yousanusb.com\/wp-content\/uploads\/2024\/09\/bulk-promotional-wooden-usb-flash-drive.jpg\" alt=\"bulk werbe-USB-Flash-Laufwerk aus Holz\" class=\"wp-image-9277\" srcset=\"https:\/\/www.yousanusb.com\/wp-content\/uploads\/2024\/09\/bulk-promotional-wooden-usb-flash-drive.jpg 1000w, https:\/\/www.yousanusb.com\/wp-content\/uploads\/2024\/09\/bulk-promotional-wooden-usb-flash-drive-300x300.jpg 300w, https:\/\/www.yousanusb.com\/wp-content\/uploads\/2024\/09\/bulk-promotional-wooden-usb-flash-drive-150x150.jpg 150w, https:\/\/www.yousanusb.com\/wp-content\/uploads\/2024\/09\/bulk-promotional-wooden-usb-flash-drive-768x768.jpg 768w, https:\/\/www.yousanusb.com\/wp-content\/uploads\/2024\/09\/bulk-promotional-wooden-usb-flash-drive-600x600.jpg 600w, https:\/\/www.yousanusb.com\/wp-content\/uploads\/2024\/09\/bulk-promotional-wooden-usb-flash-drive-100x100.jpg 100w\" sizes=\"(max-width: 1000px) 100vw, 1000px\" \/><\/figure>\n<\/div>\n\n\n\n<div class=\"wp-block-column is-vertically-aligned-center is-layout-flow wp-block-column-is-layout-flow\">\n<p>Solide Leistung: Die Hochgeschwindigkeits-USB-\u00dcbertragung sorgt f\u00fcr reibungslose, verz\u00f6gerungsfreie Lese-\/Schreibgeschwindigkeiten. Kompatibel mit PCs, Tablets und anderen Ger\u00e4ten f\u00fcr eine reibungslose t\u00e4gliche Speicherung von Dateien, Fotos und Videos.<\/p>\n\n\n\n<p>Vielseitige Szenarien: Ideal f\u00fcr die Aufbewahrung von Dokumenten im B\u00fcro oder in der Schule, f\u00fcr Outdoor-Fans, die viel unterwegs sind, oder als kreatives Geschenk f\u00fcr Baseball-Fans - praktisch und einpr\u00e4gsam.<\/p>\n<\/div>\n<\/div>\n\n\n\n<p><\/p>","protected":false},"excerpt":{"rendered":"<ul>\n<li>Baseballschl\u00e4gerf\u00f6rmiges Design<\/li>\n<li>H\u00f6lzernes Material<\/li>\n<li>Geeignet f\u00fcr Geschenke<\/li>\n<li>Schnellere Geschwindigkeit und hohe Qualit\u00e4t<\/li>\n<li>Zuverl\u00e4ssig und sicher<\/li>\n<li>Gro\u00dfartig f\u00fcr alle Zwecke<\/li>\n<\/ul>","protected":false},"featured_media":9273,"comment_status":"open","ping_status":"closed","template":"","meta":{"_seopress_robots_primary_cat":"none","_seopress_titles_title":"","_seopress_titles_desc":"","_seopress_robots_index":""},"class_list":["post-9271","product","type-product","status-publish","has-post-thumbnail","hentry","product_cat-wooden-usb-flash-drive","product_tag-baseball-bat-shape-wood-usb-flash-drives"],"_links":{"self":[{"href":"https:\/\/www.yousanusb.com\/de\/wp-json\/wp\/v2\/product\/9271"}],"collection":[{"href":"https:\/\/www.yousanusb.com\/de\/wp-json\/wp\/v2\/product"}],"about":[{"href":"https:\/\/www.yousanusb.com\/de\/wp-json\/wp\/v2\/types\/product"}],"replies":[{"embeddable":true,"href":"https:\/\/www.yousanusb.com\/de\/wp-json\/wp\/v2\/comments?post=9271"}],"wp:featuredmedia":[{"embeddable":true,"href":"https:\/\/www.yousanusb.com\/de\/wp-json\/wp\/v2\/media\/9273"}],"wp:attachment":[{"href":"https:\/\/www.yousanusb.com\/de\/wp-json\/wp\/v2\/media?parent=9271"}],"curies":[{"name":"wp","href":"https:\/\/api.w.org\/{rel}","templated":true}]}}