{"id":9308,"date":"2024-09-10T14:34:35","date_gmt":"2024-09-10T14:34:35","guid":{"rendered":"https:\/\/yousanusb.com\/?post_type=product&#038;p=9308"},"modified":"2025-11-10T09:27:38","modified_gmt":"2025-11-10T09:27:38","slug":"wooden-pencil-shaped-cute-flash-drive-fun-thumb-drive","status":"publish","type":"product","link":"https:\/\/www.yousanusb.com\/de\/product\/wooden-pencil-shaped-cute-flash-drive-fun-thumb-drive\/","title":{"rendered":"Niedliches Flash-Laufwerk aus Holz in Bleistiftform"},"content":{"rendered":"<p>USB-Laufwerk aus Holz Dieser USB-Laufwerk ist aus hochwertigem Naturholz gefertigt und bildet die klassische Silhouette eines Bleistifts nach. Jedes St\u00fcck weist eine einzigartige nat\u00fcrliche Holzmaserung mit einer warmen, glatten Textur auf. Das handfreundliche, schlanke Profil verf\u00fcgt \u00fcber abgerundete Kanten, die perfekt poliert sind und sich nicht kalt anf\u00fchlen wie Plastik. Dieses Retro-Accessoire ist nicht nur ein effizientes Speichermedium, sondern weckt auch Jugenderinnerungen, sodass sich jede Datei\u00fcbertragung so vertraut anf\u00fchlt wie das Schreiben mit einem Bleistift.<\/p>\n\n\n\n<div class=\"wp-block-columns is-layout-flex wp-container-core-columns-is-layout-1 wp-block-columns-is-layout-flex\">\n<div class=\"wp-block-column is-layout-flow wp-block-column-is-layout-flow\">\n<figure class=\"wp-block-image size-full\"><img fetchpriority=\"high\" decoding=\"async\" width=\"1000\" height=\"1000\" src=\"https:\/\/www.yousanusb.com\/wp-content\/uploads\/2024\/09\/diy-wooden-usb-flash-drive.jpg\" alt=\"diy holz usb flash laufwerk\" class=\"wp-image-9315\" srcset=\"https:\/\/www.yousanusb.com\/wp-content\/uploads\/2024\/09\/diy-wooden-usb-flash-drive.jpg 1000w, https:\/\/www.yousanusb.com\/wp-content\/uploads\/2024\/09\/diy-wooden-usb-flash-drive-300x300.jpg 300w, https:\/\/www.yousanusb.com\/wp-content\/uploads\/2024\/09\/diy-wooden-usb-flash-drive-150x150.jpg 150w, https:\/\/www.yousanusb.com\/wp-content\/uploads\/2024\/09\/diy-wooden-usb-flash-drive-768x768.jpg 768w, https:\/\/www.yousanusb.com\/wp-content\/uploads\/2024\/09\/diy-wooden-usb-flash-drive-600x600.jpg 600w, https:\/\/www.yousanusb.com\/wp-content\/uploads\/2024\/09\/diy-wooden-usb-flash-drive-100x100.jpg 100w\" sizes=\"(max-width: 1000px) 100vw, 1000px\" \/><\/figure>\n<\/div>\n\n\n\n<div class=\"wp-block-column is-layout-flow wp-block-column-is-layout-flow\">\n<figure class=\"wp-block-image size-full\"><img decoding=\"async\" width=\"1000\" height=\"1000\" src=\"https:\/\/www.yousanusb.com\/wp-content\/uploads\/2024\/09\/custom-wooden-usb-flash-drive.jpg\" alt=\"benutzerdefiniertes usb-flash-laufwerk aus holz\" class=\"wp-image-9311\" srcset=\"https:\/\/www.yousanusb.com\/wp-content\/uploads\/2024\/09\/custom-wooden-usb-flash-drive.jpg 1000w, https:\/\/www.yousanusb.com\/wp-content\/uploads\/2024\/09\/custom-wooden-usb-flash-drive-300x300.jpg 300w, https:\/\/www.yousanusb.com\/wp-content\/uploads\/2024\/09\/custom-wooden-usb-flash-drive-150x150.jpg 150w, https:\/\/www.yousanusb.com\/wp-content\/uploads\/2024\/09\/custom-wooden-usb-flash-drive-768x768.jpg 768w, https:\/\/www.yousanusb.com\/wp-content\/uploads\/2024\/09\/custom-wooden-usb-flash-drive-600x600.jpg 600w, https:\/\/www.yousanusb.com\/wp-content\/uploads\/2024\/09\/custom-wooden-usb-flash-drive-100x100.jpg 100w\" sizes=\"(max-width: 1000px) 100vw, 1000px\" \/><\/figure>\n<\/div>\n<\/div>\n\n\n\n<p>Retro-\u00c4sthetik: Die ikonische Silhouette des Bleistifts mit der sichtbaren nat\u00fcrlichen Holzmaserung weckt nostalgische Erinnerungen an die Schulzeit. Verabschieden Sie sich von gew\u00f6hnlichen Flash-Laufwerken - dieser Stift f\u00fchlt sich in Ihrer Hand wie ein kompaktes Holzkunstwerk an.<\/p>\n\n\n\n<p>Solide Konstruktion: Aus hochwertigem Massivholz gefertigt, ist es robust und verzugsresistent. Die glatte Oberfl\u00e4che zerkratzt Ihre H\u00e4nde nicht und beh\u00e4lt auch bei t\u00e4glichem Gebrauch ihre hochwertige Ausstrahlung. Kombiniert Stil mit Haltbarkeit.<\/p>\n\n\n\n<div class=\"wp-block-columns is-layout-flex wp-container-core-columns-is-layout-2 wp-block-columns-is-layout-flex\">\n<div class=\"wp-block-column is-layout-flow wp-block-column-is-layout-flow\">\n<figure class=\"wp-block-image size-full\"><img decoding=\"async\" width=\"1000\" height=\"1000\" src=\"https:\/\/www.yousanusb.com\/wp-content\/uploads\/2024\/09\/custom-wood-usb-flash-drives-factory.jpg\" alt=\"benutzerdefinierte holz usb flash drives fabrik\" class=\"wp-image-9313\" srcset=\"https:\/\/www.yousanusb.com\/wp-content\/uploads\/2024\/09\/custom-wood-usb-flash-drives-factory.jpg 1000w, https:\/\/www.yousanusb.com\/wp-content\/uploads\/2024\/09\/custom-wood-usb-flash-drives-factory-300x300.jpg 300w, https:\/\/www.yousanusb.com\/wp-content\/uploads\/2024\/09\/custom-wood-usb-flash-drives-factory-150x150.jpg 150w, https:\/\/www.yousanusb.com\/wp-content\/uploads\/2024\/09\/custom-wood-usb-flash-drives-factory-768x768.jpg 768w, https:\/\/www.yousanusb.com\/wp-content\/uploads\/2024\/09\/custom-wood-usb-flash-drives-factory-600x600.jpg 600w, https:\/\/www.yousanusb.com\/wp-content\/uploads\/2024\/09\/custom-wood-usb-flash-drives-factory-100x100.jpg 100w\" sizes=\"(max-width: 1000px) 100vw, 1000px\" \/><\/figure>\n<\/div>\n\n\n\n<div class=\"wp-block-column is-layout-flow wp-block-column-is-layout-flow\">\n<figure class=\"wp-block-image size-full\"><img loading=\"lazy\" decoding=\"async\" width=\"1000\" height=\"1000\" src=\"https:\/\/www.yousanusb.com\/wp-content\/uploads\/2024\/09\/custom-wooden-pencil-usb-flash-drive.jpg\" alt=\"\" class=\"wp-image-9310\" srcset=\"https:\/\/www.yousanusb.com\/wp-content\/uploads\/2024\/09\/custom-wooden-pencil-usb-flash-drive.jpg 1000w, https:\/\/www.yousanusb.com\/wp-content\/uploads\/2024\/09\/custom-wooden-pencil-usb-flash-drive-300x300.jpg 300w, https:\/\/www.yousanusb.com\/wp-content\/uploads\/2024\/09\/custom-wooden-pencil-usb-flash-drive-150x150.jpg 150w, https:\/\/www.yousanusb.com\/wp-content\/uploads\/2024\/09\/custom-wooden-pencil-usb-flash-drive-768x768.jpg 768w, https:\/\/www.yousanusb.com\/wp-content\/uploads\/2024\/09\/custom-wooden-pencil-usb-flash-drive-600x600.jpg 600w, https:\/\/www.yousanusb.com\/wp-content\/uploads\/2024\/09\/custom-wooden-pencil-usb-flash-drive-100x100.jpg 100w\" sizes=\"(max-width: 1000px) 100vw, 1000px\" \/><\/figure>\n<\/div>\n<\/div>\n\n\n\n<p>Starke Leistung: Ausgestattet mit einer Hochgeschwindigkeits-USB-Schnittstelle f\u00fcr reibungslose, verz\u00f6gerungsfreie Lese-\/Schreibgeschwindigkeiten. Kompatibel mit PCs, Laptops, Tablets und mehr, zum m\u00fchelosen Speichern von Kursmaterialien, Dokumenten, Fotos, Aufgaben und t\u00e4glichen Daten.<\/p>\n\n\n\n<p>Vielseitig f\u00fcr jede Umgebung: Studenten k\u00f6nnen ihre Pers\u00f6nlichkeit zur Schau stellen, w\u00e4hrend sie Kursarbeiten und Aufgaben aufbewahren. B\u00fcroangestellte verleihen der Dokumentenorganisation einen Hauch von Stil. Sie eignen sich auch perfekt als Abschlussgeschenk, als Geschenk f\u00fcr Lehrer und Sch\u00fcler oder als Sammlerst\u00fcck f\u00fcr Nostalgiker - praktisch und doch voller Gef\u00fchl.<\/p>","protected":false},"excerpt":{"rendered":"<ul>\n<li>H\u00f6lzernes Design in Bleistiftform<\/li>\n<li>H\u00f6lzernes Material<\/li>\n<li>Geeignet f\u00fcr Geschenke<\/li>\n<li>Schnellere Geschwindigkeit und hohe Qualit\u00e4t<\/li>\n<li>Zuverl\u00e4ssig und sicher<\/li>\n<li>Gro\u00dfartig f\u00fcr alle Zwecke<\/li>\n<\/ul>","protected":false},"featured_media":9312,"comment_status":"open","ping_status":"closed","template":"","meta":{"_seopress_robots_primary_cat":"none","_seopress_titles_title":"","_seopress_titles_desc":"","_seopress_robots_index":""},"class_list":["post-9308","product","type-product","status-publish","has-post-thumbnail","hentry","product_cat-wooden-usb-flash-drive","product_tag-custom-wood-pencil-usb-flash-drives"],"_links":{"self":[{"href":"https:\/\/www.yousanusb.com\/de\/wp-json\/wp\/v2\/product\/9308"}],"collection":[{"href":"https:\/\/www.yousanusb.com\/de\/wp-json\/wp\/v2\/product"}],"about":[{"href":"https:\/\/www.yousanusb.com\/de\/wp-json\/wp\/v2\/types\/product"}],"replies":[{"embeddable":true,"href":"https:\/\/www.yousanusb.com\/de\/wp-json\/wp\/v2\/comments?post=9308"}],"wp:featuredmedia":[{"embeddable":true,"href":"https:\/\/www.yousanusb.com\/de\/wp-json\/wp\/v2\/media\/9312"}],"wp:attachment":[{"href":"https:\/\/www.yousanusb.com\/de\/wp-json\/wp\/v2\/media?parent=9308"}],"curies":[{"name":"wp","href":"https:\/\/api.w.org\/{rel}","templated":true}]}}