{"id":9396,"date":"2024-09-11T01:29:27","date_gmt":"2024-09-11T01:29:27","guid":{"rendered":"https:\/\/yousanusb.com\/?post_type=product&#038;p=9396"},"modified":"2025-10-06T00:27:48","modified_gmt":"2025-10-06T00:27:48","slug":"usb-flash-drive-waterproof-usb-stick-high-speed-memory-stick-with-keychain","status":"publish","type":"product","link":"https:\/\/www.yousanusb.com\/de\/product\/usb-flash-drive-waterproof-usb-stick-high-speed-memory-stick-with-keychain\/","title":{"rendered":"SAMSUNG BAR Plus USB-Flash-Laufwerk aus Metall"},"content":{"rendered":"<h2 class=\"wp-block-heading\">Was ist das SAMSUNG BAR Plus Metal USB Flash Drive?<strong> <\/strong><\/h2>\n\n\n\n<div class=\"wp-block-columns is-layout-flex wp-container-core-columns-is-layout-2 wp-block-columns-is-layout-flex\">\n<div class=\"wp-block-column is-layout-flow wp-block-column-is-layout-flow\" style=\"flex-basis:100%\">\n<div class=\"wp-block-columns is-layout-flex wp-container-core-columns-is-layout-1 wp-block-columns-is-layout-flex\">\n<div class=\"wp-block-column is-layout-flow wp-block-column-is-layout-flow\">\n<figure class=\"wp-block-image size-full\"><img fetchpriority=\"high\" decoding=\"async\" width=\"800\" height=\"800\" src=\"https:\/\/yousanusb.com\/wp-content\/uploads\/2024\/09\/SAMSUNG-BAR-Plus-Metal-USB-Flash-Drive.jpg\" alt=\"SAMSUNG BAR Plus USB-Flash-Laufwerk aus Metall\" class=\"wp-image-17111\" srcset=\"https:\/\/www.yousanusb.com\/wp-content\/uploads\/2024\/09\/SAMSUNG-BAR-Plus-Metal-USB-Flash-Drive.jpg 800w, https:\/\/www.yousanusb.com\/wp-content\/uploads\/2024\/09\/SAMSUNG-BAR-Plus-Metal-USB-Flash-Drive-300x300.jpg 300w, https:\/\/www.yousanusb.com\/wp-content\/uploads\/2024\/09\/SAMSUNG-BAR-Plus-Metal-USB-Flash-Drive-150x150.jpg 150w, https:\/\/www.yousanusb.com\/wp-content\/uploads\/2024\/09\/SAMSUNG-BAR-Plus-Metal-USB-Flash-Drive-768x768.jpg 768w, https:\/\/www.yousanusb.com\/wp-content\/uploads\/2024\/09\/SAMSUNG-BAR-Plus-Metal-USB-Flash-Drive-12x12.jpg 12w, https:\/\/www.yousanusb.com\/wp-content\/uploads\/2024\/09\/SAMSUNG-BAR-Plus-Metal-USB-Flash-Drive-600x600.jpg 600w, https:\/\/www.yousanusb.com\/wp-content\/uploads\/2024\/09\/SAMSUNG-BAR-Plus-Metal-USB-Flash-Drive-100x100.jpg 100w\" sizes=\"(max-width: 800px) 100vw, 800px\" \/><\/figure>\n<\/div>\n\n\n\n<div class=\"wp-block-column is-vertically-aligned-center is-layout-flow wp-block-column-is-layout-flow\">\n<p>Das SAMSUNG BAR Plus Metal USB-Flash-Laufwerk ist ein High-End-Speicherger\u00e4t, das von Samsung f\u00fcr Benutzer entwickelt wurde, die sowohl \u00c4sthetik als auch Leistung suchen. Es zeichnet sich durch ein unregelm\u00e4\u00dfiges, einteiliges, stromlinienf\u00f6rmiges Design aus, bei dem das Geh\u00e4use in Pr\u00e4zisionsarbeit aus einem ganzen St\u00fcck Aluminiumlegierung geschmiedet wird.<\/p>\n\n\n\n<p>Die glatten und nat\u00fcrlichen Linien passen sich dem Bogen der Handfl\u00e4che an und sorgen f\u00fcr einen bequemen und rutschfesten Griff. Die Oberfl\u00e4che ist mit einer zarten, matten Metallschicht \u00fcberzogen, die sich glatt wie Satin anf\u00fchlt und gleichzeitig resistent gegen Fingerabdr\u00fccke und Verschlei\u00dferscheinungen ist.<\/p>\n<\/div>\n<\/div>\n<\/div>\n<\/div>\n\n\n\n<p><\/p>\n\n\n\n<h2 class=\"wp-block-heading\">Schnittstellen und Parameter des SAMSUNG Metal USB Flash Drive<\/h2>\n\n\n\n<figure class=\"wp-block-table\"><table class=\"has-fixed-layout\"><tbody><tr><td>Artikel<\/td><td>Konfiguration<\/td><\/tr><tr><td>Schnittstelle Typ<\/td><td>USB 3.0-Hochgeschwindigkeitsschnittstelle (abw\u00e4rtskompatibel mit USB 2.0)<\/td><\/tr><tr><td>Kapazit\u00e4t<\/td><td>32GB\/64GB\/128GB\/256GB\/512GB<\/td><\/tr><tr><td>Lesegeschwindigkeit<\/td><td>Bis zu 200 MB\/s (unter USB 3.0-Schnittstelle)<\/td><\/tr><tr><td>Gr\u00f6\u00dfe\/Gewicht<\/td><td>40\u00d712\u00d715,46mm \/ 10g<\/td><\/tr><tr><td>Betriebstemperatur<\/td><td>-25\u2103~85\u2103<\/td><\/tr><\/tbody><\/table><\/figure>\n\n\n\n<div style=\"height:50px\" aria-hidden=\"true\" class=\"wp-block-spacer\"><\/div>\n\n\n\n<h2 class=\"wp-block-heading\">Welche Farben haben die SAMSUNG BAR Plus USB-Flash-Laufwerke aus Metall? <\/h2>\n\n\n\n<div class=\"wp-block-columns is-layout-flex wp-container-core-columns-is-layout-3 wp-block-columns-is-layout-flex\">\n<div class=\"wp-block-column is-layout-flow wp-block-column-is-layout-flow\">\n<figure class=\"wp-block-image size-full is-resized\"><img decoding=\"async\" width=\"800\" height=\"800\" src=\"https:\/\/yousanusb.com\/wp-content\/uploads\/2024\/09\/Black-SAMSUNG-BAR-Plus-Metal-USB-Flash-Drive.jpg\" alt=\"Schwarzes SAMSUNG BAR Plus USB-Flash-Laufwerk aus Metall\" class=\"wp-image-17109\" style=\"width:450px\" srcset=\"https:\/\/www.yousanusb.com\/wp-content\/uploads\/2024\/09\/Black-SAMSUNG-BAR-Plus-Metal-USB-Flash-Drive.jpg 800w, https:\/\/www.yousanusb.com\/wp-content\/uploads\/2024\/09\/Black-SAMSUNG-BAR-Plus-Metal-USB-Flash-Drive-300x300.jpg 300w, https:\/\/www.yousanusb.com\/wp-content\/uploads\/2024\/09\/Black-SAMSUNG-BAR-Plus-Metal-USB-Flash-Drive-150x150.jpg 150w, https:\/\/www.yousanusb.com\/wp-content\/uploads\/2024\/09\/Black-SAMSUNG-BAR-Plus-Metal-USB-Flash-Drive-768x768.jpg 768w, https:\/\/www.yousanusb.com\/wp-content\/uploads\/2024\/09\/Black-SAMSUNG-BAR-Plus-Metal-USB-Flash-Drive-12x12.jpg 12w, https:\/\/www.yousanusb.com\/wp-content\/uploads\/2024\/09\/Black-SAMSUNG-BAR-Plus-Metal-USB-Flash-Drive-600x600.jpg 600w, https:\/\/www.yousanusb.com\/wp-content\/uploads\/2024\/09\/Black-SAMSUNG-BAR-Plus-Metal-USB-Flash-Drive-100x100.jpg 100w\" sizes=\"(max-width: 800px) 100vw, 800px\" \/><\/figure>\n<\/div>\n\n\n\n<div class=\"wp-block-column is-vertically-aligned-center is-layout-flow wp-block-column-is-layout-flow\">\n<h3 class=\"wp-block-heading\">Klassisch Schwarz<\/h3>\n\n\n\n<p>Diese Farbe verwendet eine 8-stufige Eloxiertechnologie, um eine dichte Schutzschicht auf der Metalloberfl\u00e4che zu bilden, die eine Sternensandstruktur so tief wie die Nacht pr\u00e4sentiert - unter dem Licht zeigen sich die subtilen Metallpartikel schwach und offenbaren Luxus in zur\u00fcckhaltender Eleganz.<\/p>\n\n\n\n<p>Das schwarze Geh\u00e4use passt perfekt zu Gesch\u00e4ftsszenarien. Ganz gleich, ob Sie ihn f\u00fcr eine Pr\u00e4sentation an einen Computer anschlie\u00dfen oder ihn als Souvenir an Kunden verschenken, die Gravur eines goldgepr\u00e4gten LOGOs verleiht ihm sofort mehr Professionalit\u00e4t und macht ihn zur ersten Wahl f\u00fcr strenge Branchen wie Finanzen und Recht, da er jedem Datenaustausch Stil verleiht.<\/p>\n<\/div>\n<\/div>\n\n\n\n<h3 class=\"wp-block-heading\"><\/h3>\n\n\n\n<div class=\"wp-block-columns is-layout-flex wp-container-core-columns-is-layout-4 wp-block-columns-is-layout-flex\">\n<div class=\"wp-block-column is-vertically-aligned-center is-layout-flow wp-block-column-is-layout-flow\">\n<h3 class=\"wp-block-heading\">Trendy Silber<\/h3>\n\n\n\n<p>Diese Farbe wird einer Sandstrahlbehandlung im Nanobereich unterzogen, mit einer Oberfl\u00e4che, die so weich wie Mondlicht ist und einen samtigen Hauch von D\u00e4mmerungssilber aufweist. Die zarte und glatte Oberfl\u00e4che zeigt unter nat\u00fcrlichem Licht verschiedene Schattierungen und gleicht die K\u00e4lte der technischen Produkte mit einem sanften Temperament aus.<\/p>\n\n\n\n<p>Junge Nutzer k\u00f6nnen pers\u00f6nliche Muster auf der Oberfl\u00e4che eingravieren und sie mit Schulranzen oder Schl\u00fcsselanh\u00e4ngern kombinieren, um sofort zum Trendartikel zu werden. Designer, die es f\u00fcr Outdoor-Vorschl\u00e4ge tragen, zeigen Modegeschmack, da das silberne Geh\u00e4use digitale Ger\u00e4te erg\u00e4nzt.<\/p>\n<\/div>\n\n\n\n<div class=\"wp-block-column is-layout-flow wp-block-column-is-layout-flow\">\n<figure class=\"wp-block-image size-full is-resized\"><img decoding=\"async\" width=\"800\" height=\"800\" src=\"https:\/\/yousanusb.com\/wp-content\/uploads\/2024\/09\/SAMSUNG-BAR-Plus-Metallic-USB-Flash-Drive.jpg\" alt=\"SAMSUNG BAR Plus Metallic USB-Flash-Laufwerk\" class=\"wp-image-17112\" style=\"width:450px\" srcset=\"https:\/\/www.yousanusb.com\/wp-content\/uploads\/2024\/09\/SAMSUNG-BAR-Plus-Metallic-USB-Flash-Drive.jpg 800w, https:\/\/www.yousanusb.com\/wp-content\/uploads\/2024\/09\/SAMSUNG-BAR-Plus-Metallic-USB-Flash-Drive-300x300.jpg 300w, https:\/\/www.yousanusb.com\/wp-content\/uploads\/2024\/09\/SAMSUNG-BAR-Plus-Metallic-USB-Flash-Drive-150x150.jpg 150w, https:\/\/www.yousanusb.com\/wp-content\/uploads\/2024\/09\/SAMSUNG-BAR-Plus-Metallic-USB-Flash-Drive-768x768.jpg 768w, https:\/\/www.yousanusb.com\/wp-content\/uploads\/2024\/09\/SAMSUNG-BAR-Plus-Metallic-USB-Flash-Drive-12x12.jpg 12w, https:\/\/www.yousanusb.com\/wp-content\/uploads\/2024\/09\/SAMSUNG-BAR-Plus-Metallic-USB-Flash-Drive-600x600.jpg 600w, https:\/\/www.yousanusb.com\/wp-content\/uploads\/2024\/09\/SAMSUNG-BAR-Plus-Metallic-USB-Flash-Drive-100x100.jpg 100w\" sizes=\"(max-width: 800px) 100vw, 800px\" \/><\/figure>\n<\/div>\n<\/div>\n\n\n\n<h2 class=\"wp-block-heading\">Kann das SAMSUNG BAR Plus USB-Flash-Laufwerk aus Metall mit einem Logo versehen werden? <\/h2>\n\n\n\n<p>Ja! Das SAMSUNG BAR Plus USB-Flash-Laufwerk aus Metall erm\u00f6glicht die individuelle Gestaltung des Logos auf der Vorder- und R\u00fcckseite durch Lasergravurtechnologie. Hochpr\u00e4zise Laser gravieren klare Muster mit einer Tiefe von 0,05 mm auf die Metalloberfl\u00e4che, die glatte Kanten ohne Grate aufweist, die sich auch nach langem Gebrauch nicht abnutzen.<\/p>\n\n\n\n<p>Egal, ob es sich um ein Unternehmenslogo oder ein pers\u00f6nliches, exklusives Symbol handelt, es kann dauerhaft beibehalten werden. Neben der individuellen Gestaltung des K\u00f6rpers kann auch die Verpackung flexibel gew\u00e4hlt werden: Die Standardkonfiguration ist ein einfacher PP-Beutel, der sich f\u00fcr Gro\u00dfeink\u00e4ufe eignet; f\u00fcr eine h\u00f6here Qualit\u00e4t sind Eisen- oder Pappschachteln optional, wobei die Oberfl\u00e4che der Schachtel auch die individuelle Gestaltung des Logos unterst\u00fctzt.<\/p>\n\n\n\n<div class=\"wp-block-columns is-layout-flex wp-container-core-columns-is-layout-5 wp-block-columns-is-layout-flex\">\n<div class=\"wp-block-column is-layout-flow wp-block-column-is-layout-flow\"><div class=\"wp-block-image\">\n<figure class=\"aligncenter size-full is-resized\"><img loading=\"lazy\" decoding=\"async\" width=\"800\" height=\"800\" src=\"https:\/\/yousanusb.com\/wp-content\/uploads\/2024\/09\/Silver-SAMSUNG-BAR-Plus-Metal-USB-Flash-Drive.jpg\" alt=\"Silbernes SAMSUNG BAR Plus USB-Flash-Laufwerk aus Metall\" class=\"wp-image-17113\" style=\"width:450px\" srcset=\"https:\/\/www.yousanusb.com\/wp-content\/uploads\/2024\/09\/Silver-SAMSUNG-BAR-Plus-Metal-USB-Flash-Drive.jpg 800w, https:\/\/www.yousanusb.com\/wp-content\/uploads\/2024\/09\/Silver-SAMSUNG-BAR-Plus-Metal-USB-Flash-Drive-300x300.jpg 300w, https:\/\/www.yousanusb.com\/wp-content\/uploads\/2024\/09\/Silver-SAMSUNG-BAR-Plus-Metal-USB-Flash-Drive-150x150.jpg 150w, https:\/\/www.yousanusb.com\/wp-content\/uploads\/2024\/09\/Silver-SAMSUNG-BAR-Plus-Metal-USB-Flash-Drive-768x768.jpg 768w, https:\/\/www.yousanusb.com\/wp-content\/uploads\/2024\/09\/Silver-SAMSUNG-BAR-Plus-Metal-USB-Flash-Drive-12x12.jpg 12w, https:\/\/www.yousanusb.com\/wp-content\/uploads\/2024\/09\/Silver-SAMSUNG-BAR-Plus-Metal-USB-Flash-Drive-600x600.jpg 600w, https:\/\/www.yousanusb.com\/wp-content\/uploads\/2024\/09\/Silver-SAMSUNG-BAR-Plus-Metal-USB-Flash-Drive-100x100.jpg 100w\" sizes=\"(max-width: 800px) 100vw, 800px\" \/><\/figure><\/div><\/div>\n\n\n\n<div class=\"wp-block-column is-layout-flow wp-block-column-is-layout-flow\"><div class=\"wp-block-image\">\n<figure class=\"aligncenter size-full is-resized\"><img loading=\"lazy\" decoding=\"async\" width=\"705\" height=\"705\" src=\"https:\/\/yousanusb.com\/wp-content\/uploads\/2024\/09\/111111111111111111111.jpg\" alt=\"Schwarzer und silberner USB-Stick aus Metall\" class=\"wp-image-17108\" style=\"width:450px\" srcset=\"https:\/\/www.yousanusb.com\/wp-content\/uploads\/2024\/09\/111111111111111111111.jpg 705w, https:\/\/www.yousanusb.com\/wp-content\/uploads\/2024\/09\/111111111111111111111-300x300.jpg 300w, https:\/\/www.yousanusb.com\/wp-content\/uploads\/2024\/09\/111111111111111111111-150x150.jpg 150w, https:\/\/www.yousanusb.com\/wp-content\/uploads\/2024\/09\/111111111111111111111-12x12.jpg 12w, https:\/\/www.yousanusb.com\/wp-content\/uploads\/2024\/09\/111111111111111111111-600x600.jpg 600w, https:\/\/www.yousanusb.com\/wp-content\/uploads\/2024\/09\/111111111111111111111-100x100.jpg 100w\" sizes=\"(max-width: 705px) 100vw, 705px\" \/><\/figure><\/div><\/div>\n<\/div>\n\n\n\n<h2 class=\"wp-block-heading\">Warum ist das SAMSUNG BAR Plus Metal USB Flash Drive als Geschenk geeignet? <\/h2>\n\n\n\n<ul class=\"wp-block-list\">\n<li>Bekannte Marke<strong>: <\/strong>Als Gigant im Speicherbereich kann Samsung auf \u00fcber 30 Jahre technische Erfahrung zur\u00fcckblicken. Die selbst entwickelten 3D-NAND-Flash-Speicherpartikel bieten eine 5-mal l\u00e4ngere Lebensdauer als herk\u00f6mmliche Produkte, gepaart mit einem 5-Jahres-Garantieservice, um Aufrichtigkeit und Garantie beim Verschenken zu demonstrieren.<\/li>\n\n\n\n<li>Exquisites Erscheinungsbild: Das einteilige Metallgeh\u00e4use, kombiniert mit einem dreieckigen Schl\u00fcsselloch-Design, schafft nicht nur eine stromlinienf\u00f6rmige \u00c4sthetik durch CNC-Technologie, sondern l\u00f6st auch den Schmerzpunkt des leichten Verlustes. Das Aufh\u00e4ngen an Schl\u00fcsselanh\u00e4ngern sorgt f\u00fcr Tragbarkeit und Schutz vor Verlust, w\u00e4hrend die matte Oberfl\u00e4che Fingerabdr\u00fccke abweist und sich sowohl f\u00fcr gesch\u00e4ftliche als auch f\u00fcr trendige Szenarien eignet.<\/li>\n\n\n\n<li>Exklusive Personalisierung: Mit lasergravierten Logos auf beiden Seiten integrieren die Geschenke Markenkommunikation und emotionalen Wert. Unternehmen k\u00f6nnen Markenlogos aufdrucken, w\u00e4hrend Privatpersonen Namen oder Jahrestage eingravieren lassen k\u00f6nnen und so den Aufbewahrungsmitteln eine besondere Bedeutung verleihen.<\/li>\n\n\n\n<li>Flexible Verpackungen: Von erschwinglichen PP-Beuteln bis hin zu hochwertigen Eisenschachteln k\u00f6nnen Verpackungen je nach Budget und Anlass individuell gestaltet werden - ob f\u00fcr Verg\u00fcnstigungen f\u00fcr Mitarbeiter, Messegeschenke oder wichtige Kundenpr\u00e4mien, durch ein detailliertes Design l\u00e4sst sich die Aufmerksamkeit auf sich lenken.<\/li>\n<\/ul>\n\n\n\n<h3 class=\"wp-block-heading\">F1: Ist das Geh\u00e4use des SAMSUNG BAR Plus Metal USB Flash Drive wasserdicht und sto\u00dffest? <\/h3>\n\n\n\n<p>A: Es hat ausgezeichnete wasserdichte und sto\u00dffeste Leistung! Das Geh\u00e4use besteht aus einer harten Aluminiumlegierung, die einen Falltest von 1,5 m (auf Zementboden) ohne Verformung \u00fcbersteht. Es unterst\u00fctzt IPX5-Level-Wasserdichtigkeit (Anti-Spritzer), w\u00e4hrend es -25\u2103~85\u2103 hohe und niedrige Temperaturen, Anti-Magnetismus und Anti-R\u00f6ntgen widersteht. Die Datensicherheit ist selbst bei versehentlichem Fallenlassen, Spritzern oder extremen Umgebungsbedingungen gew\u00e4hrleistet.<\/p>\n\n\n\n<h3 class=\"wp-block-heading\">F2: Kann das SAMSUNG BAR Plus USB-Flash-Laufwerk aus Metall an einen Schl\u00fcsselbund geh\u00e4ngt werden? <\/h3>\n\n\n\n<p>A: Ja! Ein Ende des USB-Laufwerks ist mit einem dreieckigen Rillenring aus hochfester Legierung versehen, der sich leicht an Schl\u00fcsselanh\u00e4ngern oder Rucksackgurten befestigen l\u00e4sst. Es erleichtert nicht nur das Tragen, sondern verhindert auch effektiv den versehentlichen Verlust, besonders geeignet f\u00fcr B\u00fcroangestellte und Studenten, die unterwegs sind, und beseitigt den \"fehlenden \u00c4rger\" f\u00fcr Speicherger\u00e4te.<\/p>\n\n\n\n<p><\/p>","protected":false},"excerpt":{"rendered":"<ul>\n<li>Schl\u00fcsselanh\u00e4nger Design<\/li>\n<li>Werkstoff Metall<\/li>\n<li>Wasserdicht und langlebig<\/li>\n<li>Schnellere Geschwindigkeit und hohe Qualit\u00e4t<\/li>\n<li>Zuverl\u00e4ssig und sicher<\/li>\n<li>Gro\u00dfartig f\u00fcr alle Zwecke<\/li>\n<\/ul>","protected":false},"featured_media":17116,"comment_status":"open","ping_status":"closed","template":"","meta":{"_seopress_robots_primary_cat":"none","_seopress_titles_title":"","_seopress_titles_desc":"","_seopress_robots_index":""},"class_list":["post-9396","product","type-product","status-publish","has-post-thumbnail","hentry","product_cat-usb30-flash-drive","product_cat-metal-usb-flash-drive","product_tag-custom-metal-keychain-usb-flash-drive","product_tag-buy-metal-leather-usb-flash-drive"],"_links":{"self":[{"href":"https:\/\/www.yousanusb.com\/de\/wp-json\/wp\/v2\/product\/9396"}],"collection":[{"href":"https:\/\/www.yousanusb.com\/de\/wp-json\/wp\/v2\/product"}],"about":[{"href":"https:\/\/www.yousanusb.com\/de\/wp-json\/wp\/v2\/types\/product"}],"replies":[{"embeddable":true,"href":"https:\/\/www.yousanusb.com\/de\/wp-json\/wp\/v2\/comments?post=9396"}],"wp:featuredmedia":[{"embeddable":true,"href":"https:\/\/www.yousanusb.com\/de\/wp-json\/wp\/v2\/media\/17116"}],"wp:attachment":[{"href":"https:\/\/www.yousanusb.com\/de\/wp-json\/wp\/v2\/media?parent=9396"}],"curies":[{"name":"wp","href":"https:\/\/api.w.org\/{rel}","templated":true}]}}