{"id":1011,"date":"2021-06-02T01:27:13","date_gmt":"2021-06-02T01:27:13","guid":{"rendered":"https:\/\/yousanusb.com\/?post_type=product&#038;p=1011"},"modified":"2025-11-04T06:24:58","modified_gmt":"2025-11-04T06:24:58","slug":"most-popluar-swivel-usb-flash-drive","status":"publish","type":"product","link":"https:\/\/www.yousanusb.com\/es\/producto\/most-popluar-swivel-usb-flash-drive\/","title":{"rendered":"Pendrive Usb Giratorio M\u00e1s Popluar"},"content":{"rendered":"<p>La cl\u00e1sica unidad USB giratoria de estilo clip ha sido el modelo de USB m\u00e1s solicitado en nuestras exportaciones y sigue siendo el dise\u00f1o m\u00e1s popular. Desde los inicios del USB, este estilo ha sido elegido por 80% de nuestros clientes.<\/p>\n\n\n\n<div class=\"wp-block-columns is-layout-flex wp-container-core-columns-is-layout-1 wp-block-columns-is-layout-flex\">\n<div class=\"wp-block-column is-layout-flow wp-block-column-is-layout-flow\">\n<figure class=\"wp-block-image size-full\"><img fetchpriority=\"high\" decoding=\"async\" width=\"800\" height=\"800\" src=\"https:\/\/www.yousanusb.com\/wp-content\/uploads\/2021\/06\/China-swivel-usb-flash-drive.webp\" alt=\"\" class=\"wp-image-23394\" srcset=\"https:\/\/www.yousanusb.com\/wp-content\/uploads\/2021\/06\/China-swivel-usb-flash-drive.webp 800w, https:\/\/www.yousanusb.com\/wp-content\/uploads\/2021\/06\/China-swivel-usb-flash-drive-300x300.webp 300w, https:\/\/www.yousanusb.com\/wp-content\/uploads\/2021\/06\/China-swivel-usb-flash-drive-150x150.webp 150w, https:\/\/www.yousanusb.com\/wp-content\/uploads\/2021\/06\/China-swivel-usb-flash-drive-768x768.webp 768w, https:\/\/www.yousanusb.com\/wp-content\/uploads\/2021\/06\/China-swivel-usb-flash-drive-12x12.webp 12w, https:\/\/www.yousanusb.com\/wp-content\/uploads\/2021\/06\/China-swivel-usb-flash-drive-600x600.webp 600w, https:\/\/www.yousanusb.com\/wp-content\/uploads\/2021\/06\/China-swivel-usb-flash-drive-100x100.webp 100w\" sizes=\"(max-width: 800px) 100vw, 800px\" \/><\/figure>\n<\/div>\n\n\n\n<div class=\"wp-block-column is-vertically-aligned-center is-layout-flow wp-block-column-is-layout-flow\">\n<p>En&nbsp;<strong>Memoria USB giratoria<\/strong>&nbsp;se compone de un&nbsp;<strong>Cuerpo de pl\u00e1stico ABS<\/strong>&nbsp;y un&nbsp;<strong>carcasa cepillada de aleaci\u00f3n de aluminio<\/strong>.<\/p>\n\n\n\n<p>El cuerpo de pl\u00e1stico ABS adopta material ABS con una excelente resistencia a los impactos, que es ligero y resistente. No se da\u00f1a f\u00e1cilmente con las ca\u00eddas o los apretones diarios, al tiempo que reduce el peso total y mejora la portabilidad.<\/p>\n\n\n\n<p>Carcasa de aleaci\u00f3n de aluminio cepillada: La carcasa est\u00e1 hecha de aleaci\u00f3n de aluminio a trav\u00e9s de un proceso de cepillado, que puede reducir los residuos de huellas dactilares y mantener la apariencia limpia incluso despu\u00e9s de un uso prolongado.<\/p>\n<\/div>\n<\/div>\n\n\n\n<p>Su exclusivo dise\u00f1o de rotaci\u00f3n de 360\u00b0 permite girar la interfaz USB hacia fuera para insertarla directamente en los dispositivos para la transferencia de datos cuando est\u00e1 en uso; cuando no est\u00e1 en uso, se puede volver a girar dentro de la carcasa para aislar el polvo y los ara\u00f1azos, protegiendo la interfaz de da\u00f1os y mejorando significativamente la estabilidad de la transferencia de datos.<\/p>\n\n\n\n<p>El producto tiene un ojo de cerradura incorporado en el lateral, que admite llaveros y cordones. Puede engancharse directamente a llaveros, cremalleras de mochilas, etc., resolviendo por completo el problema de la facilidad de p\u00e9rdida de las unidades USB tradicionales.<\/p>\n\n\n\n<p>Existe una gran variedad de colores (negro, morado, azul, rojo, etc.) para satisfacer las preferencias est\u00e9ticas tanto de usuarios particulares como de empresas.<\/p>\n\n\n\n<div class=\"wp-block-columns is-layout-flex wp-container-core-columns-is-layout-2 wp-block-columns-is-layout-flex\">\n<div class=\"wp-block-column is-layout-flow wp-block-column-is-layout-flow\">\n<figure class=\"wp-block-image size-full\"><img decoding=\"async\" width=\"800\" height=\"800\" src=\"https:\/\/www.yousanusb.com\/wp-content\/uploads\/2021\/06\/bulk-metal-rotating-usb-flash-drive.webp\" alt=\"\" class=\"wp-image-23392\" srcset=\"https:\/\/www.yousanusb.com\/wp-content\/uploads\/2021\/06\/bulk-metal-rotating-usb-flash-drive.webp 800w, https:\/\/www.yousanusb.com\/wp-content\/uploads\/2021\/06\/bulk-metal-rotating-usb-flash-drive-300x300.webp 300w, https:\/\/www.yousanusb.com\/wp-content\/uploads\/2021\/06\/bulk-metal-rotating-usb-flash-drive-150x150.webp 150w, https:\/\/www.yousanusb.com\/wp-content\/uploads\/2021\/06\/bulk-metal-rotating-usb-flash-drive-768x768.webp 768w, https:\/\/www.yousanusb.com\/wp-content\/uploads\/2021\/06\/bulk-metal-rotating-usb-flash-drive-12x12.webp 12w, https:\/\/www.yousanusb.com\/wp-content\/uploads\/2021\/06\/bulk-metal-rotating-usb-flash-drive-600x600.webp 600w, https:\/\/www.yousanusb.com\/wp-content\/uploads\/2021\/06\/bulk-metal-rotating-usb-flash-drive-100x100.webp 100w\" sizes=\"(max-width: 800px) 100vw, 800px\" \/><\/figure>\n<\/div>\n\n\n\n<div class=\"wp-block-column is-layout-flow wp-block-column-is-layout-flow\">\n<figure class=\"wp-block-image size-full\"><img decoding=\"async\" width=\"800\" height=\"800\" src=\"https:\/\/www.yousanusb.com\/wp-content\/uploads\/2021\/06\/bulk-rotating-plastic-usb-flash-drive.webp\" alt=\"\" class=\"wp-image-23393\" srcset=\"https:\/\/www.yousanusb.com\/wp-content\/uploads\/2021\/06\/bulk-rotating-plastic-usb-flash-drive.webp 800w, https:\/\/www.yousanusb.com\/wp-content\/uploads\/2021\/06\/bulk-rotating-plastic-usb-flash-drive-300x300.webp 300w, https:\/\/www.yousanusb.com\/wp-content\/uploads\/2021\/06\/bulk-rotating-plastic-usb-flash-drive-150x150.webp 150w, https:\/\/www.yousanusb.com\/wp-content\/uploads\/2021\/06\/bulk-rotating-plastic-usb-flash-drive-768x768.webp 768w, https:\/\/www.yousanusb.com\/wp-content\/uploads\/2021\/06\/bulk-rotating-plastic-usb-flash-drive-12x12.webp 12w, https:\/\/www.yousanusb.com\/wp-content\/uploads\/2021\/06\/bulk-rotating-plastic-usb-flash-drive-600x600.webp 600w, https:\/\/www.yousanusb.com\/wp-content\/uploads\/2021\/06\/bulk-rotating-plastic-usb-flash-drive-100x100.webp 100w\" sizes=\"(max-width: 800px) 100vw, 800px\" \/><\/figure>\n<\/div>\n\n\n\n<div class=\"wp-block-column is-layout-flow wp-block-column-is-layout-flow\">\n<figure class=\"wp-block-image size-full\"><img loading=\"lazy\" decoding=\"async\" width=\"800\" height=\"800\" src=\"https:\/\/www.yousanusb.com\/wp-content\/uploads\/2021\/06\/custom-rotating-usb-drives.webp\" alt=\"\" class=\"wp-image-23395\" srcset=\"https:\/\/www.yousanusb.com\/wp-content\/uploads\/2021\/06\/custom-rotating-usb-drives.webp 800w, https:\/\/www.yousanusb.com\/wp-content\/uploads\/2021\/06\/custom-rotating-usb-drives-300x300.webp 300w, https:\/\/www.yousanusb.com\/wp-content\/uploads\/2021\/06\/custom-rotating-usb-drives-150x150.webp 150w, https:\/\/www.yousanusb.com\/wp-content\/uploads\/2021\/06\/custom-rotating-usb-drives-768x768.webp 768w, https:\/\/www.yousanusb.com\/wp-content\/uploads\/2021\/06\/custom-rotating-usb-drives-12x12.webp 12w, https:\/\/www.yousanusb.com\/wp-content\/uploads\/2021\/06\/custom-rotating-usb-drives-600x600.webp 600w, https:\/\/www.yousanusb.com\/wp-content\/uploads\/2021\/06\/custom-rotating-usb-drives-100x100.webp 100w\" sizes=\"(max-width: 800px) 100vw, 800px\" \/><\/figure>\n<\/div>\n<\/div>\n\n\n\n<div class=\"wp-block-columns is-layout-flex wp-container-core-columns-is-layout-3 wp-block-columns-is-layout-flex\">\n<div class=\"wp-block-column is-layout-flow wp-block-column-is-layout-flow\">\n<figure class=\"wp-block-image size-full\"><img loading=\"lazy\" decoding=\"async\" width=\"800\" height=\"800\" src=\"https:\/\/www.yousanusb.com\/wp-content\/uploads\/2021\/06\/custom-rotating-usb-flash-drive.webp\" alt=\"\" class=\"wp-image-23396\" srcset=\"https:\/\/www.yousanusb.com\/wp-content\/uploads\/2021\/06\/custom-rotating-usb-flash-drive.webp 800w, https:\/\/www.yousanusb.com\/wp-content\/uploads\/2021\/06\/custom-rotating-usb-flash-drive-300x300.webp 300w, https:\/\/www.yousanusb.com\/wp-content\/uploads\/2021\/06\/custom-rotating-usb-flash-drive-150x150.webp 150w, https:\/\/www.yousanusb.com\/wp-content\/uploads\/2021\/06\/custom-rotating-usb-flash-drive-768x768.webp 768w, https:\/\/www.yousanusb.com\/wp-content\/uploads\/2021\/06\/custom-rotating-usb-flash-drive-12x12.webp 12w, https:\/\/www.yousanusb.com\/wp-content\/uploads\/2021\/06\/custom-rotating-usb-flash-drive-600x600.webp 600w, https:\/\/www.yousanusb.com\/wp-content\/uploads\/2021\/06\/custom-rotating-usb-flash-drive-100x100.webp 100w\" sizes=\"(max-width: 800px) 100vw, 800px\" \/><\/figure>\n<\/div>\n\n\n\n<div class=\"wp-block-column is-layout-flow wp-block-column-is-layout-flow\">\n<figure class=\"wp-block-image size-full\"><img loading=\"lazy\" decoding=\"async\" width=\"800\" height=\"800\" src=\"https:\/\/www.yousanusb.com\/wp-content\/uploads\/2021\/06\/rotating-usb-drive.webp\" alt=\"\" class=\"wp-image-23397\" srcset=\"https:\/\/www.yousanusb.com\/wp-content\/uploads\/2021\/06\/rotating-usb-drive.webp 800w, https:\/\/www.yousanusb.com\/wp-content\/uploads\/2021\/06\/rotating-usb-drive-300x300.webp 300w, https:\/\/www.yousanusb.com\/wp-content\/uploads\/2021\/06\/rotating-usb-drive-150x150.webp 150w, https:\/\/www.yousanusb.com\/wp-content\/uploads\/2021\/06\/rotating-usb-drive-768x768.webp 768w, https:\/\/www.yousanusb.com\/wp-content\/uploads\/2021\/06\/rotating-usb-drive-12x12.webp 12w, https:\/\/www.yousanusb.com\/wp-content\/uploads\/2021\/06\/rotating-usb-drive-600x600.webp 600w, https:\/\/www.yousanusb.com\/wp-content\/uploads\/2021\/06\/rotating-usb-drive-100x100.webp 100w\" sizes=\"(max-width: 800px) 100vw, 800px\" \/><\/figure>\n<\/div>\n\n\n\n<div class=\"wp-block-column is-layout-flow wp-block-column-is-layout-flow\">\n<figure class=\"wp-block-image size-full\"><img loading=\"lazy\" decoding=\"async\" width=\"800\" height=\"800\" src=\"https:\/\/www.yousanusb.com\/wp-content\/uploads\/2021\/06\/rotating-usb-drives-cheapest.webp\" alt=\"\" class=\"wp-image-23398\" srcset=\"https:\/\/www.yousanusb.com\/wp-content\/uploads\/2021\/06\/rotating-usb-drives-cheapest.webp 800w, https:\/\/www.yousanusb.com\/wp-content\/uploads\/2021\/06\/rotating-usb-drives-cheapest-300x300.webp 300w, https:\/\/www.yousanusb.com\/wp-content\/uploads\/2021\/06\/rotating-usb-drives-cheapest-150x150.webp 150w, https:\/\/www.yousanusb.com\/wp-content\/uploads\/2021\/06\/rotating-usb-drives-cheapest-768x768.webp 768w, https:\/\/www.yousanusb.com\/wp-content\/uploads\/2021\/06\/rotating-usb-drives-cheapest-12x12.webp 12w, https:\/\/www.yousanusb.com\/wp-content\/uploads\/2021\/06\/rotating-usb-drives-cheapest-600x600.webp 600w, https:\/\/www.yousanusb.com\/wp-content\/uploads\/2021\/06\/rotating-usb-drives-cheapest-100x100.webp 100w\" sizes=\"(max-width: 800px) 100vw, 800px\" \/><\/figure>\n<\/div>\n<\/div>\n\n\n\n<div class=\"wp-block-columns is-layout-flex wp-container-core-columns-is-layout-4 wp-block-columns-is-layout-flex\">\n<div class=\"wp-block-column is-layout-flow wp-block-column-is-layout-flow\">\n<figure class=\"wp-block-image size-full\"><img loading=\"lazy\" decoding=\"async\" width=\"800\" height=\"800\" src=\"https:\/\/www.yousanusb.com\/wp-content\/uploads\/2021\/06\/swivel-usb-flash-drive.webp\" alt=\"\" class=\"wp-image-23399\" srcset=\"https:\/\/www.yousanusb.com\/wp-content\/uploads\/2021\/06\/swivel-usb-flash-drive.webp 800w, https:\/\/www.yousanusb.com\/wp-content\/uploads\/2021\/06\/swivel-usb-flash-drive-300x300.webp 300w, https:\/\/www.yousanusb.com\/wp-content\/uploads\/2021\/06\/swivel-usb-flash-drive-150x150.webp 150w, https:\/\/www.yousanusb.com\/wp-content\/uploads\/2021\/06\/swivel-usb-flash-drive-768x768.webp 768w, https:\/\/www.yousanusb.com\/wp-content\/uploads\/2021\/06\/swivel-usb-flash-drive-12x12.webp 12w, https:\/\/www.yousanusb.com\/wp-content\/uploads\/2021\/06\/swivel-usb-flash-drive-600x600.webp 600w, https:\/\/www.yousanusb.com\/wp-content\/uploads\/2021\/06\/swivel-usb-flash-drive-100x100.webp 100w\" sizes=\"(max-width: 800px) 100vw, 800px\" \/><\/figure>\n<\/div>\n\n\n\n<div class=\"wp-block-column is-layout-flow wp-block-column-is-layout-flow\">\n<figure class=\"wp-block-image size-full\"><img loading=\"lazy\" decoding=\"async\" width=\"800\" height=\"800\" src=\"https:\/\/www.yousanusb.com\/wp-content\/uploads\/2021\/06\/swivel-usb-flash-drives.webp\" alt=\"\" class=\"wp-image-23400\" srcset=\"https:\/\/www.yousanusb.com\/wp-content\/uploads\/2021\/06\/swivel-usb-flash-drives.webp 800w, https:\/\/www.yousanusb.com\/wp-content\/uploads\/2021\/06\/swivel-usb-flash-drives-300x300.webp 300w, https:\/\/www.yousanusb.com\/wp-content\/uploads\/2021\/06\/swivel-usb-flash-drives-150x150.webp 150w, https:\/\/www.yousanusb.com\/wp-content\/uploads\/2021\/06\/swivel-usb-flash-drives-768x768.webp 768w, https:\/\/www.yousanusb.com\/wp-content\/uploads\/2021\/06\/swivel-usb-flash-drives-12x12.webp 12w, https:\/\/www.yousanusb.com\/wp-content\/uploads\/2021\/06\/swivel-usb-flash-drives-600x600.webp 600w, https:\/\/www.yousanusb.com\/wp-content\/uploads\/2021\/06\/swivel-usb-flash-drives-100x100.webp 100w\" sizes=\"(max-width: 800px) 100vw, 800px\" \/><\/figure>\n<\/div>\n\n\n\n<div class=\"wp-block-column is-layout-flow wp-block-column-is-layout-flow\">\n<figure class=\"wp-block-image size-full\"><img loading=\"lazy\" decoding=\"async\" width=\"800\" height=\"800\" src=\"https:\/\/www.yousanusb.com\/wp-content\/uploads\/2021\/06\/swivel-usb-pen-drive.webp\" alt=\"\" class=\"wp-image-23401\" srcset=\"https:\/\/www.yousanusb.com\/wp-content\/uploads\/2021\/06\/swivel-usb-pen-drive.webp 800w, https:\/\/www.yousanusb.com\/wp-content\/uploads\/2021\/06\/swivel-usb-pen-drive-300x300.webp 300w, https:\/\/www.yousanusb.com\/wp-content\/uploads\/2021\/06\/swivel-usb-pen-drive-150x150.webp 150w, https:\/\/www.yousanusb.com\/wp-content\/uploads\/2021\/06\/swivel-usb-pen-drive-768x768.webp 768w, https:\/\/www.yousanusb.com\/wp-content\/uploads\/2021\/06\/swivel-usb-pen-drive-12x12.webp 12w, https:\/\/www.yousanusb.com\/wp-content\/uploads\/2021\/06\/swivel-usb-pen-drive-600x600.webp 600w, https:\/\/www.yousanusb.com\/wp-content\/uploads\/2021\/06\/swivel-usb-pen-drive-100x100.webp 100w\" sizes=\"(max-width: 800px) 100vw, 800px\" \/><\/figure>\n<\/div>\n<\/div>\n\n\n\n<ul class=\"wp-block-list\">\n<li>Grabado por l\u00e1ser: Para logotipos monocrom\u00e1ticos en la carcasa de aleaci\u00f3n de aluminio. Es resistente al desgaste, duradero y no es f\u00e1cil de despegar, con una textura de alta gama, especialmente adecuado para las empresas que necesitan reflejar profesionalidad y logotipos permanentes.<\/li>\n\n\n\n<li>Impresi\u00f3n digital: Admite la impresi\u00f3n a todo color (como colores degradados, logotipos de marca completos, patrones tem\u00e1ticos de eventos).<\/li>\n<\/ul>\n\n\n\n<p>Ambos procesos pueden lograr un posicionamiento preciso, adapt\u00e1ndose a diversos escenarios como regalos de empresa, promociones de eventos y perif\u00e9ricos culturales y creativos.<\/p>","protected":false},"excerpt":{"rendered":"<ul>\n<li>Grabado por l\u00e1ser<\/li>\n<li>Impresi\u00f3n digital<\/li>\n<li>Materiales:Cuerpo de ABS, carcasa de aluminio<\/li>\n<li>Colores:<br \/>Negro\/Blanco, Negro\/Plata, Negro\/Naranja, Negro\/Rojo, Negro\/P\u00farpura, Negro\/Verde, Negro\/Azul claro, Negro\/Azul oscuro, Negro\/Negro<\/li>\n<li>MOQ:100pcs<\/li>\n<\/ul>","protected":false},"featured_media":23394,"comment_status":"open","ping_status":"closed","template":"","meta":{"_seopress_robots_primary_cat":"none","_seopress_titles_title":"","_seopress_titles_desc":"","_seopress_robots_index":""},"class_list":["post-1011","product","type-product","status-publish","has-post-thumbnail","hentry","product_cat-usb30-flash-drive","product_cat-rotating-usb-flash-drive","product_tag-aluminum-flash-drive","product_tag-twist-usb-flash-drive"],"_links":{"self":[{"href":"https:\/\/www.yousanusb.com\/es\/wp-json\/wp\/v2\/product\/1011"}],"collection":[{"href":"https:\/\/www.yousanusb.com\/es\/wp-json\/wp\/v2\/product"}],"about":[{"href":"https:\/\/www.yousanusb.com\/es\/wp-json\/wp\/v2\/types\/product"}],"replies":[{"embeddable":true,"href":"https:\/\/www.yousanusb.com\/es\/wp-json\/wp\/v2\/comments?post=1011"}],"wp:featuredmedia":[{"embeddable":true,"href":"https:\/\/www.yousanusb.com\/es\/wp-json\/wp\/v2\/media\/23394"}],"wp:attachment":[{"href":"https:\/\/www.yousanusb.com\/es\/wp-json\/wp\/v2\/media?parent=1011"}],"curies":[{"name":"wp","href":"https:\/\/api.w.org\/{rel}","templated":true}]}}