{"id":10229,"date":"2024-11-06T03:08:06","date_gmt":"2024-11-06T03:08:06","guid":{"rendered":"https:\/\/yousanusb.com\/?post_type=product&#038;p=10229"},"modified":"2025-12-13T13:26:42","modified_gmt":"2025-12-13T13:26:42","slug":"otg-card-shaped-usb-flash-drive","status":"publish","type":"product","link":"https:\/\/www.yousanusb.com\/es\/producto\/otg-card-shaped-usb-flash-drive\/","title":{"rendered":"Memoria USB OTG para tarjetas de cr\u00e9dito"},"content":{"rendered":"<p>La unidad flash USB con tarjeta OTG utiliza un dise\u00f1o de interfaz dual \"2 en 1\". Un extremo es una interfaz USB est\u00e1ndar que puede conectarse f\u00e1cilmente a ordenadores y dispositivos de coche, mientras que el otro extremo es una interfaz Micro USB que puede adaptarse perfectamente a la mayor\u00eda de smartphones y tabletas Android. Con la unidad flash de tarjeta OTG, los usuarios pueden transferir f\u00e1cilmente archivos y hacer copias de seguridad de fotos entre tel\u00e9fonos y ordenadores sin necesidad de adaptadores adicionales, satisfaciendo la demanda de interacci\u00f3n de datos entre terminales.<\/p>\n\n\n\n<div class=\"wp-block-columns is-layout-flex wp-container-core-columns-is-layout-1 wp-block-columns-is-layout-flex\">\n<div class=\"wp-block-column is-layout-flow wp-block-column-is-layout-flow\">\n<figure class=\"wp-block-image size-full\"><img fetchpriority=\"high\" decoding=\"async\" width=\"800\" height=\"800\" src=\"https:\/\/www.yousanusb.com\/wp-content\/uploads\/2024\/11\/Custom-2-in-1-OTG-Credit-Card-USB-Flash-Drive.png\" alt=\"\" class=\"wp-image-18524\" srcset=\"https:\/\/www.yousanusb.com\/wp-content\/uploads\/2024\/11\/Custom-2-in-1-OTG-Credit-Card-USB-Flash-Drive.png 800w, https:\/\/www.yousanusb.com\/wp-content\/uploads\/2024\/11\/Custom-2-in-1-OTG-Credit-Card-USB-Flash-Drive-300x300.png 300w, https:\/\/www.yousanusb.com\/wp-content\/uploads\/2024\/11\/Custom-2-in-1-OTG-Credit-Card-USB-Flash-Drive-150x150.png 150w, https:\/\/www.yousanusb.com\/wp-content\/uploads\/2024\/11\/Custom-2-in-1-OTG-Credit-Card-USB-Flash-Drive-768x768.png 768w, https:\/\/www.yousanusb.com\/wp-content\/uploads\/2024\/11\/Custom-2-in-1-OTG-Credit-Card-USB-Flash-Drive-12x12.png 12w, https:\/\/www.yousanusb.com\/wp-content\/uploads\/2024\/11\/Custom-2-in-1-OTG-Credit-Card-USB-Flash-Drive-600x600.png 600w, https:\/\/www.yousanusb.com\/wp-content\/uploads\/2024\/11\/Custom-2-in-1-OTG-Credit-Card-USB-Flash-Drive-100x100.png 100w\" sizes=\"(max-width: 800px) 100vw, 800px\" \/><\/figure>\n<\/div>\n\n\n\n<div class=\"wp-block-column is-layout-flow wp-block-column-is-layout-flow\">\n<figure class=\"wp-block-image size-full\"><img decoding=\"async\" width=\"800\" height=\"800\" src=\"https:\/\/www.yousanusb.com\/wp-content\/uploads\/2024\/11\/OTG-card-USB-drive.png\" alt=\"\" class=\"wp-image-18525\" srcset=\"https:\/\/www.yousanusb.com\/wp-content\/uploads\/2024\/11\/OTG-card-USB-drive.png 800w, https:\/\/www.yousanusb.com\/wp-content\/uploads\/2024\/11\/OTG-card-USB-drive-300x300.png 300w, https:\/\/www.yousanusb.com\/wp-content\/uploads\/2024\/11\/OTG-card-USB-drive-150x150.png 150w, https:\/\/www.yousanusb.com\/wp-content\/uploads\/2024\/11\/OTG-card-USB-drive-768x768.png 768w, https:\/\/www.yousanusb.com\/wp-content\/uploads\/2024\/11\/OTG-card-USB-drive-12x12.png 12w, https:\/\/www.yousanusb.com\/wp-content\/uploads\/2024\/11\/OTG-card-USB-drive-600x600.png 600w, https:\/\/www.yousanusb.com\/wp-content\/uploads\/2024\/11\/OTG-card-USB-drive-100x100.png 100w\" sizes=\"(max-width: 800px) 100vw, 800px\" \/><\/figure>\n<\/div>\n<\/div>\n\n\n\n<p>La unidad USB OTG Card tiene un dise\u00f1o similar al de una tarjeta, tan fina como una tarjeta de cr\u00e9dito. Est\u00e1 fabricada en pl\u00e1stico ABS de alta calidad, duradero y resistente a ara\u00f1azos e impactos. As\u00ed se protege el chip de almacenamiento interno. <\/p>\n\n\n\n<p>Adem\u00e1s, el producto puede personalizarse con el logotipo de la empresa y esl\u00f3ganes promocionales. Puede utilizarse como regalo de empresa o art\u00edculo promocional en ferias comerciales, lo que aumenta eficazmente la exposici\u00f3n de la marca.<\/p>\n\n\n\n<div class=\"wp-block-columns is-layout-flex wp-container-core-columns-is-layout-2 wp-block-columns-is-layout-flex\">\n<div class=\"wp-block-column is-layout-flow wp-block-column-is-layout-flow\">\n<figure class=\"wp-block-image size-full\"><img decoding=\"async\" width=\"800\" height=\"800\" src=\"https:\/\/www.yousanusb.com\/wp-content\/uploads\/2024\/11\/credit-card-OTG-usb-drive.png\" alt=\"\" class=\"wp-image-18522\" srcset=\"https:\/\/www.yousanusb.com\/wp-content\/uploads\/2024\/11\/credit-card-OTG-usb-drive.png 800w, https:\/\/www.yousanusb.com\/wp-content\/uploads\/2024\/11\/credit-card-OTG-usb-drive-300x300.png 300w, https:\/\/www.yousanusb.com\/wp-content\/uploads\/2024\/11\/credit-card-OTG-usb-drive-150x150.png 150w, https:\/\/www.yousanusb.com\/wp-content\/uploads\/2024\/11\/credit-card-OTG-usb-drive-768x768.png 768w, https:\/\/www.yousanusb.com\/wp-content\/uploads\/2024\/11\/credit-card-OTG-usb-drive-12x12.png 12w, https:\/\/www.yousanusb.com\/wp-content\/uploads\/2024\/11\/credit-card-OTG-usb-drive-600x600.png 600w, https:\/\/www.yousanusb.com\/wp-content\/uploads\/2024\/11\/credit-card-OTG-usb-drive-100x100.png 100w\" sizes=\"(max-width: 800px) 100vw, 800px\" \/><\/figure>\n<\/div>\n\n\n\n<div class=\"wp-block-column is-layout-flow wp-block-column-is-layout-flow\">\n<figure class=\"wp-block-image size-full\"><img loading=\"lazy\" decoding=\"async\" width=\"800\" height=\"800\" src=\"https:\/\/www.yousanusb.com\/wp-content\/uploads\/2024\/11\/Credit-card-otg-usb-flash-drive.png\" alt=\"\" class=\"wp-image-18523\" srcset=\"https:\/\/www.yousanusb.com\/wp-content\/uploads\/2024\/11\/Credit-card-otg-usb-flash-drive.png 800w, https:\/\/www.yousanusb.com\/wp-content\/uploads\/2024\/11\/Credit-card-otg-usb-flash-drive-300x300.png 300w, https:\/\/www.yousanusb.com\/wp-content\/uploads\/2024\/11\/Credit-card-otg-usb-flash-drive-150x150.png 150w, https:\/\/www.yousanusb.com\/wp-content\/uploads\/2024\/11\/Credit-card-otg-usb-flash-drive-768x768.png 768w, https:\/\/www.yousanusb.com\/wp-content\/uploads\/2024\/11\/Credit-card-otg-usb-flash-drive-12x12.png 12w, https:\/\/www.yousanusb.com\/wp-content\/uploads\/2024\/11\/Credit-card-otg-usb-flash-drive-600x600.png 600w, https:\/\/www.yousanusb.com\/wp-content\/uploads\/2024\/11\/Credit-card-otg-usb-flash-drive-100x100.png 100w\" sizes=\"(max-width: 800px) 100vw, 800px\" \/><\/figure>\n<\/div>\n<\/div>","protected":false},"excerpt":{"rendered":"<ul>\n<li>USB estilo tarjeta de visita<\/li>\n<li>Con funci\u00f3n OTG<\/li>\n<li>Tarjeta USB Para Iphone<\/li>\n<li>USB2.0 y USB3.o Puede elegir<\/li>\n<li>MOQ:100 unidades<\/li>\n<\/ul>","protected":false},"featured_media":10233,"comment_status":"open","ping_status":"closed","template":"","meta":{"_seopress_robots_primary_cat":"none","_seopress_titles_title":"","_seopress_titles_desc":"","_seopress_robots_index":""},"class_list":["post-10229","product","type-product","status-publish","has-post-thumbnail","hentry","product_cat-card-usb-flash-drive","product_cat-otg-usb-flash-drive","product_tag-type-c-flash-drive-for-android","product_tag-plastic-card-usb-flash-drive"],"_links":{"self":[{"href":"https:\/\/www.yousanusb.com\/es\/wp-json\/wp\/v2\/product\/10229"}],"collection":[{"href":"https:\/\/www.yousanusb.com\/es\/wp-json\/wp\/v2\/product"}],"about":[{"href":"https:\/\/www.yousanusb.com\/es\/wp-json\/wp\/v2\/types\/product"}],"replies":[{"embeddable":true,"href":"https:\/\/www.yousanusb.com\/es\/wp-json\/wp\/v2\/comments?post=10229"}],"wp:featuredmedia":[{"embeddable":true,"href":"https:\/\/www.yousanusb.com\/es\/wp-json\/wp\/v2\/media\/10233"}],"wp:attachment":[{"href":"https:\/\/www.yousanusb.com\/es\/wp-json\/wp\/v2\/media?parent=10229"}],"curies":[{"name":"wp","href":"https:\/\/api.w.org\/{rel}","templated":true}]}}