{"id":1026,"date":"2021-06-02T01:49:35","date_gmt":"2021-06-02T01:49:35","guid":{"rendered":"https:\/\/yousanusb.com\/?post_type=product&#038;p=1026"},"modified":"2025-10-04T11:39:59","modified_gmt":"2025-10-04T11:39:59","slug":"most-cheapest-card-usb-flash-drive","status":"publish","type":"product","link":"https:\/\/www.yousanusb.com\/es\/producto\/most-cheapest-card-usb-flash-drive\/","title":{"rendered":"Unidad flash USB Tltra Thin Credit Card"},"content":{"rendered":"<p>La unidad USB de tarjeta met\u00e1lica ultrafina presenta un dise\u00f1o cl\u00e1sico en forma de tarjeta de cr\u00e9dito, con unas dimensiones id\u00e9nticas a las de una tarjeta de cr\u00e9dito est\u00e1ndar. Con un grosor de s\u00f3lo 2,5 mm, se presenta en dos materiales de carcasa: uno es de acero inoxidable liso por ambos lados, mientras que el otro es de aleaci\u00f3n ligera de aluminio, que ofrece un refinado acabado mate o un lujoso acabado brillante.<\/p>\n\n\n\n<div class=\"wp-block-columns is-layout-flex wp-container-core-columns-is-layout-1 wp-block-columns-is-layout-flex\">\n<div class=\"wp-block-column is-layout-flow wp-block-column-is-layout-flow\">\n<figure class=\"wp-block-image size-full\"><img fetchpriority=\"high\" decoding=\"async\" width=\"800\" height=\"800\" src=\"https:\/\/www.yousanusb.com\/wp-content\/uploads\/2025\/09\/odm-aluminium-card-usb-flash-drive-china-customized.png\" alt=\"odm tarjeta de aluminio usb flash drive china personalizada\" class=\"wp-image-18261\" srcset=\"https:\/\/www.yousanusb.com\/wp-content\/uploads\/2025\/09\/odm-aluminium-card-usb-flash-drive-china-customized.png 800w, https:\/\/www.yousanusb.com\/wp-content\/uploads\/2025\/09\/odm-aluminium-card-usb-flash-drive-china-customized-300x300.png 300w, https:\/\/www.yousanusb.com\/wp-content\/uploads\/2025\/09\/odm-aluminium-card-usb-flash-drive-china-customized-150x150.png 150w, https:\/\/www.yousanusb.com\/wp-content\/uploads\/2025\/09\/odm-aluminium-card-usb-flash-drive-china-customized-768x768.png 768w, https:\/\/www.yousanusb.com\/wp-content\/uploads\/2025\/09\/odm-aluminium-card-usb-flash-drive-china-customized-12x12.png 12w, https:\/\/www.yousanusb.com\/wp-content\/uploads\/2025\/09\/odm-aluminium-card-usb-flash-drive-china-customized-600x600.png 600w, https:\/\/www.yousanusb.com\/wp-content\/uploads\/2025\/09\/odm-aluminium-card-usb-flash-drive-china-customized-100x100.png 100w\" sizes=\"(max-width: 800px) 100vw, 800px\" \/><\/figure>\n<\/div>\n\n\n\n<div class=\"wp-block-column is-layout-flow wp-block-column-is-layout-flow\">\n<figure class=\"wp-block-image size-full\"><img decoding=\"async\" width=\"1000\" height=\"1000\" src=\"https:\/\/www.yousanusb.com\/wp-content\/uploads\/2021\/06\/card-shape-usb-flash-drive-customized.jpg\" alt=\"unidad flash usb con forma de tarjeta personalizada\" class=\"wp-image-9153\" srcset=\"https:\/\/www.yousanusb.com\/wp-content\/uploads\/2021\/06\/card-shape-usb-flash-drive-customized.jpg 1000w, https:\/\/www.yousanusb.com\/wp-content\/uploads\/2021\/06\/card-shape-usb-flash-drive-customized-300x300.jpg 300w, https:\/\/www.yousanusb.com\/wp-content\/uploads\/2021\/06\/card-shape-usb-flash-drive-customized-150x150.jpg 150w, https:\/\/www.yousanusb.com\/wp-content\/uploads\/2021\/06\/card-shape-usb-flash-drive-customized-768x768.jpg 768w, https:\/\/www.yousanusb.com\/wp-content\/uploads\/2021\/06\/card-shape-usb-flash-drive-customized-600x600.jpg 600w, https:\/\/www.yousanusb.com\/wp-content\/uploads\/2021\/06\/card-shape-usb-flash-drive-customized-100x100.jpg 100w\" sizes=\"(max-width: 1000px) 100vw, 1000px\" \/><\/figure>\n<\/div>\n<\/div>\n\n\n\n\n\n<p><strong>Interfaz USB 2.0: Compatibilidad entre dispositivos, Plug-and-Play.<\/strong><br>Esta tarjeta met\u00e1lica cl\u00e1sica cuenta con una interfaz est\u00e1ndar USB 2.0, lo que elimina los problemas de compatibilidad de dispositivos. Funciona a la perfecci\u00f3n con ordenadores, port\u00e1tiles, impresoras, sistemas de informaci\u00f3n y entretenimiento de coches, televisores y muchos otros dispositivos. No necesita controladores adicionales: basta con conectarla para obtener un reconocimiento instant\u00e1neo. Sus velocidades de transferencia satisfacen las demandas diarias de alta frecuencia: un documento de oficina de 1 GB (por ejemplo, Word\/Excel\/PDF) se transfiere en unos 20 segundos, 500 fotos de alta definici\u00f3n (aprox. 4 MB cada una) tardan s\u00f3lo 40 segundos, e incluso un v\u00eddeo de definici\u00f3n est\u00e1ndar de 10 minutos (aprox. 500 MB) se copia en 1 minuto.<\/p>\n\n\n\n<div class=\"wp-block-columns is-layout-flex wp-container-core-columns-is-layout-2 wp-block-columns-is-layout-flex\">\n<div class=\"wp-block-column is-layout-flow wp-block-column-is-layout-flow\"><div class=\"wp-block-image\">\n<figure class=\"aligncenter size-full\"><img decoding=\"async\" width=\"800\" height=\"800\" src=\"https:\/\/www.yousanusb.com\/wp-content\/uploads\/2025\/09\/Laser-Engraved-Logo-aluminium-card-usb.png\" alt=\"Logotipo grabado por l\u00e1ser tarjeta de aluminio usb\" class=\"wp-image-18258\" srcset=\"https:\/\/www.yousanusb.com\/wp-content\/uploads\/2025\/09\/Laser-Engraved-Logo-aluminium-card-usb.png 800w, https:\/\/www.yousanusb.com\/wp-content\/uploads\/2025\/09\/Laser-Engraved-Logo-aluminium-card-usb-300x300.png 300w, https:\/\/www.yousanusb.com\/wp-content\/uploads\/2025\/09\/Laser-Engraved-Logo-aluminium-card-usb-150x150.png 150w, https:\/\/www.yousanusb.com\/wp-content\/uploads\/2025\/09\/Laser-Engraved-Logo-aluminium-card-usb-768x768.png 768w, https:\/\/www.yousanusb.com\/wp-content\/uploads\/2025\/09\/Laser-Engraved-Logo-aluminium-card-usb-12x12.png 12w, https:\/\/www.yousanusb.com\/wp-content\/uploads\/2025\/09\/Laser-Engraved-Logo-aluminium-card-usb-600x600.png 600w, https:\/\/www.yousanusb.com\/wp-content\/uploads\/2025\/09\/Laser-Engraved-Logo-aluminium-card-usb-100x100.png 100w\" sizes=\"(max-width: 800px) 100vw, 800px\" \/><figcaption class=\"wp-element-caption\">tarjeta met\u00e1lica unidad usb con logotipo grabado a l\u00e1ser<\/figcaption><\/figure><\/div><\/div>\n\n\n\n<div class=\"wp-block-column is-layout-flow wp-block-column-is-layout-flow\"><div class=\"wp-block-image\">\n<figure class=\"aligncenter size-full\"><img loading=\"lazy\" decoding=\"async\" width=\"750\" height=\"750\" src=\"https:\/\/www.yousanusb.com\/wp-content\/uploads\/2025\/09\/Full-Color-Printed-Logo-aluminium-card-usb.png\" alt=\"Logotipo impreso a todo color tarjeta de aluminio usb\" class=\"wp-image-18256\" srcset=\"https:\/\/www.yousanusb.com\/wp-content\/uploads\/2025\/09\/Full-Color-Printed-Logo-aluminium-card-usb.png 750w, https:\/\/www.yousanusb.com\/wp-content\/uploads\/2025\/09\/Full-Color-Printed-Logo-aluminium-card-usb-300x300.png 300w, https:\/\/www.yousanusb.com\/wp-content\/uploads\/2025\/09\/Full-Color-Printed-Logo-aluminium-card-usb-150x150.png 150w, https:\/\/www.yousanusb.com\/wp-content\/uploads\/2025\/09\/Full-Color-Printed-Logo-aluminium-card-usb-12x12.png 12w, https:\/\/www.yousanusb.com\/wp-content\/uploads\/2025\/09\/Full-Color-Printed-Logo-aluminium-card-usb-600x600.png 600w, https:\/\/www.yousanusb.com\/wp-content\/uploads\/2025\/09\/Full-Color-Printed-Logo-aluminium-card-usb-100x100.png 100w\" sizes=\"(max-width: 750px) 100vw, 750px\" \/><figcaption class=\"wp-element-caption\">tarjeta de metal unidad usb con el logotipo de impresi\u00f3n en color<\/figcaption><\/figure><\/div><\/div>\n<\/div>\n\n\n\n<p><strong>Admite la personalizaci\u00f3n del logotipo<\/strong><br><strong>Edici\u00f3n en acero inoxidable: <\/strong>Los logotipos grabados con l\u00e1ser presentan l\u00edneas n\u00edtidas y definidas que resisten el desgaste y la decoloraci\u00f3n, ideales para nombres corporativos, emblemas de marca o dise\u00f1os minimalistas.<br><strong>Modelo de aleaci\u00f3n de aluminio: <\/strong>Incluye impresi\u00f3n anodizada o grabado l\u00e1ser. Los colores pueden coincidir con el acabado met\u00e1lico natural o personalizarse con tonos exclusivos (por ejemplo, plata, gris espacial). El logotipo se funde a la perfecci\u00f3n con el cuerpo mate, por lo que es perfecto para nombres personales, s\u00edmbolos conmemorativos o logotipos de empresa.<br>La personalizaci\u00f3n abarca tanto el anverso como el reverso de la tarjeta, con dimensiones ajustables a sus necesidades. Admite patrones intrincados de tan solo 2 mm \u00d7 2 mm, equilibrando la est\u00e9tica y la visibilidad.<br>La personalizaci\u00f3n abarca las superficies frontal y posterior, con dimensiones ajustables a los requisitos. Admite patrones intrincados de tan solo 2 mm \u00d7 2 mm, equilibrando la est\u00e9tica y la visibilidad.<\/p>","protected":false},"excerpt":{"rendered":"<ul>\n<li>Forma de la tarjeta de cr\u00e9dito<\/li>\n<li>Material met\u00e1lico<\/li>\n<li>Mayor velocidad y alta calidad<\/li>\n<li>Dise\u00f1o port\u00e1til<\/li>\n<li>Fiabilidad y seguridad<\/li>\n<li>Ideal para todos los usos<\/li>\n<\/ul>","protected":false},"featured_media":18262,"comment_status":"open","ping_status":"closed","template":"","meta":{"_seopress_robots_primary_cat":"none","_seopress_titles_title":"","_seopress_titles_desc":"","_seopress_robots_index":""},"class_list":["post-1026","product","type-product","status-publish","has-post-thumbnail","hentry","product_cat-card-usb-flash-drive","product_tag-aluminium-card-usb-flash-drive","product_tag-aluminum-flash-drive","product_tag-metal-card-usb-drive"],"_links":{"self":[{"href":"https:\/\/www.yousanusb.com\/es\/wp-json\/wp\/v2\/product\/1026"}],"collection":[{"href":"https:\/\/www.yousanusb.com\/es\/wp-json\/wp\/v2\/product"}],"about":[{"href":"https:\/\/www.yousanusb.com\/es\/wp-json\/wp\/v2\/types\/product"}],"replies":[{"embeddable":true,"href":"https:\/\/www.yousanusb.com\/es\/wp-json\/wp\/v2\/comments?post=1026"}],"wp:featuredmedia":[{"embeddable":true,"href":"https:\/\/www.yousanusb.com\/es\/wp-json\/wp\/v2\/media\/18262"}],"wp:attachment":[{"href":"https:\/\/www.yousanusb.com\/es\/wp-json\/wp\/v2\/media?parent=1026"}],"curies":[{"name":"wp","href":"https:\/\/api.w.org\/{rel}","templated":true}]}}