{"id":10329,"date":"2024-11-11T11:20:11","date_gmt":"2024-11-11T11:20:11","guid":{"rendered":"https:\/\/yousanusb.com\/?post_type=product&#038;p=10329"},"modified":"2025-11-13T04:38:31","modified_gmt":"2025-11-13T04:38:31","slug":"camel-shape-usb-flash-drive","status":"publish","type":"product","link":"https:\/\/www.yousanusb.com\/es\/producto\/camel-shape-usb-flash-drive\/","title":{"rendered":"Memoria USB con forma de camello"},"content":{"rendered":"<div class=\"wp-block-columns is-layout-flex wp-container-core-columns-is-layout-1 wp-block-columns-is-layout-flex\">\n<div class=\"wp-block-column is-layout-flow wp-block-column-is-layout-flow\">\n<figure class=\"wp-block-image size-full\"><img fetchpriority=\"high\" decoding=\"async\" width=\"800\" height=\"800\" src=\"https:\/\/www.yousanusb.com\/wp-content\/uploads\/2024\/11\/Camel-Shape-USB-Flash-Disk.jpg\" alt=\"Disco Flash USB con forma de camello\" class=\"wp-image-10332\" srcset=\"https:\/\/www.yousanusb.com\/wp-content\/uploads\/2024\/11\/Camel-Shape-USB-Flash-Disk.jpg 800w, https:\/\/www.yousanusb.com\/wp-content\/uploads\/2024\/11\/Camel-Shape-USB-Flash-Disk-300x300.jpg 300w, https:\/\/www.yousanusb.com\/wp-content\/uploads\/2024\/11\/Camel-Shape-USB-Flash-Disk-150x150.jpg 150w, https:\/\/www.yousanusb.com\/wp-content\/uploads\/2024\/11\/Camel-Shape-USB-Flash-Disk-768x768.jpg 768w, https:\/\/www.yousanusb.com\/wp-content\/uploads\/2024\/11\/Camel-Shape-USB-Flash-Disk-600x600.jpg 600w, https:\/\/www.yousanusb.com\/wp-content\/uploads\/2024\/11\/Camel-Shape-USB-Flash-Disk-100x100.jpg 100w\" sizes=\"(max-width: 800px) 100vw, 800px\" \/><\/figure>\n<\/div>\n\n\n\n<div class=\"wp-block-column is-vertically-aligned-center is-layout-flow wp-block-column-is-layout-flow\">\n<p>Memoria USB Camel de PVC con caracter\u00edsticas \u00fanicas:<\/p>\n\n\n\n<p><strong>Forma creativa:<\/strong>Modelado a partir de un camello,el material de PVC est\u00e1 cuidadosamente moldeado,y el dise\u00f1o 2D plano es sencillo e interesante.Su aspecto \u00fanico en forma de animal,como si el barco del desierto saltara delante de los ojos,\u00fanico,muy llamativo.<\/p>\n\n\n\n<p><strong>Connotaci\u00f3n cultural:<\/strong>El camello simboliza la resistencia, la fortaleza y la responsabilidad en muchas culturas. El camello es capaz de transportar cargas pesadas en entornos des\u00e9rticos dif\u00edciles, representando el esp\u00edritu indomable, y esta memoria USB lleva este profundo significado.<\/p>\n<\/div>\n<\/div>\n\n\n\n<div class=\"wp-block-columns is-layout-flex wp-container-core-columns-is-layout-2 wp-block-columns-is-layout-flex\">\n<div class=\"wp-block-column is-vertically-aligned-center is-layout-flow wp-block-column-is-layout-flow\">\n<p><strong>Uso multifuncional:<\/strong>Es a la vez una pr\u00e1ctica unidad flash USB y un regalo significativo, adecuado para muchas ocasiones y para transmitir buenos sentimientos.<\/p>\n\n\n\n<p><strong>Servicio personalizado:<\/strong>Podemos personalizar el logotipo exclusivo de acuerdo a sus necesidades,por lo que la unidad flash USB es m\u00e1s personalizado,ya sea para la promoci\u00f3n corporativa o recuerdo personal puede ser presentado perfectamente.y material de alta calidad,estable y fiable rendimiento de almacenamiento de datos,es a la vez creativo y pr\u00e1ctico buenos productos.<\/p>\n<\/div>\n\n\n\n<div class=\"wp-block-column is-layout-flow wp-block-column-is-layout-flow\">\n<figure class=\"wp-block-image size-full\"><img decoding=\"async\" width=\"800\" height=\"800\" src=\"https:\/\/www.yousanusb.com\/wp-content\/uploads\/2024\/11\/Camel-Shape-USB-Flash-Drive.jpg\" alt=\"Unidad flash USB con forma de camello\" class=\"wp-image-10333\" srcset=\"https:\/\/www.yousanusb.com\/wp-content\/uploads\/2024\/11\/Camel-Shape-USB-Flash-Drive.jpg 800w, https:\/\/www.yousanusb.com\/wp-content\/uploads\/2024\/11\/Camel-Shape-USB-Flash-Drive-300x300.jpg 300w, https:\/\/www.yousanusb.com\/wp-content\/uploads\/2024\/11\/Camel-Shape-USB-Flash-Drive-150x150.jpg 150w, https:\/\/www.yousanusb.com\/wp-content\/uploads\/2024\/11\/Camel-Shape-USB-Flash-Drive-768x768.jpg 768w, https:\/\/www.yousanusb.com\/wp-content\/uploads\/2024\/11\/Camel-Shape-USB-Flash-Drive-600x600.jpg 600w, https:\/\/www.yousanusb.com\/wp-content\/uploads\/2024\/11\/Camel-Shape-USB-Flash-Drive-100x100.jpg 100w\" sizes=\"(max-width: 800px) 100vw, 800px\" \/><\/figure>\n<\/div>\n<\/div>","protected":false},"excerpt":{"rendered":"<ul>\n<li>Dise\u00f1o en forma de camello<\/li>\n<li>MOQ:100pcs<\/li>\n<li>Carcasa de PVC<\/li>\n<li>Necesita moho<\/li>\n<li>Logotipo personalizado<\/li>\n<\/ul>","protected":false},"featured_media":10334,"comment_status":"open","ping_status":"closed","template":"","meta":{"_seopress_robots_primary_cat":"none","_seopress_titles_title":"PVC Camel Shape USB Flash Drive","_seopress_titles_desc":"Creative shape:Modeled after a camel,the PVC material is carefully shaped,and the flat 2D design is simple and interesting.Its unique animal shape appearance,as if the desert boat jumped in front of the eyes,unique,very eye-catching.","_seopress_robots_index":""},"class_list":["post-10329","product","type-product","status-publish","has-post-thumbnail","hentry","product_cat-custom-usb-drive","product_tag-2d-design-usb-flash-drive","product_tag-animal-usb-flash-drive","product_tag-camel-shape-usb-flash-drive"],"_links":{"self":[{"href":"https:\/\/www.yousanusb.com\/es\/wp-json\/wp\/v2\/product\/10329"}],"collection":[{"href":"https:\/\/www.yousanusb.com\/es\/wp-json\/wp\/v2\/product"}],"about":[{"href":"https:\/\/www.yousanusb.com\/es\/wp-json\/wp\/v2\/types\/product"}],"replies":[{"embeddable":true,"href":"https:\/\/www.yousanusb.com\/es\/wp-json\/wp\/v2\/comments?post=10329"}],"wp:featuredmedia":[{"embeddable":true,"href":"https:\/\/www.yousanusb.com\/es\/wp-json\/wp\/v2\/media\/10334"}],"wp:attachment":[{"href":"https:\/\/www.yousanusb.com\/es\/wp-json\/wp\/v2\/media?parent=10329"}],"curies":[{"name":"wp","href":"https:\/\/api.w.org\/{rel}","templated":true}]}}