{"id":10338,"date":"2024-11-11T12:26:31","date_gmt":"2024-11-11T12:26:31","guid":{"rendered":"https:\/\/yousanusb.com\/?post_type=product&#038;p=10338"},"modified":"2025-11-11T07:42:58","modified_gmt":"2025-11-11T07:42:58","slug":"abs-classic-knife-usb-flash-drive","status":"publish","type":"product","link":"https:\/\/www.yousanusb.com\/es\/producto\/abs-classic-knife-usb-flash-drive\/","title":{"rendered":"Memoria USB ABS Classic Knife"},"content":{"rendered":"<p>Esta memoria USB cl\u00e1sica con forma de cuchilla es el primer modelo de memoria USB que sali\u00f3 al mercado y ha gozado de una popularidad duradera. Su forma compacta, similar a una cuchilla, presenta l\u00edneas minimalistas que evitan que se enganche en la ropa o en los art\u00edculos de papeler\u00eda durante el almacenamiento diario. <\/p>\n\n\n\n<p>Cabe sin esfuerzo en los bolsillos o se desliza por los huecos de los port\u00e1tiles sin ocupar espacio. Su dise\u00f1o distintivo lo situ\u00f3 r\u00e1pidamente en el mercado de los regalos de empresa USB desde su lanzamiento. Durante a\u00f1os, se ha mantenido como una opci\u00f3n b\u00e1sica para la adquisici\u00f3n empresarial, manteniendo un fuerte reconocimiento de marca a la vez que se integra perfectamente en diversos escenarios de uso. <\/p>\n\n\n\n<div class=\"wp-block-columns is-layout-flex wp-container-core-columns-is-layout-1 wp-block-columns-is-layout-flex\">\n<div class=\"wp-block-column is-layout-flow wp-block-column-is-layout-flow\">\n<figure class=\"wp-block-image size-full\"><img fetchpriority=\"high\" decoding=\"async\" width=\"800\" height=\"800\" src=\"https:\/\/www.yousanusb.com\/wp-content\/uploads\/2024\/11\/Classic-Knife-USB-flash-drive-ABS.jpg\" alt=\"Classic-Knife-USB-flash-drive-ABS\" class=\"wp-image-10343\" srcset=\"https:\/\/www.yousanusb.com\/wp-content\/uploads\/2024\/11\/Classic-Knife-USB-flash-drive-ABS.jpg 800w, https:\/\/www.yousanusb.com\/wp-content\/uploads\/2024\/11\/Classic-Knife-USB-flash-drive-ABS-300x300.jpg 300w, https:\/\/www.yousanusb.com\/wp-content\/uploads\/2024\/11\/Classic-Knife-USB-flash-drive-ABS-150x150.jpg 150w, https:\/\/www.yousanusb.com\/wp-content\/uploads\/2024\/11\/Classic-Knife-USB-flash-drive-ABS-768x768.jpg 768w, https:\/\/www.yousanusb.com\/wp-content\/uploads\/2024\/11\/Classic-Knife-USB-flash-drive-ABS-600x600.jpg 600w, https:\/\/www.yousanusb.com\/wp-content\/uploads\/2024\/11\/Classic-Knife-USB-flash-drive-ABS-100x100.jpg 100w\" sizes=\"(max-width: 800px) 100vw, 800px\" \/><\/figure>\n<\/div>\n\n\n\n<div class=\"wp-block-column is-vertically-aligned-center is-layout-flow wp-block-column-is-layout-flow\">\n<p>El cuerpo principal est\u00e1 fabricado en pl\u00e1stico ABS de alto impacto y aleaci\u00f3n de aluminio anodizado: el material ABS de alto impacto resiste ca\u00eddas y ara\u00f1azos, soportando los golpes diarios y las peque\u00f1as ca\u00eddas sin sufrir da\u00f1os.<\/p>\n\n\n\n<p> La carcasa roja y blanca presenta un acabado mate que evita las manchas de huellas dactilares y mantiene los colores vivos y resistentes al amarilleamiento con el paso del tiempo.<\/p>\n\n\n\n<p> Los componentes de aleaci\u00f3n de aluminio reciben un tratamiento anodizado que mejora la textura general y reduce las manchas de huellas dactilares.<\/p>\n\n\n\n<p> La distribuci\u00f3n del peso se siente perfectamente equilibrada en la mano, ni demasiado ligera para parecer barata ni demasiado pesada para ser una carga. Ofrece un agarre c\u00f3modo y ce\u00f1ido.<\/p>\n<\/div>\n<\/div>\n\n\n\n<div class=\"wp-block-columns is-layout-flex wp-container-core-columns-is-layout-2 wp-block-columns-is-layout-flex\">\n<div class=\"wp-block-column is-vertically-aligned-center is-layout-flow wp-block-column-is-layout-flow\">\n<p>Admite m\u00faltiples opciones de personalizaci\u00f3n para adaptarse a diversas necesidades:<\/p>\n\n\n\n<ul class=\"wp-block-list\">\n<li>La impresi\u00f3n en color reproduce con precisi\u00f3n los colores de la marca VI, proporcionando un fuerte impacto visual en superficies blancas, ideal para empresas con identidades de marca vibrantes como obsequios para exposiciones;<\/li>\n\n\n\n<li>El grabado por l\u00e1ser crea marcas intrincadas y uniformemente profundas que confieren una est\u00e9tica sutil y sofisticada tanto a los cuerpos blancos como a los componentes rojos, manteniendo la claridad incluso con un uso prolongado.<\/li>\n<\/ul>\n\n\n\n<p>Los lugares de personalizaci\u00f3n cubren la parte delantera, trasera e interior de la gorra. En los pedidos al por mayor, los colores del envase pueden coordinarse para reforzar la imagen general de la marca. Ya sean regalos de agradecimiento a clientes o ventajas para empleados, se adaptan perfectamente al tono de la ocasi\u00f3n.<\/p>\n<\/div>\n\n\n\n<div class=\"wp-block-column is-layout-flow wp-block-column-is-layout-flow\">\n<figure class=\"wp-block-image size-full\"><img decoding=\"async\" width=\"800\" height=\"800\" src=\"https:\/\/www.yousanusb.com\/wp-content\/uploads\/2024\/11\/Classic-Knife-USB-flash-drive.jpg\" alt=\"\" class=\"wp-image-10342\" srcset=\"https:\/\/www.yousanusb.com\/wp-content\/uploads\/2024\/11\/Classic-Knife-USB-flash-drive.jpg 800w, https:\/\/www.yousanusb.com\/wp-content\/uploads\/2024\/11\/Classic-Knife-USB-flash-drive-300x300.jpg 300w, https:\/\/www.yousanusb.com\/wp-content\/uploads\/2024\/11\/Classic-Knife-USB-flash-drive-150x150.jpg 150w, https:\/\/www.yousanusb.com\/wp-content\/uploads\/2024\/11\/Classic-Knife-USB-flash-drive-768x768.jpg 768w, https:\/\/www.yousanusb.com\/wp-content\/uploads\/2024\/11\/Classic-Knife-USB-flash-drive-600x600.jpg 600w, https:\/\/www.yousanusb.com\/wp-content\/uploads\/2024\/11\/Classic-Knife-USB-flash-drive-100x100.jpg 100w\" sizes=\"(max-width: 800px) 100vw, 800px\" \/><\/figure>\n<\/div>\n<\/div>\n\n\n\n<div class=\"wp-block-columns is-layout-flex wp-container-core-columns-is-layout-3 wp-block-columns-is-layout-flex\">\n<div class=\"wp-block-column is-layout-flow wp-block-column-is-layout-flow\">\n<figure class=\"wp-block-image size-full\"><img decoding=\"async\" width=\"800\" height=\"800\" src=\"https:\/\/www.yousanusb.com\/wp-content\/uploads\/2024\/11\/Classic-Knife-USB-flash-disk.jpg\" alt=\"\" class=\"wp-image-10341\" srcset=\"https:\/\/www.yousanusb.com\/wp-content\/uploads\/2024\/11\/Classic-Knife-USB-flash-disk.jpg 800w, https:\/\/www.yousanusb.com\/wp-content\/uploads\/2024\/11\/Classic-Knife-USB-flash-disk-300x300.jpg 300w, https:\/\/www.yousanusb.com\/wp-content\/uploads\/2024\/11\/Classic-Knife-USB-flash-disk-150x150.jpg 150w, https:\/\/www.yousanusb.com\/wp-content\/uploads\/2024\/11\/Classic-Knife-USB-flash-disk-768x768.jpg 768w, https:\/\/www.yousanusb.com\/wp-content\/uploads\/2024\/11\/Classic-Knife-USB-flash-disk-600x600.jpg 600w, https:\/\/www.yousanusb.com\/wp-content\/uploads\/2024\/11\/Classic-Knife-USB-flash-disk-100x100.jpg 100w\" sizes=\"(max-width: 800px) 100vw, 800px\" \/><\/figure>\n<\/div>\n\n\n\n<div class=\"wp-block-column is-vertically-aligned-center is-layout-flow wp-block-column-is-layout-flow\">\n<p>Con una interfaz USB estable con velocidades de lectura\/escritura optimizadas para transferencias eficientes de archivos de oficina diarios, las capacidades van de 16 GB a 128 GB, con capacidad para miles de documentos de oficina y docenas de carpetas de im\u00e1genes de alta definici\u00f3n.<\/p>\n\n\n\n<p>Compatible con los principales sistemas operativos, incluidos Windows, macOS y Linux, ofrece funcionalidad plug-and-play sin controladores adicionales. La estabilidad del almacenamiento de datos se ha sometido a rigurosas pruebas de ciclos de lectura\/escritura con bajas tasas de error, lo que permite realizar copias de seguridad de datos y compartir archivos de forma fiable.<\/p>\n\n\n\n<p>Adem\u00e1s, su dise\u00f1o en forma de hoja con tapa integrada evita la entrada de polvo y la oxidaci\u00f3n, al tiempo que elimina la frustraci\u00f3n habitual de perder las tapas USB tradicionales.<\/p>\n<\/div>\n<\/div>","protected":false},"excerpt":{"rendered":"<ul>\n<li>Dise\u00f1o cl\u00e1sico<\/li>\n<li>MOQ:100pcs<\/li>\n<li>Logotipo personalizado en color<\/li>\n<li>Muchos colores a elegir<\/li>\n<li>Estilo m\u00e1s popular<\/li>\n<\/ul>","protected":false},"featured_media":10343,"comment_status":"open","ping_status":"closed","template":"","meta":{"_seopress_robots_primary_cat":"none","_seopress_titles_title":"ABS Classic Knife USB Flash Drive","_seopress_titles_desc":"Classic design: the earliest and always popular style, knife-shaped appearance is unique and creative, the perfect blend of practicality and personality, showing unique taste.","_seopress_robots_index":""},"class_list":["post-10338","product","type-product","status-publish","has-post-thumbnail","hentry","product_cat-usb-flash-drive","product_tag-aluminum-flash-drive","product_tag-classic-usb-flash-disk","product_tag-knife-usb-flash-drive"],"_links":{"self":[{"href":"https:\/\/www.yousanusb.com\/es\/wp-json\/wp\/v2\/product\/10338"}],"collection":[{"href":"https:\/\/www.yousanusb.com\/es\/wp-json\/wp\/v2\/product"}],"about":[{"href":"https:\/\/www.yousanusb.com\/es\/wp-json\/wp\/v2\/types\/product"}],"replies":[{"embeddable":true,"href":"https:\/\/www.yousanusb.com\/es\/wp-json\/wp\/v2\/comments?post=10338"}],"wp:featuredmedia":[{"embeddable":true,"href":"https:\/\/www.yousanusb.com\/es\/wp-json\/wp\/v2\/media\/10343"}],"wp:attachment":[{"href":"https:\/\/www.yousanusb.com\/es\/wp-json\/wp\/v2\/media?parent=10338"}],"curies":[{"name":"wp","href":"https:\/\/api.w.org\/{rel}","templated":true}]}}