{"id":10388,"date":"2024-11-13T21:54:36","date_gmt":"2024-11-13T21:54:36","guid":{"rendered":"https:\/\/yousanusb.com\/?post_type=product&#038;p=10388"},"modified":"2025-10-16T01:43:49","modified_gmt":"2025-10-16T01:43:49","slug":"biodegradable-mini-round-card-flash-drive","status":"publish","type":"product","link":"https:\/\/www.yousanusb.com\/es\/producto\/biodegradable-mini-round-card-flash-drive\/","title":{"rendered":"Memoria USB redonda biodegradable"},"content":{"rendered":"<p>Esta memoria USB biodegradable de tarjeta redonda est\u00e1 fabricada con un material natural y respetuoso con el medio ambiente que puede descomponerse gradualmente en condiciones espec\u00edficas. Reduce el impacto medioambiental a largo plazo de las memorias USB de pl\u00e1stico tradicionales, aline\u00e1ndose con un estilo de vida centrado en la sostenibilidad y la protecci\u00f3n del medio ambiente.<\/p>\n\n\n\n<div class=\"wp-block-columns is-layout-flex wp-container-core-columns-is-layout-1 wp-block-columns-is-layout-flex\">\n<div class=\"wp-block-column is-layout-flow wp-block-column-is-layout-flow\">\n<figure class=\"wp-block-image size-full\"><img fetchpriority=\"high\" decoding=\"async\" width=\"800\" height=\"800\" src=\"https:\/\/www.yousanusb.com\/wp-content\/uploads\/2024\/11\/Eco-Friendly-Round-Degradable-USB-Drive.png\" alt=\"\" class=\"wp-image-18530\" srcset=\"https:\/\/www.yousanusb.com\/wp-content\/uploads\/2024\/11\/Eco-Friendly-Round-Degradable-USB-Drive.png 800w, https:\/\/www.yousanusb.com\/wp-content\/uploads\/2024\/11\/Eco-Friendly-Round-Degradable-USB-Drive-300x300.png 300w, https:\/\/www.yousanusb.com\/wp-content\/uploads\/2024\/11\/Eco-Friendly-Round-Degradable-USB-Drive-150x150.png 150w, https:\/\/www.yousanusb.com\/wp-content\/uploads\/2024\/11\/Eco-Friendly-Round-Degradable-USB-Drive-768x768.png 768w, https:\/\/www.yousanusb.com\/wp-content\/uploads\/2024\/11\/Eco-Friendly-Round-Degradable-USB-Drive-12x12.png 12w, https:\/\/www.yousanusb.com\/wp-content\/uploads\/2024\/11\/Eco-Friendly-Round-Degradable-USB-Drive-600x600.png 600w, https:\/\/www.yousanusb.com\/wp-content\/uploads\/2024\/11\/Eco-Friendly-Round-Degradable-USB-Drive-100x100.png 100w\" sizes=\"(max-width: 800px) 100vw, 800px\" \/><\/figure>\n<\/div>\n\n\n\n<div class=\"wp-block-column is-layout-flow wp-block-column-is-layout-flow\">\n<figure class=\"wp-block-image size-full\"><img decoding=\"async\" width=\"800\" height=\"800\" src=\"https:\/\/www.yousanusb.com\/wp-content\/uploads\/2024\/11\/eco-round-card-usb-drive.png\" alt=\"\" class=\"wp-image-18528\" srcset=\"https:\/\/www.yousanusb.com\/wp-content\/uploads\/2024\/11\/eco-round-card-usb-drive.png 800w, https:\/\/www.yousanusb.com\/wp-content\/uploads\/2024\/11\/eco-round-card-usb-drive-300x300.png 300w, https:\/\/www.yousanusb.com\/wp-content\/uploads\/2024\/11\/eco-round-card-usb-drive-150x150.png 150w, https:\/\/www.yousanusb.com\/wp-content\/uploads\/2024\/11\/eco-round-card-usb-drive-768x768.png 768w, https:\/\/www.yousanusb.com\/wp-content\/uploads\/2024\/11\/eco-round-card-usb-drive-12x12.png 12w, https:\/\/www.yousanusb.com\/wp-content\/uploads\/2024\/11\/eco-round-card-usb-drive-600x600.png 600w, https:\/\/www.yousanusb.com\/wp-content\/uploads\/2024\/11\/eco-round-card-usb-drive-100x100.png 100w\" sizes=\"(max-width: 800px) 100vw, 800px\" \/><\/figure>\n<\/div>\n<\/div>\n\n\n\n<p>Esta memoria USB circular respetuosa con el medio ambiente rompe con el tradicional dise\u00f1o en forma de U gracias a su elegante forma redonda, que la hace m\u00e1s accesible. Peque\u00f1a y ligera, se puede enganchar f\u00e1cilmente a un llavero o guardar en un bolso peque\u00f1o.<br>La interfaz puede ser USB 2.0 o USB 3.0, y puede almacenar sin problemas varios tipos de datos, como archivos, fotos y v\u00eddeos. Adem\u00e1s, el producto puede personalizarse con un logotipo de marca, un patr\u00f3n art\u00edstico o un texto personalizado para conseguir un efecto promocional.<\/p>\n\n\n\n<div class=\"wp-block-columns is-layout-flex wp-container-core-columns-is-layout-2 wp-block-columns-is-layout-flex\">\n<div class=\"wp-block-column is-layout-flow wp-block-column-is-layout-flow\">\n<figure class=\"wp-block-image size-full\"><img decoding=\"async\" width=\"600\" height=\"600\" src=\"https:\/\/www.yousanusb.com\/wp-content\/uploads\/2024\/11\/Eco-Friendly-Round-Card-USB-Flash-Memory-Drive.jpg\" alt=\"\" class=\"wp-image-18529\" srcset=\"https:\/\/www.yousanusb.com\/wp-content\/uploads\/2024\/11\/Eco-Friendly-Round-Card-USB-Flash-Memory-Drive.jpg 600w, https:\/\/www.yousanusb.com\/wp-content\/uploads\/2024\/11\/Eco-Friendly-Round-Card-USB-Flash-Memory-Drive-300x300.jpg 300w, https:\/\/www.yousanusb.com\/wp-content\/uploads\/2024\/11\/Eco-Friendly-Round-Card-USB-Flash-Memory-Drive-150x150.jpg 150w, https:\/\/www.yousanusb.com\/wp-content\/uploads\/2024\/11\/Eco-Friendly-Round-Card-USB-Flash-Memory-Drive-12x12.jpg 12w, https:\/\/www.yousanusb.com\/wp-content\/uploads\/2024\/11\/Eco-Friendly-Round-Card-USB-Flash-Memory-Drive-100x100.jpg 100w\" sizes=\"(max-width: 600px) 100vw, 600px\" \/><\/figure>\n<\/div>\n\n\n\n<div class=\"wp-block-column is-layout-flow wp-block-column-is-layout-flow\">\n<figure class=\"wp-block-image size-full\"><img loading=\"lazy\" decoding=\"async\" width=\"600\" height=\"600\" src=\"https:\/\/www.yousanusb.com\/wp-content\/uploads\/2024\/11\/Customized-Eco-friendly-Biodegradable-Round-Card-USB-Flash.jpg\" alt=\"\" class=\"wp-image-18527\" srcset=\"https:\/\/www.yousanusb.com\/wp-content\/uploads\/2024\/11\/Customized-Eco-friendly-Biodegradable-Round-Card-USB-Flash.jpg 600w, https:\/\/www.yousanusb.com\/wp-content\/uploads\/2024\/11\/Customized-Eco-friendly-Biodegradable-Round-Card-USB-Flash-300x300.jpg 300w, https:\/\/www.yousanusb.com\/wp-content\/uploads\/2024\/11\/Customized-Eco-friendly-Biodegradable-Round-Card-USB-Flash-150x150.jpg 150w, https:\/\/www.yousanusb.com\/wp-content\/uploads\/2024\/11\/Customized-Eco-friendly-Biodegradable-Round-Card-USB-Flash-12x12.jpg 12w, https:\/\/www.yousanusb.com\/wp-content\/uploads\/2024\/11\/Customized-Eco-friendly-Biodegradable-Round-Card-USB-Flash-100x100.jpg 100w\" sizes=\"(max-width: 600px) 100vw, 600px\" \/><\/figure>\n<\/div>\n<\/div>","protected":false},"excerpt":{"rendered":"<ul>\n<li>Material biodegradable respetuoso con el medio ambiente<\/li>\n<li>Dise\u00f1o mini y compacto<\/li>\n<li>Estilo de tarjeta ultrafina<\/li>\n<li>Opci\u00f3n de logotipo personalizable<\/li>\n<li>MOQ:100PCS<\/li>\n<\/ul>","protected":false},"featured_media":18530,"comment_status":"open","ping_status":"closed","template":"","meta":{"_seopress_robots_primary_cat":"none","_seopress_titles_title":"Biodegradable Mini Round Card Flash Drive-YOUSAN mini card factory","_seopress_titles_desc":"Biodegradable Mini Round Card Flash Drive! Wholesale & bulk available. Customize logos. As a China manufacturer, we offer high-quality ones, eco-friendly & stylish, ideal for various needs.","_seopress_robots_index":""},"class_list":["post-10388","product","type-product","status-publish","has-post-thumbnail","hentry","product_cat-biodegradable-usb-flash-disk","product_cat-card-usb-flash-drive","product_tag-biodegradable-card-flash-drive","product_tag-round-card-usb-flash-drive"],"_links":{"self":[{"href":"https:\/\/www.yousanusb.com\/es\/wp-json\/wp\/v2\/product\/10388"}],"collection":[{"href":"https:\/\/www.yousanusb.com\/es\/wp-json\/wp\/v2\/product"}],"about":[{"href":"https:\/\/www.yousanusb.com\/es\/wp-json\/wp\/v2\/types\/product"}],"replies":[{"embeddable":true,"href":"https:\/\/www.yousanusb.com\/es\/wp-json\/wp\/v2\/comments?post=10388"}],"wp:featuredmedia":[{"embeddable":true,"href":"https:\/\/www.yousanusb.com\/es\/wp-json\/wp\/v2\/media\/18530"}],"wp:attachment":[{"href":"https:\/\/www.yousanusb.com\/es\/wp-json\/wp\/v2\/media?parent=10388"}],"curies":[{"name":"wp","href":"https:\/\/api.w.org\/{rel}","templated":true}]}}