{"id":10402,"date":"2024-11-14T14:02:37","date_gmt":"2024-11-14T14:02:37","guid":{"rendered":"https:\/\/yousanusb.com\/?post_type=product&#038;p=10402"},"modified":"2025-10-05T07:59:29","modified_gmt":"2025-10-05T07:59:29","slug":"gold-metal-tower-usb-pendrive","status":"publish","type":"product","link":"https:\/\/www.yousanusb.com\/es\/producto\/gold-metal-tower-usb-pendrive\/","title":{"rendered":"Pendrive USB Torre met\u00e1lica dorada"},"content":{"rendered":"<p><strong>Material met\u00e1lico de alta calidad<\/strong><\/p>\n<p>El pendrive USB Gold Metal Tower est\u00e1 fabricado en metal de primera calidad, lo que le confiere un tacto s\u00f3lido y sustancial con una fuerte sensaci\u00f3n de textura.<\/p>\n<p>Este material met\u00e1lico no s\u00f3lo es resistente y duradero, protegiendo eficazmente los componentes internos, sino que tambi\u00e9n dota al producto de una calidad de gama alta y elegante.<\/p>\n<p><strong>Pagoda de metal<\/strong><\/p>\n<p>El dise\u00f1o \u00fanico de la pagoda de metal tiene una forma exquisita y distintiva, que recuerda a una obra de arte y es muy ornamental.<\/p>\n<p>Inspirada en los elementos de la pagoda, destaca entre numerosas memorias USB, ofreci\u00e9ndole una experiencia visual \u00fanica.<\/p>\n<p><strong>Dise\u00f1o de superficie brillante y reluciente<\/strong><\/p>\n<p>La superficie del producto adopta un dise\u00f1o lustroso y brillante,siendo tan lisa como un espejo con un brillo resplandeciente que capta la atenci\u00f3n al instante.<\/p>\n<p>El efecto brillante permite que brille de forma atractiva en diferentes condiciones de iluminaci\u00f3n,y tambi\u00e9n es conveniente para la limpieza diaria.<\/p>\n<p><strong>Opci\u00f3n de logotipo personalizable<\/strong><\/p>\n<p>Ofrecemos un servicio de personalizaci\u00f3n de logotipos que le permite imprimir su logotipo o motivo exclusivo en la memoria USB para mostrar su individualidad.<\/p>\n<p>Ya sea para uso profesional o personal, la personalizaci\u00f3n del logotipo puede hacer que este pendrive se adapte mejor a sus necesidades espec\u00edficas.<\/p>","protected":false},"excerpt":{"rendered":"<ul>\n<li>Material met\u00e1lico de alta calidad<\/li>\n<li>Dise\u00f1o de superficie brillante y reluciente<\/li>\n<li>Pagoda de metal<\/li>\n<li>MOQ:100PCS<\/li>\n<li>Opci\u00f3n de logotipo personalizable<\/li>\n<\/ul>","protected":false},"featured_media":10405,"comment_status":"open","ping_status":"closed","template":"","meta":{"_seopress_robots_primary_cat":"none","_seopress_titles_title":"Gold Metal Tower USB pendrive-Custom Tower Shaped USB drive","_seopress_titles_desc":"Gold Metal Tower USB pendrive from China manufacturer! Ideal for wholesale & bulk orders. Custom options available. High-quality, stylish design. Your perfect storage choice!","_seopress_robots_index":""},"class_list":["post-10402","product","type-product","status-publish","has-post-thumbnail","hentry","product_cat-metal-usb-flash-drive","product_tag-rose-gold-usb-flash-drive","product_tag-tower-usb-pendrive"],"_links":{"self":[{"href":"https:\/\/www.yousanusb.com\/es\/wp-json\/wp\/v2\/product\/10402"}],"collection":[{"href":"https:\/\/www.yousanusb.com\/es\/wp-json\/wp\/v2\/product"}],"about":[{"href":"https:\/\/www.yousanusb.com\/es\/wp-json\/wp\/v2\/types\/product"}],"replies":[{"embeddable":true,"href":"https:\/\/www.yousanusb.com\/es\/wp-json\/wp\/v2\/comments?post=10402"}],"wp:featuredmedia":[{"embeddable":true,"href":"https:\/\/www.yousanusb.com\/es\/wp-json\/wp\/v2\/media\/10405"}],"wp:attachment":[{"href":"https:\/\/www.yousanusb.com\/es\/wp-json\/wp\/v2\/media?parent=10402"}],"curies":[{"name":"wp","href":"https:\/\/api.w.org\/{rel}","templated":true}]}}