{"id":10409,"date":"2024-11-14T14:16:10","date_gmt":"2024-11-14T14:16:10","guid":{"rendered":"https:\/\/yousanusb.com\/?post_type=product&#038;p=10409"},"modified":"2025-11-13T04:41:51","modified_gmt":"2025-11-13T04:41:51","slug":"electric-drill-shape-usb-flash-drives","status":"publish","type":"product","link":"https:\/\/www.yousanusb.com\/es\/producto\/electric-drill-shape-usb-flash-drives\/","title":{"rendered":"Memorias USB con forma de taladro el\u00e9ctrico"},"content":{"rendered":"<div class=\"wp-block-columns is-layout-flex wp-container-core-columns-is-layout-1 wp-block-columns-is-layout-flex\">\n<div class=\"wp-block-column is-layout-flow wp-block-column-is-layout-flow\">\n<figure class=\"wp-block-image size-full\"><img fetchpriority=\"high\" decoding=\"async\" width=\"800\" height=\"800\" src=\"https:\/\/www.yousanusb.com\/wp-content\/uploads\/2024\/11\/red-Electric-Drill-Shape-USB-Flash-Drives.jpg\" alt=\"red-Electric-Drill-Shape-USB-Flash-Drives\" class=\"wp-image-10414\" srcset=\"https:\/\/www.yousanusb.com\/wp-content\/uploads\/2024\/11\/red-Electric-Drill-Shape-USB-Flash-Drives.jpg 800w, https:\/\/www.yousanusb.com\/wp-content\/uploads\/2024\/11\/red-Electric-Drill-Shape-USB-Flash-Drives-300x300.jpg 300w, https:\/\/www.yousanusb.com\/wp-content\/uploads\/2024\/11\/red-Electric-Drill-Shape-USB-Flash-Drives-150x150.jpg 150w, https:\/\/www.yousanusb.com\/wp-content\/uploads\/2024\/11\/red-Electric-Drill-Shape-USB-Flash-Drives-768x768.jpg 768w, https:\/\/www.yousanusb.com\/wp-content\/uploads\/2024\/11\/red-Electric-Drill-Shape-USB-Flash-Drives-600x600.jpg 600w, https:\/\/www.yousanusb.com\/wp-content\/uploads\/2024\/11\/red-Electric-Drill-Shape-USB-Flash-Drives-100x100.jpg 100w\" sizes=\"(max-width: 800px) 100vw, 800px\" \/><\/figure>\n<\/div>\n\n\n\n<div class=\"wp-block-column is-vertically-aligned-center is-layout-flow wp-block-column-is-layout-flow\">\n<h2 class=\"wp-block-heading\"><strong>Dise\u00f1o realista en forma de taladro el\u00e9ctrico<\/strong><\/h2>\n\n\n\n<p>Las memorias USB con forma de taladro el\u00e9ctrico presentan un dise\u00f1o extremadamente realista con forma de taladro el\u00e9ctrico, con una artesan\u00eda meticulosa que se muestra en cada detalle.<\/p>\n\n\n\n<p>Su apariencia es muy similar a la de un taladro el\u00e9ctrico real.es compacto y exquisito,que sirve no s\u00f3lo como un dispositivo de almacenamiento pr\u00e1ctico, sino tambi\u00e9n como un adorno de escritorio \u00fanico.<\/p>\n\n\n\n<h2 class=\"wp-block-heading\"><strong>Personalizaci\u00f3n de moldes de PVC<\/strong><\/h2>\n\n\n\n<p>Este proceso asegura la precisi\u00f3n y estabilidad de la forma del taladro el\u00e9ctrico, garantizando una calidad fiable.<\/p>\n\n\n\n<p>Con la ayuda del moldeado de PVC, se puede presentar una rica variedad de estilos de taladro el\u00e9ctrico, satisfaciendo las diferentes necesidades personalizadas de los usuarios para la forma.<\/p>\n<\/div>\n<\/div>\n\n\n\n<div class=\"wp-block-columns is-layout-flex wp-container-core-columns-is-layout-2 wp-block-columns-is-layout-flex\">\n<div class=\"wp-block-column is-vertically-aligned-center is-layout-flow wp-block-column-is-layout-flow\">\n<h2 class=\"wp-block-heading\"><strong>Giveaways for Electric Drill Products<\/strong><\/h2>\n\n\n\n<p>Esta unidad flash USB es una excelente opci\u00f3n como regalo para productos de taladro el\u00e9ctrico, ya que est\u00e1 estrechamente relacionada con el tema del taladro el\u00e9ctrico y puede a\u00f1adir diversi\u00f3n y singularidad al regalo.<\/p>\n\n\n\n<p>Tanto si se utiliza como art\u00edculo de cortes\u00eda por la compra de un taladro el\u00e9ctrico como si es un premio por actividades relacionadas, puede atraer mucho la atenci\u00f3n y mejorar la favorabilidad de la marca.<\/p>\n\n\n\n<h2 class=\"wp-block-heading\"><strong>Formas de personalizar logotipos<\/strong><\/h2>\n\n\n\n<p>Le ofrecemos un c\u00f3modo servicio de personalizaci\u00f3n del logotipo para que pueda imprimir f\u00e1cilmente el logotipo de su empresa, su marca, etc. en la unidad flash.<\/p>\n\n\n\n<p>Tanto si se utiliza para promoci\u00f3n empresarial como para conmemoraci\u00f3n personal, la personalizaci\u00f3n del logotipo puede hacer que esta unidad flash se adapte perfectamente a sus necesidades espec\u00edficas y muestre su individualidad.<\/p>\n<\/div>\n\n\n\n<div class=\"wp-block-column is-layout-flow wp-block-column-is-layout-flow\">\n<figure class=\"wp-block-image size-full\"><img decoding=\"async\" width=\"800\" height=\"800\" src=\"https:\/\/www.yousanusb.com\/wp-content\/uploads\/2024\/11\/Electric-Drill-Shape-USB-Flash-Drives.jpg\" alt=\"Taladro el\u00e9ctrico-USB-Flash-Drives\" class=\"wp-image-10412\" srcset=\"https:\/\/www.yousanusb.com\/wp-content\/uploads\/2024\/11\/Electric-Drill-Shape-USB-Flash-Drives.jpg 800w, https:\/\/www.yousanusb.com\/wp-content\/uploads\/2024\/11\/Electric-Drill-Shape-USB-Flash-Drives-300x300.jpg 300w, https:\/\/www.yousanusb.com\/wp-content\/uploads\/2024\/11\/Electric-Drill-Shape-USB-Flash-Drives-150x150.jpg 150w, https:\/\/www.yousanusb.com\/wp-content\/uploads\/2024\/11\/Electric-Drill-Shape-USB-Flash-Drives-768x768.jpg 768w, https:\/\/www.yousanusb.com\/wp-content\/uploads\/2024\/11\/Electric-Drill-Shape-USB-Flash-Drives-600x600.jpg 600w, https:\/\/www.yousanusb.com\/wp-content\/uploads\/2024\/11\/Electric-Drill-Shape-USB-Flash-Drives-100x100.jpg 100w\" sizes=\"(max-width: 800px) 100vw, 800px\" \/><\/figure>\n<\/div>\n<\/div>","protected":false},"excerpt":{"rendered":"<ul>\n<li>Dise\u00f1o realista en forma de taladro el\u00e9ctrico<\/li>\n<li>Personalizaci\u00f3n de moldes de PVC<\/li>\n<li>Regalos para taladradoras el\u00e9ctricas<\/li>\n<li>Formas de personalizar logotipos<\/li>\n<li>MOQ:100PCS<\/li>\n<\/ul>","protected":false},"featured_media":10412,"comment_status":"open","ping_status":"closed","template":"","meta":{"_seopress_robots_primary_cat":"none","_seopress_titles_title":"Electric Drill Shape USB Flash Drives","_seopress_titles_desc":"Electric Drill Shape USB Flash Drives by China manufacturer! Ideal for wholesale & bulk. Get custom designs too. Stylish, practical. Your top storage pick!","_seopress_robots_index":""},"class_list":["post-10409","product","type-product","status-publish","has-post-thumbnail","hentry","product_cat-custom-usb-drive","product_cat-usb-flash-drive-customer","product_tag-electric-drill-shape-usb-flash-drives","product_tag-tool-shape-usb-flash-drive"],"_links":{"self":[{"href":"https:\/\/www.yousanusb.com\/es\/wp-json\/wp\/v2\/product\/10409"}],"collection":[{"href":"https:\/\/www.yousanusb.com\/es\/wp-json\/wp\/v2\/product"}],"about":[{"href":"https:\/\/www.yousanusb.com\/es\/wp-json\/wp\/v2\/types\/product"}],"replies":[{"embeddable":true,"href":"https:\/\/www.yousanusb.com\/es\/wp-json\/wp\/v2\/comments?post=10409"}],"wp:featuredmedia":[{"embeddable":true,"href":"https:\/\/www.yousanusb.com\/es\/wp-json\/wp\/v2\/media\/10412"}],"wp:attachment":[{"href":"https:\/\/www.yousanusb.com\/es\/wp-json\/wp\/v2\/media?parent=10409"}],"curies":[{"name":"wp","href":"https:\/\/api.w.org\/{rel}","templated":true}]}}