{"id":10459,"date":"2024-11-18T06:27:05","date_gmt":"2024-11-18T06:27:05","guid":{"rendered":"https:\/\/yousanusb.com\/?post_type=product&#038;p=10459"},"modified":"2025-05-13T07:22:31","modified_gmt":"2025-05-13T07:22:31","slug":"wholesale-usb-2-0-flash-drive-chips-type-a","status":"publish","type":"product","link":"https:\/\/www.yousanusb.com\/es\/producto\/wholesale-usb-2-0-flash-drive-chips-type-a\/","title":{"rendered":"Mayorista Memorias USB 3.0 Tipo-A"},"content":{"rendered":"<p>        El USB3.0 Flash Chip Swivel PCBA es un avanzado ensamblaje modular que combina un controlador host USB 3.0 de alta velocidad, memoria flash NAND y una duradera interfaz de conector giratorio. Dise\u00f1ado para mejorar la durabilidad y la flexibilidad, su dise\u00f1o de PCB giratorio elimina la tensi\u00f3n en las juntas de soldadura y los cables durante los frecuentes enchufes y desenchufes, lo que prolonga la vida \u00fatil del producto.<\/p>\n\n\n\n<figure class=\"wp-block-table\"><table class=\"has-fixed-layout\"><tbody><tr><td><strong>Capacidad USB 3.0<\/strong><\/td><td>8GB\/16GB\/32GB\/64GB\/128GB\/256GB\/512GB<\/td><\/tr><tr><td><strong>Tama\u00f1o del producto<\/strong><\/td><td>44.8*14.8*3<\/td><\/tr><tr><td><strong>Peso<\/strong><\/td><td>4g<\/td><\/tr><tr><td><strong>Color<\/strong><\/td><td>Verde\/Azul<\/td><\/tr><tr><td><strong>Material<\/strong><\/td><td>Metal<\/td><\/tr><tr><td><strong>Interfaz<\/strong><\/td><td>USB 3.0<\/td><\/tr><tr><td><strong>Velocidad de escritura USB 3.0<\/strong><\/td><td>10-15MB\/S<\/td><\/tr><tr><td><strong>Velocidad de lectura USB 3.0<\/strong><\/td><td>60-80MB\/S<\/td><\/tr><\/tbody><\/table><\/figure>\n\n\n\n<p>Compatible con velocidades de transferencia USB 3.0 SuperSpeed (hasta 5 Gbps), garantiza una r\u00e1pida transferencia de datos al tiempo que mantiene la compatibilidad con dispositivos USB 2.0\/1.1. El controlador integrado gestiona funciones cr\u00edticas como la correcci\u00f3n de errores (ECC), la nivelaci\u00f3n de desgaste y la gesti\u00f3n de la alimentaci\u00f3n, optimizando la fiabilidad y la eficiencia energ\u00e9tica.<\/p>\n\n\n\n<div class=\"wp-block-columns is-layout-flex wp-container-core-columns-is-layout-1 wp-block-columns-is-layout-flex\">\n<div class=\"wp-block-column is-layout-flow wp-block-column-is-layout-flow\">\n<figure class=\"wp-block-image size-full\"><img fetchpriority=\"high\" decoding=\"async\" width=\"800\" height=\"800\" src=\"https:\/\/yousanusb.com\/wp-content\/uploads\/2024\/11\/7856131-3.jpg\" alt=\"\" class=\"wp-image-14894\" srcset=\"https:\/\/www.yousanusb.com\/wp-content\/uploads\/2024\/11\/7856131-3.jpg 800w, https:\/\/www.yousanusb.com\/wp-content\/uploads\/2024\/11\/7856131-3-300x300.jpg 300w, https:\/\/www.yousanusb.com\/wp-content\/uploads\/2024\/11\/7856131-3-150x150.jpg 150w, https:\/\/www.yousanusb.com\/wp-content\/uploads\/2024\/11\/7856131-3-768x768.jpg 768w, https:\/\/www.yousanusb.com\/wp-content\/uploads\/2024\/11\/7856131-3-12x12.jpg 12w, https:\/\/www.yousanusb.com\/wp-content\/uploads\/2024\/11\/7856131-3-600x600.jpg 600w, https:\/\/www.yousanusb.com\/wp-content\/uploads\/2024\/11\/7856131-3-100x100.jpg 100w\" sizes=\"(max-width: 800px) 100vw, 800px\" \/><\/figure>\n<\/div>\n\n\n\n<div class=\"wp-block-column is-layout-flow wp-block-column-is-layout-flow\">\n<figure class=\"wp-block-image size-full\"><img decoding=\"async\" width=\"800\" height=\"800\" src=\"https:\/\/yousanusb.com\/wp-content\/uploads\/2024\/11\/7856129-1.jpg\" alt=\"\" class=\"wp-image-14895\" srcset=\"https:\/\/www.yousanusb.com\/wp-content\/uploads\/2024\/11\/7856129-1.jpg 800w, https:\/\/www.yousanusb.com\/wp-content\/uploads\/2024\/11\/7856129-1-300x300.jpg 300w, https:\/\/www.yousanusb.com\/wp-content\/uploads\/2024\/11\/7856129-1-150x150.jpg 150w, https:\/\/www.yousanusb.com\/wp-content\/uploads\/2024\/11\/7856129-1-768x768.jpg 768w, https:\/\/www.yousanusb.com\/wp-content\/uploads\/2024\/11\/7856129-1-12x12.jpg 12w, https:\/\/www.yousanusb.com\/wp-content\/uploads\/2024\/11\/7856129-1-600x600.jpg 600w, https:\/\/www.yousanusb.com\/wp-content\/uploads\/2024\/11\/7856129-1-100x100.jpg 100w\" sizes=\"(max-width: 800px) 100vw, 800px\" \/><\/figure>\n<\/div>\n\n\n\n<div class=\"wp-block-column is-layout-flow wp-block-column-is-layout-flow\">\n<figure class=\"wp-block-image size-full\"><img decoding=\"async\" width=\"800\" height=\"800\" src=\"https:\/\/yousanusb.com\/wp-content\/uploads\/2024\/11\/7856127-1.jpg\" alt=\"\" class=\"wp-image-14897\" srcset=\"https:\/\/www.yousanusb.com\/wp-content\/uploads\/2024\/11\/7856127-1.jpg 800w, https:\/\/www.yousanusb.com\/wp-content\/uploads\/2024\/11\/7856127-1-300x300.jpg 300w, https:\/\/www.yousanusb.com\/wp-content\/uploads\/2024\/11\/7856127-1-150x150.jpg 150w, https:\/\/www.yousanusb.com\/wp-content\/uploads\/2024\/11\/7856127-1-768x768.jpg 768w, https:\/\/www.yousanusb.com\/wp-content\/uploads\/2024\/11\/7856127-1-12x12.jpg 12w, https:\/\/www.yousanusb.com\/wp-content\/uploads\/2024\/11\/7856127-1-600x600.jpg 600w, https:\/\/www.yousanusb.com\/wp-content\/uploads\/2024\/11\/7856127-1-100x100.jpg 100w\" sizes=\"(max-width: 800px) 100vw, 800px\" \/><\/figure>\n<\/div>\n<\/div>\n\n\n\n<p>         Ideal para dispositivos IoT industriales, conmutadores KVM comerciales y concentradores USB de consumo, este PCBA giratorio equilibra un tama\u00f1o compacto con un rendimiento robusto, por lo que es adecuado para aplicaciones que requieren ajustes de orientaci\u00f3n repetidos o entornos de alta tensi\u00f3n mec\u00e1nica.<\/p>\n\n\n\n<p><\/p>","protected":false},"excerpt":{"rendered":"<p>Capacity:8GB\/16GB\/32GB\/64GB\/128GB\/256GB\/512GB <br \/>Tama\u00f1o del producto:44,8*14,8*3 mm <br \/>Peso:4g <br \/>Color:Verde\/Azul <br \/>Material:Metal <br \/>Interfaz:USB 3.0 <br \/>Velocidad de escritura: hasta 10-15 MB\/S<br \/>Velocidad de lectura: hasta 60-80 MB\/S<\/p>","protected":false},"featured_media":10440,"comment_status":"open","ping_status":"closed","template":"","meta":{"_seopress_robots_primary_cat":"none","_seopress_titles_title":"Waterproof Flash Memory Chips PCBA USB 3.0 256GB 1TB 15MB\/S","_seopress_titles_desc":"This product is semi-finished and can be wholesale","_seopress_robots_index":""},"class_list":["post-10459","product","type-product","status-publish","has-post-thumbnail","hentry","product_cat-usb-flash-drive-chips","product_tag-udp","product_tag-usb-2-0-flash-chips","product_tag-usb3-0-flash"],"_links":{"self":[{"href":"https:\/\/www.yousanusb.com\/es\/wp-json\/wp\/v2\/product\/10459"}],"collection":[{"href":"https:\/\/www.yousanusb.com\/es\/wp-json\/wp\/v2\/product"}],"about":[{"href":"https:\/\/www.yousanusb.com\/es\/wp-json\/wp\/v2\/types\/product"}],"replies":[{"embeddable":true,"href":"https:\/\/www.yousanusb.com\/es\/wp-json\/wp\/v2\/comments?post=10459"}],"wp:featuredmedia":[{"embeddable":true,"href":"https:\/\/www.yousanusb.com\/es\/wp-json\/wp\/v2\/media\/10440"}],"wp:attachment":[{"href":"https:\/\/www.yousanusb.com\/es\/wp-json\/wp\/v2\/media?parent=10459"}],"curies":[{"name":"wp","href":"https:\/\/api.w.org\/{rel}","templated":true}]}}