{"id":10643,"date":"2024-11-18T12:36:55","date_gmt":"2024-11-18T12:36:55","guid":{"rendered":"https:\/\/yousanusb.com\/?post_type=product&#038;p=10643"},"modified":"2025-11-13T04:44:32","modified_gmt":"2025-11-13T04:44:32","slug":"golf-club-and-bucket-shaped-usb-flash-drive","status":"publish","type":"product","link":"https:\/\/www.yousanusb.com\/es\/producto\/golf-club-and-bucket-shaped-usb-flash-drive\/","title":{"rendered":"Memoria USB con forma de palo de golf y cubo"},"content":{"rendered":"<p>La memoria USB con forma de palo de golf y cubo es un dispositivo de almacenamiento \u00fanico e innovador que combina funcionalidad con un dise\u00f1o divertido y deportivo. Presenta la distintiva forma de un palo de golf, con meticulosos detalles que imitan el aspecto real de un palo, lo que la convierte no s\u00f3lo en una \u00fatil memoria USB, sino tambi\u00e9n en un atractivo objeto de coleccionismo para los entusiastas del golf.<\/p>\n\n\n\n<div class=\"wp-block-columns is-layout-flex wp-container-core-columns-is-layout-1 wp-block-columns-is-layout-flex\">\n<div class=\"wp-block-column is-layout-flow wp-block-column-is-layout-flow\">\n<figure class=\"wp-block-image size-full\"><img fetchpriority=\"high\" decoding=\"async\" width=\"800\" height=\"800\" src=\"https:\/\/www.yousanusb.com\/wp-content\/uploads\/2024\/11\/Golf-Bag-USB-Flash-Drive.jpg\" alt=\"\" class=\"wp-image-10646\" srcset=\"https:\/\/www.yousanusb.com\/wp-content\/uploads\/2024\/11\/Golf-Bag-USB-Flash-Drive.jpg 800w, https:\/\/www.yousanusb.com\/wp-content\/uploads\/2024\/11\/Golf-Bag-USB-Flash-Drive-300x300.jpg 300w, https:\/\/www.yousanusb.com\/wp-content\/uploads\/2024\/11\/Golf-Bag-USB-Flash-Drive-150x150.jpg 150w, https:\/\/www.yousanusb.com\/wp-content\/uploads\/2024\/11\/Golf-Bag-USB-Flash-Drive-768x768.jpg 768w, https:\/\/www.yousanusb.com\/wp-content\/uploads\/2024\/11\/Golf-Bag-USB-Flash-Drive-600x600.jpg 600w, https:\/\/www.yousanusb.com\/wp-content\/uploads\/2024\/11\/Golf-Bag-USB-Flash-Drive-100x100.jpg 100w\" sizes=\"(max-width: 800px) 100vw, 800px\" \/><\/figure>\n<\/div>\n\n\n\n<div class=\"wp-block-column is-vertically-aligned-center is-layout-flow wp-block-column-is-layout-flow\">\n<p>La parte en forma de cubo, por su parte, sirve de c\u00f3modo soporte para la unidad en forma de garrote, a\u00f1adiendo un toque extra de encanto al dise\u00f1o general.<\/p>\n\n\n\n<p>Esta unidad flash USB ofrece un amplio espacio de almacenamiento para guardar todo tipo de datos,como documentos,fotos,v\u00eddeos y m\u00fasica.<\/p>\n\n\n\n<p>Es compatible con varios dispositivos, incluidos ordenadores, port\u00e1tiles y televisores inteligentes, lo que facilita la transferencia y el acceso a los datos.<\/p>\n<\/div>\n<\/div>\n\n\n\n<div class=\"wp-block-columns is-layout-flex wp-container-core-columns-is-layout-2 wp-block-columns-is-layout-flex\">\n<div class=\"wp-block-column is-vertically-aligned-center is-layout-flow wp-block-column-is-layout-flow\">\n<p>Fabricado con materiales de alta calidad,es duradero y fiable,garantizando que sus valiosos datos est\u00e9n seguros y protegidos.<\/p>\n\n\n\n<p>Tanto si es un golfista que busca una forma elegante de transportar sus datos en el campo como si es simplemente alguien que aprecia los gadgets creativos y funcionales, la memoria USB con forma de palo de golf y cubo es una excelente elecci\u00f3n.<\/p>\n<\/div>\n\n\n\n<div class=\"wp-block-column is-layout-flow wp-block-column-is-layout-flow\">\n<figure class=\"wp-block-image size-full\"><img decoding=\"async\" width=\"800\" height=\"800\" src=\"https:\/\/www.yousanusb.com\/wp-content\/uploads\/2024\/11\/Golf-Bag-USB-pendrive.jpg\" alt=\"\" class=\"wp-image-10647\" srcset=\"https:\/\/www.yousanusb.com\/wp-content\/uploads\/2024\/11\/Golf-Bag-USB-pendrive.jpg 800w, https:\/\/www.yousanusb.com\/wp-content\/uploads\/2024\/11\/Golf-Bag-USB-pendrive-300x300.jpg 300w, https:\/\/www.yousanusb.com\/wp-content\/uploads\/2024\/11\/Golf-Bag-USB-pendrive-150x150.jpg 150w, https:\/\/www.yousanusb.com\/wp-content\/uploads\/2024\/11\/Golf-Bag-USB-pendrive-768x768.jpg 768w, https:\/\/www.yousanusb.com\/wp-content\/uploads\/2024\/11\/Golf-Bag-USB-pendrive-600x600.jpg 600w, https:\/\/www.yousanusb.com\/wp-content\/uploads\/2024\/11\/Golf-Bag-USB-pendrive-100x100.jpg 100w\" sizes=\"(max-width: 800px) 100vw, 800px\" \/><\/figure>\n<\/div>\n<\/div>","protected":false},"excerpt":{"rendered":"<ul>\n<li>USB con forma de palo de golf y cubo<\/li>\n<li>Material de PVC<\/li>\n<li>Morado y rojo<\/li>\n<li>USB2.0 y USB3.0 puede elegir<\/li>\n<li>MOQ:100pcs<\/li>\n<\/ul>","protected":false},"featured_media":10649,"comment_status":"open","ping_status":"closed","template":"","meta":{"_seopress_robots_primary_cat":"none","_seopress_titles_title":"Golf Club and Bucket Shaped USB Flash Drive","_seopress_titles_desc":"The Golf club and bucket shaped USB flash drive is a unique and innovative storage device that combines functionality with a fun and sporty design.","_seopress_robots_index":""},"class_list":["post-10643","product","type-product","status-publish","has-post-thumbnail","hentry","product_cat-custom-usb-drive","product_tag-golf-usb-flash-drive","product_tag-sports-usb-flash-drive"],"_links":{"self":[{"href":"https:\/\/www.yousanusb.com\/es\/wp-json\/wp\/v2\/product\/10643"}],"collection":[{"href":"https:\/\/www.yousanusb.com\/es\/wp-json\/wp\/v2\/product"}],"about":[{"href":"https:\/\/www.yousanusb.com\/es\/wp-json\/wp\/v2\/types\/product"}],"replies":[{"embeddable":true,"href":"https:\/\/www.yousanusb.com\/es\/wp-json\/wp\/v2\/comments?post=10643"}],"wp:featuredmedia":[{"embeddable":true,"href":"https:\/\/www.yousanusb.com\/es\/wp-json\/wp\/v2\/media\/10649"}],"wp:attachment":[{"href":"https:\/\/www.yousanusb.com\/es\/wp-json\/wp\/v2\/media?parent=10643"}],"curies":[{"name":"wp","href":"https:\/\/api.w.org\/{rel}","templated":true}]}}