{"id":10663,"date":"2024-11-18T13:04:19","date_gmt":"2024-11-18T13:04:19","guid":{"rendered":"https:\/\/yousanusb.com\/?post_type=product&#038;p=10663"},"modified":"2025-11-10T08:48:53","modified_gmt":"2025-11-10T08:48:53","slug":"mini-rotating-cell-phone-crystal-usb-flash-drive","status":"publish","type":"product","link":"https:\/\/www.yousanusb.com\/es\/producto\/mini-rotating-cell-phone-crystal-usb-flash-drive\/","title":{"rendered":"Mini memoria USB giratoria OTG con LED de cristal"},"content":{"rendered":"<p>Esta mini unidad flash USB cristal OTG giratoria es extremadamente peque\u00f1a y f\u00e1cil de transportar. Puede caber f\u00e1cilmente en su bolsillo o cartera, o puede colgarla en su llavero. Despu\u00e9s de conectar el dispositivo, esta unidad USB de cristal se iluminar\u00e1. Su dise\u00f1o giratorio y la funci\u00f3n de iluminaci\u00f3n hacen que su estado de uso sea claramente visible, d\u00e1ndole un aspecto de alta tecnolog\u00eda.<\/p>\n\n\n\n<p>Destaca por su bonito material de cristal transparente, que le da un aspecto elegante y lo convierte en un accesorio \u00fanico y llamativo. Te encantar\u00e1 lucirlo.<\/p>\n\n\n\n<div class=\"wp-block-columns is-layout-flex wp-container-core-columns-is-layout-1 wp-block-columns-is-layout-flex\">\n<div class=\"wp-block-column is-layout-flow wp-block-column-is-layout-flow\">\n<figure class=\"wp-block-image size-full\"><img fetchpriority=\"high\" decoding=\"async\" width=\"800\" height=\"800\" src=\"https:\/\/www.yousanusb.com\/wp-content\/uploads\/2024\/11\/mini-rotating-usb-flash-drive.jpg\" alt=\"\" class=\"wp-image-19011\" srcset=\"https:\/\/www.yousanusb.com\/wp-content\/uploads\/2024\/11\/mini-rotating-usb-flash-drive.jpg 800w, https:\/\/www.yousanusb.com\/wp-content\/uploads\/2024\/11\/mini-rotating-usb-flash-drive-300x300.jpg 300w, https:\/\/www.yousanusb.com\/wp-content\/uploads\/2024\/11\/mini-rotating-usb-flash-drive-150x150.jpg 150w, https:\/\/www.yousanusb.com\/wp-content\/uploads\/2024\/11\/mini-rotating-usb-flash-drive-768x768.jpg 768w, https:\/\/www.yousanusb.com\/wp-content\/uploads\/2024\/11\/mini-rotating-usb-flash-drive-12x12.jpg 12w, https:\/\/www.yousanusb.com\/wp-content\/uploads\/2024\/11\/mini-rotating-usb-flash-drive-600x600.jpg 600w, https:\/\/www.yousanusb.com\/wp-content\/uploads\/2024\/11\/mini-rotating-usb-flash-drive-100x100.jpg 100w\" sizes=\"(max-width: 800px) 100vw, 800px\" \/><\/figure>\n<\/div>\n\n\n\n<div class=\"wp-block-column is-layout-flow wp-block-column-is-layout-flow\">\n<figure class=\"wp-block-image size-full\"><img decoding=\"async\" width=\"800\" height=\"800\" src=\"https:\/\/www.yousanusb.com\/wp-content\/uploads\/2024\/11\/rotating-usb-flash-drive.jpg\" alt=\"\" class=\"wp-image-19013\" srcset=\"https:\/\/www.yousanusb.com\/wp-content\/uploads\/2024\/11\/rotating-usb-flash-drive.jpg 800w, https:\/\/www.yousanusb.com\/wp-content\/uploads\/2024\/11\/rotating-usb-flash-drive-300x300.jpg 300w, https:\/\/www.yousanusb.com\/wp-content\/uploads\/2024\/11\/rotating-usb-flash-drive-150x150.jpg 150w, https:\/\/www.yousanusb.com\/wp-content\/uploads\/2024\/11\/rotating-usb-flash-drive-768x768.jpg 768w, https:\/\/www.yousanusb.com\/wp-content\/uploads\/2024\/11\/rotating-usb-flash-drive-12x12.jpg 12w, https:\/\/www.yousanusb.com\/wp-content\/uploads\/2024\/11\/rotating-usb-flash-drive-600x600.jpg 600w, https:\/\/www.yousanusb.com\/wp-content\/uploads\/2024\/11\/rotating-usb-flash-drive-100x100.jpg 100w\" sizes=\"(max-width: 800px) 100vw, 800px\" \/><\/figure>\n<\/div>\n<\/div>\n\n\n\n<p>El mecanismo giratorio a\u00f1ade un toque divertido y pr\u00e1ctico. Puede girar la unidad sin esfuerzo para acceder al conector USB. Esto protege el conector cuando no est\u00e1 en uso y facilita la conexi\u00f3n y desconexi\u00f3n. Es un dise\u00f1o inteligente que mejora la usabilidad.<\/p>","protected":false},"excerpt":{"rendered":"<ul>\n<li>Miniatura y port\u00e1til<\/li>\n<li>Dise\u00f1o de cristal transparente<\/li>\n<li>Funcionalidad giratoria<\/li>\n<li>Memoria USB giratoria con luz LED<\/li>\n<li>MOQ:100PCS<\/li>\n<\/ul>","protected":false},"featured_media":10664,"comment_status":"open","ping_status":"closed","template":"","meta":{"_seopress_robots_primary_cat":"none","_seopress_titles_title":"Mini Rotating Crystal USB Flash Drive For Iphone","_seopress_titles_desc":"","_seopress_robots_index":""},"class_list":["post-10663","product","type-product","status-publish","has-post-thumbnail","hentry","product_cat-crystal-led-usb-flash-drive","product_cat-luminescent-usb-flash-drive","product_cat-mini-usb-flash-drive","product_cat-rotating-usb-flash-drive","product_cat-otg-usb-flash-drive","product_tag-acrylic-usb-flash-drive","product_tag-type-c-flash-drive-for-android","product_tag-mini-usb-flash-drive","product_tag-rotating-usb-flash-drive"],"_links":{"self":[{"href":"https:\/\/www.yousanusb.com\/es\/wp-json\/wp\/v2\/product\/10663"}],"collection":[{"href":"https:\/\/www.yousanusb.com\/es\/wp-json\/wp\/v2\/product"}],"about":[{"href":"https:\/\/www.yousanusb.com\/es\/wp-json\/wp\/v2\/types\/product"}],"replies":[{"embeddable":true,"href":"https:\/\/www.yousanusb.com\/es\/wp-json\/wp\/v2\/comments?post=10663"}],"wp:featuredmedia":[{"embeddable":true,"href":"https:\/\/www.yousanusb.com\/es\/wp-json\/wp\/v2\/media\/10664"}],"wp:attachment":[{"href":"https:\/\/www.yousanusb.com\/es\/wp-json\/wp\/v2\/media?parent=10663"}],"curies":[{"name":"wp","href":"https:\/\/api.w.org\/{rel}","templated":true}]}}