{"id":10732,"date":"2024-11-18T15:49:13","date_gmt":"2024-11-18T15:49:13","guid":{"rendered":"https:\/\/yousanusb.com\/?post_type=product&#038;p=10732"},"modified":"2025-11-11T07:51:29","modified_gmt":"2025-11-11T07:51:29","slug":"classic-plastic-car-shaped-usb-flash-drive","status":"publish","type":"product","link":"https:\/\/www.yousanusb.com\/es\/producto\/classic-plastic-car-shaped-usb-flash-drive\/","title":{"rendered":"Memoria USB cl\u00e1sica de pl\u00e1stico con forma de coche"},"content":{"rendered":"<div class=\"wp-block-columns is-layout-flex wp-container-core-columns-is-layout-1 wp-block-columns-is-layout-flex\">\n<div class=\"wp-block-column is-layout-flow wp-block-column-is-layout-flow\">\n<figure class=\"wp-block-image size-full\"><img fetchpriority=\"high\" decoding=\"async\" width=\"800\" height=\"800\" src=\"https:\/\/www.yousanusb.com\/wp-content\/uploads\/2024\/11\/Classic-Plastic-Car-shaped-USB-Flash-pendrive-rotated.jpg\" alt=\"\" class=\"wp-image-10736\" srcset=\"https:\/\/www.yousanusb.com\/wp-content\/uploads\/2024\/11\/Classic-Plastic-Car-shaped-USB-Flash-pendrive-rotated.jpg 800w, https:\/\/www.yousanusb.com\/wp-content\/uploads\/2024\/11\/Classic-Plastic-Car-shaped-USB-Flash-pendrive-300x300.jpg 300w, https:\/\/www.yousanusb.com\/wp-content\/uploads\/2024\/11\/Classic-Plastic-Car-shaped-USB-Flash-pendrive-150x150.jpg 150w, https:\/\/www.yousanusb.com\/wp-content\/uploads\/2024\/11\/Classic-Plastic-Car-shaped-USB-Flash-pendrive-768x768.jpg 768w, https:\/\/www.yousanusb.com\/wp-content\/uploads\/2024\/11\/Classic-Plastic-Car-shaped-USB-Flash-pendrive-600x600.jpg 600w, https:\/\/www.yousanusb.com\/wp-content\/uploads\/2024\/11\/Classic-Plastic-Car-shaped-USB-Flash-pendrive-100x100.jpg 100w\" sizes=\"(max-width: 800px) 100vw, 800px\" \/><\/figure>\n<\/div>\n\n\n\n<div class=\"wp-block-column is-vertically-aligned-center is-layout-flow wp-block-column-is-layout-flow\">\n<h2 class=\"wp-block-heading\">Dise\u00f1o de aspecto \u00fanico:<\/h2>\n\n\n\n<p><br><strong>Forma del coche<\/strong> <strong>Unidad USB<\/strong>:  Su exterior est\u00e1 dise\u00f1ado para imitar la forma de un autom\u00f3vil, con varios estilos de veh\u00edculos, como berlinas, camiones y coches deportivos. El dise\u00f1o es realista, vivo y divertido. Esta est\u00e9tica \u00fanica la distingue de las formas comunes de las unidades USB, ofreciendo un gran atractivo visual y un car\u00e1cter distintivo. Ya sea para uso personal o como regalo, deja una impresi\u00f3n duradera.<\/p>\n\n\n\n<p><br><strong>Variedad de colores<\/strong>: Esta unidad USB suele venir en varios colores, como rojo, azul, negro y blanco, para satisfacer las preferencias y necesidades de color de los distintos usuarios.<\/p>\n<\/div>\n<\/div>\n\n\n\n<div class=\"wp-block-columns is-layout-flex wp-container-core-columns-is-layout-2 wp-block-columns-is-layout-flex\">\n<div class=\"wp-block-column is-vertically-aligned-center is-layout-flow wp-block-column-is-layout-flow\">\n<h2 class=\"wp-block-heading\"><strong>Ventajas del material<\/strong>:<\/h2>\n\n\n\n<p><strong>Material pl\u00e1stico<\/strong>: Fabricada principalmente en pl\u00e1stico, es ligera y f\u00e1cil de transportar. Ya sea en el bolsillo, en la cartera o en un llavero, su volumen es m\u00ednimo. Adem\u00e1s, el coste relativamente bajo de los materiales pl\u00e1sticos hace que esta unidad USB sea m\u00e1s asequible, ofreciendo una excelente relaci\u00f3n calidad-precio.<\/p>\n\n\n\n<p><strong>Durabilidad<\/strong>: Aunque est\u00e1 hecho de pl\u00e1stico, est\u00e1 meticulosamente dise\u00f1ado y fabricado para ofrecer un cierto nivel de durabilidad, capaz de soportar peque\u00f1os golpes y roces durante el uso diario sin romperse f\u00e1cilmente. Con un uso normal y un almacenamiento adecuado, puede durar m\u00e1s tiempo.<\/p>\n<\/div>\n\n\n\n<div class=\"wp-block-column is-layout-flow wp-block-column-is-layout-flow\">\n<figure class=\"wp-block-image size-full\"><img decoding=\"async\" width=\"800\" height=\"800\" src=\"https:\/\/www.yousanusb.com\/wp-content\/uploads\/2024\/11\/Classic-Plastic-truck-shaped-USB-Flash-Drive.jpg\" alt=\"\" class=\"wp-image-10737\" srcset=\"https:\/\/www.yousanusb.com\/wp-content\/uploads\/2024\/11\/Classic-Plastic-truck-shaped-USB-Flash-Drive.jpg 800w, https:\/\/www.yousanusb.com\/wp-content\/uploads\/2024\/11\/Classic-Plastic-truck-shaped-USB-Flash-Drive-300x300.jpg 300w, https:\/\/www.yousanusb.com\/wp-content\/uploads\/2024\/11\/Classic-Plastic-truck-shaped-USB-Flash-Drive-150x150.jpg 150w, https:\/\/www.yousanusb.com\/wp-content\/uploads\/2024\/11\/Classic-Plastic-truck-shaped-USB-Flash-Drive-768x768.jpg 768w, https:\/\/www.yousanusb.com\/wp-content\/uploads\/2024\/11\/Classic-Plastic-truck-shaped-USB-Flash-Drive-600x600.jpg 600w, https:\/\/www.yousanusb.com\/wp-content\/uploads\/2024\/11\/Classic-Plastic-truck-shaped-USB-Flash-Drive-100x100.jpg 100w\" sizes=\"(max-width: 800px) 100vw, 800px\" \/><\/figure>\n<\/div>\n<\/div>","protected":false},"excerpt":{"rendered":"<ul>\n<li>Estilo cl\u00e1sico<\/li>\n<li>Memoria USB de pl\u00e1stico con forma de coche<\/li>\n<li>Muchos colores<\/li>\n<li>MOQ:100PCS<\/li>\n<li>Logotipo personalizado<\/li>\n<\/ul>","protected":false},"featured_media":10735,"comment_status":"open","ping_status":"closed","template":"","meta":{"_seopress_robots_primary_cat":"none","_seopress_titles_title":"Classic Plastic Car-shaped USB Flash Drive","_seopress_titles_desc":"","_seopress_robots_index":""},"class_list":["post-10732","product","type-product","status-publish","has-post-thumbnail","hentry","product_cat-usb-flash-drive","product_tag-car-usb-flash-drive"],"_links":{"self":[{"href":"https:\/\/www.yousanusb.com\/es\/wp-json\/wp\/v2\/product\/10732"}],"collection":[{"href":"https:\/\/www.yousanusb.com\/es\/wp-json\/wp\/v2\/product"}],"about":[{"href":"https:\/\/www.yousanusb.com\/es\/wp-json\/wp\/v2\/types\/product"}],"replies":[{"embeddable":true,"href":"https:\/\/www.yousanusb.com\/es\/wp-json\/wp\/v2\/comments?post=10732"}],"wp:featuredmedia":[{"embeddable":true,"href":"https:\/\/www.yousanusb.com\/es\/wp-json\/wp\/v2\/media\/10735"}],"wp:attachment":[{"href":"https:\/\/www.yousanusb.com\/es\/wp-json\/wp\/v2\/media?parent=10732"}],"curies":[{"name":"wp","href":"https:\/\/api.w.org\/{rel}","templated":true}]}}