{"id":10759,"date":"2024-11-18T16:13:00","date_gmt":"2024-11-18T16:13:00","guid":{"rendered":"https:\/\/yousanusb.com\/?post_type=product&#038;p=10759"},"modified":"2025-11-13T04:50:20","modified_gmt":"2025-11-13T04:50:20","slug":"yellow-forklift-usb-flash-drive","status":"publish","type":"product","link":"https:\/\/www.yousanusb.com\/es\/producto\/yellow-forklift-usb-flash-drive\/","title":{"rendered":"Unidad flash USB Forklift amarilla"},"content":{"rendered":"<div class=\"wp-block-columns is-layout-flex wp-container-core-columns-is-layout-1 wp-block-columns-is-layout-flex\">\n<div class=\"wp-block-column is-layout-flow wp-block-column-is-layout-flow\">\n<figure class=\"wp-block-image size-full\"><img fetchpriority=\"high\" decoding=\"async\" width=\"800\" height=\"800\" src=\"https:\/\/www.yousanusb.com\/wp-content\/uploads\/2024\/11\/Yellow-Forklift-USB-flash-drive.jpg\" alt=\"\" class=\"wp-image-10764\" srcset=\"https:\/\/www.yousanusb.com\/wp-content\/uploads\/2024\/11\/Yellow-Forklift-USB-flash-drive.jpg 800w, https:\/\/www.yousanusb.com\/wp-content\/uploads\/2024\/11\/Yellow-Forklift-USB-flash-drive-300x300.jpg 300w, https:\/\/www.yousanusb.com\/wp-content\/uploads\/2024\/11\/Yellow-Forklift-USB-flash-drive-150x150.jpg 150w, https:\/\/www.yousanusb.com\/wp-content\/uploads\/2024\/11\/Yellow-Forklift-USB-flash-drive-768x768.jpg 768w, https:\/\/www.yousanusb.com\/wp-content\/uploads\/2024\/11\/Yellow-Forklift-USB-flash-drive-600x600.jpg 600w, https:\/\/www.yousanusb.com\/wp-content\/uploads\/2024\/11\/Yellow-Forklift-USB-flash-drive-100x100.jpg 100w\" sizes=\"(max-width: 800px) 100vw, 800px\" \/><\/figure>\n<\/div>\n\n\n\n<div class=\"wp-block-column is-vertically-aligned-center is-layout-flow wp-block-column-is-layout-flow\">\n<p><strong>Dise\u00f1o atractivo<\/strong>La memoria USB Yellow Forklift tiene una forma \u00fanica de carretilla elevadora de color amarillo vivo. No es s\u00f3lo un dispositivo de almacenamiento, sino un accesorio fresco y divertido que destaca entre la multitud, por lo que es un gran tema de conversaci\u00f3n.<\/p>\n\n\n\n<p><strong>Construcci\u00f3n de calidad<\/strong>Fabricada con materiales de alta calidad, esta unidad flash USB est\u00e1 hecha para durar y puede soportar los rigores del uso diario, tanto si se lleva en el bolsillo, en el bolso o colgada de un llavero, garantizando la seguridad de sus datos.<\/p>\n<\/div>\n<\/div>\n\n\n\n<div class=\"wp-block-columns is-layout-flex wp-container-core-columns-is-layout-2 wp-block-columns-is-layout-flex\">\n<div class=\"wp-block-column is-vertically-aligned-center is-layout-flow wp-block-column-is-layout-flow\">\n<p><strong>Amplia capacidad de almacenamiento<\/strong>A pesar de su novedosa forma,ofrece una amplia gama de capacidades de almacenamiento para adaptarse a diferentes necesidades.Tanto si necesita almacenar documentos,fotos,v\u00eddeos o m\u00fasica,puede encontrar la opci\u00f3n de tama\u00f1o adecuada para guardar todos sus preciados datos.<\/p>\n\n\n\n<p><strong>Compatibilidad universal<\/strong>Compatible con los sistemas operativos Windows, Mac y Linux, as\u00ed como con ordenadores port\u00e1tiles, de sobremesa, tabletas y tel\u00e9fonos inteligentes, lo que permite transferir datos sin esfuerzo entre distintos dispositivos.<\/p>\n<\/div>\n\n\n\n<div class=\"wp-block-column is-layout-flow wp-block-column-is-layout-flow\">\n<figure class=\"wp-block-image size-full\"><img decoding=\"async\" width=\"800\" height=\"800\" src=\"https:\/\/www.yousanusb.com\/wp-content\/uploads\/2024\/11\/Yellow-Forklift-USB-flash-drive-disk.jpg\" alt=\"\" class=\"wp-image-10765\" srcset=\"https:\/\/www.yousanusb.com\/wp-content\/uploads\/2024\/11\/Yellow-Forklift-USB-flash-drive-disk.jpg 800w, https:\/\/www.yousanusb.com\/wp-content\/uploads\/2024\/11\/Yellow-Forklift-USB-flash-drive-disk-300x300.jpg 300w, https:\/\/www.yousanusb.com\/wp-content\/uploads\/2024\/11\/Yellow-Forklift-USB-flash-drive-disk-150x150.jpg 150w, https:\/\/www.yousanusb.com\/wp-content\/uploads\/2024\/11\/Yellow-Forklift-USB-flash-drive-disk-768x768.jpg 768w, https:\/\/www.yousanusb.com\/wp-content\/uploads\/2024\/11\/Yellow-Forklift-USB-flash-drive-disk-600x600.jpg 600w, https:\/\/www.yousanusb.com\/wp-content\/uploads\/2024\/11\/Yellow-Forklift-USB-flash-drive-disk-100x100.jpg 100w\" sizes=\"(max-width: 800px) 100vw, 800px\" \/><\/figure>\n<\/div>\n<\/div>","protected":false},"excerpt":{"rendered":"<ul>\n<li>Dise\u00f1o atractivo<\/li>\n<li>MOQ:100PCS<\/li>\n<li>USB2.0 y USB3.0<\/li>\n<li>Molde 3D<\/li>\n<li>Dise\u00f1o gratuito<\/li>\n<\/ul>","protected":false},"featured_media":10763,"comment_status":"open","ping_status":"closed","template":"","meta":{"_seopress_robots_primary_cat":"none","_seopress_titles_title":"Yellow Forklift USB flash drive","_seopress_titles_desc":"Eye-Catching Design:The Yellow Forklift USB flash drive features a unique and vivid yellow forklift shape.It's not just a storage device but a cool and fun accessory that stands out from the crowd,making it a great conversation starter.","_seopress_robots_index":""},"class_list":["post-10759","product","type-product","status-publish","has-post-thumbnail","hentry","product_cat-custom-usb-drive","product_tag-forklift-usb-flash-drive"],"_links":{"self":[{"href":"https:\/\/www.yousanusb.com\/es\/wp-json\/wp\/v2\/product\/10759"}],"collection":[{"href":"https:\/\/www.yousanusb.com\/es\/wp-json\/wp\/v2\/product"}],"about":[{"href":"https:\/\/www.yousanusb.com\/es\/wp-json\/wp\/v2\/types\/product"}],"replies":[{"embeddable":true,"href":"https:\/\/www.yousanusb.com\/es\/wp-json\/wp\/v2\/comments?post=10759"}],"wp:featuredmedia":[{"embeddable":true,"href":"https:\/\/www.yousanusb.com\/es\/wp-json\/wp\/v2\/media\/10763"}],"wp:attachment":[{"href":"https:\/\/www.yousanusb.com\/es\/wp-json\/wp\/v2\/media?parent=10759"}],"curies":[{"name":"wp","href":"https:\/\/api.w.org\/{rel}","templated":true}]}}