{"id":10775,"date":"2024-11-18T16:21:34","date_gmt":"2024-11-18T16:21:34","guid":{"rendered":"https:\/\/yousanusb.com\/?post_type=product&#038;p=10775"},"modified":"2025-11-13T03:57:51","modified_gmt":"2025-11-13T03:57:51","slug":"piano-keyboard-usb-flash-disk","status":"publish","type":"product","link":"https:\/\/www.yousanusb.com\/es\/producto\/piano-keyboard-usb-flash-disk\/","title":{"rendered":"Piano-teclado USB flash Disk"},"content":{"rendered":"<div class=\"wp-block-columns is-layout-flex wp-container-core-columns-is-layout-1 wp-block-columns-is-layout-flex\">\n<div class=\"wp-block-column is-layout-flow wp-block-column-is-layout-flow\">\n<figure class=\"wp-block-image size-full\"><img fetchpriority=\"high\" decoding=\"async\" width=\"800\" height=\"800\" src=\"https:\/\/www.yousanusb.com\/wp-content\/uploads\/2024\/11\/Piano-Keyboard-USB-flash-drive.jpg\" alt=\"\" class=\"wp-image-10779\" srcset=\"https:\/\/www.yousanusb.com\/wp-content\/uploads\/2024\/11\/Piano-Keyboard-USB-flash-drive.jpg 800w, https:\/\/www.yousanusb.com\/wp-content\/uploads\/2024\/11\/Piano-Keyboard-USB-flash-drive-300x300.jpg 300w, https:\/\/www.yousanusb.com\/wp-content\/uploads\/2024\/11\/Piano-Keyboard-USB-flash-drive-150x150.jpg 150w, https:\/\/www.yousanusb.com\/wp-content\/uploads\/2024\/11\/Piano-Keyboard-USB-flash-drive-768x768.jpg 768w, https:\/\/www.yousanusb.com\/wp-content\/uploads\/2024\/11\/Piano-Keyboard-USB-flash-drive-600x600.jpg 600w, https:\/\/www.yousanusb.com\/wp-content\/uploads\/2024\/11\/Piano-Keyboard-USB-flash-drive-100x100.jpg 100w\" sizes=\"(max-width: 800px) 100vw, 800px\" \/><\/figure>\n<\/div>\n\n\n\n<div class=\"wp-block-column is-vertically-aligned-center is-layout-flow wp-block-column-is-layout-flow\">\n<p><strong>Elegante dise\u00f1o de teclado de piano<\/strong>El Piano-Keyboard USB flash Disk tiene una llamativa y exclusiva forma de teclado de piano. No es s\u00f3lo un dispositivo de almacenamiento, sino un accesorio de moda que a\u00f1ade un toque de encanto musical a su colecci\u00f3n tecnol\u00f3gica. Tanto si es un amante de la m\u00fasica como si simplemente aprecia los dise\u00f1os creativos, seguro que atraer\u00e1 todas las miradas.<\/p>\n\n\n\n<p><strong>Calidad y durabilidad<\/strong>Fabricado con materiales de alta calidad, este disco flash USB est\u00e1 hecho para durar y puede soportar los rigores del uso diario, llev\u00e1ndolo en bolsillos, bolsos o llaveros sin da\u00f1arse f\u00e1cilmente.<\/p>\n<\/div>\n<\/div>\n\n\n\n<div class=\"wp-block-columns is-layout-flex wp-container-core-columns-is-layout-2 wp-block-columns-is-layout-flex\">\n<div class=\"wp-block-column is-vertically-aligned-center is-layout-flow wp-block-column-is-layout-flow\">\n<p><strong>Amplia capacidad de almacenamiento<\/strong>A pesar de su novedoso dise\u00f1o,ofrece una amplia gama de capacidades de almacenamiento para adaptarse a diferentes necesidades.Tanto si necesita almacenar archivos de m\u00fasica,fotos,v\u00eddeos u otros documentos,podr\u00e1 encontrar la opci\u00f3n de tama\u00f1o adecuada para guardar todos sus preciados datos.<\/p>\n\n\n\n<p><strong>Compatibilidad universal<\/strong>Compatible con los sistemas operativos Windows, Mac y Linux, as\u00ed como con ordenadores port\u00e1tiles, de sobremesa, tabletas y tel\u00e9fonos inteligentes, permite transferir datos sin esfuerzo entre distintos dispositivos, lo que la convierte en una soluci\u00f3n de almacenamiento vers\u00e1til y c\u00f3moda para todo el mundo.<\/p>\n<\/div>\n\n\n\n<div class=\"wp-block-column is-layout-flow wp-block-column-is-layout-flow\">\n<figure class=\"wp-block-image size-full\"><img decoding=\"async\" width=\"800\" height=\"800\" src=\"https:\/\/www.yousanusb.com\/wp-content\/uploads\/2024\/11\/Piano-Keyboard-USB-pendrive.jpg\" alt=\"\" class=\"wp-image-10780\" srcset=\"https:\/\/www.yousanusb.com\/wp-content\/uploads\/2024\/11\/Piano-Keyboard-USB-pendrive.jpg 800w, https:\/\/www.yousanusb.com\/wp-content\/uploads\/2024\/11\/Piano-Keyboard-USB-pendrive-300x300.jpg 300w, https:\/\/www.yousanusb.com\/wp-content\/uploads\/2024\/11\/Piano-Keyboard-USB-pendrive-150x150.jpg 150w, https:\/\/www.yousanusb.com\/wp-content\/uploads\/2024\/11\/Piano-Keyboard-USB-pendrive-768x768.jpg 768w, https:\/\/www.yousanusb.com\/wp-content\/uploads\/2024\/11\/Piano-Keyboard-USB-pendrive-600x600.jpg 600w, https:\/\/www.yousanusb.com\/wp-content\/uploads\/2024\/11\/Piano-Keyboard-USB-pendrive-100x100.jpg 100w\" sizes=\"(max-width: 800px) 100vw, 800px\" \/><\/figure>\n<\/div>\n<\/div>","protected":false},"excerpt":{"rendered":"<ul>\n<li>Elegante dise\u00f1o de teclado de piano<\/li>\n<li>MOQ:100PCS<\/li>\n<li>Molde 3D<\/li>\n<li>Dise\u00f1o libre<\/li>\n<li>Logotipo personalizado<\/li>\n<\/ul>","protected":false},"featured_media":10778,"comment_status":"open","ping_status":"closed","template":"","meta":{"_seopress_robots_primary_cat":"none","_seopress_titles_title":"Piano-Keyboard USB flash Disk","_seopress_titles_desc":"Stylish Piano-Keyboard Design:The Piano-Keyboard USB flash Disk features an eye-catching and unique piano-keyboard shape.It's not just a storage device but a fashionable accessory that adds a touch of musical charm to your tech collection.Whether you're a music lover or simply appreciate creative designs,it's sure to turn heads.","_seopress_robots_index":""},"class_list":["post-10775","product","type-product","status-publish","has-post-thumbnail","hentry","product_cat-custom-usb-drive","product_tag-music-usb-flash-drive","product_tag-picno-usb-flash-drive"],"_links":{"self":[{"href":"https:\/\/www.yousanusb.com\/es\/wp-json\/wp\/v2\/product\/10775"}],"collection":[{"href":"https:\/\/www.yousanusb.com\/es\/wp-json\/wp\/v2\/product"}],"about":[{"href":"https:\/\/www.yousanusb.com\/es\/wp-json\/wp\/v2\/types\/product"}],"replies":[{"embeddable":true,"href":"https:\/\/www.yousanusb.com\/es\/wp-json\/wp\/v2\/comments?post=10775"}],"wp:featuredmedia":[{"embeddable":true,"href":"https:\/\/www.yousanusb.com\/es\/wp-json\/wp\/v2\/media\/10778"}],"wp:attachment":[{"href":"https:\/\/www.yousanusb.com\/es\/wp-json\/wp\/v2\/media?parent=10775"}],"curies":[{"name":"wp","href":"https:\/\/api.w.org\/{rel}","templated":true}]}}