{"id":10782,"date":"2024-11-19T05:21:34","date_gmt":"2024-11-19T05:21:34","guid":{"rendered":"https:\/\/yousanusb.com\/?post_type=product&#038;p=10782"},"modified":"2025-11-14T06:30:13","modified_gmt":"2025-11-14T06:30:13","slug":"green-long-style-push-pull-usb-flash-drive","status":"publish","type":"product","link":"https:\/\/www.yousanusb.com\/es\/producto\/green-long-style-push-pull-usb-flash-drive\/","title":{"rendered":"Unidad flash USB push-pull larga de color verde"},"content":{"rendered":"<div class=\"wp-block-columns is-layout-flex wp-container-core-columns-is-layout-1 wp-block-columns-is-layout-flex\">\n<div class=\"wp-block-column is-layout-flow wp-block-column-is-layout-flow\">\n<figure class=\"wp-block-image size-full\"><img fetchpriority=\"high\" decoding=\"async\" width=\"800\" height=\"800\" src=\"https:\/\/www.yousanusb.com\/wp-content\/uploads\/2024\/11\/Green-Push-Pull-USB-flash-disk-memory-1.jpg\" alt=\"\" class=\"wp-image-10786\" srcset=\"https:\/\/www.yousanusb.com\/wp-content\/uploads\/2024\/11\/Green-Push-Pull-USB-flash-disk-memory-1.jpg 800w, https:\/\/www.yousanusb.com\/wp-content\/uploads\/2024\/11\/Green-Push-Pull-USB-flash-disk-memory-1-300x300.jpg 300w, https:\/\/www.yousanusb.com\/wp-content\/uploads\/2024\/11\/Green-Push-Pull-USB-flash-disk-memory-1-150x150.jpg 150w, https:\/\/www.yousanusb.com\/wp-content\/uploads\/2024\/11\/Green-Push-Pull-USB-flash-disk-memory-1-768x768.jpg 768w, https:\/\/www.yousanusb.com\/wp-content\/uploads\/2024\/11\/Green-Push-Pull-USB-flash-disk-memory-1-600x600.jpg 600w, https:\/\/www.yousanusb.com\/wp-content\/uploads\/2024\/11\/Green-Push-Pull-USB-flash-disk-memory-1-100x100.jpg 100w\" sizes=\"(max-width: 800px) 100vw, 800px\" \/><\/figure>\n<\/div>\n\n\n\n<div class=\"wp-block-column is-vertically-aligned-center is-layout-flow wp-block-column-is-layout-flow\">\n<p>Esta unidad USB presenta un dise\u00f1o push-pull, con un interruptor lateral antideslizante que controla la interfaz retr\u00e1ctil. La eliminaci\u00f3n de la necesidad de una tapa evita p\u00e9rdidas, mientras que su factor de forma compacto garantiza una f\u00e1cil portabilidad diaria.<\/p>\n\n\n\n<p>Fabricada principalmente en pl\u00e1stico ligero, la carcasa tiene un acabado verde fluorescente que la hace muy visible en el uso diario. Tambi\u00e9n ofrece una resistencia b\u00e1sica a los ara\u00f1azos y al desgaste.<\/p>\n<\/div>\n<\/div>\n\n\n\n<div class=\"wp-block-columns is-layout-flex wp-container-core-columns-is-layout-2 wp-block-columns-is-layout-flex\">\n<div class=\"wp-block-column is-vertically-aligned-center is-layout-flow wp-block-column-is-layout-flow\">\n<p>En t\u00e9rminos de funcionalidad, admite el funcionamiento plug-and-play y es compatible con los principales sistemas operativos. Puede conectarse a ordenadores, port\u00e1tiles y otros dispositivos, satisfaciendo las necesidades diarias de almacenamiento y transferencia de archivos, documentos y contenidos multimedia. Esto lo convierte en una pr\u00e1ctica soluci\u00f3n de almacenamiento para oficinas y centros educativos.<\/p>\n<\/div>\n\n\n\n<div class=\"wp-block-column is-layout-flow wp-block-column-is-layout-flow\">\n<figure class=\"wp-block-image size-full\"><img decoding=\"async\" width=\"800\" height=\"800\" src=\"https:\/\/www.yousanusb.com\/wp-content\/uploads\/2024\/11\/Green-Push-Pull-USB-flash-drive.jpg\" alt=\"\" class=\"wp-image-10787\" srcset=\"https:\/\/www.yousanusb.com\/wp-content\/uploads\/2024\/11\/Green-Push-Pull-USB-flash-drive.jpg 800w, https:\/\/www.yousanusb.com\/wp-content\/uploads\/2024\/11\/Green-Push-Pull-USB-flash-drive-300x300.jpg 300w, https:\/\/www.yousanusb.com\/wp-content\/uploads\/2024\/11\/Green-Push-Pull-USB-flash-drive-150x150.jpg 150w, https:\/\/www.yousanusb.com\/wp-content\/uploads\/2024\/11\/Green-Push-Pull-USB-flash-drive-768x768.jpg 768w, https:\/\/www.yousanusb.com\/wp-content\/uploads\/2024\/11\/Green-Push-Pull-USB-flash-drive-600x600.jpg 600w, https:\/\/www.yousanusb.com\/wp-content\/uploads\/2024\/11\/Green-Push-Pull-USB-flash-drive-100x100.jpg 100w\" sizes=\"(max-width: 800px) 100vw, 800px\" \/><\/figure>\n<\/div>\n<\/div>","protected":false},"excerpt":{"rendered":"<ul>\n<li>Dise\u00f1o largo y elegante<\/li>\n<li>C\u00f3modo Push-pull<\/li>\n<li>MOQ:100PCS<\/li>\n<li>Color verde<\/li>\n<li>Logotipo personalizado<\/li>\n<\/ul>","protected":false},"featured_media":10787,"comment_status":"open","ping_status":"closed","template":"","meta":{"_seopress_robots_primary_cat":"none","_seopress_titles_title":"Green Long-style push-pull USB flash drive","_seopress_titles_desc":"","_seopress_robots_index":""},"class_list":["post-10782","product","type-product","status-publish","has-post-thumbnail","hentry","product_cat-push-pull-usb-flash-drive","product_tag-green-usb-flash-drive","product_tag-push-pull-usb-flash-drive"],"_links":{"self":[{"href":"https:\/\/www.yousanusb.com\/es\/wp-json\/wp\/v2\/product\/10782"}],"collection":[{"href":"https:\/\/www.yousanusb.com\/es\/wp-json\/wp\/v2\/product"}],"about":[{"href":"https:\/\/www.yousanusb.com\/es\/wp-json\/wp\/v2\/types\/product"}],"replies":[{"embeddable":true,"href":"https:\/\/www.yousanusb.com\/es\/wp-json\/wp\/v2\/comments?post=10782"}],"wp:featuredmedia":[{"embeddable":true,"href":"https:\/\/www.yousanusb.com\/es\/wp-json\/wp\/v2\/media\/10787"}],"wp:attachment":[{"href":"https:\/\/www.yousanusb.com\/es\/wp-json\/wp\/v2\/media?parent=10782"}],"curies":[{"name":"wp","href":"https:\/\/api.w.org\/{rel}","templated":true}]}}