{"id":10798,"date":"2024-11-20T02:31:13","date_gmt":"2024-11-20T02:31:13","guid":{"rendered":"https:\/\/yousanusb.com\/?post_type=product&#038;p=10798"},"modified":"2025-11-12T01:31:37","modified_gmt":"2025-11-12T01:31:37","slug":"desk-and-chair-shaped-usb-flash-drive","status":"publish","type":"product","link":"https:\/\/www.yousanusb.com\/es\/producto\/desk-and-chair-shaped-usb-flash-drive\/","title":{"rendered":"Memoria USB con forma de escritorio y silla"},"content":{"rendered":"<p>Esta memoria USB presenta un dise\u00f1o de silla y escritorio con colores vivos y vibrantes, lo que la convierte en una herramienta de almacenamiento pr\u00e1ctica y divertida para el d\u00eda a d\u00eda.<\/p>\n\n\n\n<div class=\"wp-block-columns is-layout-flex wp-container-core-columns-is-layout-1 wp-block-columns-is-layout-flex\">\n<div class=\"wp-block-column is-layout-flow wp-block-column-is-layout-flow\">\n<figure class=\"wp-block-image size-full\"><img fetchpriority=\"high\" decoding=\"async\" width=\"800\" height=\"800\" src=\"https:\/\/www.yousanusb.com\/wp-content\/uploads\/2024\/11\/desk-and-chair-usb-flash-drive-pendrive-3.jpg\" alt=\"\" class=\"wp-image-10794\" srcset=\"https:\/\/www.yousanusb.com\/wp-content\/uploads\/2024\/11\/desk-and-chair-usb-flash-drive-pendrive-3.jpg 800w, https:\/\/www.yousanusb.com\/wp-content\/uploads\/2024\/11\/desk-and-chair-usb-flash-drive-pendrive-3-300x300.jpg 300w, https:\/\/www.yousanusb.com\/wp-content\/uploads\/2024\/11\/desk-and-chair-usb-flash-drive-pendrive-3-150x150.jpg 150w, https:\/\/www.yousanusb.com\/wp-content\/uploads\/2024\/11\/desk-and-chair-usb-flash-drive-pendrive-3-768x768.jpg 768w, https:\/\/www.yousanusb.com\/wp-content\/uploads\/2024\/11\/desk-and-chair-usb-flash-drive-pendrive-3-600x600.jpg 600w, https:\/\/www.yousanusb.com\/wp-content\/uploads\/2024\/11\/desk-and-chair-usb-flash-drive-pendrive-3-100x100.jpg 100w\" sizes=\"(max-width: 800px) 100vw, 800px\" \/><\/figure>\n<\/div>\n\n\n\n<div class=\"wp-block-column is-vertically-aligned-center is-layout-flow wp-block-column-is-layout-flow\">\n<p>Presenta dos tipos: unidades USB de silla y unidades USB de escritorio. <\/p>\n\n\n\n<p>La silla usb drives tiene la forma de un taburete en miniatura, con el puerto USB oculto dentro de su cuerpo y un peque\u00f1o bloque cuadrado que sirve de tapa del puerto. <\/p>\n\n\n\n<p>La unidad USB de sobremesa utiliza un tablero de mesa como cuerpo de la unidad USB, con un puerto est\u00e1ndar en su parte inferior, complementado con m\u00faltiples accesorios en forma de taburete.<\/p>\n\n\n\n<p> Este dise\u00f1o recrea la forma familiar de los muebles cotidianos a la vez que integra la funcionalidad de almacenamiento en una pieza ornamental: sirve como decoraci\u00f3n de escritorio cuando no se utiliza y se separa f\u00e1cilmente para conectar dispositivos y acceder a datos cuando es necesario. Combina con maestr\u00eda creatividad y sentido pr\u00e1ctico.<\/p>\n<\/div>\n<\/div>\n\n\n\n<div class=\"wp-block-columns is-layout-flex wp-container-core-columns-is-layout-2 wp-block-columns-is-layout-flex\">\n<div class=\"wp-block-column is-vertically-aligned-center is-layout-flow wp-block-column-is-layout-flow\">\n<p>El material es pl\u00e1stico ABS respetuoso con el medio ambiente, ligero pero duradero, lo que facilita su transporte sin carga a\u00f1adida. Su precio asequible lo convierte en un regalo promocional ideal.<\/p>\n\n\n\n<p>Con un color verde fluorescente uniforme y vibrante, presenta un tono brillante y de gran visibilidad. El dise\u00f1o general es limpio y coherente, y complementa la mayor\u00eda de los entornos de escritorio.<\/p>\n\n\n\n<p>Funcionalmente, cuenta con una interfaz USB est\u00e1ndar compatible con dispositivos electr\u00f3nicos comunes como ordenadores y tabletas. Compatible con los principales protocolos de transferencia, ofrece velocidades de lectura\/escritura estables para almacenar y transferir archivos cotidianos como documentos, im\u00e1genes y v\u00eddeos peque\u00f1os. <\/p>\n\n\n\n<p>Disponible en capacidades pr\u00e1cticas como 8 GB y 16 GB, garantiza un almacenamiento seguro de los datos y satisface las necesidades b\u00e1sicas de almacenamiento para el trabajo de oficina, el estudio y escenarios similares.<\/p>\n<\/div>\n\n\n\n<div class=\"wp-block-column is-layout-flow wp-block-column-is-layout-flow\">\n<figure class=\"wp-block-image size-full\"><img decoding=\"async\" width=\"800\" height=\"800\" src=\"https:\/\/www.yousanusb.com\/wp-content\/uploads\/2024\/11\/desk-and-chair-usb-flash-drive-pendrive-4.jpg\" alt=\"\" class=\"wp-image-10795\" srcset=\"https:\/\/www.yousanusb.com\/wp-content\/uploads\/2024\/11\/desk-and-chair-usb-flash-drive-pendrive-4.jpg 800w, https:\/\/www.yousanusb.com\/wp-content\/uploads\/2024\/11\/desk-and-chair-usb-flash-drive-pendrive-4-300x300.jpg 300w, https:\/\/www.yousanusb.com\/wp-content\/uploads\/2024\/11\/desk-and-chair-usb-flash-drive-pendrive-4-150x150.jpg 150w, https:\/\/www.yousanusb.com\/wp-content\/uploads\/2024\/11\/desk-and-chair-usb-flash-drive-pendrive-4-768x768.jpg 768w, https:\/\/www.yousanusb.com\/wp-content\/uploads\/2024\/11\/desk-and-chair-usb-flash-drive-pendrive-4-600x600.jpg 600w, https:\/\/www.yousanusb.com\/wp-content\/uploads\/2024\/11\/desk-and-chair-usb-flash-drive-pendrive-4-100x100.jpg 100w\" sizes=\"(max-width: 800px) 100vw, 800px\" \/><\/figure>\n<\/div>\n<\/div>","protected":false},"excerpt":{"rendered":"<ul>\n<li>Usb con forma de silla<\/li>\n<li>USB con forma de escritorio<\/li>\n<li>MOQ:500PCS<\/li>\n<li>Logotipo personalizado<\/li>\n<li>Precio al por mayor<\/li>\n<\/ul>","protected":false},"featured_media":10794,"comment_status":"open","ping_status":"closed","template":"","meta":{"_seopress_robots_primary_cat":"none","_seopress_titles_title":"Desk And Chair Shaped USB Flash Drive","_seopress_titles_desc":"","_seopress_robots_index":""},"class_list":["post-10798","product","type-product","status-publish","has-post-thumbnail","hentry","product_cat-usb-flash-drive","product_tag-chair-usb-flash-drive","product_tag-desk-usb-flash-drive"],"_links":{"self":[{"href":"https:\/\/www.yousanusb.com\/es\/wp-json\/wp\/v2\/product\/10798"}],"collection":[{"href":"https:\/\/www.yousanusb.com\/es\/wp-json\/wp\/v2\/product"}],"about":[{"href":"https:\/\/www.yousanusb.com\/es\/wp-json\/wp\/v2\/types\/product"}],"replies":[{"embeddable":true,"href":"https:\/\/www.yousanusb.com\/es\/wp-json\/wp\/v2\/comments?post=10798"}],"wp:featuredmedia":[{"embeddable":true,"href":"https:\/\/www.yousanusb.com\/es\/wp-json\/wp\/v2\/media\/10794"}],"wp:attachment":[{"href":"https:\/\/www.yousanusb.com\/es\/wp-json\/wp\/v2\/media?parent=10798"}],"curies":[{"name":"wp","href":"https:\/\/api.w.org\/{rel}","templated":true}]}}