{"id":10909,"date":"2024-11-24T03:20:05","date_gmt":"2024-11-24T03:20:05","guid":{"rendered":"https:\/\/yousanusb.com\/?post_type=product&#038;p=10909"},"modified":"2025-10-06T00:27:22","modified_gmt":"2025-10-06T00:27:22","slug":"new-rotating-usb-c-usb-flash-drive-for-phone","status":"publish","type":"product","link":"https:\/\/www.yousanusb.com\/es\/producto\/new-rotating-usb-c-usb-flash-drive-for-phone\/","title":{"rendered":"Nueva memoria USB-C giratoria para el tel\u00e9fono"},"content":{"rendered":"<p>Esta memoria USB giratoria est\u00e1 dise\u00f1ada espec\u00edficamente para smartphones y es perfectamente compatible con dispositivos con puerto Type-C. No se necesitan inc\u00f3modos adaptadores: se conecta directamente al tel\u00e9fono para ampliar el almacenamiento al instante en cualquier momento y lugar, lo que permite transferir archivos de forma r\u00e1pida y c\u00f3moda.<\/p>\n\n\n\n<div class=\"wp-block-columns is-layout-flex wp-container-core-columns-is-layout-1 wp-block-columns-is-layout-flex\">\n<div class=\"wp-block-column is-layout-flow wp-block-column-is-layout-flow\">\n<figure class=\"wp-block-image size-full\"><img fetchpriority=\"high\" decoding=\"async\" width=\"800\" height=\"800\" src=\"https:\/\/www.yousanusb.com\/wp-content\/uploads\/2021\/06\/silver-New-rotating-USB-C-USB-flash-drive-for-phone.jpg\" alt=\"\" class=\"wp-image-18873\" srcset=\"https:\/\/www.yousanusb.com\/wp-content\/uploads\/2021\/06\/silver-New-rotating-USB-C-USB-flash-drive-for-phone.jpg 800w, https:\/\/www.yousanusb.com\/wp-content\/uploads\/2021\/06\/silver-New-rotating-USB-C-USB-flash-drive-for-phone-300x300.jpg 300w, https:\/\/www.yousanusb.com\/wp-content\/uploads\/2021\/06\/silver-New-rotating-USB-C-USB-flash-drive-for-phone-150x150.jpg 150w, https:\/\/www.yousanusb.com\/wp-content\/uploads\/2021\/06\/silver-New-rotating-USB-C-USB-flash-drive-for-phone-768x768.jpg 768w, https:\/\/www.yousanusb.com\/wp-content\/uploads\/2021\/06\/silver-New-rotating-USB-C-USB-flash-drive-for-phone-12x12.jpg 12w, https:\/\/www.yousanusb.com\/wp-content\/uploads\/2021\/06\/silver-New-rotating-USB-C-USB-flash-drive-for-phone-600x600.jpg 600w, https:\/\/www.yousanusb.com\/wp-content\/uploads\/2021\/06\/silver-New-rotating-USB-C-USB-flash-drive-for-phone-100x100.jpg 100w\" sizes=\"(max-width: 800px) 100vw, 800px\" \/><\/figure>\n<\/div>\n\n\n\n<div class=\"wp-block-column is-vertically-aligned-center is-layout-flow wp-block-column-is-layout-flow\">\n<p>Con un exclusivo dise\u00f1o giratorio, protege la interfaz de posibles da\u00f1os, al tiempo que ofrece un c\u00f3modo almacenamiento y portabilidad. Equipado con una avanzada interfaz USB 3.0, ofrece capacidades de transferencia de datos a alta velocidad. Ya se trate de transferir fotos, v\u00eddeos o archivos de gran tama\u00f1o, realiza las tareas a la velocidad del rayo, lo que ahorra tiempo y aumenta la eficiencia.<\/p>\n\n\n\n<p>Desde profesionales que manejan documentos empresariales y entusiastas de la tecnolog\u00eda que almacenan recursos multimedia, hasta mam\u00e1s que preservan los momentos de crecimiento de sus hijos y propietarios de autom\u00f3viles que crean sus bibliotecas de m\u00fasica en el coche, esta unidad USB giratoria ofrece valor en diversos escenarios, haciendo que el almacenamiento y el intercambio de datos sean c\u00f3modos y de primera calidad.<\/p>\n<\/div>\n<\/div>","protected":false},"excerpt":{"rendered":"<ul>\n<li>Memoria USB OTG<\/li>\n<li>MOQ:100pcs<\/li>\n<li>Precio al por mayor<\/li>\n<li>USB2.0 y USB3.0 puede elegir<\/li>\n<li>Logotipo personalizado<\/li>\n<\/ul>","protected":false},"featured_media":13325,"comment_status":"open","ping_status":"closed","template":"","meta":{"_seopress_robots_primary_cat":"none","_seopress_titles_title":"New rotating USB-C USB flash drive for phone","_seopress_titles_desc":"This USB flash drive is specially designed for cell phones,perfectly adapted to TYPE-C interface cell phones,so you do not need to cumbersome adapter,easy to realize the direct connection between the cell phone and the USB flash drive","_seopress_robots_index":""},"class_list":["post-10909","product","type-product","status-publish","has-post-thumbnail","hentry","product_cat-usb30-flash-drive","product_cat-rotating-usb-flash-drive","product_cat-otg-usb-flash-drive","product_tag-rotating-usb-c-usb-flash-drive-for-phone","product_tag-custom-metal-keychain-usb-flash-drive","product_tag-otg-usb-flash-drive","product_tag-buy-metal-leather-usb-flash-drive"],"_links":{"self":[{"href":"https:\/\/www.yousanusb.com\/es\/wp-json\/wp\/v2\/product\/10909"}],"collection":[{"href":"https:\/\/www.yousanusb.com\/es\/wp-json\/wp\/v2\/product"}],"about":[{"href":"https:\/\/www.yousanusb.com\/es\/wp-json\/wp\/v2\/types\/product"}],"replies":[{"embeddable":true,"href":"https:\/\/www.yousanusb.com\/es\/wp-json\/wp\/v2\/comments?post=10909"}],"wp:featuredmedia":[{"embeddable":true,"href":"https:\/\/www.yousanusb.com\/es\/wp-json\/wp\/v2\/media\/13325"}],"wp:attachment":[{"href":"https:\/\/www.yousanusb.com\/es\/wp-json\/wp\/v2\/media?parent=10909"}],"curies":[{"name":"wp","href":"https:\/\/api.w.org\/{rel}","templated":true}]}}