{"id":10943,"date":"2024-11-24T16:19:28","date_gmt":"2024-11-24T16:19:28","guid":{"rendered":"https:\/\/yousanusb.com\/?post_type=product&#038;p=10943"},"modified":"2025-10-05T08:22:45","modified_gmt":"2025-10-05T08:22:45","slug":"aluminum-alloy-usb-c-pendrive","status":"publish","type":"product","link":"https:\/\/www.yousanusb.com\/es\/producto\/aluminum-alloy-usb-c-pendrive\/","title":{"rendered":"Pendrive usb c de aleaci\u00f3n de aluminio"},"content":{"rendered":"<div class=\"wp-block-columns is-layout-flex wp-container-core-columns-is-layout-1 wp-block-columns-is-layout-flex\">\n<div class=\"wp-block-column is-layout-flow wp-block-column-is-layout-flow\">\n<figure class=\"wp-block-image size-full\"><img fetchpriority=\"high\" decoding=\"async\" width=\"800\" height=\"800\" src=\"https:\/\/www.yousanusb.com\/wp-content\/uploads\/2024\/11\/Aluminum-alloy-usb-c-pendrive-7.jpg\" alt=\"\" class=\"wp-image-10950\" srcset=\"https:\/\/www.yousanusb.com\/wp-content\/uploads\/2024\/11\/Aluminum-alloy-usb-c-pendrive-7.jpg 800w, https:\/\/www.yousanusb.com\/wp-content\/uploads\/2024\/11\/Aluminum-alloy-usb-c-pendrive-7-300x300.jpg 300w, https:\/\/www.yousanusb.com\/wp-content\/uploads\/2024\/11\/Aluminum-alloy-usb-c-pendrive-7-150x150.jpg 150w, https:\/\/www.yousanusb.com\/wp-content\/uploads\/2024\/11\/Aluminum-alloy-usb-c-pendrive-7-768x768.jpg 768w, https:\/\/www.yousanusb.com\/wp-content\/uploads\/2024\/11\/Aluminum-alloy-usb-c-pendrive-7-600x600.jpg 600w, https:\/\/www.yousanusb.com\/wp-content\/uploads\/2024\/11\/Aluminum-alloy-usb-c-pendrive-7-100x100.jpg 100w\" sizes=\"(max-width: 800px) 100vw, 800px\" \/><\/figure>\n<\/div>\n\n\n\n<div class=\"wp-block-column is-vertically-aligned-center is-layout-flow wp-block-column-is-layout-flow\">\n<p>Esta unidad USB de doble interfaz con carcasa de aleaci\u00f3n de aluminio es muy apreciada por los creadores de tendencias por su aspecto elegante.<\/p>\n\n\n\n<p>Destaca por su cuerpo de aleaci\u00f3n de aluminio. Disponible en una rica paleta de colores -negro, dorado, blanco, rojo y azul-, satisface las sofisticadas exigencias de los entornos empresariales, al tiempo que satisface la b\u00fasqueda de individualidad de los usuarios j\u00f3venes. Las tapas protectoras transparentes en ambos extremos protegen los puertos del polvo y los ara\u00f1azos, al tiempo que permiten a los usuarios identificar al instante el tipo de puerto para un uso m\u00e1s c\u00f3modo.<\/p>\n<\/div>\n<\/div>\n\n\n\n<p>Dise\u00f1o de doble puerto: Un extremo cuenta con un puerto USB est\u00e1ndar para una conectividad perfecta con ordenadores de sobremesa y port\u00e1tiles. Tanto si se trata de la estaci\u00f3n de trabajo de la oficina como de un ultrabook port\u00e1til, reconoce r\u00e1pidamente los dispositivos para almacenar y recuperar archivos sin esfuerzo. El otro extremo cuenta con un puerto Micro USB, perfectamente compatible con tel\u00e9fonos Android antiguos, tabletas e incluso algunos dispositivos digitales compactos. Esto permite a los usuarios de Android transferir directamente fotos, v\u00eddeos y documentos desde sus tel\u00e9fonos a la unidad flash, o importar archivos desde la unidad para verlos y editarlos en sus dispositivos, todo ello sin necesidad de adaptadores adicionales. En la pr\u00e1ctica, admite la funcionalidad plug-and-play, lo que elimina la necesidad de controladores adicionales y reduce significativamente la curva de aprendizaje.<\/p>\n\n\n\n<div class=\"wp-block-columns is-layout-flex wp-container-core-columns-is-layout-2 wp-block-columns-is-layout-flex\">\n<div class=\"wp-block-column is-layout-flow wp-block-column-is-layout-flow\">\n<figure class=\"wp-block-image size-large\"><img decoding=\"async\" width=\"1024\" height=\"1024\" src=\"https:\/\/www.yousanusb.com\/wp-content\/uploads\/2024\/11\/O1CN01xnMqn21TrjuDyXQXw_2206890492436-0-cib-1024x1024.jpg\" alt=\"\" class=\"wp-image-19526\" srcset=\"https:\/\/www.yousanusb.com\/wp-content\/uploads\/2024\/11\/O1CN01xnMqn21TrjuDyXQXw_2206890492436-0-cib-1024x1024.jpg 1024w, https:\/\/www.yousanusb.com\/wp-content\/uploads\/2024\/11\/O1CN01xnMqn21TrjuDyXQXw_2206890492436-0-cib-300x300.jpg 300w, https:\/\/www.yousanusb.com\/wp-content\/uploads\/2024\/11\/O1CN01xnMqn21TrjuDyXQXw_2206890492436-0-cib-150x150.jpg 150w, https:\/\/www.yousanusb.com\/wp-content\/uploads\/2024\/11\/O1CN01xnMqn21TrjuDyXQXw_2206890492436-0-cib-768x767.jpg 768w, https:\/\/www.yousanusb.com\/wp-content\/uploads\/2024\/11\/O1CN01xnMqn21TrjuDyXQXw_2206890492436-0-cib-12x12.jpg 12w, https:\/\/www.yousanusb.com\/wp-content\/uploads\/2024\/11\/O1CN01xnMqn21TrjuDyXQXw_2206890492436-0-cib-600x600.jpg 600w, https:\/\/www.yousanusb.com\/wp-content\/uploads\/2024\/11\/O1CN01xnMqn21TrjuDyXQXw_2206890492436-0-cib-100x100.jpg 100w, https:\/\/www.yousanusb.com\/wp-content\/uploads\/2024\/11\/O1CN01xnMqn21TrjuDyXQXw_2206890492436-0-cib.jpg 1223w\" sizes=\"(max-width: 1024px) 100vw, 1024px\" \/><\/figure>\n<\/div>\n\n\n\n<div class=\"wp-block-column is-vertically-aligned-center is-layout-flow wp-block-column-is-layout-flow\">\n<figure class=\"wp-block-image size-large\"><img decoding=\"async\" width=\"1024\" height=\"1024\" src=\"https:\/\/www.yousanusb.com\/wp-content\/uploads\/2024\/11\/O1CN01G9DuQ41TrjuFFp5zi_2206890492436-0-cib-1024x1024.jpg\" alt=\"\" class=\"wp-image-19522\" srcset=\"https:\/\/www.yousanusb.com\/wp-content\/uploads\/2024\/11\/O1CN01G9DuQ41TrjuFFp5zi_2206890492436-0-cib-1024x1024.jpg 1024w, https:\/\/www.yousanusb.com\/wp-content\/uploads\/2024\/11\/O1CN01G9DuQ41TrjuFFp5zi_2206890492436-0-cib-300x300.jpg 300w, https:\/\/www.yousanusb.com\/wp-content\/uploads\/2024\/11\/O1CN01G9DuQ41TrjuFFp5zi_2206890492436-0-cib-150x150.jpg 150w, https:\/\/www.yousanusb.com\/wp-content\/uploads\/2024\/11\/O1CN01G9DuQ41TrjuFFp5zi_2206890492436-0-cib-768x768.jpg 768w, https:\/\/www.yousanusb.com\/wp-content\/uploads\/2024\/11\/O1CN01G9DuQ41TrjuFFp5zi_2206890492436-0-cib-12x12.jpg 12w, https:\/\/www.yousanusb.com\/wp-content\/uploads\/2024\/11\/O1CN01G9DuQ41TrjuFFp5zi_2206890492436-0-cib-600x600.jpg 600w, https:\/\/www.yousanusb.com\/wp-content\/uploads\/2024\/11\/O1CN01G9DuQ41TrjuFFp5zi_2206890492436-0-cib-100x100.jpg 100w, https:\/\/www.yousanusb.com\/wp-content\/uploads\/2024\/11\/O1CN01G9DuQ41TrjuFFp5zi_2206890492436-0-cib.jpg 1252w\" sizes=\"(max-width: 1024px) 100vw, 1024px\" \/><\/figure>\n<\/div>\n\n\n\n<div class=\"wp-block-column is-layout-flow wp-block-column-is-layout-flow\">\n<figure class=\"wp-block-image size-large\"><img loading=\"lazy\" decoding=\"async\" width=\"1024\" height=\"1024\" src=\"https:\/\/www.yousanusb.com\/wp-content\/uploads\/2024\/11\/O1CN01F7Am5l1TrjuF81YHe_2206890492436-0-cib-1024x1024.jpg\" alt=\"\" class=\"wp-image-19521\" srcset=\"https:\/\/www.yousanusb.com\/wp-content\/uploads\/2024\/11\/O1CN01F7Am5l1TrjuF81YHe_2206890492436-0-cib-1024x1024.jpg 1024w, https:\/\/www.yousanusb.com\/wp-content\/uploads\/2024\/11\/O1CN01F7Am5l1TrjuF81YHe_2206890492436-0-cib-300x300.jpg 300w, https:\/\/www.yousanusb.com\/wp-content\/uploads\/2024\/11\/O1CN01F7Am5l1TrjuF81YHe_2206890492436-0-cib-150x150.jpg 150w, https:\/\/www.yousanusb.com\/wp-content\/uploads\/2024\/11\/O1CN01F7Am5l1TrjuF81YHe_2206890492436-0-cib-768x768.jpg 768w, https:\/\/www.yousanusb.com\/wp-content\/uploads\/2024\/11\/O1CN01F7Am5l1TrjuF81YHe_2206890492436-0-cib-12x12.jpg 12w, https:\/\/www.yousanusb.com\/wp-content\/uploads\/2024\/11\/O1CN01F7Am5l1TrjuF81YHe_2206890492436-0-cib-600x600.jpg 600w, https:\/\/www.yousanusb.com\/wp-content\/uploads\/2024\/11\/O1CN01F7Am5l1TrjuF81YHe_2206890492436-0-cib-100x100.jpg 100w, https:\/\/www.yousanusb.com\/wp-content\/uploads\/2024\/11\/O1CN01F7Am5l1TrjuF81YHe_2206890492436-0-cib.jpg 1111w\" sizes=\"(max-width: 1024px) 100vw, 1024px\" \/><\/figure>\n<\/div>\n<\/div>\n\n\n\n<div class=\"wp-block-columns is-layout-flex wp-container-core-columns-is-layout-3 wp-block-columns-is-layout-flex\">\n<div class=\"wp-block-column is-layout-flow wp-block-column-is-layout-flow\">\n<figure class=\"wp-block-image size-large\"><img loading=\"lazy\" decoding=\"async\" width=\"1024\" height=\"1024\" src=\"https:\/\/www.yousanusb.com\/wp-content\/uploads\/2024\/11\/O1CN01U1iEW61TrjuE4HQnR_2206890492436-0-cib-1024x1024.jpg\" alt=\"\" class=\"wp-image-19525\" srcset=\"https:\/\/www.yousanusb.com\/wp-content\/uploads\/2024\/11\/O1CN01U1iEW61TrjuE4HQnR_2206890492436-0-cib-1024x1024.jpg 1024w, https:\/\/www.yousanusb.com\/wp-content\/uploads\/2024\/11\/O1CN01U1iEW61TrjuE4HQnR_2206890492436-0-cib-300x300.jpg 300w, https:\/\/www.yousanusb.com\/wp-content\/uploads\/2024\/11\/O1CN01U1iEW61TrjuE4HQnR_2206890492436-0-cib-150x150.jpg 150w, https:\/\/www.yousanusb.com\/wp-content\/uploads\/2024\/11\/O1CN01U1iEW61TrjuE4HQnR_2206890492436-0-cib-768x768.jpg 768w, https:\/\/www.yousanusb.com\/wp-content\/uploads\/2024\/11\/O1CN01U1iEW61TrjuE4HQnR_2206890492436-0-cib-12x12.jpg 12w, https:\/\/www.yousanusb.com\/wp-content\/uploads\/2024\/11\/O1CN01U1iEW61TrjuE4HQnR_2206890492436-0-cib-600x600.jpg 600w, https:\/\/www.yousanusb.com\/wp-content\/uploads\/2024\/11\/O1CN01U1iEW61TrjuE4HQnR_2206890492436-0-cib-100x100.jpg 100w, https:\/\/www.yousanusb.com\/wp-content\/uploads\/2024\/11\/O1CN01U1iEW61TrjuE4HQnR_2206890492436-0-cib.jpg 1127w\" sizes=\"(max-width: 1024px) 100vw, 1024px\" \/><\/figure>\n<\/div>\n\n\n\n<div class=\"wp-block-column is-layout-flow wp-block-column-is-layout-flow\">\n<figure class=\"wp-block-image size-large\"><img loading=\"lazy\" decoding=\"async\" width=\"1024\" height=\"1024\" src=\"https:\/\/www.yousanusb.com\/wp-content\/uploads\/2024\/11\/O1CN01rzM9Pp1TrjuEUk5AS_2206890492436-0-cib-1024x1024.jpg\" alt=\"\" class=\"wp-image-19524\" srcset=\"https:\/\/www.yousanusb.com\/wp-content\/uploads\/2024\/11\/O1CN01rzM9Pp1TrjuEUk5AS_2206890492436-0-cib-1024x1024.jpg 1024w, https:\/\/www.yousanusb.com\/wp-content\/uploads\/2024\/11\/O1CN01rzM9Pp1TrjuEUk5AS_2206890492436-0-cib-300x300.jpg 300w, https:\/\/www.yousanusb.com\/wp-content\/uploads\/2024\/11\/O1CN01rzM9Pp1TrjuEUk5AS_2206890492436-0-cib-150x150.jpg 150w, https:\/\/www.yousanusb.com\/wp-content\/uploads\/2024\/11\/O1CN01rzM9Pp1TrjuEUk5AS_2206890492436-0-cib-768x768.jpg 768w, https:\/\/www.yousanusb.com\/wp-content\/uploads\/2024\/11\/O1CN01rzM9Pp1TrjuEUk5AS_2206890492436-0-cib-12x12.jpg 12w, https:\/\/www.yousanusb.com\/wp-content\/uploads\/2024\/11\/O1CN01rzM9Pp1TrjuEUk5AS_2206890492436-0-cib-600x600.jpg 600w, https:\/\/www.yousanusb.com\/wp-content\/uploads\/2024\/11\/O1CN01rzM9Pp1TrjuEUk5AS_2206890492436-0-cib-100x100.jpg 100w, https:\/\/www.yousanusb.com\/wp-content\/uploads\/2024\/11\/O1CN01rzM9Pp1TrjuEUk5AS_2206890492436-0-cib.jpg 1271w\" sizes=\"(max-width: 1024px) 100vw, 1024px\" \/><\/figure>\n<\/div>\n\n\n\n<div class=\"wp-block-column is-layout-flow wp-block-column-is-layout-flow\">\n<figure class=\"wp-block-image size-large\"><img loading=\"lazy\" decoding=\"async\" width=\"1024\" height=\"1024\" src=\"https:\/\/www.yousanusb.com\/wp-content\/uploads\/2024\/11\/O1CN01iId5EU1TrjuEGFwWw_2206890492436-0-cib-1024x1024.jpg\" alt=\"\" class=\"wp-image-19523\" srcset=\"https:\/\/www.yousanusb.com\/wp-content\/uploads\/2024\/11\/O1CN01iId5EU1TrjuEGFwWw_2206890492436-0-cib-1024x1024.jpg 1024w, https:\/\/www.yousanusb.com\/wp-content\/uploads\/2024\/11\/O1CN01iId5EU1TrjuEGFwWw_2206890492436-0-cib-300x300.jpg 300w, https:\/\/www.yousanusb.com\/wp-content\/uploads\/2024\/11\/O1CN01iId5EU1TrjuEGFwWw_2206890492436-0-cib-150x150.jpg 150w, https:\/\/www.yousanusb.com\/wp-content\/uploads\/2024\/11\/O1CN01iId5EU1TrjuEGFwWw_2206890492436-0-cib-768x767.jpg 768w, https:\/\/www.yousanusb.com\/wp-content\/uploads\/2024\/11\/O1CN01iId5EU1TrjuEGFwWw_2206890492436-0-cib-12x12.jpg 12w, https:\/\/www.yousanusb.com\/wp-content\/uploads\/2024\/11\/O1CN01iId5EU1TrjuEGFwWw_2206890492436-0-cib-600x600.jpg 600w, https:\/\/www.yousanusb.com\/wp-content\/uploads\/2024\/11\/O1CN01iId5EU1TrjuEGFwWw_2206890492436-0-cib-100x100.jpg 100w, https:\/\/www.yousanusb.com\/wp-content\/uploads\/2024\/11\/O1CN01iId5EU1TrjuEGFwWw_2206890492436-0-cib.jpg 1264w\" sizes=\"(max-width: 1024px) 100vw, 1024px\" \/><\/figure>\n<\/div>\n<\/div>\n\n\n\n<p>Las empresas pueden personalizar su logotipo y utilizarlo como regalo corporativo o como obsequio para un evento, de forma pr\u00e1ctica y con una exposici\u00f3n repetida de la marca.<br><\/p>","protected":false},"excerpt":{"rendered":"<ul>\n<li>2en1 OTG de alta velocidad<\/li>\n<li>Material de aleaci\u00f3n de aluminio<\/li>\n<li>No necesita APP, muchos colores puede elegir<\/li>\n<li>Para tel\u00e9fonos Android<\/li>\n<li>MOQ:100pcs<\/li>\n<\/ul>","protected":false},"featured_media":10950,"comment_status":"open","ping_status":"closed","template":"","meta":{"_seopress_robots_primary_cat":"none","_seopress_titles_title":"Aluminum alloy usb c pendrive","_seopress_titles_desc":"","_seopress_robots_index":""},"class_list":["post-10943","product","type-product","status-publish","has-post-thumbnail","hentry","product_cat-otg-usb-flash-drive","product_tag-aluminum-flash-drive","product_tag-type-c-flash-drive-for-android","product_tag-rose-gold-usb-flash-drive"],"_links":{"self":[{"href":"https:\/\/www.yousanusb.com\/es\/wp-json\/wp\/v2\/product\/10943"}],"collection":[{"href":"https:\/\/www.yousanusb.com\/es\/wp-json\/wp\/v2\/product"}],"about":[{"href":"https:\/\/www.yousanusb.com\/es\/wp-json\/wp\/v2\/types\/product"}],"replies":[{"embeddable":true,"href":"https:\/\/www.yousanusb.com\/es\/wp-json\/wp\/v2\/comments?post=10943"}],"wp:featuredmedia":[{"embeddable":true,"href":"https:\/\/www.yousanusb.com\/es\/wp-json\/wp\/v2\/media\/10950"}],"wp:attachment":[{"href":"https:\/\/www.yousanusb.com\/es\/wp-json\/wp\/v2\/media?parent=10943"}],"curies":[{"name":"wp","href":"https:\/\/api.w.org\/{rel}","templated":true}]}}