{"id":10953,"date":"2024-11-24T16:25:12","date_gmt":"2024-11-24T16:25:12","guid":{"rendered":"https:\/\/yousanusb.com\/?post_type=product&#038;p=10953"},"modified":"2025-10-05T07:48:28","modified_gmt":"2025-10-05T07:48:28","slug":"4-in-1-cross-usb-c-flash-drive","status":"publish","type":"product","link":"https:\/\/www.yousanusb.com\/es\/producto\/4-in-1-cross-usb-c-flash-drive\/","title":{"rendered":"4 en 1 Cross usb c flash drive"},"content":{"rendered":"<p>En la era actual de dispositivos inteligentes generalizados, la colaboraci\u00f3n multidispositivo entre tel\u00e9fonos inteligentes, tabletas y ordenadores se ha convertido en la norma, por lo que la transferencia de datos entre dispositivos es cada vez m\u00e1s esencial. <\/p>\n\n\n\n<div class=\"wp-block-columns is-layout-flex wp-container-core-columns-is-layout-1 wp-block-columns-is-layout-flex\">\n<div class=\"wp-block-column is-vertically-aligned-center is-layout-flow wp-block-column-is-layout-flow\">\n<figure class=\"wp-block-image size-full\"><img fetchpriority=\"high\" decoding=\"async\" width=\"800\" height=\"800\" src=\"https:\/\/www.yousanusb.com\/wp-content\/uploads\/2024\/11\/Cross-usb-c-flash-drive-1.jpg\" alt=\"\" class=\"wp-image-10954\" srcset=\"https:\/\/www.yousanusb.com\/wp-content\/uploads\/2024\/11\/Cross-usb-c-flash-drive-1.jpg 800w, https:\/\/www.yousanusb.com\/wp-content\/uploads\/2024\/11\/Cross-usb-c-flash-drive-1-300x300.jpg 300w, https:\/\/www.yousanusb.com\/wp-content\/uploads\/2024\/11\/Cross-usb-c-flash-drive-1-150x150.jpg 150w, https:\/\/www.yousanusb.com\/wp-content\/uploads\/2024\/11\/Cross-usb-c-flash-drive-1-768x768.jpg 768w, https:\/\/www.yousanusb.com\/wp-content\/uploads\/2024\/11\/Cross-usb-c-flash-drive-1-600x600.jpg 600w, https:\/\/www.yousanusb.com\/wp-content\/uploads\/2024\/11\/Cross-usb-c-flash-drive-1-100x100.jpg 100w\" sizes=\"(max-width: 800px) 100vw, 800px\" \/><\/figure>\n<\/div>\n\n\n\n<div class=\"wp-block-column is-vertically-aligned-center is-layout-flow wp-block-column-is-layout-flow\">\n<p>Esta unidad USB 4 en 1, con un dise\u00f1o de \"cobertura de interfaz completa + almacenamiento pr\u00e1ctico\", sirve como un eficaz puente de datos que rompe las barreras de los dispositivos. Cada puerto est\u00e1 equipado con una tapa protectora transparente para evitar que el polvo y los ara\u00f1azos da\u00f1en los conectores.<br><br>Presenta un dise\u00f1o \u00fanico en forma de cruz que integra a la perfecci\u00f3n cuatro puertos: USB-A, Tipo-C, Lightning y Micro USB.<br><strong>Puerto USB-A<\/strong>: Compatible con ordenadores de sobremesa, port\u00e1tiles, impresoras, accesorios de coche y otros dispositivos con puertos USB tradicionales: un caballo de batalla fiable para entornos de oficina.<br><strong>Puerto Tipo-C<\/strong>: Compatible con tel\u00e9fonos Android, tabletas y port\u00e1tiles m\u00e1s recientes, en l\u00ednea con la tendencia actual hacia la conectividad Type-C.<br><strong>Puerto Lightning<\/strong>: Dise\u00f1ado espec\u00edficamente para dispositivos Apple, permite a los usuarios de iPhone y iPad conectarse directamente sin adaptadores adicionales.<br><strong>Puerto micro USB<\/strong>: Compatible con dispositivos Android m\u00e1s antiguos, lo que garantiza una transferencia de datos sin problemas para los usuarios que a\u00fan conf\u00edan en modelos heredados.<\/p>\n<\/div>\n<\/div>\n\n\n\n<div class=\"wp-block-columns is-layout-flex wp-container-core-columns-is-layout-2 wp-block-columns-is-layout-flex\">\n<div class=\"wp-block-column is-vertically-aligned-center is-layout-flow wp-block-column-is-layout-flow\">\n<p>En la pr\u00e1ctica, esta unidad USB admite la funcionalidad plug-and-play sin necesidad de instalar controladores adicionales, lo que reduce significativamente el umbral operativo. Equipada con chips de almacenamiento de alta velocidad, ofrece un rendimiento estable y eficiente para transferir documentos cotidianos y v\u00eddeos de alta definici\u00f3n, satisfaciendo las necesidades de transmisi\u00f3n en la mayor\u00eda de los escenarios. Adem\u00e1s, la unidad se puede personalizar con logotipos y otros gr\u00e1ficos, lo que permite una exposici\u00f3n repetida de la marca durante las actividades promocionales.<br><\/p>\n<\/div>\n\n\n\n<div class=\"wp-block-column is-layout-flow wp-block-column-is-layout-flow\">\n<figure class=\"wp-block-image size-full\"><img decoding=\"async\" width=\"800\" height=\"800\" src=\"https:\/\/www.yousanusb.com\/wp-content\/uploads\/2024\/11\/Cross-usb-c-flash-drive-5.jpg\" alt=\"\" class=\"wp-image-10958\" srcset=\"https:\/\/www.yousanusb.com\/wp-content\/uploads\/2024\/11\/Cross-usb-c-flash-drive-5.jpg 800w, https:\/\/www.yousanusb.com\/wp-content\/uploads\/2024\/11\/Cross-usb-c-flash-drive-5-300x300.jpg 300w, https:\/\/www.yousanusb.com\/wp-content\/uploads\/2024\/11\/Cross-usb-c-flash-drive-5-150x150.jpg 150w, https:\/\/www.yousanusb.com\/wp-content\/uploads\/2024\/11\/Cross-usb-c-flash-drive-5-768x768.jpg 768w, https:\/\/www.yousanusb.com\/wp-content\/uploads\/2024\/11\/Cross-usb-c-flash-drive-5-600x600.jpg 600w, https:\/\/www.yousanusb.com\/wp-content\/uploads\/2024\/11\/Cross-usb-c-flash-drive-5-100x100.jpg 100w\" sizes=\"(max-width: 800px) 100vw, 800px\" \/><\/figure>\n<\/div>\n<\/div>","protected":false},"excerpt":{"rendered":"<ul>\n<li>4 en 1 OTG de alta velocidad<\/li>\n<li>Para tel\u00e9fonos tipo C, port\u00e1tiles, Mac, PC, etc.<\/li>\n<li>No necesita APP<\/li>\n<li>Amplia compatibilidad<\/li>\n<li>MOQ:100pcs<\/li>\n<\/ul>","protected":false},"featured_media":10956,"comment_status":"open","ping_status":"closed","template":"","meta":{"_seopress_robots_primary_cat":"none","_seopress_titles_title":"4-in-1-Cross usb c flash drive","_seopress_titles_desc":"4 in 1 OTG USB Flash Drive 32GB 64GB 128GB USB 3.0 Type C Phone External Storage Pendrive for iPhone iOS Android Windows","_seopress_robots_index":""},"class_list":["post-10953","product","type-product","status-publish","has-post-thumbnail","hentry","product_cat-otg-usb-flash-drive","product_tag-cross-usb-flash-drive","product_tag-type-c-flash-drive-for-android","product_tag-otg-usb-flash-drive"],"_links":{"self":[{"href":"https:\/\/www.yousanusb.com\/es\/wp-json\/wp\/v2\/product\/10953"}],"collection":[{"href":"https:\/\/www.yousanusb.com\/es\/wp-json\/wp\/v2\/product"}],"about":[{"href":"https:\/\/www.yousanusb.com\/es\/wp-json\/wp\/v2\/types\/product"}],"replies":[{"embeddable":true,"href":"https:\/\/www.yousanusb.com\/es\/wp-json\/wp\/v2\/comments?post=10953"}],"wp:featuredmedia":[{"embeddable":true,"href":"https:\/\/www.yousanusb.com\/es\/wp-json\/wp\/v2\/media\/10956"}],"wp:attachment":[{"href":"https:\/\/www.yousanusb.com\/es\/wp-json\/wp\/v2\/media?parent=10953"}],"curies":[{"name":"wp","href":"https:\/\/api.w.org\/{rel}","templated":true}]}}