{"id":10962,"date":"2024-11-24T16:31:33","date_gmt":"2024-11-24T16:31:33","guid":{"rendered":"https:\/\/yousanusb.com\/?post_type=product&#038;p=10962"},"modified":"2025-10-16T06:48:53","modified_gmt":"2025-10-16T06:48:53","slug":"caterpillar-shaped-usb-c-to-usb-memory-stick","status":"publish","type":"product","link":"https:\/\/www.yousanusb.com\/es\/producto\/caterpillar-shaped-usb-c-to-usb-memory-stick\/","title":{"rendered":"L\u00e1piz de memoria usb c a usb con forma de oruga"},"content":{"rendered":"<p>Esta unidad flash USB C con forma de oruga de dibujos animados presenta un dise\u00f1o de oruga vivo y alegre. Su cabeza tiene dos divertidas antenas y ojos redondos de dibujos animados, lo que le da un aspecto adorable y entra\u00f1able. El cuerpo principal imita el cuerpo segmentado de una oruga, lo que facilita el agarre y la inserci\u00f3n\/extracci\u00f3n. Su adorable forma lo convierte no s\u00f3lo en una herramienta de almacenamiento, sino tambi\u00e9n en un encantador adorno de escritorio.<\/p>\n\n\n\n<p>Esta memoria USB con forma de oruga de dibujos animados est\u00e1 fabricada en PVC. Protege eficazmente el chip de almacenamiento interno de las ca\u00eddas y la presi\u00f3n. Tambi\u00e9n ofrece una ligera resistencia al agua, soportando peque\u00f1os derrames y accidentes para prolongar la vida \u00fatil del producto.<\/p>\n\n\n\n<div class=\"wp-block-columns is-layout-flex wp-container-core-columns-is-layout-1 wp-block-columns-is-layout-flex\">\n<div class=\"wp-block-column is-layout-flow wp-block-column-is-layout-flow\">\n<figure class=\"wp-block-image size-full\"><img fetchpriority=\"high\" decoding=\"async\" width=\"800\" height=\"800\" src=\"https:\/\/www.yousanusb.com\/wp-content\/uploads\/2024\/11\/Caterpillar-shaped-usb-c-to-usb-memory-stick-1.jpg\" alt=\"\" class=\"wp-image-10963\" srcset=\"https:\/\/www.yousanusb.com\/wp-content\/uploads\/2024\/11\/Caterpillar-shaped-usb-c-to-usb-memory-stick-1.jpg 800w, https:\/\/www.yousanusb.com\/wp-content\/uploads\/2024\/11\/Caterpillar-shaped-usb-c-to-usb-memory-stick-1-300x300.jpg 300w, https:\/\/www.yousanusb.com\/wp-content\/uploads\/2024\/11\/Caterpillar-shaped-usb-c-to-usb-memory-stick-1-150x150.jpg 150w, https:\/\/www.yousanusb.com\/wp-content\/uploads\/2024\/11\/Caterpillar-shaped-usb-c-to-usb-memory-stick-1-768x768.jpg 768w, https:\/\/www.yousanusb.com\/wp-content\/uploads\/2024\/11\/Caterpillar-shaped-usb-c-to-usb-memory-stick-1-600x600.jpg 600w, https:\/\/www.yousanusb.com\/wp-content\/uploads\/2024\/11\/Caterpillar-shaped-usb-c-to-usb-memory-stick-1-100x100.jpg 100w\" sizes=\"(max-width: 800px) 100vw, 800px\" \/><\/figure>\n<\/div>\n\n\n\n<div class=\"wp-block-column is-layout-flow wp-block-column-is-layout-flow\">\n<figure class=\"wp-block-image size-full\"><img decoding=\"async\" width=\"800\" height=\"800\" src=\"https:\/\/www.yousanusb.com\/wp-content\/uploads\/2024\/11\/Caterpillar-shaped-usb-c-to-usb-memory-stick-3.jpg\" alt=\"\" class=\"wp-image-10965\" srcset=\"https:\/\/www.yousanusb.com\/wp-content\/uploads\/2024\/11\/Caterpillar-shaped-usb-c-to-usb-memory-stick-3.jpg 800w, https:\/\/www.yousanusb.com\/wp-content\/uploads\/2024\/11\/Caterpillar-shaped-usb-c-to-usb-memory-stick-3-300x300.jpg 300w, https:\/\/www.yousanusb.com\/wp-content\/uploads\/2024\/11\/Caterpillar-shaped-usb-c-to-usb-memory-stick-3-150x150.jpg 150w, https:\/\/www.yousanusb.com\/wp-content\/uploads\/2024\/11\/Caterpillar-shaped-usb-c-to-usb-memory-stick-3-768x768.jpg 768w, https:\/\/www.yousanusb.com\/wp-content\/uploads\/2024\/11\/Caterpillar-shaped-usb-c-to-usb-memory-stick-3-600x600.jpg 600w, https:\/\/www.yousanusb.com\/wp-content\/uploads\/2024\/11\/Caterpillar-shaped-usb-c-to-usb-memory-stick-3-100x100.jpg 100w\" sizes=\"(max-width: 800px) 100vw, 800px\" \/><\/figure>\n<\/div>\n<\/div>\n\n\n\n<p>Equipado con un puerto USB est\u00e1ndar y un puerto Micro USB. El puerto USB est\u00e1ndar es compatible con la mayor\u00eda de ordenadores y port\u00e1tiles, satisfaciendo las necesidades de almacenamiento y transferencia de datos para el trabajo y el estudio. El puerto Micro USB es compatible con algunos smartphones y tabletas m\u00e1s antiguos, lo que facilita la transferencia de fotos, documentos, v\u00eddeos y otros archivos entre tel\u00e9fonos y ordenadores para ampliar los escenarios de uso.<\/p>\n\n\n\n<div class=\"wp-block-columns is-layout-flex wp-container-core-columns-is-layout-2 wp-block-columns-is-layout-flex\">\n<div class=\"wp-block-column is-layout-flow wp-block-column-is-layout-flow\">\n<figure class=\"wp-block-image size-full\"><img decoding=\"async\" width=\"800\" height=\"800\" src=\"https:\/\/www.yousanusb.com\/wp-content\/uploads\/2024\/11\/Caterpillar-shaped-usb-c-to-usb-memory-stick-6.jpg\" alt=\"\" class=\"wp-image-10968\" srcset=\"https:\/\/www.yousanusb.com\/wp-content\/uploads\/2024\/11\/Caterpillar-shaped-usb-c-to-usb-memory-stick-6.jpg 800w, https:\/\/www.yousanusb.com\/wp-content\/uploads\/2024\/11\/Caterpillar-shaped-usb-c-to-usb-memory-stick-6-300x300.jpg 300w, https:\/\/www.yousanusb.com\/wp-content\/uploads\/2024\/11\/Caterpillar-shaped-usb-c-to-usb-memory-stick-6-150x150.jpg 150w, https:\/\/www.yousanusb.com\/wp-content\/uploads\/2024\/11\/Caterpillar-shaped-usb-c-to-usb-memory-stick-6-768x768.jpg 768w, https:\/\/www.yousanusb.com\/wp-content\/uploads\/2024\/11\/Caterpillar-shaped-usb-c-to-usb-memory-stick-6-600x600.jpg 600w, https:\/\/www.yousanusb.com\/wp-content\/uploads\/2024\/11\/Caterpillar-shaped-usb-c-to-usb-memory-stick-6-100x100.jpg 100w\" sizes=\"(max-width: 800px) 100vw, 800px\" \/><\/figure>\n<\/div>\n\n\n\n<div class=\"wp-block-column is-layout-flow wp-block-column-is-layout-flow\">\n<figure class=\"wp-block-image size-full\"><img loading=\"lazy\" decoding=\"async\" width=\"800\" height=\"800\" src=\"https:\/\/www.yousanusb.com\/wp-content\/uploads\/2024\/11\/Caterpillar-shaped-usb-c-to-usb-memory-stick-4.jpg\" alt=\"\" class=\"wp-image-10966\" srcset=\"https:\/\/www.yousanusb.com\/wp-content\/uploads\/2024\/11\/Caterpillar-shaped-usb-c-to-usb-memory-stick-4.jpg 800w, https:\/\/www.yousanusb.com\/wp-content\/uploads\/2024\/11\/Caterpillar-shaped-usb-c-to-usb-memory-stick-4-300x300.jpg 300w, https:\/\/www.yousanusb.com\/wp-content\/uploads\/2024\/11\/Caterpillar-shaped-usb-c-to-usb-memory-stick-4-150x150.jpg 150w, https:\/\/www.yousanusb.com\/wp-content\/uploads\/2024\/11\/Caterpillar-shaped-usb-c-to-usb-memory-stick-4-768x768.jpg 768w, https:\/\/www.yousanusb.com\/wp-content\/uploads\/2024\/11\/Caterpillar-shaped-usb-c-to-usb-memory-stick-4-600x600.jpg 600w, https:\/\/www.yousanusb.com\/wp-content\/uploads\/2024\/11\/Caterpillar-shaped-usb-c-to-usb-memory-stick-4-100x100.jpg 100w\" sizes=\"(max-width: 800px) 100vw, 800px\" \/><\/figure>\n<\/div>\n<\/div>\n\n\n\n<p>La capacidad de almacenamiento admite m\u00faltiples especificaciones personalizadas, desde 8 GB y 16 GB hasta 32 GB, 64 GB y m\u00e1s, lo que satisface diversas necesidades de almacenamiento en distintos escenarios (como el almacenamiento de documentos, archivos de gran tama\u00f1o o colecciones masivas de fotos). Tambi\u00e9n ofrece personalizaci\u00f3n: las empresas pueden imprimir logotipos de marca para regalos corporativos o promoci\u00f3n de marca; los particulares pueden grabar dise\u00f1os o textos exclusivos para crear una unidad USB \u00fanica.<\/p>\n\n\n\n<p><br><\/p>","protected":false},"excerpt":{"rendered":"<ul>\n<li>unidad flash USB oruga de dibujos animados<\/li>\n<li>Se puede elegir entre verde y morado.<\/li>\n<li>2en1 OTG de alta velocidad<\/li>\n<li>Para tel\u00e9fonos Android<\/li>\n<li>MOQ:100pcs<\/li>\n<\/ul>","protected":false},"featured_media":10966,"comment_status":"open","ping_status":"closed","template":"","meta":{"_seopress_robots_primary_cat":"none","_seopress_titles_title":"Caterpillar shaped usb c to usb memory stick","_seopress_titles_desc":"","_seopress_robots_index":""},"class_list":["post-10962","product","type-product","status-publish","has-post-thumbnail","hentry","product_cat-custom-usb-drive","product_cat-otg-usb-flash-drive","product_tag-caterpillar-usb-flash-drive","product_tag-type-c-flash-drive-for-android"],"_links":{"self":[{"href":"https:\/\/www.yousanusb.com\/es\/wp-json\/wp\/v2\/product\/10962"}],"collection":[{"href":"https:\/\/www.yousanusb.com\/es\/wp-json\/wp\/v2\/product"}],"about":[{"href":"https:\/\/www.yousanusb.com\/es\/wp-json\/wp\/v2\/types\/product"}],"replies":[{"embeddable":true,"href":"https:\/\/www.yousanusb.com\/es\/wp-json\/wp\/v2\/comments?post=10962"}],"wp:featuredmedia":[{"embeddable":true,"href":"https:\/\/www.yousanusb.com\/es\/wp-json\/wp\/v2\/media\/10966"}],"wp:attachment":[{"href":"https:\/\/www.yousanusb.com\/es\/wp-json\/wp\/v2\/media?parent=10962"}],"curies":[{"name":"wp","href":"https:\/\/api.w.org\/{rel}","templated":true}]}}