{"id":10969,"date":"2024-11-25T16:27:56","date_gmt":"2024-11-25T16:27:56","guid":{"rendered":"https:\/\/yousanusb.com\/?post_type=product&#038;p=10969"},"modified":"2025-12-13T13:26:33","modified_gmt":"2025-12-13T13:26:33","slug":"round-card-usb-flash-drives","status":"publish","type":"product","link":"https:\/\/www.yousanusb.com\/es\/producto\/round-card-usb-flash-drives\/","title":{"rendered":"Memoria USB redonda Card Flip"},"content":{"rendered":"<div class=\"wp-block-columns is-layout-flex wp-container-core-columns-is-layout-1 wp-block-columns-is-layout-flex\">\n<div class=\"wp-block-column is-layout-flow wp-block-column-is-layout-flow\">\n<figure class=\"wp-block-image size-full\"><img fetchpriority=\"high\" decoding=\"async\" width=\"800\" height=\"800\" src=\"https:\/\/www.yousanusb.com\/wp-content\/uploads\/2024\/11\/Round-Card-Flip-Product-Image-1.jpg\" alt=\"\" class=\"wp-image-18534\" srcset=\"https:\/\/www.yousanusb.com\/wp-content\/uploads\/2024\/11\/Round-Card-Flip-Product-Image-1.jpg 800w, https:\/\/www.yousanusb.com\/wp-content\/uploads\/2024\/11\/Round-Card-Flip-Product-Image-1-300x300.jpg 300w, https:\/\/www.yousanusb.com\/wp-content\/uploads\/2024\/11\/Round-Card-Flip-Product-Image-1-150x150.jpg 150w, https:\/\/www.yousanusb.com\/wp-content\/uploads\/2024\/11\/Round-Card-Flip-Product-Image-1-768x768.jpg 768w, https:\/\/www.yousanusb.com\/wp-content\/uploads\/2024\/11\/Round-Card-Flip-Product-Image-1-12x12.jpg 12w, https:\/\/www.yousanusb.com\/wp-content\/uploads\/2024\/11\/Round-Card-Flip-Product-Image-1-600x600.jpg 600w, https:\/\/www.yousanusb.com\/wp-content\/uploads\/2024\/11\/Round-Card-Flip-Product-Image-1-100x100.jpg 100w\" sizes=\"(max-width: 800px) 100vw, 800px\" \/><\/figure>\n<\/div>\n\n\n\n<div class=\"wp-block-column is-vertically-aligned-center is-layout-flow wp-block-column-is-layout-flow\">\n<p>Esta unidad flash USB redonda presenta un dise\u00f1o abatible que bloquea eficazmente la entrada de polvo y suciedad en los huecos de la interfaz.<br>Esto evita el desgaste de los contactos met\u00e1licos y protege la interfaz de los da\u00f1os causados por llaves, monedas y otros objetos duros, lo que prolonga considerablemente la vida \u00fatil de la unidad flash. Durante el uso, no es necesario retirar la cubierta protectora; basta con darle la vuelta para exponer la interfaz.<\/p>\n<\/div>\n<\/div>\n\n\n\n<p>La memoria USB con forma de tarjeta impresa con logotipo personalizado es fina y elegante. Es lo suficientemente peque\u00f1a como para caber en su cartera, pero lo suficientemente grande como para imprimir cualquier logotipo, texto o imagen para la promoci\u00f3n de la marca. Es como meter una valla publicitaria en el bolsillo. Son regalos perfectos para ferias, conferencias, obsequios y mucho m\u00e1s.<\/p>\n\n\n\n<div class=\"wp-block-columns is-layout-flex wp-container-core-columns-is-layout-2 wp-block-columns-is-layout-flex\">\n<div class=\"wp-block-column is-layout-flow wp-block-column-is-layout-flow\">\n<figure class=\"wp-block-image size-full\"><img decoding=\"async\" width=\"800\" height=\"800\" src=\"https:\/\/www.yousanusb.com\/wp-content\/uploads\/2024\/11\/Round-Card-Flip-Product-Image-5.jpg\" alt=\"\" class=\"wp-image-18536\" srcset=\"https:\/\/www.yousanusb.com\/wp-content\/uploads\/2024\/11\/Round-Card-Flip-Product-Image-5.jpg 800w, https:\/\/www.yousanusb.com\/wp-content\/uploads\/2024\/11\/Round-Card-Flip-Product-Image-5-300x300.jpg 300w, https:\/\/www.yousanusb.com\/wp-content\/uploads\/2024\/11\/Round-Card-Flip-Product-Image-5-150x150.jpg 150w, https:\/\/www.yousanusb.com\/wp-content\/uploads\/2024\/11\/Round-Card-Flip-Product-Image-5-768x768.jpg 768w, https:\/\/www.yousanusb.com\/wp-content\/uploads\/2024\/11\/Round-Card-Flip-Product-Image-5-12x12.jpg 12w, https:\/\/www.yousanusb.com\/wp-content\/uploads\/2024\/11\/Round-Card-Flip-Product-Image-5-600x600.jpg 600w, https:\/\/www.yousanusb.com\/wp-content\/uploads\/2024\/11\/Round-Card-Flip-Product-Image-5-100x100.jpg 100w\" sizes=\"(max-width: 800px) 100vw, 800px\" \/><\/figure>\n<\/div>\n\n\n\n<div class=\"wp-block-column is-layout-flow wp-block-column-is-layout-flow\">\n<figure class=\"wp-block-image size-full\"><img decoding=\"async\" width=\"800\" height=\"800\" src=\"https:\/\/www.yousanusb.com\/wp-content\/uploads\/2024\/11\/Round-Card-Flip-Product-Image-4.jpg\" alt=\"\" class=\"wp-image-18535\" srcset=\"https:\/\/www.yousanusb.com\/wp-content\/uploads\/2024\/11\/Round-Card-Flip-Product-Image-4.jpg 800w, https:\/\/www.yousanusb.com\/wp-content\/uploads\/2024\/11\/Round-Card-Flip-Product-Image-4-300x300.jpg 300w, https:\/\/www.yousanusb.com\/wp-content\/uploads\/2024\/11\/Round-Card-Flip-Product-Image-4-150x150.jpg 150w, https:\/\/www.yousanusb.com\/wp-content\/uploads\/2024\/11\/Round-Card-Flip-Product-Image-4-768x768.jpg 768w, https:\/\/www.yousanusb.com\/wp-content\/uploads\/2024\/11\/Round-Card-Flip-Product-Image-4-12x12.jpg 12w, https:\/\/www.yousanusb.com\/wp-content\/uploads\/2024\/11\/Round-Card-Flip-Product-Image-4-600x600.jpg 600w, https:\/\/www.yousanusb.com\/wp-content\/uploads\/2024\/11\/Round-Card-Flip-Product-Image-4-100x100.jpg 100w\" sizes=\"(max-width: 800px) 100vw, 800px\" \/><\/figure>\n<\/div>\n\n\n\n<div class=\"wp-block-column is-layout-flow wp-block-column-is-layout-flow\">\n<figure class=\"wp-block-image size-full\"><img loading=\"lazy\" decoding=\"async\" width=\"800\" height=\"800\" src=\"https:\/\/www.yousanusb.com\/wp-content\/uploads\/2024\/11\/roundcardflip_noaa.jpg\" alt=\"\" class=\"wp-image-18532\" srcset=\"https:\/\/www.yousanusb.com\/wp-content\/uploads\/2024\/11\/roundcardflip_noaa.jpg 800w, https:\/\/www.yousanusb.com\/wp-content\/uploads\/2024\/11\/roundcardflip_noaa-300x300.jpg 300w, https:\/\/www.yousanusb.com\/wp-content\/uploads\/2024\/11\/roundcardflip_noaa-150x150.jpg 150w, https:\/\/www.yousanusb.com\/wp-content\/uploads\/2024\/11\/roundcardflip_noaa-768x768.jpg 768w, https:\/\/www.yousanusb.com\/wp-content\/uploads\/2024\/11\/roundcardflip_noaa-12x12.jpg 12w, https:\/\/www.yousanusb.com\/wp-content\/uploads\/2024\/11\/roundcardflip_noaa-600x600.jpg 600w, https:\/\/www.yousanusb.com\/wp-content\/uploads\/2024\/11\/roundcardflip_noaa-100x100.jpg 100w\" sizes=\"(max-width: 800px) 100vw, 800px\" \/><\/figure>\n<\/div>\n<\/div>","protected":false},"excerpt":{"rendered":"<ul>\n<li>Unidad USB con forma de tarjeta<\/li>\n<li>Redondo y estilo mimi<\/li>\n<li>MOQ:100pcs<\/li>\n<li>Smaple libre<\/li>\n<li>Precio de f\u00e1brica<\/li>\n<\/ul>","protected":false},"featured_media":18533,"comment_status":"open","ping_status":"closed","template":"","meta":{"_seopress_robots_primary_cat":"none","_seopress_titles_title":"Round Card USB Flash Drives","_seopress_titles_desc":"","_seopress_robots_index":""},"class_list":["post-10969","product","type-product","status-publish","has-post-thumbnail","hentry","product_cat-card-usb-flash-drive","product_tag-plastic-card-usb-flash-drive","product_tag-round-card-usb-flash-drive"],"_links":{"self":[{"href":"https:\/\/www.yousanusb.com\/es\/wp-json\/wp\/v2\/product\/10969"}],"collection":[{"href":"https:\/\/www.yousanusb.com\/es\/wp-json\/wp\/v2\/product"}],"about":[{"href":"https:\/\/www.yousanusb.com\/es\/wp-json\/wp\/v2\/types\/product"}],"replies":[{"embeddable":true,"href":"https:\/\/www.yousanusb.com\/es\/wp-json\/wp\/v2\/comments?post=10969"}],"wp:featuredmedia":[{"embeddable":true,"href":"https:\/\/www.yousanusb.com\/es\/wp-json\/wp\/v2\/media\/18533"}],"wp:attachment":[{"href":"https:\/\/www.yousanusb.com\/es\/wp-json\/wp\/v2\/media?parent=10969"}],"curies":[{"name":"wp","href":"https:\/\/api.w.org\/{rel}","templated":true}]}}