{"id":11002,"date":"2024-11-25T16:31:48","date_gmt":"2024-11-25T16:31:48","guid":{"rendered":"https:\/\/yousanusb.com\/?post_type=product&#038;p=11002"},"modified":"2025-11-10T09:32:11","modified_gmt":"2025-11-10T09:32:11","slug":"wooden-card-flash-drive","status":"publish","type":"product","link":"https:\/\/www.yousanusb.com\/es\/producto\/wooden-card-flash-drive\/","title":{"rendered":"Tarjeta de madera Pendrive"},"content":{"rendered":"<p>Fabricado en madera de nogal norteamericano o padauk africano de primera calidad, con logotipos corporativos o firmas personales grabados con l\u00e1ser. La interacci\u00f3n entre la textura de las vetas de la madera y el puerto USB met\u00e1lico desprende una sofisticada elegancia. <\/p>\n\n\n\n<div class=\"wp-block-columns is-layout-flex wp-container-core-columns-is-layout-1 wp-block-columns-is-layout-flex\">\n<div class=\"wp-block-column is-layout-flow wp-block-column-is-layout-flow\">\n<figure class=\"wp-block-image size-full\"><img fetchpriority=\"high\" decoding=\"async\" width=\"800\" height=\"800\" src=\"https:\/\/www.yousanusb.com\/wp-content\/uploads\/2024\/11\/Wooden-Card-Flash-Drive-1.jpg\" alt=\"\" class=\"wp-image-10999\" srcset=\"https:\/\/www.yousanusb.com\/wp-content\/uploads\/2024\/11\/Wooden-Card-Flash-Drive-1.jpg 800w, https:\/\/www.yousanusb.com\/wp-content\/uploads\/2024\/11\/Wooden-Card-Flash-Drive-1-300x300.jpg 300w, https:\/\/www.yousanusb.com\/wp-content\/uploads\/2024\/11\/Wooden-Card-Flash-Drive-1-150x150.jpg 150w, https:\/\/www.yousanusb.com\/wp-content\/uploads\/2024\/11\/Wooden-Card-Flash-Drive-1-768x768.jpg 768w, https:\/\/www.yousanusb.com\/wp-content\/uploads\/2024\/11\/Wooden-Card-Flash-Drive-1-600x600.jpg 600w, https:\/\/www.yousanusb.com\/wp-content\/uploads\/2024\/11\/Wooden-Card-Flash-Drive-1-100x100.jpg 100w\" sizes=\"(max-width: 800px) 100vw, 800px\" \/><\/figure>\n<\/div>\n\n\n\n<div class=\"wp-block-column is-vertically-aligned-center is-layout-flow wp-block-column-is-layout-flow\">\n<p>Con s\u00f3lo 2 mm de grosor, este dise\u00f1o tipo tarjeta cabe sin esfuerzo en carteras o tarjeteros. F\u00e1cilmente accesible durante las reuniones de negocios, sirve tanto de herramienta pr\u00e1ctica como de silenciosa declaraci\u00f3n de marca.<\/p>\n\n\n\n<p>Personalizaci\u00f3n profesional: Admite el grabado por l\u00e1ser de logotipos corporativos y datos de contacto (profundidad de 0,1-0,2 mm), lo que garantiza resultados resistentes al desgaste y a la decoloraci\u00f3n.<\/p>\n<\/div>\n<\/div>\n\n\n\n<p>Alto rendimiento: Equipado con un puerto USB 3.0 que ofrece velocidades de lectura de hasta 150 MB\/s. Transfiere un archivo de 1 GB en solo 7 segundos, compatible con sistemas Windows\/Mac\/Linux.<\/p>\n\n\n\n<p>Dise\u00f1o duradero: La madera natural se somete a un tratamiento de carbonizaci\u00f3n para obtener propiedades impermeables, resistentes a la humedad y resistentes a los ara\u00f1azos, lo que garantiza una vida \u00fatil de 8 a 10 a\u00f1os.<\/p>\n\n\n\n<p>Aplicaciones empresariales: Ideales como obsequios para conferencias, regalos de agradecimiento a clientes o conmemorativos de aniversarios corporativos. Incluye una bolsa de piel personalizada para realzar la sofisticaci\u00f3n de la marca.<\/p>","protected":false},"excerpt":{"rendered":"<ul>\n<li>Unidad USB con forma de tarjeta<\/li>\n<li>Material de madera<\/li>\n<li>MOQ:100pcs<\/li>\n<li>Smaple libre<\/li>\n<li>Precio de f\u00e1brica<\/li>\n<\/ul>","protected":false},"featured_media":10999,"comment_status":"open","ping_status":"closed","template":"","meta":{"_seopress_robots_primary_cat":"none","_seopress_titles_title":"Wooden Card Flash Drive","_seopress_titles_desc":"","_seopress_robots_index":""},"class_list":["post-11002","product","type-product","status-publish","has-post-thumbnail","hentry","product_cat-card-usb-flash-drive","product_cat-wooden-usb-flash-drive","product_tag-foldingusb-flash-drive"],"_links":{"self":[{"href":"https:\/\/www.yousanusb.com\/es\/wp-json\/wp\/v2\/product\/11002"}],"collection":[{"href":"https:\/\/www.yousanusb.com\/es\/wp-json\/wp\/v2\/product"}],"about":[{"href":"https:\/\/www.yousanusb.com\/es\/wp-json\/wp\/v2\/types\/product"}],"replies":[{"embeddable":true,"href":"https:\/\/www.yousanusb.com\/es\/wp-json\/wp\/v2\/comments?post=11002"}],"wp:featuredmedia":[{"embeddable":true,"href":"https:\/\/www.yousanusb.com\/es\/wp-json\/wp\/v2\/media\/10999"}],"wp:attachment":[{"href":"https:\/\/www.yousanusb.com\/es\/wp-json\/wp\/v2\/media?parent=11002"}],"curies":[{"name":"wp","href":"https:\/\/api.w.org\/{rel}","templated":true}]}}