{"id":11006,"date":"2024-11-25T16:36:07","date_gmt":"2024-11-25T16:36:07","guid":{"rendered":"https:\/\/yousanusb.com\/?post_type=product&#038;p=11006"},"modified":"2025-12-13T13:26:12","modified_gmt":"2025-12-13T13:26:12","slug":"mini-rectangular-card-flash-drives","status":"publish","type":"product","link":"https:\/\/www.yousanusb.com\/es\/producto\/mini-rectangular-card-flash-drives\/","title":{"rendered":"Mini memorias de tarjeta rectangulares"},"content":{"rendered":"<div class=\"wp-block-columns is-layout-flex wp-container-core-columns-is-layout-1 wp-block-columns-is-layout-flex\">\n<div class=\"wp-block-column is-layout-flow wp-block-column-is-layout-flow\">\n<figure class=\"wp-block-image size-full\"><img fetchpriority=\"high\" decoding=\"async\" width=\"800\" height=\"800\" src=\"https:\/\/www.yousanusb.com\/wp-content\/uploads\/2024\/11\/Mini-Rectangular-Card-Flash-Drives-3.jpg\" alt=\"\" class=\"wp-image-10986\" srcset=\"https:\/\/www.yousanusb.com\/wp-content\/uploads\/2024\/11\/Mini-Rectangular-Card-Flash-Drives-3.jpg 800w, https:\/\/www.yousanusb.com\/wp-content\/uploads\/2024\/11\/Mini-Rectangular-Card-Flash-Drives-3-300x300.jpg 300w, https:\/\/www.yousanusb.com\/wp-content\/uploads\/2024\/11\/Mini-Rectangular-Card-Flash-Drives-3-150x150.jpg 150w, https:\/\/www.yousanusb.com\/wp-content\/uploads\/2024\/11\/Mini-Rectangular-Card-Flash-Drives-3-768x768.jpg 768w, https:\/\/www.yousanusb.com\/wp-content\/uploads\/2024\/11\/Mini-Rectangular-Card-Flash-Drives-3-600x600.jpg 600w, https:\/\/www.yousanusb.com\/wp-content\/uploads\/2024\/11\/Mini-Rectangular-Card-Flash-Drives-3-100x100.jpg 100w\" sizes=\"(max-width: 800px) 100vw, 800px\" \/><\/figure>\n<\/div>\n\n\n\n<div class=\"wp-block-column is-vertically-aligned-center is-layout-flow wp-block-column-is-layout-flow\">\n<p>Este producto es una unidad USB con forma de tarjeta. El cuerpo de la unidad USB puede incrustarse dentro de la carcasa de la tarjeta, lo que proporciona una protecci\u00f3n a prueba de polvo y ara\u00f1azos para la interfaz. Equipada con un mecanismo de clip, puede engancharse a bolsos, tarjeteros y otros objetos, lo que la hace adecuada para el transporte diario y reduce el riesgo de p\u00e9rdida.<\/p>\n\n\n\n<p>La carcasa de PVC ofrece una construcci\u00f3n ligera con protecci\u00f3n b\u00e1sica, resistiendo las peque\u00f1as flexiones y ara\u00f1azos cotidianos a la vez que mantiene el perfil plano de la tarjeta. Esto garantiza la compatibilidad con tarjeteros, carteras y otras soluciones de almacenamiento.<\/p>\n<\/div>\n<\/div>\n\n\n\n<div class=\"wp-block-columns is-layout-flex wp-container-core-columns-is-layout-2 wp-block-columns-is-layout-flex\">\n<div class=\"wp-block-column is-vertically-aligned-center is-layout-flow wp-block-column-is-layout-flow\">\n<p>El producto tiene un tama\u00f1o de tarjeta est\u00e1ndar (similar al de las tarjetas bancarias), con un dise\u00f1o fino y compacto que cabe directamente en carteras, tarjeteros y otros art\u00edculos de uso cotidiano sin necesidad de espacio de almacenamiento adicional. Es ideal para desplazamientos, viajes de negocios y otras situaciones de movilidad, ya que permite un f\u00e1cil acceso en cualquier momento.<\/p>\n\n\n\n<p>Equipado con una interfaz USB est\u00e1ndar compatible con las especificaciones USB 2.0\/3.0, funciona con los principales dispositivos. El uso de chips de almacenamiento originales garantiza un rendimiento estable de lectura y escritura de datos. Admite m\u00faltiples formatos de archivo y es compatible con los principales sistemas operativos, como Windows y Mac OS.<\/p>\n\n\n\n<p> La funcionalidad Plug and Play elimina la necesidad de controladores adicionales, lo que permite un almacenamiento fiable de documentos, im\u00e1genes, v\u00eddeos peque\u00f1os y mucho m\u00e1s. Ideal para el uso personal diario en la oficina y para escenarios de transferencia de datos empresariales.<\/p>\n\n\n\n<p>Admite la impresi\u00f3n personalizada en toda la superficie de la tarjeta, lo que permite imprimir logotipos de marca, texto, dise\u00f1os y otros contenidos seg\u00fan sea necesario. Adecuadas para compras al por mayor, como la promoci\u00f3n de marcas corporativas, la distribuci\u00f3n de regalos de empresa y los obsequios para eventos, ya que combinan la practicidad con la visibilidad de la marca.<\/p>\n<\/div>\n\n\n\n<div class=\"wp-block-column is-layout-flow wp-block-column-is-layout-flow\">\n<figure class=\"wp-block-image size-full\"><img decoding=\"async\" width=\"800\" height=\"800\" src=\"https:\/\/www.yousanusb.com\/wp-content\/uploads\/2024\/11\/Mini-Rectangular-Card-Flash-Drives-5.jpg\" alt=\"\" class=\"wp-image-10988\" srcset=\"https:\/\/www.yousanusb.com\/wp-content\/uploads\/2024\/11\/Mini-Rectangular-Card-Flash-Drives-5.jpg 800w, https:\/\/www.yousanusb.com\/wp-content\/uploads\/2024\/11\/Mini-Rectangular-Card-Flash-Drives-5-300x300.jpg 300w, https:\/\/www.yousanusb.com\/wp-content\/uploads\/2024\/11\/Mini-Rectangular-Card-Flash-Drives-5-150x150.jpg 150w, https:\/\/www.yousanusb.com\/wp-content\/uploads\/2024\/11\/Mini-Rectangular-Card-Flash-Drives-5-768x768.jpg 768w, https:\/\/www.yousanusb.com\/wp-content\/uploads\/2024\/11\/Mini-Rectangular-Card-Flash-Drives-5-600x600.jpg 600w, https:\/\/www.yousanusb.com\/wp-content\/uploads\/2024\/11\/Mini-Rectangular-Card-Flash-Drives-5-100x100.jpg 100w\" sizes=\"(max-width: 800px) 100vw, 800px\" \/><\/figure>\n<\/div>\n<\/div>","protected":false},"excerpt":{"rendered":"<ul>\n<li>Unidad USB con forma de tarjeta<\/li>\n<li>Estilo mini<\/li>\n<li>MOQ:100pcs<\/li>\n<li>Smaple libre<\/li>\n<li>Precio de f\u00e1brica<\/li>\n<\/ul>","protected":false},"featured_media":10984,"comment_status":"open","ping_status":"closed","template":"","meta":{"_seopress_robots_primary_cat":"none","_seopress_titles_title":"Mini Rectangular Card Flash Drives","_seopress_titles_desc":"","_seopress_robots_index":""},"class_list":["post-11006","product","type-product","status-publish","has-post-thumbnail","hentry","product_cat-card-usb-flash-drive","product_cat-mini-usb-flash-drive","product_tag-mini-card-usb-disk","product_tag-plastic-card-usb-flash-drive"],"_links":{"self":[{"href":"https:\/\/www.yousanusb.com\/es\/wp-json\/wp\/v2\/product\/11006"}],"collection":[{"href":"https:\/\/www.yousanusb.com\/es\/wp-json\/wp\/v2\/product"}],"about":[{"href":"https:\/\/www.yousanusb.com\/es\/wp-json\/wp\/v2\/types\/product"}],"replies":[{"embeddable":true,"href":"https:\/\/www.yousanusb.com\/es\/wp-json\/wp\/v2\/comments?post=11006"}],"wp:featuredmedia":[{"embeddable":true,"href":"https:\/\/www.yousanusb.com\/es\/wp-json\/wp\/v2\/media\/10984"}],"wp:attachment":[{"href":"https:\/\/www.yousanusb.com\/es\/wp-json\/wp\/v2\/media?parent=11006"}],"curies":[{"name":"wp","href":"https:\/\/api.w.org\/{rel}","templated":true}]}}