{"id":11762,"date":"2024-12-07T01:05:44","date_gmt":"2024-12-07T01:05:44","guid":{"rendered":"https:\/\/yousanusb.com\/?post_type=product&#038;p=11762"},"modified":"2024-12-07T01:06:01","modified_gmt":"2024-12-07T01:06:01","slug":"customized-giveaway-car-key-flash-drive-for-mercedes-benz-company","status":"publish","type":"product","link":"https:\/\/www.yousanusb.com\/es\/producto\/customized-giveaway-car-key-flash-drive-for-mercedes-benz-company\/","title":{"rendered":"Llave USB personalizada para la empresa Mercedes-Benz"},"content":{"rendered":"<p>Nuestra memoria USB personalizada para llaves de coche Mercedes-Benz es un regalo de empresa de primera calidad. Con la forma de una elegante llave de coche Mercedes-Benz, no es solo un accesorio elegante, sino tambi\u00e9n una unidad USB muy funcional.<br \/>\nComo fabricante profesional de U-disk, garantizamos la m\u00e1xima calidad y personalizaci\u00f3n. La unidad ofrece un amplio espacio de almacenamiento para documentos, presentaciones o materiales de marketing importantes de Mercedes-Benz. Su elegante dise\u00f1o, con el emblem\u00e1tico logotipo de Mercedes-Benz en un lugar destacado, lo convierte en un deseable objeto de colecci\u00f3n.<br \/>\nDuradero y port\u00e1til, es el obsequio perfecto para mejorar el conocimiento de la marca y dejar una impresi\u00f3n duradera en clientes, socios y entusiastas por igual.<\/p>","protected":false},"excerpt":{"rendered":"<p>Nuestra memoria USB personalizada para llaves de coche Mercedes-Benz es un regalo de empresa de primera calidad. Con la forma de una elegante llave de coche Mercedes-Benz, no es solo un accesorio elegante, sino tambi\u00e9n una unidad USB muy funcional.<\/p>","protected":false},"featured_media":11735,"comment_status":"open","ping_status":"closed","template":"","meta":{"_seopress_robots_primary_cat":"none","_seopress_titles_title":"Customized giveaway car key flash drive for Mercedes-Benz company","_seopress_titles_desc":"Our Customized Giveaway Car Key Flash Drive for Mercedes-Benz is a premium corporate gift. Shaped like a sleek Mercedes-Benz car key, it's not just a stylish accessory but a highly functional USB drive.","_seopress_robots_index":""},"class_list":["post-11762","product","type-product","status-publish","has-post-thumbnail","hentry","product_cat-usb-flash-drive-customer","product_tag-car-key-flash-drive"],"_links":{"self":[{"href":"https:\/\/www.yousanusb.com\/es\/wp-json\/wp\/v2\/product\/11762"}],"collection":[{"href":"https:\/\/www.yousanusb.com\/es\/wp-json\/wp\/v2\/product"}],"about":[{"href":"https:\/\/www.yousanusb.com\/es\/wp-json\/wp\/v2\/types\/product"}],"replies":[{"embeddable":true,"href":"https:\/\/www.yousanusb.com\/es\/wp-json\/wp\/v2\/comments?post=11762"}],"wp:featuredmedia":[{"embeddable":true,"href":"https:\/\/www.yousanusb.com\/es\/wp-json\/wp\/v2\/media\/11735"}],"wp:attachment":[{"href":"https:\/\/www.yousanusb.com\/es\/wp-json\/wp\/v2\/media?parent=11762"}],"curies":[{"name":"wp","href":"https:\/\/api.w.org\/{rel}","templated":true}]}}