{"id":11765,"date":"2024-12-07T01:08:12","date_gmt":"2024-12-07T01:08:12","guid":{"rendered":"https:\/\/yousanusb.com\/?post_type=product&#038;p=11765"},"modified":"2024-12-07T01:08:12","modified_gmt":"2024-12-07T01:08:12","slug":"customized-hammer-flash-drive-from-tool-manufacturing-company","status":"publish","type":"product","link":"https:\/\/www.yousanusb.com\/es\/producto\/customized-hammer-flash-drive-from-tool-manufacturing-company\/","title":{"rendered":"Unidad flash de martillo personalizada de empresa de fabricaci\u00f3n de herramientas"},"content":{"rendered":"<p>La memoria USB personalizada con forma de martillo de nuestra empresa de fabricaci\u00f3n de herramientas es un art\u00edculo promocional \u00fanico y pr\u00e1ctico. Esta unidad USB est\u00e1 ingeniosamente dise\u00f1ada en forma de martillo, lo que la hace destacar.<br \/>\nComo fabricante profesional de memorias USB, ofrecemos una personalizaci\u00f3n de alta calidad. Dispone de espacio de almacenamiento suficiente para guardar varios archivos relacionados con el trabajo, planos o manuales de herramientas. Su construcci\u00f3n duradera garantiza que pueda soportar los rigores de una caja de herramientas o el uso diario.<br \/>\nCon el logotipo de la empresa o detalles de la marca estampados en \u00e9l, sirve como excelente obsequio en ferias, talleres o entre los empleados, aumentando el reconocimiento y la fidelidad a la marca.<\/p>","protected":false},"excerpt":{"rendered":"<p>La memoria USB personalizada con forma de martillo de nuestra empresa de fabricaci\u00f3n de herramientas es un art\u00edculo promocional \u00fanico y pr\u00e1ctico. Esta unidad USB est\u00e1 ingeniosamente dise\u00f1ada en forma de martillo, lo que la hace destacar.<\/p>","protected":false},"featured_media":11733,"comment_status":"open","ping_status":"closed","template":"","meta":{"_seopress_robots_primary_cat":"","_seopress_titles_title":"Customized hammer flash drive from tool manufacturing company","_seopress_titles_desc":"The Customized Hammer Flash Drive from our tool manufacturing company is a unique and practical promotional item. This USB drive is ingeniously designed in the shape of a hammer, making it stand out.","_seopress_robots_index":""},"class_list":["post-11765","product","type-product","status-publish","has-post-thumbnail","hentry","product_cat-usb-flash-drive-customer","product_tag-hammer-flash-drive"],"_links":{"self":[{"href":"https:\/\/www.yousanusb.com\/es\/wp-json\/wp\/v2\/product\/11765"}],"collection":[{"href":"https:\/\/www.yousanusb.com\/es\/wp-json\/wp\/v2\/product"}],"about":[{"href":"https:\/\/www.yousanusb.com\/es\/wp-json\/wp\/v2\/types\/product"}],"replies":[{"embeddable":true,"href":"https:\/\/www.yousanusb.com\/es\/wp-json\/wp\/v2\/comments?post=11765"}],"wp:featuredmedia":[{"embeddable":true,"href":"https:\/\/www.yousanusb.com\/es\/wp-json\/wp\/v2\/media\/11733"}],"wp:attachment":[{"href":"https:\/\/www.yousanusb.com\/es\/wp-json\/wp\/v2\/media?parent=11765"}],"curies":[{"name":"wp","href":"https:\/\/api.w.org\/{rel}","templated":true}]}}