{"id":11771,"date":"2024-12-07T01:13:59","date_gmt":"2024-12-07T01:13:59","guid":{"rendered":"https:\/\/yousanusb.com\/?post_type=product&#038;p=11771"},"modified":"2024-12-07T02:37:24","modified_gmt":"2024-12-07T02:37:24","slug":"customized-light-bulb-flash-drive-by-carb-nb","status":"publish","type":"product","link":"https:\/\/www.yousanusb.com\/es\/producto\/customized-light-bulb-flash-drive-by-carb-nb\/","title":{"rendered":"Pendrive con bombilla personalizada de Carb NB"},"content":{"rendered":"<p>La memoria USB personalizada con forma de bombilla de Carb NB es un regalo realmente innovador y pr\u00e1ctico. Con forma de bombilla, se aleja de las memorias USB convencionales. Como fabricantes profesionales de pendrives USB, hemos creado este dispositivo pensando tanto en el estilo como en la funcionalidad. Ofrece una buena cantidad de espacio de almacenamiento, perfecto para guardar desde documentos empresariales importantes hasta fotos y v\u00eddeos personales.<br \/>\nImag\u00ednese utilizarla en un acto de presentaci\u00f3n de un producto Carb NB, donde se puede entregar a los asistentes como un recuerdo memorable. Tambi\u00e9n es ideal para la oficina, ya que permite a los empleados transportar f\u00e1cilmente los archivos relacionados con el trabajo. El dise\u00f1o de bombilla puede servir incluso como pieza decorativa en un llavero o escritorio.<br \/>\nCon el logotipo o dise\u00f1o personalizado de Carb NB impreso en ella, esta memoria USB se convierte en una poderosa herramienta de marca. Ya sea con fines de marketing o simplemente como regalo, la memoria USB personalizada con bombilla causar\u00e1 una impresi\u00f3n duradera.<\/p>","protected":false},"excerpt":{"rendered":"<p>La memoria USB personalizada con forma de bombilla de Carb NB es un regalo realmente innovador y pr\u00e1ctico. Con forma de bombilla, se aleja de las memorias USB convencionales.<\/p>","protected":false},"featured_media":11696,"comment_status":"open","ping_status":"closed","template":"","meta":{"_seopress_robots_primary_cat":"none","_seopress_titles_title":"Customized light bulb flash drive by Carb NB","_seopress_titles_desc":"The Customized Light Bulb Flash Drive by Carb NB is a truly innovative and practical gift. Shaped like a light bulb, it's a unique departure from ordinary USB drives.","_seopress_robots_index":""},"class_list":["post-11771","product","type-product","status-publish","has-post-thumbnail","hentry","product_cat-luminescent-usb-flash-drive","product_cat-usb-flash-drive-customer","product_tag-bulb-flash-drive","product_tag-light-flash-drive"],"_links":{"self":[{"href":"https:\/\/www.yousanusb.com\/es\/wp-json\/wp\/v2\/product\/11771"}],"collection":[{"href":"https:\/\/www.yousanusb.com\/es\/wp-json\/wp\/v2\/product"}],"about":[{"href":"https:\/\/www.yousanusb.com\/es\/wp-json\/wp\/v2\/types\/product"}],"replies":[{"embeddable":true,"href":"https:\/\/www.yousanusb.com\/es\/wp-json\/wp\/v2\/comments?post=11771"}],"wp:featuredmedia":[{"embeddable":true,"href":"https:\/\/www.yousanusb.com\/es\/wp-json\/wp\/v2\/media\/11696"}],"wp:attachment":[{"href":"https:\/\/www.yousanusb.com\/es\/wp-json\/wp\/v2\/media?parent=11771"}],"curies":[{"name":"wp","href":"https:\/\/api.w.org\/{rel}","templated":true}]}}