{"id":11779,"date":"2024-12-07T01:17:56","date_gmt":"2024-12-07T01:17:56","guid":{"rendered":"https:\/\/yousanusb.com\/?post_type=product&#038;p=11779"},"modified":"2024-12-07T01:25:29","modified_gmt":"2024-12-07T01:25:29","slug":"customized-usb-flash-drive-with-red-leather-case-by-cicr-corporation","status":"publish","type":"product","link":"https:\/\/www.yousanusb.com\/es\/producto\/customized-usb-flash-drive-with-red-leather-case-by-cicr-corporation\/","title":{"rendered":"Memoria USB personalizada con estuche de cuero rojo de CICR Corporation"},"content":{"rendered":"<p>La memoria USB personalizada con funda de piel roja de CICR Corporation, fabricada por YOUSAN Flash Drive Factory, es un regalo de empresa extraordinario. Esta memoria USB est\u00e1 envuelta en una suntuosa funda de cuero rojo que no s\u00f3lo ofrece protecci\u00f3n, sino que tambi\u00e9n irradia una sensaci\u00f3n de lujo y refinamiento.<br \/>\nOfrece un espacio de almacenamiento considerable, por lo que es adecuada para guardar una gran cantidad de datos importantes del CICR, como informes de investigaci\u00f3n, propuestas de proyectos y documentos de cooperaci\u00f3n internacional. En eventos corporativos como las galas anuales o las cumbres internacionales organizadas por el CICR, estas memorias flash pueden regalarse a invitados y socios estimados. Los destinatarios pueden utilizarlas para transferir y almacenar informaci\u00f3n valiosa c\u00f3modamente.<br \/>\nEl estuche de cuero rojo, con el logotipo de CICR impreso, sirve como recordatorio constante de la marca y los valores de la empresa. Ya sea en una negociaci\u00f3n empresarial o en un evento de networking profesional, esta memoria USB personalizada es un s\u00edmbolo de la sofisticaci\u00f3n de CICR y la artesan\u00eda de YOUSAN.<\/p>","protected":false},"excerpt":{"rendered":"<p>La memoria USB personalizada con funda de piel roja de CICR Corporation es un art\u00edculo promocional elegante y pr\u00e1ctico. Esta memoria USB, envuelta en una elegante funda de piel roja, destila sofisticaci\u00f3n.<\/p>","protected":false},"featured_media":11686,"comment_status":"open","ping_status":"closed","template":"","meta":{"_seopress_robots_primary_cat":"none","_seopress_titles_title":"Customized USB flash drive with red leather case by CICR Corporation","_seopress_titles_desc":"The Customized USB Flash Drive with Red Leather Case by CICR Corporation, crafted by YOUSAN Flash Drive Factory, is a remarkable corporate gift.","_seopress_robots_index":""},"class_list":["post-11779","product","type-product","status-publish","has-post-thumbnail","hentry","product_cat-usb-flash-drive-customer","product_tag-usb-flash-drive-with-red-leather-case"],"_links":{"self":[{"href":"https:\/\/www.yousanusb.com\/es\/wp-json\/wp\/v2\/product\/11779"}],"collection":[{"href":"https:\/\/www.yousanusb.com\/es\/wp-json\/wp\/v2\/product"}],"about":[{"href":"https:\/\/www.yousanusb.com\/es\/wp-json\/wp\/v2\/types\/product"}],"replies":[{"embeddable":true,"href":"https:\/\/www.yousanusb.com\/es\/wp-json\/wp\/v2\/comments?post=11779"}],"wp:featuredmedia":[{"embeddable":true,"href":"https:\/\/www.yousanusb.com\/es\/wp-json\/wp\/v2\/media\/11686"}],"wp:attachment":[{"href":"https:\/\/www.yousanusb.com\/es\/wp-json\/wp\/v2\/media?parent=11779"}],"curies":[{"name":"wp","href":"https:\/\/api.w.org\/{rel}","templated":true}]}}