{"id":11782,"date":"2024-12-07T01:20:33","date_gmt":"2024-12-07T01:20:33","guid":{"rendered":"https:\/\/yousanusb.com\/?post_type=product&#038;p=11782"},"modified":"2024-12-07T01:20:34","modified_gmt":"2024-12-07T01:20:34","slug":"customized-gift-card-flash-drive-by-huawei-company","status":"publish","type":"product","link":"https:\/\/www.yousanusb.com\/es\/producto\/customized-gift-card-flash-drive-by-huawei-company\/","title":{"rendered":"Tarjeta regalo personalizada por la empresa HUAWEI"},"content":{"rendered":"<p>La unidad flash personalizada con forma de tarjeta regalo de la empresa HUAWEI es una oferta \u00fanica y pr\u00e1ctica. Con la forma de una elegante tarjeta regalo, combina la funcionalidad de una unidad USB con una est\u00e9tica elegante y moderna.<br \/>\nComo fabricante de pendrives usb de renombre, YOUSANI garantiza una calidad y personalizaci\u00f3n de primera. Este pendrive ofrece un amplio espacio de almacenamiento, perfecto para guardar documentos importantes, fotos o software.<br \/>\nPuede utilizarse como regalo corporativo durante el lanzamiento de productos o eventos empresariales de HUAWEI, permitiendo a los destinatarios llevarse f\u00e1cilmente informaci\u00f3n valiosa. Para los empleados, sirve como una forma conveniente de transferir archivos de trabajo entre el hogar y la oficina.<br \/>\nEl dise\u00f1o de la tarjeta regalo, con el logotipo de HUAWEI en un lugar destacado, la convierte en una excelente herramienta de marketing. Tambi\u00e9n puede entregarse a los clientes como muestra de agradecimiento, aumentando la fidelidad a la marca. Ya sea para uso personal o profesional, esta unidad flash personalizada es un s\u00edmbolo de la innovaci\u00f3n y la consideraci\u00f3n de HUAWEI.<\/p>","protected":false},"excerpt":{"rendered":"<p>La unidad flash personalizada con forma de tarjeta regalo de la empresa HUAWEI es una oferta \u00fanica y pr\u00e1ctica. Con la forma de una elegante tarjeta regalo, combina la funcionalidad de una unidad USB con una est\u00e9tica elegante y moderna.<\/p>","protected":false},"featured_media":11745,"comment_status":"open","ping_status":"closed","template":"","meta":{"_seopress_robots_primary_cat":"","_seopress_titles_title":"Customized gift card flash drive by HUAWEI company","_seopress_titles_desc":"The Customized Gift Card Flash Drive by HUAWEI company is a unique and practical offering. Shaped like a stylish gift card, it combines the functionality of a USB drive with a sleek and modern aesthetic.","_seopress_robots_index":""},"class_list":["post-11782","product","type-product","status-publish","has-post-thumbnail","hentry","product_cat-usb-flash-drive-customer"],"_links":{"self":[{"href":"https:\/\/www.yousanusb.com\/es\/wp-json\/wp\/v2\/product\/11782"}],"collection":[{"href":"https:\/\/www.yousanusb.com\/es\/wp-json\/wp\/v2\/product"}],"about":[{"href":"https:\/\/www.yousanusb.com\/es\/wp-json\/wp\/v2\/types\/product"}],"replies":[{"embeddable":true,"href":"https:\/\/www.yousanusb.com\/es\/wp-json\/wp\/v2\/comments?post=11782"}],"wp:featuredmedia":[{"embeddable":true,"href":"https:\/\/www.yousanusb.com\/es\/wp-json\/wp\/v2\/media\/11745"}],"wp:attachment":[{"href":"https:\/\/www.yousanusb.com\/es\/wp-json\/wp\/v2\/media?parent=11782"}],"curies":[{"name":"wp","href":"https:\/\/api.w.org\/{rel}","templated":true}]}}