{"id":11794,"date":"2024-12-07T01:31:41","date_gmt":"2024-12-07T01:31:41","guid":{"rendered":"https:\/\/yousanusb.com\/?post_type=product&#038;p=11794"},"modified":"2024-12-07T01:31:41","modified_gmt":"2024-12-07T01:31:41","slug":"customized-open-mold-car-usb-flash-drive-by-suba-ru","status":"publish","type":"product","link":"https:\/\/www.yousanusb.com\/es\/producto\/customized-open-mold-car-usb-flash-drive-by-suba-ru\/","title":{"rendered":"Memoria USB para coche con molde abierto personalizada de SUBA RU"},"content":{"rendered":"<p>La memoria USB personalizada con forma de coche de SUBA RU, meticulosamente elaborada por la f\u00e1brica de memorias USB YOUSAN, es un regalo de empresa \u00fanico. Esta exclusiva memoria USB est\u00e1 dise\u00f1ada con la forma de un elegante coche, elaborado mediante un proceso de molde abierto para conseguir una est\u00e9tica precisa y detallada.<br \/>\nOfrece una buena capacidad de almacenamiento, ideal para guardar cat\u00e1logos de productos, material de marketing y presentaciones comerciales de SUBA RU. En las ferias del sector de la automoci\u00f3n, SUBA RU puede distribuir estas memorias a clientes y socios potenciales. Los entusiastas del autom\u00f3vil tambi\u00e9n pueden utilizarla para almacenar sus fondos de pantalla favoritos, v\u00eddeos o incluso registros de mantenimiento.<br \/>\nLa personalizaci\u00f3n permite a SUBA RU mostrar de forma destacada su logotipo y los colores de su marca en la memoria USB con forma de coche. Tanto si se utiliza como obsequio en un evento de aniversario de la empresa o como art\u00edculo promocional en un concesionario, esta memoria USB personalizada con forma de coche atraer\u00e1 la atenci\u00f3n y mejorar\u00e1 la imagen de marca de SUBA RU, convirti\u00e9ndola en un accesorio memorable y pr\u00e1ctico.<\/p>","protected":false},"excerpt":{"rendered":"<p>La memoria USB personalizada con molde abierto para coche de SUBA RU, meticulosamente elaborada por la f\u00e1brica de memorias USB YOUSAN, es un regalo corporativo \u00fanico en su especie.<\/p>","protected":false},"featured_media":11752,"comment_status":"open","ping_status":"closed","template":"","meta":{"_seopress_robots_primary_cat":"","_seopress_titles_title":"Customized open mold car USB flash drive by SUBA RU","_seopress_titles_desc":"The Customized Open Mold Car USB Flash Drive by SUBA RU, meticulously crafted by YOUSAN Flash Drive Factory, is a one-of-a-kind corporate gift.","_seopress_robots_index":""},"class_list":["post-11794","product","type-product","status-publish","has-post-thumbnail","hentry","product_cat-usb-flash-drive-customer","product_tag-car-usb-flash-drive"],"_links":{"self":[{"href":"https:\/\/www.yousanusb.com\/es\/wp-json\/wp\/v2\/product\/11794"}],"collection":[{"href":"https:\/\/www.yousanusb.com\/es\/wp-json\/wp\/v2\/product"}],"about":[{"href":"https:\/\/www.yousanusb.com\/es\/wp-json\/wp\/v2\/types\/product"}],"replies":[{"embeddable":true,"href":"https:\/\/www.yousanusb.com\/es\/wp-json\/wp\/v2\/comments?post=11794"}],"wp:featuredmedia":[{"embeddable":true,"href":"https:\/\/www.yousanusb.com\/es\/wp-json\/wp\/v2\/media\/11752"}],"wp:attachment":[{"href":"https:\/\/www.yousanusb.com\/es\/wp-json\/wp\/v2\/media?parent=11794"}],"curies":[{"name":"wp","href":"https:\/\/api.w.org\/{rel}","templated":true}]}}