{"id":11805,"date":"2024-12-07T01:39:59","date_gmt":"2024-12-07T01:39:59","guid":{"rendered":"https:\/\/yousanusb.com\/?post_type=product&#038;p=11805"},"modified":"2024-12-07T01:39:59","modified_gmt":"2024-12-07T01:39:59","slug":"customized-metal-bottle-opener-usb-flash-drive-by-ballz-deluxe","status":"publish","type":"product","link":"https:\/\/www.yousanusb.com\/es\/producto\/customized-metal-bottle-opener-usb-flash-drive-by-ballz-deluxe\/","title":{"rendered":"Abrebotellas met\u00e1lico personalizado Memoria USB by BALLZ DELUXE"},"content":{"rendered":"<p>La memoria USB abrebotellas met\u00e1lica personalizada de BALLZ DELUXE, fabricada con precisi\u00f3n por YOUSAN Flash Drive Factory, es un regalo de empresa multifuncional y elegante. Este dispositivo \u00fanico combina la practicidad de un abridor de botellas con la comodidad de una unidad USB.<br \/>\nFabricado en metal resistente, ofrece un almacenamiento fiable para la informaci\u00f3n de productos, materiales de marketing y detalles de eventos de BALLZ DELUXE. Ideal para su uso en fiestas de empresa, barbacoas o cualquier reuni\u00f3n social relacionada con la marca. Los invitados pueden abrir sus bebidas favoritas con facilidad y luego acceder a los datos o almacenarlos en el USB. Tambi\u00e9n puede entregarse como art\u00edculo promocional en ferias del sector de las bebidas alcoh\u00f3licas o como regalo de agradecimiento a los clientes.<br \/>\nEl elegante dise\u00f1o met\u00e1lico, adornado con el logotipo de BALLZ DELUXE, no s\u00f3lo tiene un aspecto estupendo, sino que sirve como recordatorio constante de la marca. Ya sea en un bar casero o en un despacho profesional, esta unidad flash personalizada es un iniciador de conversaciones y una poderosa herramienta de marca.<\/p>","protected":false},"excerpt":{"rendered":"<p>La memoria USB abrebotellas de metal personalizada de BALLZ DELUXE, fabricada con precisi\u00f3n por YOUSAN Flash Drive Factory, es un regalo de empresa multifuncional y elegante.<\/p>","protected":false},"featured_media":11698,"comment_status":"open","ping_status":"closed","template":"","meta":{"_seopress_robots_primary_cat":"","_seopress_titles_title":"Customized metal bottle opener USB flash drive by BALLZ DELUXE","_seopress_titles_desc":"The Customized Metal Bottle Opener USB Flash Drive by BALLZ DELUXE, crafted with precision by YOUSAN Flash Drive Factory, is a multifunctional and stylish corporate gift.","_seopress_robots_index":""},"class_list":["post-11805","product","type-product","status-publish","has-post-thumbnail","hentry","product_cat-usb-flash-drive-customer","product_tag-bottle-opener-usb-flash-drive"],"_links":{"self":[{"href":"https:\/\/www.yousanusb.com\/es\/wp-json\/wp\/v2\/product\/11805"}],"collection":[{"href":"https:\/\/www.yousanusb.com\/es\/wp-json\/wp\/v2\/product"}],"about":[{"href":"https:\/\/www.yousanusb.com\/es\/wp-json\/wp\/v2\/types\/product"}],"replies":[{"embeddable":true,"href":"https:\/\/www.yousanusb.com\/es\/wp-json\/wp\/v2\/comments?post=11805"}],"wp:featuredmedia":[{"embeddable":true,"href":"https:\/\/www.yousanusb.com\/es\/wp-json\/wp\/v2\/media\/11698"}],"wp:attachment":[{"href":"https:\/\/www.yousanusb.com\/es\/wp-json\/wp\/v2\/media?parent=11805"}],"curies":[{"name":"wp","href":"https:\/\/api.w.org\/{rel}","templated":true}]}}