{"id":11810,"date":"2024-12-07T01:43:31","date_gmt":"2024-12-07T01:43:31","guid":{"rendered":"https:\/\/yousanusb.com\/?post_type=product&#038;p=11810"},"modified":"2025-10-04T11:37:02","modified_gmt":"2025-10-04T11:37:02","slug":"customized-aluminum-case-otg-usb-flash-drive-by-panasonic","status":"publish","type":"product","link":"https:\/\/www.yousanusb.com\/es\/producto\/customized-aluminum-case-otg-usb-flash-drive-by-panasonic\/","title":{"rendered":"Unidad flash USB otg con carcasa de aluminio personalizada de Panasonic."},"content":{"rendered":"<p>La memoria USB OTG con carcasa de aluminio personalizada de Panasonic, fabricada por expertos de YOUSAN Flash Drive Factory, es un regalo corporativo vers\u00e1til y de primera calidad. Envuelta en elegante aluminio, no solo irradia una est\u00e9tica moderna y duradera, sino que tambi\u00e9n ofrece una mayor protecci\u00f3n para los componentes internos.<br \/>\nEsta unidad flash habilitada para OTG ofrece una c\u00f3moda soluci\u00f3n para la transferencia de datos entre varios dispositivos, como smartphones, tabletas y ordenadores. Cuenta con un amplio espacio de almacenamiento, adecuado para guardar manuales de productos, especificaciones t\u00e9cnicas y presentaciones de marketing de Panasonic. En los eventos de lanzamiento de productos de Panasonic o en las reuniones de negocios con socios y clientes, se puede distribuir esta unidad flash personalizada.<br \/>\nLos usuarios expertos en tecnolog\u00eda pueden llevarlo f\u00e1cilmente para acceder o compartir archivos importantes sobre la marcha. La carcasa de aluminio, con el logotipo de Panasonic impreso, act\u00faa como una valla publicitaria m\u00f3vil que refuerza el conocimiento de la marca. Tanto si se utiliza en un entorno profesional como para la gesti\u00f3n de datos personales, es un s\u00edmbolo de la innovaci\u00f3n y la calidad de Panasonic, lo que lo convierte en un accesorio muy codiciado.<\/p>","protected":false},"excerpt":{"rendered":"<p>La memoria USB OTG con carcasa de aluminio personalizada de Panasonic, fabricada por expertos de YOUSAN Flash Drive Factory, es un regalo corporativo vers\u00e1til y de primera calidad. Con una elegante carcasa de aluminio<\/p>","protected":false},"featured_media":11705,"comment_status":"open","ping_status":"closed","template":"","meta":{"_seopress_robots_primary_cat":"none","_seopress_titles_title":"Customized USB flash drive with short metal and aluminum case by Panasonic.","_seopress_titles_desc":"The Customized Aluminum Case OTG USB Flash Drive by Panasonic, expertly manufactured by YOUSAN Flash Drive Factory, is a premium and versatile corporate gift. Encased in sleek aluminum","_seopress_robots_index":""},"class_list":["post-11810","product","type-product","status-publish","has-post-thumbnail","hentry","product_cat-usb-flash-drive-customer","product_tag-aluminum-flash-drive","product_tag-type-c-flash-drive-for-android"],"_links":{"self":[{"href":"https:\/\/www.yousanusb.com\/es\/wp-json\/wp\/v2\/product\/11810"}],"collection":[{"href":"https:\/\/www.yousanusb.com\/es\/wp-json\/wp\/v2\/product"}],"about":[{"href":"https:\/\/www.yousanusb.com\/es\/wp-json\/wp\/v2\/types\/product"}],"replies":[{"embeddable":true,"href":"https:\/\/www.yousanusb.com\/es\/wp-json\/wp\/v2\/comments?post=11810"}],"wp:featuredmedia":[{"embeddable":true,"href":"https:\/\/www.yousanusb.com\/es\/wp-json\/wp\/v2\/media\/11705"}],"wp:attachment":[{"href":"https:\/\/www.yousanusb.com\/es\/wp-json\/wp\/v2\/media?parent=11810"}],"curies":[{"name":"wp","href":"https:\/\/api.w.org\/{rel}","templated":true}]}}