{"id":11814,"date":"2024-12-07T01:49:00","date_gmt":"2024-12-07T01:49:00","guid":{"rendered":"https:\/\/yousanusb.com\/?post_type=product&#038;p=11814"},"modified":"2024-12-07T01:49:00","modified_gmt":"2024-12-07T01:49:00","slug":"goodyears-customized-usb-flash-drive-with-car-tires","status":"publish","type":"product","link":"https:\/\/www.yousanusb.com\/es\/producto\/goodyears-customized-usb-flash-drive-with-car-tires\/","title":{"rendered":"Memoria USB personalizada de Goodyear con neum\u00e1ticos de coche"},"content":{"rendered":"<p>La memoria USB personalizada Goodyear con neum\u00e1ticos de coche, fabricada por expertos de YOUSAN Flash Drive Factory, es un regalo de empresa \u00fanico y pr\u00e1ctico. Con forma de neum\u00e1ticos de coche en miniatura, presenta una mezcla perfecta de encanto automovil\u00edstico y utilidad digital.<br \/>\nEsta unidad USB ofrece una cantidad decente de almacenamiento, ideal para guardar cat\u00e1logos de productos, datos t\u00e9cnicos y material de marketing de Goodyear. En ferias de automoci\u00f3n, eventos de concesionarios o reuniones corporativas relacionadas con la industria del neum\u00e1tico, se pueden distribuir estas memorias USB. Los mec\u00e1nicos y los entusiastas de la automoci\u00f3n pueden utilizarla para guardar registros de mantenimiento de veh\u00edculos, informaci\u00f3n sobre investigaci\u00f3n de neum\u00e1ticos o incluso sus fotos y v\u00eddeos favoritos relacionados con el autom\u00f3vil.<br \/>\nEl distintivo dise\u00f1o de neum\u00e1tico de coche, con el logotipo de Goodyear en un lugar destacado, sirve como una poderosa herramienta de marca. Tanto si se coloca en un banco de trabajo, se lleva en la caja de herramientas de un mec\u00e1nico o se utiliza en un entorno de oficina, esta memoria USB personalizada es un recordatorio constante de la calidad y la innovaci\u00f3n de Goodyear, lo que la convierte en un art\u00edculo memorable y \u00fatil para los destinatarios.<\/p>","protected":false},"excerpt":{"rendered":"<p>La memoria USB personalizada Goodyear con neum\u00e1ticos de coche, fabricada por expertos de YOUSAN Flash Drive Factory, es un regalo de empresa \u00fanico y pr\u00e1ctico. Con forma de neum\u00e1ticos de coche en miniatura, presenta una mezcla perfecta de encanto automovil\u00edstico y utilidad digital.<\/p>","protected":false},"featured_media":11719,"comment_status":"open","ping_status":"closed","template":"","meta":{"_seopress_robots_primary_cat":"","_seopress_titles_title":"Goodyear's customized USB flash drive with car tires","_seopress_titles_desc":"The Goodyear's Customized USB Flash Drive with Car Tires, expertly crafted by YOUSAN Flash Drive Factory, is a unique and practical corporate gift. Shaped like miniature car tires, it showcases a perfect blend of automotive charm and digital utility.","_seopress_robots_index":""},"class_list":["post-11814","product","type-product","status-publish","has-post-thumbnail","hentry","product_cat-usb-flash-drive-customer","product_tag-usb-flash-drive-with-car-tires"],"_links":{"self":[{"href":"https:\/\/www.yousanusb.com\/es\/wp-json\/wp\/v2\/product\/11814"}],"collection":[{"href":"https:\/\/www.yousanusb.com\/es\/wp-json\/wp\/v2\/product"}],"about":[{"href":"https:\/\/www.yousanusb.com\/es\/wp-json\/wp\/v2\/types\/product"}],"replies":[{"embeddable":true,"href":"https:\/\/www.yousanusb.com\/es\/wp-json\/wp\/v2\/comments?post=11814"}],"wp:featuredmedia":[{"embeddable":true,"href":"https:\/\/www.yousanusb.com\/es\/wp-json\/wp\/v2\/media\/11719"}],"wp:attachment":[{"href":"https:\/\/www.yousanusb.com\/es\/wp-json\/wp\/v2\/media?parent=11814"}],"curies":[{"name":"wp","href":"https:\/\/api.w.org\/{rel}","templated":true}]}}