{"id":11838,"date":"2024-12-07T02:13:54","date_gmt":"2024-12-07T02:13:54","guid":{"rendered":"https:\/\/yousanusb.com\/?post_type=product&#038;p=11838"},"modified":"2025-10-02T02:19:56","modified_gmt":"2025-10-02T02:19:56","slug":"biodegradable-mini-rectangular-card-usb-flash-drive","status":"publish","type":"product","link":"https:\/\/www.yousanusb.com\/es\/producto\/biodegradable-mini-rectangular-card-usb-flash-drive\/","title":{"rendered":"Memoria USB biodegradable Mini Card"},"content":{"rendered":"<div class=\"wp-block-columns is-layout-flex wp-container-core-columns-is-layout-1 wp-block-columns-is-layout-flex\">\n<div class=\"wp-block-column is-layout-flow wp-block-column-is-layout-flow\">\n<figure class=\"wp-block-image size-full\"><img fetchpriority=\"high\" decoding=\"async\" width=\"800\" height=\"800\" src=\"https:\/\/www.yousanusb.com\/wp-content\/uploads\/2024\/12\/Biyobozunur-Mini-Dikdortgen-Kart-USB-Flash-Surucu.webp\" alt=\"\" class=\"wp-image-18637\" srcset=\"https:\/\/www.yousanusb.com\/wp-content\/uploads\/2024\/12\/Biyobozunur-Mini-Dikdortgen-Kart-USB-Flash-Surucu.webp 800w, https:\/\/www.yousanusb.com\/wp-content\/uploads\/2024\/12\/Biyobozunur-Mini-Dikdortgen-Kart-USB-Flash-Surucu-300x300.webp 300w, https:\/\/www.yousanusb.com\/wp-content\/uploads\/2024\/12\/Biyobozunur-Mini-Dikdortgen-Kart-USB-Flash-Surucu-150x150.webp 150w, https:\/\/www.yousanusb.com\/wp-content\/uploads\/2024\/12\/Biyobozunur-Mini-Dikdortgen-Kart-USB-Flash-Surucu-768x768.webp 768w, https:\/\/www.yousanusb.com\/wp-content\/uploads\/2024\/12\/Biyobozunur-Mini-Dikdortgen-Kart-USB-Flash-Surucu-12x12.webp 12w, https:\/\/www.yousanusb.com\/wp-content\/uploads\/2024\/12\/Biyobozunur-Mini-Dikdortgen-Kart-USB-Flash-Surucu-600x600.webp 600w, https:\/\/www.yousanusb.com\/wp-content\/uploads\/2024\/12\/Biyobozunur-Mini-Dikdortgen-Kart-USB-Flash-Surucu-100x100.webp 100w\" sizes=\"(max-width: 800px) 100vw, 800px\" \/><\/figure>\n<\/div>\n\n\n\n<div class=\"wp-block-column is-vertically-aligned-center is-layout-flow wp-block-column-is-layout-flow\">\n<p>La nueva memoria USB biodegradable con forma de mini tarjeta rectangular de YOUSAN Flash Drive Factory es una excelente novedad en el sector del almacenamiento port\u00e1til. Esta peque\u00f1a y elegante unidad flash presenta un dise\u00f1o de mini tarjeta rectangular que ofrece una excelente portabilidad y comodidad.<\/p>\n\n\n\n<p>Esta unidad flash es especial porque su exterior est\u00e1 fabricado con materiales biodegradables. Con la creciente concienciaci\u00f3n medioambiental, el uso de esta unidad flash para almacenar datos le permite minimizar su impacto medioambiental. Adem\u00e1s, tiene un amplio espacio de almacenamiento para documentos de trabajo, presentaciones, fotos personales y m\u00fasica.<\/p>\n<\/div>\n<\/div>\n\n\n\n<div class=\"wp-block-columns is-layout-flex wp-container-core-columns-is-layout-2 wp-block-columns-is-layout-flex\">\n<div class=\"wp-block-column is-vertically-aligned-center is-layout-flow wp-block-column-is-layout-flow\">\n<p>Esta unidad flash USB presenta un dise\u00f1o de tarjeta push-pull que es tan fina como una tarjeta bancaria y cabe f\u00e1cilmente en una cartera. <\/p>\n\n\n\n<p>Adem\u00e1s, admite la impresi\u00f3n personalizada de logotipos o motivos, lo que permite a las empresas utilizarla como regalo promocional. Mediante serigraf\u00eda o grabado l\u00e1ser, se puede imprimir el logotipo o patr\u00f3n deseado en la superficie de la unidad flash.<\/p>\n<\/div>\n\n\n\n<div class=\"wp-block-column is-layout-flow wp-block-column-is-layout-flow\">\n<figure class=\"wp-block-image size-full\"><img decoding=\"async\" width=\"800\" height=\"800\" src=\"https:\/\/www.yousanusb.com\/wp-content\/uploads\/2024\/12\/Biodegradable-Mini-Rectangular-Card-USB-Pendrive-UDP.webp\" alt=\"\" class=\"wp-image-18636\" srcset=\"https:\/\/www.yousanusb.com\/wp-content\/uploads\/2024\/12\/Biodegradable-Mini-Rectangular-Card-USB-Pendrive-UDP.webp 800w, https:\/\/www.yousanusb.com\/wp-content\/uploads\/2024\/12\/Biodegradable-Mini-Rectangular-Card-USB-Pendrive-UDP-300x300.webp 300w, https:\/\/www.yousanusb.com\/wp-content\/uploads\/2024\/12\/Biodegradable-Mini-Rectangular-Card-USB-Pendrive-UDP-150x150.webp 150w, https:\/\/www.yousanusb.com\/wp-content\/uploads\/2024\/12\/Biodegradable-Mini-Rectangular-Card-USB-Pendrive-UDP-768x768.webp 768w, https:\/\/www.yousanusb.com\/wp-content\/uploads\/2024\/12\/Biodegradable-Mini-Rectangular-Card-USB-Pendrive-UDP-12x12.webp 12w, https:\/\/www.yousanusb.com\/wp-content\/uploads\/2024\/12\/Biodegradable-Mini-Rectangular-Card-USB-Pendrive-UDP-600x600.webp 600w, https:\/\/www.yousanusb.com\/wp-content\/uploads\/2024\/12\/Biodegradable-Mini-Rectangular-Card-USB-Pendrive-UDP-100x100.webp 100w\" sizes=\"(max-width: 800px) 100vw, 800px\" \/><\/figure>\n<\/div>\n<\/div>","protected":false},"excerpt":{"rendered":"<ul>\n<li>\u00a0Materiales biodegradables<\/li>\n<li>Tarjeta ecol\u00f3gica Unidad USB<\/li>\n<li>Logotipo personalizable<\/li>\n<li>Dise\u00f1o gratuito, Muestras gratuitas<\/li>\n<li>MOQ:100pcs<\/li>\n<\/ul>","protected":false},"featured_media":11842,"comment_status":"open","ping_status":"closed","template":"","meta":{"_seopress_robots_primary_cat":"none","_seopress_titles_title":"Biodegradable Mini Rectangular Card USB Flash Drive","_seopress_titles_desc":"The Biodegradable Mini Rectangular Card USB Flash Drive from YOUSAN Flash Drive Factory is a remarkable new addition to the world of portable storage. This compact and sleek drive features a mini rectangular card design, making it highly portable and convenient.","_seopress_robots_index":""},"class_list":["post-11838","product","type-product","status-publish","has-post-thumbnail","hentry","product_cat-biodegradable-usb-flash-disk","product_cat-card-usb-flash-drive"],"_links":{"self":[{"href":"https:\/\/www.yousanusb.com\/es\/wp-json\/wp\/v2\/product\/11838"}],"collection":[{"href":"https:\/\/www.yousanusb.com\/es\/wp-json\/wp\/v2\/product"}],"about":[{"href":"https:\/\/www.yousanusb.com\/es\/wp-json\/wp\/v2\/types\/product"}],"replies":[{"embeddable":true,"href":"https:\/\/www.yousanusb.com\/es\/wp-json\/wp\/v2\/comments?post=11838"}],"wp:featuredmedia":[{"embeddable":true,"href":"https:\/\/www.yousanusb.com\/es\/wp-json\/wp\/v2\/media\/11842"}],"wp:attachment":[{"href":"https:\/\/www.yousanusb.com\/es\/wp-json\/wp\/v2\/media?parent=11838"}],"curies":[{"name":"wp","href":"https:\/\/api.w.org\/{rel}","templated":true}]}}