{"id":11847,"date":"2024-12-07T02:18:16","date_gmt":"2024-12-07T02:18:16","guid":{"rendered":"https:\/\/yousanusb.com\/?post_type=product&#038;p=11847"},"modified":"2025-10-02T02:20:12","modified_gmt":"2025-10-02T02:20:12","slug":"biodegradable-mini-white-rectangle-card-flash-pendrive","status":"publish","type":"product","link":"https:\/\/www.yousanusb.com\/es\/producto\/biodegradable-mini-white-rectangle-card-flash-pendrive\/","title":{"rendered":"Pendrive Biodegradable Mini Tarjeta Blanca Flash"},"content":{"rendered":"<p>La Mini Pendrive Rectangular Blanca Biodegradable es una memoria USB ecol\u00f3gica fabricada con materiales degradables. Una vez desechada, se degrada por s\u00ed sola y no contamina el medio ambiente.<\/p>\n\n\n\n<p>Esta unidad flash USB presenta un dise\u00f1o de tarjeta push-pull que es tan fina como una tarjeta de cr\u00e9dito y cabe f\u00e1cilmente en una cartera. Adem\u00e1s, admite la impresi\u00f3n personalizada de logotipos o motivos. Las empresas pueden utilizarla como regalo promocional e imprimir el logotipo o motivo que deseen en la superficie de la unidad mediante serigraf\u00eda o grabado l\u00e1ser.<\/p>\n\n\n\n<div class=\"wp-block-columns is-layout-flex wp-container-core-columns-is-layout-1 wp-block-columns-is-layout-flex\">\n<div class=\"wp-block-column is-layout-flow wp-block-column-is-layout-flow\">\n<figure class=\"wp-block-image size-full\"><img fetchpriority=\"high\" decoding=\"async\" width=\"800\" height=\"800\" src=\"https:\/\/www.yousanusb.com\/wp-content\/uploads\/2024\/12\/Biodegradable-Mini-White-Rectangle-Card-Flash-disk.webp\" alt=\"\" class=\"wp-image-18673\" srcset=\"https:\/\/www.yousanusb.com\/wp-content\/uploads\/2024\/12\/Biodegradable-Mini-White-Rectangle-Card-Flash-disk.webp 800w, https:\/\/www.yousanusb.com\/wp-content\/uploads\/2024\/12\/Biodegradable-Mini-White-Rectangle-Card-Flash-disk-300x300.webp 300w, https:\/\/www.yousanusb.com\/wp-content\/uploads\/2024\/12\/Biodegradable-Mini-White-Rectangle-Card-Flash-disk-150x150.webp 150w, https:\/\/www.yousanusb.com\/wp-content\/uploads\/2024\/12\/Biodegradable-Mini-White-Rectangle-Card-Flash-disk-768x768.webp 768w, https:\/\/www.yousanusb.com\/wp-content\/uploads\/2024\/12\/Biodegradable-Mini-White-Rectangle-Card-Flash-disk-12x12.webp 12w, https:\/\/www.yousanusb.com\/wp-content\/uploads\/2024\/12\/Biodegradable-Mini-White-Rectangle-Card-Flash-disk-600x600.webp 600w, https:\/\/www.yousanusb.com\/wp-content\/uploads\/2024\/12\/Biodegradable-Mini-White-Rectangle-Card-Flash-disk-100x100.webp 100w\" sizes=\"(max-width: 800px) 100vw, 800px\" \/><\/figure>\n<\/div>\n\n\n\n<div class=\"wp-block-column is-layout-flow wp-block-column-is-layout-flow\">\n<figure class=\"wp-block-image size-full\"><img decoding=\"async\" width=\"800\" height=\"800\" src=\"https:\/\/www.yousanusb.com\/wp-content\/uploads\/2024\/12\/Biodegradable-Mini-White-Rectangle-Card-Flash-Drive.webp\" alt=\"\" class=\"wp-image-18674\" srcset=\"https:\/\/www.yousanusb.com\/wp-content\/uploads\/2024\/12\/Biodegradable-Mini-White-Rectangle-Card-Flash-Drive.webp 800w, https:\/\/www.yousanusb.com\/wp-content\/uploads\/2024\/12\/Biodegradable-Mini-White-Rectangle-Card-Flash-Drive-300x300.webp 300w, https:\/\/www.yousanusb.com\/wp-content\/uploads\/2024\/12\/Biodegradable-Mini-White-Rectangle-Card-Flash-Drive-150x150.webp 150w, https:\/\/www.yousanusb.com\/wp-content\/uploads\/2024\/12\/Biodegradable-Mini-White-Rectangle-Card-Flash-Drive-768x768.webp 768w, https:\/\/www.yousanusb.com\/wp-content\/uploads\/2024\/12\/Biodegradable-Mini-White-Rectangle-Card-Flash-Drive-12x12.webp 12w, https:\/\/www.yousanusb.com\/wp-content\/uploads\/2024\/12\/Biodegradable-Mini-White-Rectangle-Card-Flash-Drive-600x600.webp 600w, https:\/\/www.yousanusb.com\/wp-content\/uploads\/2024\/12\/Biodegradable-Mini-White-Rectangle-Card-Flash-Drive-100x100.webp 100w\" sizes=\"(max-width: 800px) 100vw, 800px\" \/><\/figure>\n<\/div>\n<\/div>\n\n\n\n<p>Algunos productos est\u00e1n disponibles en colores cl\u00e1sicos como el blanco, el negro y el azul, y otros tambi\u00e9n vienen en otros colores como el amarillo, mientras que algunas de las memorias USB biodegradables est\u00e1n disponibles en amarillo.<\/p>","protected":false},"excerpt":{"rendered":"<ul>\n<li>Material biodegradable<\/li>\n<li>Memorias USB para tarjetas ecol\u00f3gicas<\/li>\n<li>Color, Logotipo puede ser costomized.<\/li>\n<li>Dise\u00f1o gratuito, Muestras gratuitas<\/li>\n<li>MOQ:100pcs<\/li>\n<\/ul>","protected":false},"featured_media":11854,"comment_status":"open","ping_status":"closed","template":"","meta":{"_seopress_robots_primary_cat":"none","_seopress_titles_title":"Biodegradable Mini White Rectangle Card Flash Pendrive","_seopress_titles_desc":"The Biodegradable Mini White Rectangle Card Flash Pendrive from YOUSAN Flash Drive Factory is a game-changer in the world of data storage. This sleek and compact pendrive sports a mini white rectangle card design, making it not only stylish but also extremely portable.","_seopress_robots_index":""},"class_list":["post-11847","product","type-product","status-publish","has-post-thumbnail","hentry","product_cat-biodegradable-usb-flash-disk","product_cat-card-usb-flash-drive","product_tag-rectangle-usb-flash-pendrive","product_tag-white-usb-flash-pendrive"],"_links":{"self":[{"href":"https:\/\/www.yousanusb.com\/es\/wp-json\/wp\/v2\/product\/11847"}],"collection":[{"href":"https:\/\/www.yousanusb.com\/es\/wp-json\/wp\/v2\/product"}],"about":[{"href":"https:\/\/www.yousanusb.com\/es\/wp-json\/wp\/v2\/types\/product"}],"replies":[{"embeddable":true,"href":"https:\/\/www.yousanusb.com\/es\/wp-json\/wp\/v2\/comments?post=11847"}],"wp:featuredmedia":[{"embeddable":true,"href":"https:\/\/www.yousanusb.com\/es\/wp-json\/wp\/v2\/media\/11854"}],"wp:attachment":[{"href":"https:\/\/www.yousanusb.com\/es\/wp-json\/wp\/v2\/media?parent=11847"}],"curies":[{"name":"wp","href":"https:\/\/api.w.org\/{rel}","templated":true}]}}