{"id":11856,"date":"2024-12-07T02:23:14","date_gmt":"2024-12-07T02:23:14","guid":{"rendered":"https:\/\/yousanusb.com\/?post_type=product&#038;p=11856"},"modified":"2025-11-12T08:14:53","modified_gmt":"2025-11-12T08:14:53","slug":"biodegradable-push-pull-flash-drive","status":"publish","type":"product","link":"https:\/\/www.yousanusb.com\/es\/producto\/biodegradable-push-pull-flash-drive\/","title":{"rendered":"Memoria USB Push-Pull biodegradable"},"content":{"rendered":"<p>La memoria USB biodegradable Push-Pull de YOUSAN Flash Drive Factory es una soluci\u00f3n innovadora y ecol\u00f3gica para el almacenamiento de datos. Esta nueva memoria USB combina funcionalidad y responsabilidad medioambiental.<\/p>\n\n\n\n<p>Su dise\u00f1o push-pull ofrece un c\u00f3modo acceso al conector USB, garantizando su facilidad de uso. El material biodegradable de la carcasa exterior es una caracter\u00edstica destacada. En un mundo cada vez m\u00e1s centrado en la sostenibilidad, esta unidad permite a los usuarios almacenar sus documentos, fotos y v\u00eddeos importantes sin contribuir a los residuos a largo plazo. Tiene una capacidad de almacenamiento decente adecuada para diversas necesidades, como estudiantes que almacenan apuntes de clase y trabajos de investigaci\u00f3n, o profesionales que gestionan proyectos de trabajo y presentaciones.<\/p>\n\n\n\n<div class=\"wp-block-columns is-layout-flex wp-container-core-columns-is-layout-1 wp-block-columns-is-layout-flex\">\n<div class=\"wp-block-column is-layout-flow wp-block-column-is-layout-flow\">\n<figure class=\"wp-block-image size-full\"><img fetchpriority=\"high\" decoding=\"async\" width=\"800\" height=\"800\" src=\"https:\/\/www.yousanusb.com\/wp-content\/uploads\/2024\/12\/Biodegradable-Mini-White-Rectangle-Card-Flash-Drive.jpg\" alt=\"\" class=\"wp-image-11853\" srcset=\"https:\/\/www.yousanusb.com\/wp-content\/uploads\/2024\/12\/Biodegradable-Mini-White-Rectangle-Card-Flash-Drive.jpg 800w, https:\/\/www.yousanusb.com\/wp-content\/uploads\/2024\/12\/Biodegradable-Mini-White-Rectangle-Card-Flash-Drive-300x300.jpg 300w, https:\/\/www.yousanusb.com\/wp-content\/uploads\/2024\/12\/Biodegradable-Mini-White-Rectangle-Card-Flash-Drive-150x150.jpg 150w, https:\/\/www.yousanusb.com\/wp-content\/uploads\/2024\/12\/Biodegradable-Mini-White-Rectangle-Card-Flash-Drive-768x768.jpg 768w, https:\/\/www.yousanusb.com\/wp-content\/uploads\/2024\/12\/Biodegradable-Mini-White-Rectangle-Card-Flash-Drive-600x600.jpg 600w, https:\/\/www.yousanusb.com\/wp-content\/uploads\/2024\/12\/Biodegradable-Mini-White-Rectangle-Card-Flash-Drive-100x100.jpg 100w\" sizes=\"(max-width: 800px) 100vw, 800px\" \/><\/figure>\n<\/div>\n\n\n\n<div class=\"wp-block-column is-layout-flow wp-block-column-is-layout-flow\">\n<figure class=\"wp-block-image size-full\"><img decoding=\"async\" width=\"800\" height=\"800\" src=\"https:\/\/www.yousanusb.com\/wp-content\/uploads\/2024\/12\/Biyobozunur-Mini-Beyaz-Dikdortgen-Kart-Flash-Surucu.jpg\" alt=\"\" class=\"wp-image-11854\" srcset=\"https:\/\/www.yousanusb.com\/wp-content\/uploads\/2024\/12\/Biyobozunur-Mini-Beyaz-Dikdortgen-Kart-Flash-Surucu.jpg 800w, https:\/\/www.yousanusb.com\/wp-content\/uploads\/2024\/12\/Biyobozunur-Mini-Beyaz-Dikdortgen-Kart-Flash-Surucu-300x300.jpg 300w, https:\/\/www.yousanusb.com\/wp-content\/uploads\/2024\/12\/Biyobozunur-Mini-Beyaz-Dikdortgen-Kart-Flash-Surucu-150x150.jpg 150w, https:\/\/www.yousanusb.com\/wp-content\/uploads\/2024\/12\/Biyobozunur-Mini-Beyaz-Dikdortgen-Kart-Flash-Surucu-768x768.jpg 768w, https:\/\/www.yousanusb.com\/wp-content\/uploads\/2024\/12\/Biyobozunur-Mini-Beyaz-Dikdortgen-Kart-Flash-Surucu-600x600.jpg 600w, https:\/\/www.yousanusb.com\/wp-content\/uploads\/2024\/12\/Biyobozunur-Mini-Beyaz-Dikdortgen-Kart-Flash-Surucu-100x100.jpg 100w\" sizes=\"(max-width: 800px) 100vw, 800px\" \/><\/figure>\n<\/div>\n<\/div>\n\n\n\n<p>Para los entusiastas de la tecnolog\u00eda que asisten a exposiciones medioambientales o seminarios sobre tecnolog\u00eda verde, es un accesorio estupendo para transportar y compartir contenidos digitales relevantes. Tambi\u00e9n puede ser utilizado por particulares en su vida diaria para transferir archivos entre distintos dispositivos. Con la memoria USB biodegradable Push-Pull, puede adoptar la tecnolog\u00eda moderna al tiempo que participa activamente en la conservaci\u00f3n de nuestro medio ambiente.<\/p>\n\n\n\n<div class=\"wp-block-columns is-layout-flex wp-container-core-columns-is-layout-2 wp-block-columns-is-layout-flex\">\n<div class=\"wp-block-column is-layout-flow wp-block-column-is-layout-flow\">\n<figure class=\"wp-block-image size-full\"><img decoding=\"async\" width=\"800\" height=\"800\" src=\"https:\/\/www.yousanusb.com\/wp-content\/uploads\/2024\/12\/Biodegradable-Mini-White-Rectangle-Card-Flash-Drive-opne.jpg\" alt=\"\" class=\"wp-image-11852\" srcset=\"https:\/\/www.yousanusb.com\/wp-content\/uploads\/2024\/12\/Biodegradable-Mini-White-Rectangle-Card-Flash-Drive-opne.jpg 800w, https:\/\/www.yousanusb.com\/wp-content\/uploads\/2024\/12\/Biodegradable-Mini-White-Rectangle-Card-Flash-Drive-opne-300x300.jpg 300w, https:\/\/www.yousanusb.com\/wp-content\/uploads\/2024\/12\/Biodegradable-Mini-White-Rectangle-Card-Flash-Drive-opne-150x150.jpg 150w, https:\/\/www.yousanusb.com\/wp-content\/uploads\/2024\/12\/Biodegradable-Mini-White-Rectangle-Card-Flash-Drive-opne-768x768.jpg 768w, https:\/\/www.yousanusb.com\/wp-content\/uploads\/2024\/12\/Biodegradable-Mini-White-Rectangle-Card-Flash-Drive-opne-600x600.jpg 600w, https:\/\/www.yousanusb.com\/wp-content\/uploads\/2024\/12\/Biodegradable-Mini-White-Rectangle-Card-Flash-Drive-opne-100x100.jpg 100w\" sizes=\"(max-width: 800px) 100vw, 800px\" \/><\/figure>\n<\/div>\n\n\n\n<div class=\"wp-block-column is-layout-flow wp-block-column-is-layout-flow\">\n<figure class=\"wp-block-image size-full\"><img loading=\"lazy\" decoding=\"async\" width=\"800\" height=\"800\" src=\"https:\/\/www.yousanusb.com\/wp-content\/uploads\/2024\/12\/Biodegradable-Mini-White-Rectangle-Card-Flash-Drive-front.jpg\" alt=\"\" class=\"wp-image-11851\" srcset=\"https:\/\/www.yousanusb.com\/wp-content\/uploads\/2024\/12\/Biodegradable-Mini-White-Rectangle-Card-Flash-Drive-front.jpg 800w, https:\/\/www.yousanusb.com\/wp-content\/uploads\/2024\/12\/Biodegradable-Mini-White-Rectangle-Card-Flash-Drive-front-300x300.jpg 300w, https:\/\/www.yousanusb.com\/wp-content\/uploads\/2024\/12\/Biodegradable-Mini-White-Rectangle-Card-Flash-Drive-front-150x150.jpg 150w, https:\/\/www.yousanusb.com\/wp-content\/uploads\/2024\/12\/Biodegradable-Mini-White-Rectangle-Card-Flash-Drive-front-768x768.jpg 768w, https:\/\/www.yousanusb.com\/wp-content\/uploads\/2024\/12\/Biodegradable-Mini-White-Rectangle-Card-Flash-Drive-front-600x600.jpg 600w, https:\/\/www.yousanusb.com\/wp-content\/uploads\/2024\/12\/Biodegradable-Mini-White-Rectangle-Card-Flash-Drive-front-100x100.jpg 100w\" sizes=\"(max-width: 800px) 100vw, 800px\" \/><\/figure>\n<\/div>\n<\/div>","protected":false},"excerpt":{"rendered":"<ul>\n<li>Dise\u00f1o en forma de tarjeta<\/li>\n<li>Materiales ecol\u00f3gicos<\/li>\n<li>Fino y ligero<\/li>\n<li>F\u00e1cil de transportar<\/li>\n<li>Ideal para todos los usos<\/li>\n<li>MOQ:100pcs<\/li>\n<\/ul>","protected":false},"featured_media":11861,"comment_status":"open","ping_status":"closed","template":"","meta":{"_seopress_robots_primary_cat":"none","_seopress_titles_title":"Biodegradable Push-Pull Flash Drive","_seopress_titles_desc":"The Biodegradable Push-Pull Flash Drive from YOUSAN Flash Drive Factory is an innovative and eco-conscious solution for data storage. This newly introduced flash drive combines functionality with environmental responsibility.","_seopress_robots_index":""},"class_list":["post-11856","product","type-product","status-publish","has-post-thumbnail","hentry","product_cat-biodegradable-usb-flash-disk","product_cat-push-pull-usb-flash-drive","product_tag-push-pull-flash-drive"],"_links":{"self":[{"href":"https:\/\/www.yousanusb.com\/es\/wp-json\/wp\/v2\/product\/11856"}],"collection":[{"href":"https:\/\/www.yousanusb.com\/es\/wp-json\/wp\/v2\/product"}],"about":[{"href":"https:\/\/www.yousanusb.com\/es\/wp-json\/wp\/v2\/types\/product"}],"replies":[{"embeddable":true,"href":"https:\/\/www.yousanusb.com\/es\/wp-json\/wp\/v2\/comments?post=11856"}],"wp:featuredmedia":[{"embeddable":true,"href":"https:\/\/www.yousanusb.com\/es\/wp-json\/wp\/v2\/media\/11861"}],"wp:attachment":[{"href":"https:\/\/www.yousanusb.com\/es\/wp-json\/wp\/v2\/media?parent=11856"}],"curies":[{"name":"wp","href":"https:\/\/api.w.org\/{rel}","templated":true}]}}