{"id":11865,"date":"2024-12-07T02:26:32","date_gmt":"2024-12-07T02:26:32","guid":{"rendered":"https:\/\/yousanusb.com\/?post_type=product&#038;p=11865"},"modified":"2025-11-12T07:57:57","modified_gmt":"2025-11-12T07:57:57","slug":"biodegradable-house-shape-key-usb-flash-drive","status":"publish","type":"product","link":"https:\/\/www.yousanusb.com\/es\/producto\/biodegradable-house-shape-key-usb-flash-drive\/","title":{"rendered":"Memoria USB biodegradable con forma de casa"},"content":{"rendered":"<div class=\"wp-block-columns is-layout-flex wp-container-core-columns-is-layout-1 wp-block-columns-is-layout-flex\">\n<div class=\"wp-block-column is-layout-flow wp-block-column-is-layout-flow\">\n<figure class=\"wp-block-image size-full\"><img fetchpriority=\"high\" decoding=\"async\" width=\"800\" height=\"800\" src=\"https:\/\/www.yousanusb.com\/wp-content\/uploads\/2024\/12\/Biodegradable-House-Shape-Key-USB-Pendrive.jpg\" alt=\"\" class=\"wp-image-11869\" srcset=\"https:\/\/www.yousanusb.com\/wp-content\/uploads\/2024\/12\/Biodegradable-House-Shape-Key-USB-Pendrive.jpg 800w, https:\/\/www.yousanusb.com\/wp-content\/uploads\/2024\/12\/Biodegradable-House-Shape-Key-USB-Pendrive-300x300.jpg 300w, https:\/\/www.yousanusb.com\/wp-content\/uploads\/2024\/12\/Biodegradable-House-Shape-Key-USB-Pendrive-150x150.jpg 150w, https:\/\/www.yousanusb.com\/wp-content\/uploads\/2024\/12\/Biodegradable-House-Shape-Key-USB-Pendrive-768x768.jpg 768w, https:\/\/www.yousanusb.com\/wp-content\/uploads\/2024\/12\/Biodegradable-House-Shape-Key-USB-Pendrive-600x600.jpg 600w, https:\/\/www.yousanusb.com\/wp-content\/uploads\/2024\/12\/Biodegradable-House-Shape-Key-USB-Pendrive-100x100.jpg 100w\" sizes=\"(max-width: 800px) 100vw, 800px\" \/><\/figure>\n<\/div>\n\n\n\n<div class=\"wp-block-column is-vertically-aligned-center is-layout-flow wp-block-column-is-layout-flow\">\n<h4 class=\"wp-block-heading\">Unidad USB con llave en forma de casa<br><\/h4>\n\n\n\n<p>El material biodegradable utilizado para su carcasa la convierte en una excelente opci\u00f3n para las personas concienciadas con el medio ambiente. Ofrece una pr\u00e1ctica soluci\u00f3n de almacenamiento con capacidad suficiente para guardar una gran variedad de archivos.<\/p>\n\n\n\n<p>Para los agentes inmobiliarios, puede contener listados de propiedades, planos de planta e informaci\u00f3n sobre los clientes, y servir como obsequio memorable durante las exposiciones o jornadas de puertas abiertas. Los propietarios pueden usarla para guardar ideas de mejoras, documentos de garant\u00eda y fotos familiares relacionadas con sus casas.<\/p>\n\n\n\n<p>El cabezal imita el dise\u00f1o de un tejado inclinado, con un cuerpo de 2 mm de grosor (5 g de peso) que cabe en carteras. Resistente a ca\u00eddas de 1,5 m, la interfaz USB 2.0 garantiza una transmisi\u00f3n estable y una vida \u00fatil de 100.000 ciclos. El \u00e1rea del techo puede imprimir LOGOTIPOS, perfecto para marcas inmobiliarias y de creatividad cultural. La f\u00e1brica ofrece personalizaci\u00f3n integral para impulsar la promoci\u00f3n de la marca.<\/p>\n<\/div>\n<\/div>\n\n\n\n<div class=\"wp-block-columns is-layout-flex wp-container-core-columns-is-layout-2 wp-block-columns-is-layout-flex\">\n<div class=\"wp-block-column is-vertically-aligned-center is-layout-flow wp-block-column-is-layout-flow\">\n<p>En entornos educativos, puede utilizarse para distribuir material did\u00e1ctico sobre arquitectura o ciencias medioambientales. La forma de casa y su naturaleza biodegradable lo convierten tambi\u00e9n en un magn\u00edfico art\u00edculo promocional para empresas del sector de la construcci\u00f3n o de la vida ecol\u00f3gica. <\/p>\n\n\n\n<p>Ya sea como pieza decorativa en un llavero o como fiable dispositivo de almacenamiento de datos, esta unidad flash combina estilo, utilidad y protecci\u00f3n del medio ambiente en un delicioso envoltorio.<\/p>\n<\/div>\n\n\n\n<div class=\"wp-block-column is-layout-flow wp-block-column-is-layout-flow\">\n<figure class=\"wp-block-image size-full\"><img decoding=\"async\" width=\"800\" height=\"800\" src=\"https:\/\/www.yousanusb.com\/wp-content\/uploads\/2024\/12\/Biodegradable-House-Shape-Key-USB-Flash-Drive.jpg\" alt=\"\" class=\"wp-image-11868\" srcset=\"https:\/\/www.yousanusb.com\/wp-content\/uploads\/2024\/12\/Biodegradable-House-Shape-Key-USB-Flash-Drive.jpg 800w, https:\/\/www.yousanusb.com\/wp-content\/uploads\/2024\/12\/Biodegradable-House-Shape-Key-USB-Flash-Drive-300x300.jpg 300w, https:\/\/www.yousanusb.com\/wp-content\/uploads\/2024\/12\/Biodegradable-House-Shape-Key-USB-Flash-Drive-150x150.jpg 150w, https:\/\/www.yousanusb.com\/wp-content\/uploads\/2024\/12\/Biodegradable-House-Shape-Key-USB-Flash-Drive-768x768.jpg 768w, https:\/\/www.yousanusb.com\/wp-content\/uploads\/2024\/12\/Biodegradable-House-Shape-Key-USB-Flash-Drive-600x600.jpg 600w, https:\/\/www.yousanusb.com\/wp-content\/uploads\/2024\/12\/Biodegradable-House-Shape-Key-USB-Flash-Drive-100x100.jpg 100w\" sizes=\"(max-width: 800px) 100vw, 800px\" \/><\/figure>\n<\/div>\n<\/div>","protected":false},"excerpt":{"rendered":"<ul>\n<li>Memoria USB biodegradable con forma de casa<\/li>\n<li>materiales ecol\u00f3gicos<\/li>\n<li>Logotipo personalizado<\/li>\n<li>2 mm de grosor<\/li>\n<li>MOQ:100pcs<\/li>\n<\/ul>","protected":false},"featured_media":11869,"comment_status":"open","ping_status":"closed","template":"","meta":{"_seopress_robots_primary_cat":"none","_seopress_titles_title":"Biodegradable House Shape Key USB Flash Drive","_seopress_titles_desc":"The Biodegradable House Shape Key USB Flash Drive from YOUSAN Flash Drive Factory is a charming and eco-friendly innovation. This unique flash drive is designed in the shape of a house, adding a touch of whimsy to its functionality.","_seopress_robots_index":""},"class_list":["post-11865","product","type-product","status-publish","has-post-thumbnail","hentry","product_cat-usb30-flash-drive","product_cat-biodegradable-usb-flash-disk","product_cat-retractable-usb-flash-drive","product_tag-biodegradable-key-usb-drive","product_tag-house-shapeusb-flash-drive"],"_links":{"self":[{"href":"https:\/\/www.yousanusb.com\/es\/wp-json\/wp\/v2\/product\/11865"}],"collection":[{"href":"https:\/\/www.yousanusb.com\/es\/wp-json\/wp\/v2\/product"}],"about":[{"href":"https:\/\/www.yousanusb.com\/es\/wp-json\/wp\/v2\/types\/product"}],"replies":[{"embeddable":true,"href":"https:\/\/www.yousanusb.com\/es\/wp-json\/wp\/v2\/comments?post=11865"}],"wp:featuredmedia":[{"embeddable":true,"href":"https:\/\/www.yousanusb.com\/es\/wp-json\/wp\/v2\/media\/11869"}],"wp:attachment":[{"href":"https:\/\/www.yousanusb.com\/es\/wp-json\/wp\/v2\/media?parent=11865"}],"curies":[{"name":"wp","href":"https:\/\/api.w.org\/{rel}","templated":true}]}}