{"id":11880,"date":"2024-12-07T02:31:27","date_gmt":"2024-12-07T02:31:27","guid":{"rendered":"https:\/\/yousanusb.com\/?post_type=product&#038;p=11880"},"modified":"2025-11-12T07:47:13","modified_gmt":"2025-11-12T07:47:13","slug":"biodegradable-round-head-key-flash-pendrive","status":"publish","type":"product","link":"https:\/\/www.yousanusb.com\/es\/producto\/biodegradable-round-head-key-flash-pendrive\/","title":{"rendered":"Pendrive biodegradable de cabeza redonda"},"content":{"rendered":"<p><br>El Pendrive Flash Biodegradable con Llave de Cabeza Redonda de YOUSAN Flash Drive Factory es un nuevo producto excepcional. Con su elegante dise\u00f1o de llave de cabeza redonda, ofrece estilo y comodidad. El material biodegradable de la carcasa es uno de sus puntos fuertes.<\/p>\n\n\n\n<div class=\"wp-block-columns is-layout-flex wp-container-core-columns-is-layout-1 wp-block-columns-is-layout-flex\">\n<div class=\"wp-block-column is-layout-flow wp-block-column-is-layout-flow\">\n<figure class=\"wp-block-image size-full\"><img fetchpriority=\"high\" decoding=\"async\" width=\"800\" height=\"800\" src=\"https:\/\/www.yousanusb.com\/wp-content\/uploads\/2024\/12\/Biodegradable-Round-Head-Key-Flash-Pendrive.jpg\" alt=\"\" class=\"wp-image-11884\" srcset=\"https:\/\/www.yousanusb.com\/wp-content\/uploads\/2024\/12\/Biodegradable-Round-Head-Key-Flash-Pendrive.jpg 800w, https:\/\/www.yousanusb.com\/wp-content\/uploads\/2024\/12\/Biodegradable-Round-Head-Key-Flash-Pendrive-300x300.jpg 300w, https:\/\/www.yousanusb.com\/wp-content\/uploads\/2024\/12\/Biodegradable-Round-Head-Key-Flash-Pendrive-150x150.jpg 150w, https:\/\/www.yousanusb.com\/wp-content\/uploads\/2024\/12\/Biodegradable-Round-Head-Key-Flash-Pendrive-768x768.jpg 768w, https:\/\/www.yousanusb.com\/wp-content\/uploads\/2024\/12\/Biodegradable-Round-Head-Key-Flash-Pendrive-600x600.jpg 600w, https:\/\/www.yousanusb.com\/wp-content\/uploads\/2024\/12\/Biodegradable-Round-Head-Key-Flash-Pendrive-100x100.jpg 100w\" sizes=\"(max-width: 800px) 100vw, 800px\" \/><\/figure>\n<\/div>\n\n\n\n<div class=\"wp-block-column is-vertically-aligned-center is-layout-flow wp-block-column-is-layout-flow\">\n<p>En un mundo tan respetuoso con el medio ambiente como el actual, este pendrive le permite almacenar sus archivos digitales esenciales sin da\u00f1ar el planeta. Ofrece un amplio espacio de almacenamiento para una gran variedad de archivos. <\/p>\n\n\n\n<p>Para los oficinistas, puede utilizarse para llevar los informes diarios de trabajo, las actas de las reuniones y los archivos importantes de los proyectos entre la oficina y casa. Los estudiantes pueden guardar sus libros de texto en formato digital, trabajos y material de investigaci\u00f3n. <\/p>\n\n\n\n<p>Tambi\u00e9n es una gran opci\u00f3n para quienes est\u00e1n siempre en movimiento. Al viajar, puede guardar itinerarios de viaje, reservas de hotel y fotos memorables.<\/p>\n<\/div>\n<\/div>\n\n\n\n<div class=\"wp-block-columns is-layout-flex wp-container-core-columns-is-layout-2 wp-block-columns-is-layout-flex\">\n<div class=\"wp-block-column is-vertically-aligned-center is-layout-flow wp-block-column-is-layout-flow\">\n<p>Esta unidad USB biodegradable cuenta con un puerto USB 3.0 azul. USB 3.0 ofrece velocidades de transferencia significativamente m\u00e1s r\u00e1pidas que USB 2.0, lo que permite transferencias diarias m\u00e1s eficientes de documentos, im\u00e1genes y otros archivos.<\/p>\n\n\n\n<p> Es retrocompatible con los dispositivos USB 2.0 y funciona con los principales dispositivos electr\u00f3nicos, como ordenadores y tabletas. El puerto complementa la carcasa ecol\u00f3gica, equilibrando la sostenibilidad medioambiental con el rendimiento pr\u00e1ctico de la transferencia.<\/p>\n\n\n\n<p>La forma de llave con cabeza redonda facilita su colocaci\u00f3n en llaveros, garantizando que no se pierda. Ya sea para uso personal o profesional, este pendrive biodegradable combina funcionalidad y respeto por el medio ambiente, lo que lo convierte en un accesorio imprescindible para la vida moderna.<\/p>\n<\/div>\n\n\n\n<div class=\"wp-block-column is-layout-flow wp-block-column-is-layout-flow\">\n<figure class=\"wp-block-image size-full\"><img decoding=\"async\" width=\"800\" height=\"800\" src=\"https:\/\/www.yousanusb.com\/wp-content\/uploads\/2024\/12\/Biodegradable-Round-Head-Key-Flash-Drive.jpg\" alt=\"\" class=\"wp-image-11883\" srcset=\"https:\/\/www.yousanusb.com\/wp-content\/uploads\/2024\/12\/Biodegradable-Round-Head-Key-Flash-Drive.jpg 800w, https:\/\/www.yousanusb.com\/wp-content\/uploads\/2024\/12\/Biodegradable-Round-Head-Key-Flash-Drive-300x300.jpg 300w, https:\/\/www.yousanusb.com\/wp-content\/uploads\/2024\/12\/Biodegradable-Round-Head-Key-Flash-Drive-150x150.jpg 150w, https:\/\/www.yousanusb.com\/wp-content\/uploads\/2024\/12\/Biodegradable-Round-Head-Key-Flash-Drive-768x768.jpg 768w, https:\/\/www.yousanusb.com\/wp-content\/uploads\/2024\/12\/Biodegradable-Round-Head-Key-Flash-Drive-600x600.jpg 600w, https:\/\/www.yousanusb.com\/wp-content\/uploads\/2024\/12\/Biodegradable-Round-Head-Key-Flash-Drive-100x100.jpg 100w\" sizes=\"(max-width: 800px) 100vw, 800px\" \/><\/figure>\n<\/div>\n<\/div>","protected":false},"excerpt":{"rendered":"<p>El Pendrive Flash Biodegradable con Llave de Cabeza Redonda de YOUSAN Flash Drive Factory es un nuevo producto excepcional. Con su elegante dise\u00f1o de llave de cabeza redonda, ofrece estilo y comodidad. El material biodegradable de la carcasa es uno de sus puntos fuertes.<\/p>","protected":false},"featured_media":11884,"comment_status":"open","ping_status":"closed","template":"","meta":{"_seopress_robots_primary_cat":"none","_seopress_titles_title":"Biodegradable Round Head Key Flash Pendrive","_seopress_titles_desc":"The Biodegradable Round Head Key Flash Pendrive from YOUSAN Flash Drive Factory is an outstanding new product. With its sleek round head key design, it offers both style and convenience. The biodegradable material of the casing is a major highlight.","_seopress_robots_index":""},"class_list":["post-11880","product","type-product","status-publish","has-post-thumbnail","hentry","product_cat-usb30-flash-drive","product_cat-biodegradable-usb-flash-disk","product_cat-retractable-usb-flash-drive","product_tag-biodegradable-key-usb-drive"],"_links":{"self":[{"href":"https:\/\/www.yousanusb.com\/es\/wp-json\/wp\/v2\/product\/11880"}],"collection":[{"href":"https:\/\/www.yousanusb.com\/es\/wp-json\/wp\/v2\/product"}],"about":[{"href":"https:\/\/www.yousanusb.com\/es\/wp-json\/wp\/v2\/types\/product"}],"replies":[{"embeddable":true,"href":"https:\/\/www.yousanusb.com\/es\/wp-json\/wp\/v2\/comments?post=11880"}],"wp:featuredmedia":[{"embeddable":true,"href":"https:\/\/www.yousanusb.com\/es\/wp-json\/wp\/v2\/media\/11884"}],"wp:attachment":[{"href":"https:\/\/www.yousanusb.com\/es\/wp-json\/wp\/v2\/media?parent=11880"}],"curies":[{"name":"wp","href":"https:\/\/api.w.org\/{rel}","templated":true}]}}