{"id":11887,"date":"2024-12-07T02:34:34","date_gmt":"2024-12-07T02:34:34","guid":{"rendered":"https:\/\/yousanusb.com\/?post_type=product&#038;p=11887"},"modified":"2025-11-12T07:36:26","modified_gmt":"2025-11-12T07:36:26","slug":"biodegradable-cardboard-flash-drive","status":"publish","type":"product","link":"https:\/\/www.yousanusb.com\/es\/producto\/biodegradable-cardboard-flash-drive\/","title":{"rendered":"Memoria USB de cart\u00f3n biodegradable"},"content":{"rendered":"<p>La memoria USB de cart\u00f3n biodegradable de YOUSAN Flash Drive Factory es un producto nuevo y revolucionario. Esta exclusiva unidad USB presenta un exterior de cart\u00f3n, lo que la convierte en una alternativa ecol\u00f3gica en el mundo del almacenamiento de datos.<\/p>\n\n\n\n<div class=\"wp-block-columns is-layout-flex wp-container-core-columns-is-layout-1 wp-block-columns-is-layout-flex\">\n<div class=\"wp-block-column is-layout-flow wp-block-column-is-layout-flow\">\n<figure class=\"wp-block-image size-full\"><img fetchpriority=\"high\" decoding=\"async\" width=\"800\" height=\"800\" src=\"https:\/\/www.yousanusb.com\/wp-content\/uploads\/2024\/12\/Biodegradable-Cardboard-Flash-Pendrive.jpg\" alt=\"\" class=\"wp-image-11891\" srcset=\"https:\/\/www.yousanusb.com\/wp-content\/uploads\/2024\/12\/Biodegradable-Cardboard-Flash-Pendrive.jpg 800w, https:\/\/www.yousanusb.com\/wp-content\/uploads\/2024\/12\/Biodegradable-Cardboard-Flash-Pendrive-300x300.jpg 300w, https:\/\/www.yousanusb.com\/wp-content\/uploads\/2024\/12\/Biodegradable-Cardboard-Flash-Pendrive-150x150.jpg 150w, https:\/\/www.yousanusb.com\/wp-content\/uploads\/2024\/12\/Biodegradable-Cardboard-Flash-Pendrive-768x768.jpg 768w, https:\/\/www.yousanusb.com\/wp-content\/uploads\/2024\/12\/Biodegradable-Cardboard-Flash-Pendrive-600x600.jpg 600w, https:\/\/www.yousanusb.com\/wp-content\/uploads\/2024\/12\/Biodegradable-Cardboard-Flash-Pendrive-100x100.jpg 100w\" sizes=\"(max-width: 800px) 100vw, 800px\" \/><\/figure>\n<\/div>\n\n\n\n<div class=\"wp-block-column is-vertically-aligned-center is-layout-flow wp-block-column-is-layout-flow\">\n<p>The biodegradable nature of the cardboard shell is its most prominent feature. It offers a sustainable solution for storing digital content.<\/p>\n\n\n\n<p> Despite its eco-conscious construction, it provides a reliable storage capacity suitable for various needs. <\/p>\n\n\n\n<p>Students can use it to save class notes, research papers, and study materials. Professionals can store work documents, presentations, and important business data.<\/p>\n<\/div>\n<\/div>\n\n\n\n<p>Es un obsequio ideal para actos promocionales y de marketing de empresas que se preocupan por el medio ambiente. Tambi\u00e9n puede utilizarse en bibliotecas para distribuir material de lectura digital o en colegios para compartir recursos educativos. El dise\u00f1o compacto y ligero de la unidad flash de cart\u00f3n facilita su transporte. Con este innovador producto, podr\u00e1 gestionar sus datos a la vez que contribuye a un medio ambiente m\u00e1s verde, una combinaci\u00f3n perfecta de tecnolog\u00eda moderna y responsabilidad ecol\u00f3gica.<\/p>\n\n\n\n<div class=\"wp-block-columns is-layout-flex wp-container-core-columns-is-layout-2 wp-block-columns-is-layout-flex\">\n<div class=\"wp-block-column is-layout-flow wp-block-column-is-layout-flow\">\n<figure class=\"wp-block-image size-full\"><img decoding=\"async\" width=\"800\" height=\"800\" src=\"https:\/\/www.yousanusb.com\/wp-content\/uploads\/2024\/12\/Biodegradable-Cardboard-Flash-Drive.jpg\" alt=\"\" class=\"wp-image-11890\" srcset=\"https:\/\/www.yousanusb.com\/wp-content\/uploads\/2024\/12\/Biodegradable-Cardboard-Flash-Drive.jpg 800w, https:\/\/www.yousanusb.com\/wp-content\/uploads\/2024\/12\/Biodegradable-Cardboard-Flash-Drive-300x300.jpg 300w, https:\/\/www.yousanusb.com\/wp-content\/uploads\/2024\/12\/Biodegradable-Cardboard-Flash-Drive-150x150.jpg 150w, https:\/\/www.yousanusb.com\/wp-content\/uploads\/2024\/12\/Biodegradable-Cardboard-Flash-Drive-768x768.jpg 768w, https:\/\/www.yousanusb.com\/wp-content\/uploads\/2024\/12\/Biodegradable-Cardboard-Flash-Drive-600x600.jpg 600w, https:\/\/www.yousanusb.com\/wp-content\/uploads\/2024\/12\/Biodegradable-Cardboard-Flash-Drive-100x100.jpg 100w\" sizes=\"(max-width: 800px) 100vw, 800px\" \/><\/figure>\n<\/div>\n\n\n\n<div class=\"wp-block-column is-layout-flow wp-block-column-is-layout-flow\">\n<figure class=\"wp-block-image size-full\"><img decoding=\"async\" width=\"800\" height=\"800\" src=\"https:\/\/www.yousanusb.com\/wp-content\/uploads\/2024\/12\/Biyobozunur-Karton-Flash-Surucu.jpg\" alt=\"\" class=\"wp-image-11892\" srcset=\"https:\/\/www.yousanusb.com\/wp-content\/uploads\/2024\/12\/Biyobozunur-Karton-Flash-Surucu.jpg 800w, https:\/\/www.yousanusb.com\/wp-content\/uploads\/2024\/12\/Biyobozunur-Karton-Flash-Surucu-300x300.jpg 300w, https:\/\/www.yousanusb.com\/wp-content\/uploads\/2024\/12\/Biyobozunur-Karton-Flash-Surucu-150x150.jpg 150w, https:\/\/www.yousanusb.com\/wp-content\/uploads\/2024\/12\/Biyobozunur-Karton-Flash-Surucu-768x768.jpg 768w, https:\/\/www.yousanusb.com\/wp-content\/uploads\/2024\/12\/Biyobozunur-Karton-Flash-Surucu-600x600.jpg 600w, https:\/\/www.yousanusb.com\/wp-content\/uploads\/2024\/12\/Biyobozunur-Karton-Flash-Surucu-100x100.jpg 100w\" sizes=\"(max-width: 800px) 100vw, 800px\" \/><\/figure>\n<\/div>\n<\/div>","protected":false},"excerpt":{"rendered":"<ul>\n<li>Memoria USB de cart\u00f3n biodegradable<\/li>\n<li>eco-friendly alternative<\/li>\n<li>RoHS\/CE Certification<\/li>\n<li>Free from harmful chemicals<\/li>\n<li>Lightweight and easy to carry<\/li>\n<li>MOQ:100pcs<\/li>\n<\/ul>","protected":false},"featured_media":11891,"comment_status":"open","ping_status":"closed","template":"","meta":{"_seopress_robots_primary_cat":"none","_seopress_titles_title":"Biodegradable Cardboard Flash Drive","_seopress_titles_desc":"The Biodegradable Cardboard Flash Drive from YOUSAN Flash Drive Factory is a revolutionary new product. This unique USB drive features a cardboard exterior, making it an eco-friendly alternative in the world of data storage.","_seopress_robots_index":""},"class_list":["post-11887","product","type-product","status-publish","has-post-thumbnail","hentry","product_cat-usb30-flash-drive","product_cat-biodegradable-usb-flash-disk","product_tag-cardboard-flash-drive"],"_links":{"self":[{"href":"https:\/\/www.yousanusb.com\/es\/wp-json\/wp\/v2\/product\/11887"}],"collection":[{"href":"https:\/\/www.yousanusb.com\/es\/wp-json\/wp\/v2\/product"}],"about":[{"href":"https:\/\/www.yousanusb.com\/es\/wp-json\/wp\/v2\/types\/product"}],"replies":[{"embeddable":true,"href":"https:\/\/www.yousanusb.com\/es\/wp-json\/wp\/v2\/comments?post=11887"}],"wp:featuredmedia":[{"embeddable":true,"href":"https:\/\/www.yousanusb.com\/es\/wp-json\/wp\/v2\/media\/11891"}],"wp:attachment":[{"href":"https:\/\/www.yousanusb.com\/es\/wp-json\/wp\/v2\/media?parent=11887"}],"curies":[{"name":"wp","href":"https:\/\/api.w.org\/{rel}","templated":true}]}}