{"id":11894,"date":"2024-12-07T02:43:42","date_gmt":"2024-12-07T02:43:42","guid":{"rendered":"https:\/\/yousanusb.com\/?post_type=product&#038;p=11894"},"modified":"2025-11-12T03:37:44","modified_gmt":"2025-11-12T03:37:44","slug":"oval-shape-drip-usb-flash-drive","status":"publish","type":"product","link":"https:\/\/www.yousanusb.com\/es\/producto\/oval-shape-drip-usb-flash-drive\/","title":{"rendered":"Memoria USB Ovalada Drip"},"content":{"rendered":"<div class=\"wp-block-columns is-layout-flex wp-container-core-columns-is-layout-1 wp-block-columns-is-layout-flex\">\n<div class=\"wp-block-column is-layout-flow wp-block-column-is-layout-flow\">\n<figure class=\"wp-block-image size-full\"><img fetchpriority=\"high\" decoding=\"async\" width=\"800\" height=\"800\" src=\"https:\/\/www.yousanusb.com\/wp-content\/uploads\/2024\/12\/Oval-Shape-Drip-USB-Flash-Drive.jpg\" alt=\"\" class=\"wp-image-11898\" srcset=\"https:\/\/www.yousanusb.com\/wp-content\/uploads\/2024\/12\/Oval-Shape-Drip-USB-Flash-Drive.jpg 800w, https:\/\/www.yousanusb.com\/wp-content\/uploads\/2024\/12\/Oval-Shape-Drip-USB-Flash-Drive-300x300.jpg 300w, https:\/\/www.yousanusb.com\/wp-content\/uploads\/2024\/12\/Oval-Shape-Drip-USB-Flash-Drive-150x150.jpg 150w, https:\/\/www.yousanusb.com\/wp-content\/uploads\/2024\/12\/Oval-Shape-Drip-USB-Flash-Drive-768x768.jpg 768w, https:\/\/www.yousanusb.com\/wp-content\/uploads\/2024\/12\/Oval-Shape-Drip-USB-Flash-Drive-600x600.jpg 600w, https:\/\/www.yousanusb.com\/wp-content\/uploads\/2024\/12\/Oval-Shape-Drip-USB-Flash-Drive-100x100.jpg 100w\" sizes=\"(max-width: 800px) 100vw, 800px\" \/><\/figure>\n<\/div>\n\n\n\n<div class=\"wp-block-column is-vertically-aligned-center is-layout-flow wp-block-column-is-layout-flow\">\n<p>La memoria USB con forma ovalada de YOUSAN Flash Drive Factory es una nueva incorporaci\u00f3n lujosa e innovadora al mundo del almacenamiento port\u00e1til. <\/p>\n\n\n\n<p>Su forma ovalada es elegante y moderna, mientras que el exclusivo acabado goteado le confiere un aire de sofisticaci\u00f3n y elegancia que la distingue de las memorias USB corrientes.<\/p>\n\n\n\n<p>Esta exquisita unidad flash est\u00e1 fabricada con una avanzada tecnolog\u00eda de goteo. La capa de goteo transparente y brillante no s\u00f3lo proporciona una superficie suave y t\u00e1ctil, sino que tambi\u00e9n sirve como escudo protector para los componentes internos, mejorando su durabilidad. <\/p>\n\n\n\n<p>Est\u00e1 disponible en una gran variedad de colores vivos y acabados, lo que permite personalizarlo para que se adapte a cualquier estilo personal o corporativo. Con una amplia capacidad de almacenamiento, es perfecto para guardar documentos importantes, fotos de alta resoluci\u00f3n e incluso archivos de v\u00eddeo de gran tama\u00f1o.<\/p>\n<\/div>\n<\/div>\n\n\n\n<div class=\"wp-block-columns is-layout-flex wp-container-core-columns-is-layout-2 wp-block-columns-is-layout-flex\">\n<div class=\"wp-block-column is-vertically-aligned-center is-layout-flow wp-block-column-is-layout-flow\">\n<p>Esta unidad USB el\u00edptica presenta un elegante dise\u00f1o en blanco y negro. Admite la impresi\u00f3n de logotipos personalizados para la marca de la empresa o gr\u00e1ficos personalizados, por lo que es ideal para regalos de empresa y obsequios para eventos. <\/p>\n\n\n\n<p>Fabricado en pl\u00e1stico ABS con una interfaz USB est\u00e1ndar, satisface las necesidades diarias de almacenamiento de archivos al tiempo que ofrece practicidad y un reconocimiento distintivo tras su personalizaci\u00f3n.<\/p>\n\n\n\n<p>Los profesionales pueden utilizarla para llevar presentaciones de negocios y archivos de proyectos, mientras que su elegante aspecto deja una impresi\u00f3n duradera en los clientes. Los entusiastas de la moda pueden guardar sus v\u00eddeos favoritos de pasarela y sus portafolios de dise\u00f1o. <\/p>\n<\/div>\n\n\n\n<div class=\"wp-block-column is-layout-flow wp-block-column-is-layout-flow\">\n<figure class=\"wp-block-image size-full\"><img decoding=\"async\" width=\"800\" height=\"800\" src=\"https:\/\/www.yousanusb.com\/wp-content\/uploads\/2024\/12\/Oval-Shape-Drip-USB-Flash-Disk.jpg\" alt=\"\" class=\"wp-image-11897\" srcset=\"https:\/\/www.yousanusb.com\/wp-content\/uploads\/2024\/12\/Oval-Shape-Drip-USB-Flash-Disk.jpg 800w, https:\/\/www.yousanusb.com\/wp-content\/uploads\/2024\/12\/Oval-Shape-Drip-USB-Flash-Disk-300x300.jpg 300w, https:\/\/www.yousanusb.com\/wp-content\/uploads\/2024\/12\/Oval-Shape-Drip-USB-Flash-Disk-150x150.jpg 150w, https:\/\/www.yousanusb.com\/wp-content\/uploads\/2024\/12\/Oval-Shape-Drip-USB-Flash-Disk-768x768.jpg 768w, https:\/\/www.yousanusb.com\/wp-content\/uploads\/2024\/12\/Oval-Shape-Drip-USB-Flash-Disk-600x600.jpg 600w, https:\/\/www.yousanusb.com\/wp-content\/uploads\/2024\/12\/Oval-Shape-Drip-USB-Flash-Disk-100x100.jpg 100w\" sizes=\"(max-width: 800px) 100vw, 800px\" \/><\/figure>\n<\/div>\n<\/div>","protected":false},"excerpt":{"rendered":"<ul>\n<li>Pl\u00e1stico ABS<\/li>\n<li>Logotipo personalizado<\/li>\n<li>Impresi\u00f3n en c\u00fapula epoxi a 4 colores GRATUITA<\/li>\n<li>Compatible con sistemas PC, Mac y Linux<\/li>\n<li>MOQ:100pcs<\/li>\n<\/ul>","protected":false},"featured_media":11898,"comment_status":"open","ping_status":"closed","template":"","meta":{"_seopress_robots_primary_cat":"none","_seopress_titles_title":"Oval Shape Drip USB Flash Drive","_seopress_titles_desc":"The Oval Shape Drip USB Flash Drive from YOUSAN Flash Drive Factory is a luxurious and innovative new addition to the world of portable storage. Its oval shape is sleek and modern, while the unique drip finish gives it an air of sophistication and elegance that sets it apart from ordinary flash drives.","_seopress_robots_index":""},"class_list":["post-11894","product","type-product","status-publish","has-post-thumbnail","hentry","product_cat-usb-flash-drive","product_tag-drip-usb-flash-drive","product_tag-epoxy-usb-drive"],"_links":{"self":[{"href":"https:\/\/www.yousanusb.com\/es\/wp-json\/wp\/v2\/product\/11894"}],"collection":[{"href":"https:\/\/www.yousanusb.com\/es\/wp-json\/wp\/v2\/product"}],"about":[{"href":"https:\/\/www.yousanusb.com\/es\/wp-json\/wp\/v2\/types\/product"}],"replies":[{"embeddable":true,"href":"https:\/\/www.yousanusb.com\/es\/wp-json\/wp\/v2\/comments?post=11894"}],"wp:featuredmedia":[{"embeddable":true,"href":"https:\/\/www.yousanusb.com\/es\/wp-json\/wp\/v2\/media\/11898"}],"wp:attachment":[{"href":"https:\/\/www.yousanusb.com\/es\/wp-json\/wp\/v2\/media?parent=11894"}],"curies":[{"name":"wp","href":"https:\/\/api.w.org\/{rel}","templated":true}]}}