{"id":1193,"date":"2021-06-09T03:32:48","date_gmt":"2021-06-09T03:32:48","guid":{"rendered":"https:\/\/yousanusb.com\/?post_type=product&#038;p=1193"},"modified":"2025-11-14T06:56:53","modified_gmt":"2025-11-14T06:56:53","slug":"hot-sale-plate-ultra-thin-waterproof-metal-usb-flash-drive","status":"publish","type":"product","link":"https:\/\/www.yousanusb.com\/es\/producto\/hot-sale-plate-ultra-thin-waterproof-metal-usb-flash-drive\/","title":{"rendered":"Memoria USB estanca con llavero"},"content":{"rendered":"<p>La memoria USB es tan peque\u00f1a y manejable que lleva su mundo digital siempre con usted en el bolsillo m\u00e1s peque\u00f1o. Hay un llavero en un extremo del disco U que conecta el llavero, bolso.<\/p>\n\n\n\n<div class=\"wp-block-columns is-layout-flex wp-container-core-columns-is-layout-1 wp-block-columns-is-layout-flex\">\n<div class=\"wp-block-column is-layout-flow wp-block-column-is-layout-flow\">\n<figure class=\"wp-block-image size-full\"><img fetchpriority=\"high\" decoding=\"async\" width=\"800\" height=\"800\" src=\"https:\/\/www.yousanusb.com\/wp-content\/uploads\/2021\/06\/hot-sale-plate-ultra-thin-waterproof-metal-usb-flash-drive-1.jpg\" alt=\"\" class=\"wp-image-1196\" srcset=\"https:\/\/www.yousanusb.com\/wp-content\/uploads\/2021\/06\/hot-sale-plate-ultra-thin-waterproof-metal-usb-flash-drive-1.jpg 800w, https:\/\/www.yousanusb.com\/wp-content\/uploads\/2021\/06\/hot-sale-plate-ultra-thin-waterproof-metal-usb-flash-drive-1-600x600.jpg 600w, https:\/\/www.yousanusb.com\/wp-content\/uploads\/2021\/06\/hot-sale-plate-ultra-thin-waterproof-metal-usb-flash-drive-1-100x100.jpg 100w, https:\/\/www.yousanusb.com\/wp-content\/uploads\/2021\/06\/hot-sale-plate-ultra-thin-waterproof-metal-usb-flash-drive-1-300x300.jpg 300w, https:\/\/www.yousanusb.com\/wp-content\/uploads\/2021\/06\/hot-sale-plate-ultra-thin-waterproof-metal-usb-flash-drive-1-150x150.jpg 150w, https:\/\/www.yousanusb.com\/wp-content\/uploads\/2021\/06\/hot-sale-plate-ultra-thin-waterproof-metal-usb-flash-drive-1-768x768.jpg 768w\" sizes=\"(max-width: 800px) 100vw, 800px\" \/><\/figure>\n<\/div>\n\n\n\n<div class=\"wp-block-column is-vertically-aligned-center is-layout-flow wp-block-column-is-layout-flow\">\n<p>El cuerpo principal est\u00e1 fabricado en metal, que ofrece una excelente durabilidad y resistencia al desgaste. Soporta peque\u00f1os golpes y ara\u00f1azos durante el uso diario, protegiendo eficazmente el chip de almacenamiento interno y mejorando la longevidad general del producto. Es poco probable que un uso prolongado da\u00f1e la carcasa.<\/p>\n\n\n\n<p>Disponible en dos colores base -plateado y dorado-, el acabado met\u00e1lico complementa diversos entornos, desde los negocios hasta el uso cotidiano. Se adapta a distintas preferencias visuales y permite a los usuarios distinguir por el color las unidades USB con distintos contenidos de almacenamiento.<\/p>\n<\/div>\n<\/div>\n\n\n\n<div class=\"wp-block-columns is-layout-flex wp-container-core-columns-is-layout-2 wp-block-columns-is-layout-flex\">\n<div class=\"wp-block-column is-vertically-aligned-center is-layout-flow wp-block-column-is-layout-flow\">\n<p>Presenta un dise\u00f1o minimalista, elegante y alargado, con un enganche de gancho circular: el gancho puede enroscarse directamente en llaveros, correas de mochilas y objetos similares, lo que mejora considerablemente la portabilidad y reduce el riesgo de perder la unidad USB.<\/p>\n\n\n\n<p> Su estructura compacta elimina los componentes innecesarios, lo que garantiza un funcionamiento sin esfuerzo y un almacenamiento y transporte c\u00f3modos.<br><\/p>\n<\/div>\n\n\n\n<div class=\"wp-block-column is-layout-flow wp-block-column-is-layout-flow\">\n<figure class=\"wp-block-image size-full\"><img decoding=\"async\" width=\"800\" height=\"980\" src=\"https:\/\/www.yousanusb.com\/wp-content\/uploads\/2021\/06\/ultra-thin-waterproof-metal-usb-dirve-2.jpg\" alt=\"\" class=\"wp-image-1200\" srcset=\"https:\/\/www.yousanusb.com\/wp-content\/uploads\/2021\/06\/ultra-thin-waterproof-metal-usb-dirve-2.jpg 800w, https:\/\/www.yousanusb.com\/wp-content\/uploads\/2021\/06\/ultra-thin-waterproof-metal-usb-dirve-2-600x735.jpg 600w, https:\/\/www.yousanusb.com\/wp-content\/uploads\/2021\/06\/ultra-thin-waterproof-metal-usb-dirve-2-245x300.jpg 245w, https:\/\/www.yousanusb.com\/wp-content\/uploads\/2021\/06\/ultra-thin-waterproof-metal-usb-dirve-2-768x941.jpg 768w\" sizes=\"(max-width: 800px) 100vw, 800px\" \/><\/figure>\n<\/div>\n<\/div>\n\n\n\n<div class=\"wp-block-columns is-layout-flex wp-container-core-columns-is-layout-3 wp-block-columns-is-layout-flex\">\n<div class=\"wp-block-column is-layout-flow wp-block-column-is-layout-flow\">\n<figure class=\"wp-block-image size-full\"><img decoding=\"async\" width=\"800\" height=\"800\" src=\"https:\/\/www.yousanusb.com\/wp-content\/uploads\/2021\/06\/ultra-thin-waterproof-metal-usb-dirve-3.jpg\" alt=\"\" class=\"wp-image-1201\" srcset=\"https:\/\/www.yousanusb.com\/wp-content\/uploads\/2021\/06\/ultra-thin-waterproof-metal-usb-dirve-3.jpg 800w, https:\/\/www.yousanusb.com\/wp-content\/uploads\/2021\/06\/ultra-thin-waterproof-metal-usb-dirve-3-600x600.jpg 600w, https:\/\/www.yousanusb.com\/wp-content\/uploads\/2021\/06\/ultra-thin-waterproof-metal-usb-dirve-3-100x100.jpg 100w, https:\/\/www.yousanusb.com\/wp-content\/uploads\/2021\/06\/ultra-thin-waterproof-metal-usb-dirve-3-300x300.jpg 300w, https:\/\/www.yousanusb.com\/wp-content\/uploads\/2021\/06\/ultra-thin-waterproof-metal-usb-dirve-3-150x150.jpg 150w, https:\/\/www.yousanusb.com\/wp-content\/uploads\/2021\/06\/ultra-thin-waterproof-metal-usb-dirve-3-768x768.jpg 768w\" sizes=\"(max-width: 800px) 100vw, 800px\" \/><\/figure>\n<\/div>\n\n\n\n<div class=\"wp-block-column is-vertically-aligned-center is-layout-flow wp-block-column-is-layout-flow\">\n<p>Admite la funcionalidad plug-and-play sin necesidad de controladores adicionales. Compatible con los principales sistemas operativos, incluidos Windows y Mac, se conecta a ordenadores, port\u00e1tiles y otros dispositivos para satisfacer las necesidades diarias de almacenamiento y transferencia de documentos, archivos multimedia y datos de trabajo. <\/p>\n\n\n\n<p>La carcasa met\u00e1lica contribuye a la disipaci\u00f3n del calor, lo que ayuda a la unidad USB a mantener un funcionamiento estable durante la transferencia de datos y garantiza un rendimiento fluido en la lectura y escritura de datos.<br><\/p>\n<\/div>\n<\/div>\n\n\n\n<div class=\"wp-block-columns is-layout-flex wp-container-core-columns-is-layout-4 wp-block-columns-is-layout-flex\">\n<div class=\"wp-block-column is-layout-flow wp-block-column-is-layout-flow\">\n<figure class=\"wp-block-image size-full\"><img loading=\"lazy\" decoding=\"async\" width=\"800\" height=\"709\" src=\"https:\/\/www.yousanusb.com\/wp-content\/uploads\/2021\/06\/ultra-thin-waterproof-metal-usb-dirve-5.jpg\" alt=\"\" class=\"wp-image-1203\" srcset=\"https:\/\/www.yousanusb.com\/wp-content\/uploads\/2021\/06\/ultra-thin-waterproof-metal-usb-dirve-5.jpg 800w, https:\/\/www.yousanusb.com\/wp-content\/uploads\/2021\/06\/ultra-thin-waterproof-metal-usb-dirve-5-600x532.jpg 600w, https:\/\/www.yousanusb.com\/wp-content\/uploads\/2021\/06\/ultra-thin-waterproof-metal-usb-dirve-5-300x266.jpg 300w, https:\/\/www.yousanusb.com\/wp-content\/uploads\/2021\/06\/ultra-thin-waterproof-metal-usb-dirve-5-768x681.jpg 768w\" sizes=\"(max-width: 800px) 100vw, 800px\" \/><\/figure>\n<\/div>\n\n\n\n<div class=\"wp-block-column is-layout-flow wp-block-column-is-layout-flow\">\n<figure class=\"wp-block-image size-full\"><img loading=\"lazy\" decoding=\"async\" width=\"800\" height=\"800\" src=\"https:\/\/www.yousanusb.com\/wp-content\/uploads\/2021\/06\/hot-sale-plate-ultra-thin-waterproof-metal-usb-flash-drive-4.jpg\" alt=\"\" class=\"wp-image-1198\" srcset=\"https:\/\/www.yousanusb.com\/wp-content\/uploads\/2021\/06\/hot-sale-plate-ultra-thin-waterproof-metal-usb-flash-drive-4.jpg 800w, https:\/\/www.yousanusb.com\/wp-content\/uploads\/2021\/06\/hot-sale-plate-ultra-thin-waterproof-metal-usb-flash-drive-4-600x600.jpg 600w, https:\/\/www.yousanusb.com\/wp-content\/uploads\/2021\/06\/hot-sale-plate-ultra-thin-waterproof-metal-usb-flash-drive-4-100x100.jpg 100w, https:\/\/www.yousanusb.com\/wp-content\/uploads\/2021\/06\/hot-sale-plate-ultra-thin-waterproof-metal-usb-flash-drive-4-300x300.jpg 300w, https:\/\/www.yousanusb.com\/wp-content\/uploads\/2021\/06\/hot-sale-plate-ultra-thin-waterproof-metal-usb-flash-drive-4-150x150.jpg 150w, https:\/\/www.yousanusb.com\/wp-content\/uploads\/2021\/06\/hot-sale-plate-ultra-thin-waterproof-metal-usb-flash-drive-4-768x768.jpg 768w\" sizes=\"(max-width: 800px) 100vw, 800px\" \/><\/figure>\n<\/div>\n<\/div>","protected":false},"excerpt":{"rendered":"<ul>\n<li>Dise\u00f1o de llavero<\/li>\n<li>Material met\u00e1lico<\/li>\n<li>Impermeable y duradero<\/li>\n<li>Mayor velocidad y alta calidad<\/li>\n<li>Fiabilidad y seguridad<\/li>\n<li>Ideal para todos los usos<\/li>\n<li>48*28*5mm<\/li>\n<\/ul>","protected":false},"featured_media":9253,"comment_status":"open","ping_status":"closed","template":"","meta":{"_seopress_robots_primary_cat":"none","_seopress_titles_title":"Hot Sale Plate Ultra-thin Waterproof Metal USB Flash Drive","_seopress_titles_desc":"Hot sale plate ultra-thin waterproof mini high speed metal usb flash drive personalized 64gb 32gb 16gb 8gb 4gb pen drive","_seopress_robots_index":""},"class_list":["post-1193","product","type-product","status-publish","has-post-thumbnail","hentry","product_cat-metal-usb-flash-drive","product_tag-rose-gold-usb-flash-drive","product_tag-custom-metal-keychain-usb-flash-drive","product_tag-buy-metal-leather-usb-flash-drive"],"_links":{"self":[{"href":"https:\/\/www.yousanusb.com\/es\/wp-json\/wp\/v2\/product\/1193"}],"collection":[{"href":"https:\/\/www.yousanusb.com\/es\/wp-json\/wp\/v2\/product"}],"about":[{"href":"https:\/\/www.yousanusb.com\/es\/wp-json\/wp\/v2\/types\/product"}],"replies":[{"embeddable":true,"href":"https:\/\/www.yousanusb.com\/es\/wp-json\/wp\/v2\/comments?post=1193"}],"wp:featuredmedia":[{"embeddable":true,"href":"https:\/\/www.yousanusb.com\/es\/wp-json\/wp\/v2\/media\/9253"}],"wp:attachment":[{"href":"https:\/\/www.yousanusb.com\/es\/wp-json\/wp\/v2\/media?parent=1193"}],"curies":[{"name":"wp","href":"https:\/\/api.w.org\/{rel}","templated":true}]}}