{"id":1229,"date":"2021-06-09T04:10:05","date_gmt":"2021-06-09T04:10:05","guid":{"rendered":"https:\/\/yousanusb.com\/?post_type=product&#038;p=1229"},"modified":"2025-11-10T08:28:45","modified_gmt":"2025-11-10T08:28:45","slug":"crystal-usb-flash-drives-with-led-light","status":"publish","type":"product","link":"https:\/\/www.yousanusb.com\/es\/producto\/crystal-usb-flash-drives-with-led-light\/","title":{"rendered":"Memorias USB de cristal con luz LED"},"content":{"rendered":"<div class=\"wp-block-columns is-layout-flex wp-container-core-columns-is-layout-1 wp-block-columns-is-layout-flex\">\n<div class=\"wp-block-column is-layout-flow wp-block-column-is-layout-flow\">\n<figure class=\"wp-block-image size-full\"><img fetchpriority=\"high\" decoding=\"async\" width=\"800\" height=\"790\" src=\"https:\/\/www.yousanusb.com\/wp-content\/uploads\/2021\/06\/crystal-usb-flash-drives-with-led-light-1.png\" alt=\"\" class=\"wp-image-1234\" srcset=\"https:\/\/www.yousanusb.com\/wp-content\/uploads\/2021\/06\/crystal-usb-flash-drives-with-led-light-1.png 800w, https:\/\/www.yousanusb.com\/wp-content\/uploads\/2021\/06\/crystal-usb-flash-drives-with-led-light-1-100x100.png 100w, https:\/\/www.yousanusb.com\/wp-content\/uploads\/2021\/06\/crystal-usb-flash-drives-with-led-light-1-600x593.png 600w, https:\/\/www.yousanusb.com\/wp-content\/uploads\/2021\/06\/crystal-usb-flash-drives-with-led-light-1-300x296.png 300w, https:\/\/www.yousanusb.com\/wp-content\/uploads\/2021\/06\/crystal-usb-flash-drives-with-led-light-1-768x758.png 768w\" sizes=\"(max-width: 800px) 100vw, 800px\" \/><\/figure>\n<\/div>\n\n\n\n<div class=\"wp-block-column is-vertically-aligned-center is-layout-flow wp-block-column-is-layout-flow\">\n<p>Cuando la unidad USB est\u00e1 en uso, el LED del chip interno se ilumina. La luz se refracta\/transmite a trav\u00e9s de la lente de cristal, iluminando as\u00ed el logotipo interno. <\/p>\n\n\n\n<p>Algunos modelos incorporan iluminaci\u00f3n ambiental multicolor que ilumina directamente la zona de cristal al encenderse, realzando la est\u00e9tica tecnol\u00f3gica.<\/p>\n<\/div>\n<\/div>\n\n\n\n<div class=\"wp-block-columns is-layout-flex wp-container-core-columns-is-layout-2 wp-block-columns-is-layout-flex\">\n<div class=\"wp-block-column is-vertically-aligned-center is-layout-flow wp-block-column-is-layout-flow\">\n<ul class=\"wp-block-list\">\n<li>Parte met\u00e1lica: La mayor parte est\u00e1 hecha de aleaci\u00f3n de aluminio, acero inoxidable, etc., y se caracteriza por su robustez, resistencia al desgaste y buena disipaci\u00f3n del calor. Puede soportar colisiones diarias y garantizar el funcionamiento estable de la unidad USB.<br><\/li>\n\n\n\n<li>Pieza de cristal: Fabricada en cristal de alta transparencia, presenta un efecto visual cristalino. Forma una est\u00e9tica contrastada de \"combinaci\u00f3n de rigidez y suavidad\" con la textura resistente del metal.<\/li>\n<\/ul>\n<\/div>\n\n\n\n<div class=\"wp-block-column is-layout-flow wp-block-column-is-layout-flow\">\n<figure class=\"wp-block-image size-full\"><img decoding=\"async\" width=\"800\" height=\"800\" src=\"https:\/\/www.yousanusb.com\/wp-content\/uploads\/2021\/06\/crystal-usb-flash-drives-with-led-light-2.jpg\" alt=\"\" class=\"wp-image-1232\" srcset=\"https:\/\/www.yousanusb.com\/wp-content\/uploads\/2021\/06\/crystal-usb-flash-drives-with-led-light-2.jpg 800w, https:\/\/www.yousanusb.com\/wp-content\/uploads\/2021\/06\/crystal-usb-flash-drives-with-led-light-2-600x600.jpg 600w, https:\/\/www.yousanusb.com\/wp-content\/uploads\/2021\/06\/crystal-usb-flash-drives-with-led-light-2-100x100.jpg 100w, https:\/\/www.yousanusb.com\/wp-content\/uploads\/2021\/06\/crystal-usb-flash-drives-with-led-light-2-300x300.jpg 300w, https:\/\/www.yousanusb.com\/wp-content\/uploads\/2021\/06\/crystal-usb-flash-drives-with-led-light-2-150x150.jpg 150w, https:\/\/www.yousanusb.com\/wp-content\/uploads\/2021\/06\/crystal-usb-flash-drives-with-led-light-2-768x768.jpg 768w\" sizes=\"(max-width: 800px) 100vw, 800px\" \/><\/figure>\n<\/div>\n<\/div>\n\n\n\n<div class=\"wp-block-columns is-layout-flex wp-container-core-columns-is-layout-3 wp-block-columns-is-layout-flex\">\n<div class=\"wp-block-column is-layout-flow wp-block-column-is-layout-flow\">\n<figure class=\"wp-block-image size-full\"><img decoding=\"async\" width=\"800\" height=\"800\" src=\"https:\/\/www.yousanusb.com\/wp-content\/uploads\/2021\/06\/crystal-usb-flash-drives-with-led-light-5.jpg\" alt=\"\" class=\"wp-image-1236\" srcset=\"https:\/\/www.yousanusb.com\/wp-content\/uploads\/2021\/06\/crystal-usb-flash-drives-with-led-light-5.jpg 800w, https:\/\/www.yousanusb.com\/wp-content\/uploads\/2021\/06\/crystal-usb-flash-drives-with-led-light-5-600x600.jpg 600w, https:\/\/www.yousanusb.com\/wp-content\/uploads\/2021\/06\/crystal-usb-flash-drives-with-led-light-5-100x100.jpg 100w, https:\/\/www.yousanusb.com\/wp-content\/uploads\/2021\/06\/crystal-usb-flash-drives-with-led-light-5-300x300.jpg 300w, https:\/\/www.yousanusb.com\/wp-content\/uploads\/2021\/06\/crystal-usb-flash-drives-with-led-light-5-150x150.jpg 150w, https:\/\/www.yousanusb.com\/wp-content\/uploads\/2021\/06\/crystal-usb-flash-drives-with-led-light-5-768x768.jpg 768w\" sizes=\"(max-width: 800px) 100vw, 800px\" \/><\/figure>\n<\/div>\n\n\n\n<div class=\"wp-block-column is-vertically-aligned-center is-layout-flow wp-block-column-is-layout-flow\">\n<p>Las opciones de personalizaci\u00f3n incluyen el grabado por l\u00e1ser de logotipos o s\u00edmbolos exclusivos en zonas transparentes (con patrones resistentes al desgaste y de larga duraci\u00f3n), junto con colores de luz personalizables -com\u00fanmente disponibles en rojo, azul o verde-. <\/p>\n\n\n\n<p>Combinado con el proceso de iluminaci\u00f3n, el contenido personalizado resulta m\u00e1s llamativo cuando est\u00e1 iluminado: - Para entornos empresariales, el grabado de logotipos corporativos mejora la visibilidad de la marca. <\/p>\n\n\n\n<p> Para uso personal, a\u00f1adir s\u00edmbolos \u00fanicos potencia la exclusividad. Este enfoque se adapta a diversas necesidades de personalizaci\u00f3n.<\/p>\n<\/div>\n<\/div>","protected":false},"excerpt":{"rendered":"<ul>\n<li>Venta al por mayor unidades flash usb de cristal de oro rosa<\/li>\n<li>3.0 con luz LED <\/li>\n<li>Logotipo grabado en 3D<\/li>\n<li>Memoria USB Crystal<\/li>\n<li>MOQ:100pcs<\/li>\n<\/ul>","protected":false},"featured_media":1231,"comment_status":"open","ping_status":"closed","template":"","meta":{"_seopress_robots_primary_cat":"none","_seopress_titles_title":"Crystal USB Flash Drives with LED light","_seopress_titles_desc":"wholesale rose gold crystal usb flash drives 3.0 with LED light customised 32gb 64gb engraved 3d logo crystal usb stick","_seopress_robots_index":""},"class_list":["post-1229","product","type-product","status-publish","has-post-thumbnail","hentry","product_cat-crystal-led-usb-flash-drive","product_tag-rose-gold-usb-flash-drive"],"_links":{"self":[{"href":"https:\/\/www.yousanusb.com\/es\/wp-json\/wp\/v2\/product\/1229"}],"collection":[{"href":"https:\/\/www.yousanusb.com\/es\/wp-json\/wp\/v2\/product"}],"about":[{"href":"https:\/\/www.yousanusb.com\/es\/wp-json\/wp\/v2\/types\/product"}],"replies":[{"embeddable":true,"href":"https:\/\/www.yousanusb.com\/es\/wp-json\/wp\/v2\/comments?post=1229"}],"wp:featuredmedia":[{"embeddable":true,"href":"https:\/\/www.yousanusb.com\/es\/wp-json\/wp\/v2\/media\/1231"}],"wp:attachment":[{"href":"https:\/\/www.yousanusb.com\/es\/wp-json\/wp\/v2\/media?parent=1229"}],"curies":[{"name":"wp","href":"https:\/\/api.w.org\/{rel}","templated":true}]}}