{"id":1317,"date":"2021-06-09T08:15:28","date_gmt":"2021-06-09T08:15:28","guid":{"rendered":"https:\/\/yousanusb.com\/?post_type=product&#038;p=1317"},"modified":"2025-10-04T11:39:45","modified_gmt":"2025-10-04T11:39:45","slug":"twister-otg-usb-flash-drive-for-smart-phone","status":"publish","type":"product","link":"https:\/\/www.yousanusb.com\/es\/producto\/twister-otg-usb-flash-drive-for-smart-phone\/","title":{"rendered":"La memoria USB m\u00f3vil giratoria con clip m\u00e1s barata"},"content":{"rendered":"<p>Gracias a su innovador dise\u00f1o y a sus pr\u00e1cticas funciones, la memoria USB m\u00f3vil giratoria con clip se ha convertido en el modelo m\u00e1s popular de memoria USB m\u00f3vil, especialmente con la creciente demanda de almacenamiento m\u00f3vil. Est\u00e1 disponible con dos opciones de interfaz: Android (Micro-USB) y Tipo-C (USB-C). La interfaz USB 2.0 est\u00e1ndar ofrece una velocidad m\u00e1xima de transmisi\u00f3n de datos de 35 MB\/s, mientras que la opci\u00f3n de interfaz USB 3.0 de alta velocidad aumenta la velocidad de transmisi\u00f3n a 480 MB\/s. La velocidad de transmisi\u00f3n de USB 3.0 es aproximadamente 13,7 veces m\u00e1s r\u00e1pida que la de USB 2.0, lo que permite copiar f\u00e1cilmente un v\u00eddeo de 1 GB en 30 segundos y reducir significativamente el tiempo de transmisi\u00f3n.<\/p>\n\n\n\n<h2 class=\"wp-block-heading\">Interfaz Android Clip Rotatorio M\u00f3vil USB Flash Drive<\/h2>\n\n\n\n<p>La unidad flash USB m\u00f3vil con clip giratorio est\u00e1 especialmente equipada con una interfaz Micro-USB est\u00e1ndar para Android y es compatible con la funci\u00f3n OTG (On-The-Go), que puede conectarse directamente a tel\u00e9fonos Android con sistema de versi\u00f3n 4.0 y superior. No es necesario realizar ajustes complicados tras la inserci\u00f3n, y se puede acceder inmediatamente a los archivos de la unidad flash USB. Tanto si se trata de transferir fotos y v\u00eddeos como de hacer copias de seguridad de documentos importantes, se puede completar r\u00e1pidamente. La unidad flash USB est\u00e1 disponible en varias especificaciones de capacidad, como 32 GB, 64 GB, 128 GB y 256 GB, para satisfacer las necesidades de almacenamiento de diferentes usuarios.<\/p>\n\n\n\n<div class=\"wp-block-columns is-layout-flex wp-container-core-columns-is-layout-1 wp-block-columns-is-layout-flex\">\n<div class=\"wp-block-column is-layout-flow wp-block-column-is-layout-flow\">\n<figure class=\"wp-block-image size-full\"><img fetchpriority=\"high\" decoding=\"async\" width=\"800\" height=\"800\" src=\"https:\/\/yousanusb.com\/wp-content\/uploads\/2021\/06\/6.jpg\" alt=\"6\" class=\"wp-image-16856\" srcset=\"https:\/\/www.yousanusb.com\/wp-content\/uploads\/2021\/06\/6.jpg 800w, https:\/\/www.yousanusb.com\/wp-content\/uploads\/2021\/06\/6-300x300.jpg 300w, https:\/\/www.yousanusb.com\/wp-content\/uploads\/2021\/06\/6-150x150.jpg 150w, https:\/\/www.yousanusb.com\/wp-content\/uploads\/2021\/06\/6-768x768.jpg 768w, https:\/\/www.yousanusb.com\/wp-content\/uploads\/2021\/06\/6-12x12.jpg 12w, https:\/\/www.yousanusb.com\/wp-content\/uploads\/2021\/06\/6-600x600.jpg 600w, https:\/\/www.yousanusb.com\/wp-content\/uploads\/2021\/06\/6-100x100.jpg 100w\" sizes=\"(max-width: 800px) 100vw, 800px\" \/><\/figure>\n<\/div>\n\n\n\n<div class=\"wp-block-column is-layout-flow wp-block-column-is-layout-flow\">\n<figure class=\"wp-block-image size-full\"><img decoding=\"async\" width=\"800\" height=\"800\" src=\"https:\/\/yousanusb.com\/wp-content\/uploads\/2021\/06\/2-1.jpg\" alt=\"2\" class=\"wp-image-16852\" srcset=\"https:\/\/www.yousanusb.com\/wp-content\/uploads\/2021\/06\/2-1.jpg 800w, https:\/\/www.yousanusb.com\/wp-content\/uploads\/2021\/06\/2-1-300x300.jpg 300w, https:\/\/www.yousanusb.com\/wp-content\/uploads\/2021\/06\/2-1-150x150.jpg 150w, https:\/\/www.yousanusb.com\/wp-content\/uploads\/2021\/06\/2-1-768x768.jpg 768w, https:\/\/www.yousanusb.com\/wp-content\/uploads\/2021\/06\/2-1-12x12.jpg 12w, https:\/\/www.yousanusb.com\/wp-content\/uploads\/2021\/06\/2-1-600x600.jpg 600w, https:\/\/www.yousanusb.com\/wp-content\/uploads\/2021\/06\/2-1-100x100.jpg 100w\" sizes=\"(max-width: 800px) 100vw, 800px\" \/><\/figure>\n<\/div>\n\n\n\n<div class=\"wp-block-column is-layout-flow wp-block-column-is-layout-flow\">\n<figure class=\"wp-block-image size-full\"><img decoding=\"async\" width=\"800\" height=\"800\" src=\"https:\/\/yousanusb.com\/wp-content\/uploads\/2021\/06\/4.jpg\" alt=\"4\" class=\"wp-image-16854\" srcset=\"https:\/\/www.yousanusb.com\/wp-content\/uploads\/2021\/06\/4.jpg 800w, https:\/\/www.yousanusb.com\/wp-content\/uploads\/2021\/06\/4-300x300.jpg 300w, https:\/\/www.yousanusb.com\/wp-content\/uploads\/2021\/06\/4-150x150.jpg 150w, https:\/\/www.yousanusb.com\/wp-content\/uploads\/2021\/06\/4-768x768.jpg 768w, https:\/\/www.yousanusb.com\/wp-content\/uploads\/2021\/06\/4-12x12.jpg 12w, https:\/\/www.yousanusb.com\/wp-content\/uploads\/2021\/06\/4-600x600.jpg 600w, https:\/\/www.yousanusb.com\/wp-content\/uploads\/2021\/06\/4-100x100.jpg 100w\" sizes=\"(max-width: 800px) 100vw, 800px\" \/><\/figure>\n<\/div>\n<\/div>\n\n\n\n<h2 class=\"wp-block-heading\">Memoria USB m\u00f3vil giratoria con clip de interfaz Type-C<\/h2>\n\n\n\n<p>Adem\u00e1s de la versi\u00f3n con interfaz Android, la unidad flash USB m\u00f3vil giratoria con clip tambi\u00e9n cuenta con un modelo con interfaz Tipo-C, que adopta el protocolo USB 3.0 y admite la conexi\u00f3n reversible, adapt\u00e1ndose a todos los tel\u00e9fonos con interfaz Tipo-C del mercado, incluidos los principales modelos insignia y los tel\u00e9fonos de marcas emergentes. Despu\u00e9s de la conexi\u00f3n, puede alcanzar una velocidad m\u00e1xima de transmisi\u00f3n de datos de 480Mbps, permitiendo f\u00e1cilmente el almacenamiento r\u00e1pido y la lectura de materiales de v\u00eddeo 4K, haciendo que la gesti\u00f3n de archivos sea m\u00e1s conveniente y eficiente.<\/p>\n\n\n\n<div class=\"wp-block-columns is-layout-flex wp-container-core-columns-is-layout-2 wp-block-columns-is-layout-flex\">\n<div class=\"wp-block-column is-layout-flow wp-block-column-is-layout-flow\"><div class=\"wp-block-image\">\n<figure class=\"aligncenter size-full\"><img loading=\"lazy\" decoding=\"async\" width=\"800\" height=\"800\" src=\"https:\/\/www.yousanusb.com\/wp-content\/uploads\/2021\/06\/O1CN01TXvB0J1d9RkD73bSJ_2537693693-0-cib.jpg\" alt=\"unidad flash usb giratoria\" class=\"wp-image-18969\" srcset=\"https:\/\/www.yousanusb.com\/wp-content\/uploads\/2021\/06\/O1CN01TXvB0J1d9RkD73bSJ_2537693693-0-cib.jpg 800w, https:\/\/www.yousanusb.com\/wp-content\/uploads\/2021\/06\/O1CN01TXvB0J1d9RkD73bSJ_2537693693-0-cib-300x300.jpg 300w, https:\/\/www.yousanusb.com\/wp-content\/uploads\/2021\/06\/O1CN01TXvB0J1d9RkD73bSJ_2537693693-0-cib-150x150.jpg 150w, https:\/\/www.yousanusb.com\/wp-content\/uploads\/2021\/06\/O1CN01TXvB0J1d9RkD73bSJ_2537693693-0-cib-768x768.jpg 768w, https:\/\/www.yousanusb.com\/wp-content\/uploads\/2021\/06\/O1CN01TXvB0J1d9RkD73bSJ_2537693693-0-cib-12x12.jpg 12w, https:\/\/www.yousanusb.com\/wp-content\/uploads\/2021\/06\/O1CN01TXvB0J1d9RkD73bSJ_2537693693-0-cib-600x600.jpg 600w, https:\/\/www.yousanusb.com\/wp-content\/uploads\/2021\/06\/O1CN01TXvB0J1d9RkD73bSJ_2537693693-0-cib-100x100.jpg 100w\" sizes=\"(max-width: 800px) 100vw, 800px\" \/><figcaption class=\"wp-element-caption\">Memoria USB giratoria con interfaz Type-C<\/figcaption><\/figure><\/div><\/div>\n\n\n\n<div class=\"wp-block-column is-layout-flow wp-block-column-is-layout-flow\"><div class=\"wp-block-image\">\n<figure class=\"aligncenter size-full\"><img loading=\"lazy\" decoding=\"async\" width=\"800\" height=\"800\" src=\"https:\/\/www.yousanusb.com\/wp-content\/uploads\/2021\/06\/O1CN01X9DDyN1d9RkD71vWp_2537693693-0-cib.jpg\" alt=\"unidad flash usb giratoria de tipo c\" class=\"wp-image-18970\" srcset=\"https:\/\/www.yousanusb.com\/wp-content\/uploads\/2021\/06\/O1CN01X9DDyN1d9RkD71vWp_2537693693-0-cib.jpg 800w, https:\/\/www.yousanusb.com\/wp-content\/uploads\/2021\/06\/O1CN01X9DDyN1d9RkD71vWp_2537693693-0-cib-300x300.jpg 300w, https:\/\/www.yousanusb.com\/wp-content\/uploads\/2021\/06\/O1CN01X9DDyN1d9RkD71vWp_2537693693-0-cib-150x150.jpg 150w, https:\/\/www.yousanusb.com\/wp-content\/uploads\/2021\/06\/O1CN01X9DDyN1d9RkD71vWp_2537693693-0-cib-768x768.jpg 768w, https:\/\/www.yousanusb.com\/wp-content\/uploads\/2021\/06\/O1CN01X9DDyN1d9RkD71vWp_2537693693-0-cib-12x12.jpg 12w, https:\/\/www.yousanusb.com\/wp-content\/uploads\/2021\/06\/O1CN01X9DDyN1d9RkD71vWp_2537693693-0-cib-600x600.jpg 600w, https:\/\/www.yousanusb.com\/wp-content\/uploads\/2021\/06\/O1CN01X9DDyN1d9RkD71vWp_2537693693-0-cib-100x100.jpg 100w\" sizes=\"(max-width: 800px) 100vw, 800px\" \/><figcaption class=\"wp-element-caption\">Memoria USB giratoria con interfaz Type-C<\/figcaption><\/figure><\/div><\/div>\n\n\n\n<div class=\"wp-block-column is-layout-flow wp-block-column-is-layout-flow\"><div class=\"wp-block-image\">\n<figure class=\"aligncenter size-full\"><img loading=\"lazy\" decoding=\"async\" width=\"800\" height=\"800\" src=\"https:\/\/www.yousanusb.com\/wp-content\/uploads\/2021\/06\/O1CN016VA2b61d9Rk6uAyzO_2537693693-0-cib.jpg\" alt=\"pen drive usb giratorio tipo c\" class=\"wp-image-18971\" srcset=\"https:\/\/www.yousanusb.com\/wp-content\/uploads\/2021\/06\/O1CN016VA2b61d9Rk6uAyzO_2537693693-0-cib.jpg 800w, https:\/\/www.yousanusb.com\/wp-content\/uploads\/2021\/06\/O1CN016VA2b61d9Rk6uAyzO_2537693693-0-cib-300x300.jpg 300w, https:\/\/www.yousanusb.com\/wp-content\/uploads\/2021\/06\/O1CN016VA2b61d9Rk6uAyzO_2537693693-0-cib-150x150.jpg 150w, https:\/\/www.yousanusb.com\/wp-content\/uploads\/2021\/06\/O1CN016VA2b61d9Rk6uAyzO_2537693693-0-cib-768x768.jpg 768w, https:\/\/www.yousanusb.com\/wp-content\/uploads\/2021\/06\/O1CN016VA2b61d9Rk6uAyzO_2537693693-0-cib-12x12.jpg 12w, https:\/\/www.yousanusb.com\/wp-content\/uploads\/2021\/06\/O1CN016VA2b61d9Rk6uAyzO_2537693693-0-cib-600x600.jpg 600w, https:\/\/www.yousanusb.com\/wp-content\/uploads\/2021\/06\/O1CN016VA2b61d9Rk6uAyzO_2537693693-0-cib-100x100.jpg 100w\" sizes=\"(max-width: 800px) 100vw, 800px\" \/><figcaption class=\"wp-element-caption\">Memoria USB giratoria con interfaz Type-C<\/figcaption><\/figure><\/div><\/div>\n<\/div>\n\n\n\n<h2 class=\"wp-block-heading\">\u00bfQu\u00e9 hago si me equivoco de interfaz?<\/h2>\n\n\n\n<p>Si accidentalmente compra la interfaz equivocada y no coincide con la interfaz de su tel\u00e9fono, no hay necesidad de preocuparse. Los adaptadores comunes de Micro-USB a Tipo-C y Tipo-C a Micro-USB del mercado son todos compatibles con la unidad flash USB m\u00f3vil giratoria con clip. Los adaptadores utilizan chips de alta calidad para una transmisi\u00f3n de datos estable, garantizando un uso normal en diferentes dispositivos de interfaz, resolviendo el problema de la incompatibilidad de interfaz y logrando un uso flexible.<\/p>\n\n\n\n<h2 class=\"wp-block-heading\">\u00bfNecesita la memoria USB Clip Rotating Mobile una APP para conectarse a un tel\u00e9fono?<\/h2>\n\n\n\n<p>\u00a1No! A diferencia de las unidades flash USB m\u00f3viles tradicionales, la unidad flash USB m\u00f3vil giratoria con clip no requiere la descarga de ninguna APP y realmente logra \"plug-and-play\". Es compatible con los principales sistemas operativos de tel\u00e9fonos m\u00f3viles, incluidos los dispositivos Android, HarmonyOS e iOS que admiten la funci\u00f3n OTG (requieren un adaptador). Para los entusiastas de la fotograf\u00eda a los que les gusta grabar la vida a trav\u00e9s de fotos o los fot\u00f3grafos profesionales que necesitan transferir materiales con frecuencia, basta con insertar la unidad flash USB en el tel\u00e9fono para almacenar r\u00e1pidamente fotos y v\u00eddeos de alta definici\u00f3n tomados, liberar memoria del tel\u00e9fono y facilitar la organizaci\u00f3n y el uso compartido posteriores.<\/p>\n\n\n\n<h2 class=\"wp-block-heading\">\u00bfSe puede personalizar la memoria USB Clip Rotating Mobile con un logotipo?<\/h2>\n\n\n\n<div class=\"wp-block-columns is-layout-flex wp-container-core-columns-is-layout-4 wp-block-columns-is-layout-flex\">\n<div class=\"wp-block-column is-vertically-aligned-center is-layout-flow wp-block-column-is-layout-flow\">\n<div class=\"wp-block-columns are-vertically-aligned-center is-layout-flex wp-container-core-columns-is-layout-3 wp-block-columns-is-layout-flex\">\n<div class=\"wp-block-column is-vertically-aligned-center is-layout-flow wp-block-column-is-layout-flow\" style=\"flex-basis:100%\">\n<div class=\"wp-block-group is-vertical is-content-justification-center is-layout-flex wp-container-core-group-is-layout-1 wp-block-group-is-layout-flex\">\n<p class=\"has-text-align-left\">S\u00ed. La unidad flash USB m\u00f3vil con clip giratorio admite la personalizaci\u00f3n de logotipos y ofrece dos m\u00e9todos de personalizaci\u00f3n. Los logotipos grabados con l\u00e1ser utilizan tecnolog\u00eda l\u00e1ser precisa para grabar la parte met\u00e1lica de la carcasa del clip giratorio con una precisi\u00f3n de grabado de hasta 0,01 mm. Este m\u00e9todo produce un logotipo claro, duradero y exclusivo con una textura sutil.<\/p>\n\n\n\n<p>Los logotipos impresos en color utilizan una avanzada tecnolog\u00eda de impresi\u00f3n UV con una resoluci\u00f3n de color de hasta 1440 ppp para presentar motivos o texto en colores intensos en la superficie de la memoria USB, creando efectos visuales extraordinarios. Ya sea para regalos de empresa o recuerdos personales, puede crear una memoria USB \u00fanica y personalizada.<\/p>\n<\/div>\n<\/div>\n<\/div>\n<\/div>\n\n\n\n<div class=\"wp-block-column is-layout-flow wp-block-column-is-layout-flow\">\n<figure class=\"wp-block-image alignwide size-full\"><img loading=\"lazy\" decoding=\"async\" width=\"800\" height=\"800\" src=\"https:\/\/yousanusb.com\/wp-content\/uploads\/2021\/06\/5.jpg\" alt=\"5\" class=\"wp-image-16855\" srcset=\"https:\/\/www.yousanusb.com\/wp-content\/uploads\/2021\/06\/5.jpg 800w, https:\/\/www.yousanusb.com\/wp-content\/uploads\/2021\/06\/5-300x300.jpg 300w, https:\/\/www.yousanusb.com\/wp-content\/uploads\/2021\/06\/5-150x150.jpg 150w, https:\/\/www.yousanusb.com\/wp-content\/uploads\/2021\/06\/5-768x768.jpg 768w, https:\/\/www.yousanusb.com\/wp-content\/uploads\/2021\/06\/5-12x12.jpg 12w, https:\/\/www.yousanusb.com\/wp-content\/uploads\/2021\/06\/5-600x600.jpg 600w, https:\/\/www.yousanusb.com\/wp-content\/uploads\/2021\/06\/5-100x100.jpg 100w\" sizes=\"(max-width: 800px) 100vw, 800px\" \/><\/figure>\n<\/div>\n<\/div>\n\n\n\n<p>La memoria USB m\u00f3vil con clip giratorio es un dispositivo de almacenamiento m\u00f3vil esencial que integra practicidad, compatibilidad y singularidad. Se adapta a dos sistemas (USB A, Micro-USB y Type-C), se utiliza c\u00f3modamente sin necesidad de una aplicaci\u00f3n y cuenta con un servicio de personalizaci\u00f3n del logotipo. Con su alta capacidad y r\u00e1pida transmisi\u00f3n de datos, resuelve el problema de la memoria insuficiente del tel\u00e9fono y sirve como un accesorio elegante que muestra su personalidad. Satisface tus necesidades y es una opci\u00f3n ideal para los usuarios que buscan calidad y comodidad.<\/p>","protected":false},"excerpt":{"rendered":"<ul>\n<li>Dise\u00f1o plegable giratorio<\/li>\n<li>Pl\u00e1stico,Material met\u00e1lico<\/li>\n<li>Mayor velocidad y alta calidad<\/li>\n<li>Fiabilidad y seguridad<\/li>\n<li>Ideal para cualquier interfaz<\/li>\n<li>MOQ:100pcs<\/li>\n<\/ul>","protected":false},"featured_media":18971,"comment_status":"open","ping_status":"closed","template":"","meta":{"_seopress_robots_primary_cat":"none","_seopress_titles_title":"Twister OTG USB Flash Drive for smart phone","_seopress_titles_desc":"Fast speed USB2.0 Twister OTG USB Flash Drive for smart phone\/cell phone OTG memorias USB with micro USB Plug.","_seopress_robots_index":""},"class_list":["post-1317","product","type-product","status-publish","has-post-thumbnail","hentry","product_cat-otg-usb-flash-drive","product_tag-aluminum-flash-drive","product_tag-otg-usb-flash-drive"],"_links":{"self":[{"href":"https:\/\/www.yousanusb.com\/es\/wp-json\/wp\/v2\/product\/1317"}],"collection":[{"href":"https:\/\/www.yousanusb.com\/es\/wp-json\/wp\/v2\/product"}],"about":[{"href":"https:\/\/www.yousanusb.com\/es\/wp-json\/wp\/v2\/types\/product"}],"replies":[{"embeddable":true,"href":"https:\/\/www.yousanusb.com\/es\/wp-json\/wp\/v2\/comments?post=1317"}],"wp:featuredmedia":[{"embeddable":true,"href":"https:\/\/www.yousanusb.com\/es\/wp-json\/wp\/v2\/media\/18971"}],"wp:attachment":[{"href":"https:\/\/www.yousanusb.com\/es\/wp-json\/wp\/v2\/media?parent=1317"}],"curies":[{"name":"wp","href":"https:\/\/api.w.org\/{rel}","templated":true}]}}