{"id":13309,"date":"2025-01-04T05:34:48","date_gmt":"2025-01-04T05:34:48","guid":{"rendered":"https:\/\/yousanusb.com\/?post_type=product&#038;p=13309"},"modified":"2025-10-05T05:35:56","modified_gmt":"2025-10-05T05:35:56","slug":"new-style-rotating-usb-a-and-usb-c-flash-drive","status":"publish","type":"product","link":"https:\/\/www.yousanusb.com\/es\/producto\/new-style-rotating-usb-a-and-usb-c-flash-drive\/","title":{"rendered":"nuevo - unidad flash usb a y usb c giratoria de estilo"},"content":{"rendered":"<p>Nuevo producto Unidad USB giratoria de metal con dos puertos para un almacenamiento eficiente. Esta unidad USB giratoria reci\u00e9n lanzada cuenta con puertos USB-A y USB-C, fabricados en metal para un aspecto elegante y tecnol\u00f3gico que tambi\u00e9n es incre\u00edblemente elegante.Hay dos colores disponibles: plata y negro. <\/p>\n\n\n\n<div class=\"wp-block-columns is-layout-flex wp-container-core-columns-is-layout-1 wp-block-columns-is-layout-flex\">\n<div class=\"wp-block-column is-layout-flow wp-block-column-is-layout-flow\">\n<figure class=\"wp-block-image size-full\"><img fetchpriority=\"high\" decoding=\"async\" width=\"800\" height=\"800\" src=\"https:\/\/www.yousanusb.com\/wp-content\/uploads\/2025\/01\/siliver-colored-usb-a-and-usb-c-flash-drive.jpg\" alt=\"siliver - unidad flash usb a y usb c de colores\" class=\"wp-image-13315\" srcset=\"https:\/\/www.yousanusb.com\/wp-content\/uploads\/2025\/01\/siliver-colored-usb-a-and-usb-c-flash-drive.jpg 800w, https:\/\/www.yousanusb.com\/wp-content\/uploads\/2025\/01\/siliver-colored-usb-a-and-usb-c-flash-drive-300x300.jpg 300w, https:\/\/www.yousanusb.com\/wp-content\/uploads\/2025\/01\/siliver-colored-usb-a-and-usb-c-flash-drive-150x150.jpg 150w, https:\/\/www.yousanusb.com\/wp-content\/uploads\/2025\/01\/siliver-colored-usb-a-and-usb-c-flash-drive-768x768.jpg 768w, https:\/\/www.yousanusb.com\/wp-content\/uploads\/2025\/01\/siliver-colored-usb-a-and-usb-c-flash-drive-12x12.jpg 12w, https:\/\/www.yousanusb.com\/wp-content\/uploads\/2025\/01\/siliver-colored-usb-a-and-usb-c-flash-drive-600x600.jpg 600w, https:\/\/www.yousanusb.com\/wp-content\/uploads\/2025\/01\/siliver-colored-usb-a-and-usb-c-flash-drive-100x100.jpg 100w\" sizes=\"(max-width: 800px) 100vw, 800px\" \/><\/figure>\n<\/div>\n\n\n\n<div class=\"wp-block-column is-layout-flow wp-block-column-is-layout-flow\">\n<figure class=\"wp-block-image size-full\"><img decoding=\"async\" width=\"800\" height=\"800\" src=\"https:\/\/www.yousanusb.com\/wp-content\/uploads\/2025\/01\/gun-colored-usb-a-and-usb-c-flash-drive-manuufacturer.jpg\" alt=\"pistola - unidad flash usb a y usb c de colores-fabricante\" class=\"wp-image-13313\" srcset=\"https:\/\/www.yousanusb.com\/wp-content\/uploads\/2025\/01\/gun-colored-usb-a-and-usb-c-flash-drive-manuufacturer.jpg 800w, https:\/\/www.yousanusb.com\/wp-content\/uploads\/2025\/01\/gun-colored-usb-a-and-usb-c-flash-drive-manuufacturer-300x300.jpg 300w, https:\/\/www.yousanusb.com\/wp-content\/uploads\/2025\/01\/gun-colored-usb-a-and-usb-c-flash-drive-manuufacturer-150x150.jpg 150w, https:\/\/www.yousanusb.com\/wp-content\/uploads\/2025\/01\/gun-colored-usb-a-and-usb-c-flash-drive-manuufacturer-768x768.jpg 768w, https:\/\/www.yousanusb.com\/wp-content\/uploads\/2025\/01\/gun-colored-usb-a-and-usb-c-flash-drive-manuufacturer-12x12.jpg 12w, https:\/\/www.yousanusb.com\/wp-content\/uploads\/2025\/01\/gun-colored-usb-a-and-usb-c-flash-drive-manuufacturer-600x600.jpg 600w, https:\/\/www.yousanusb.com\/wp-content\/uploads\/2025\/01\/gun-colored-usb-a-and-usb-c-flash-drive-manuufacturer-100x100.jpg 100w\" sizes=\"(max-width: 800px) 100vw, 800px\" \/><\/figure>\n<\/div>\n<\/div>\n\n\n\n<div class=\"wp-block-columns is-layout-flex wp-container-core-columns-is-layout-2 wp-block-columns-is-layout-flex\">\n<div class=\"wp-block-column is-vertically-aligned-center is-layout-flow wp-block-column-is-layout-flow\">\n<p><strong>Rotaci\u00f3n en fr\u00edo, conmutaci\u00f3n bilateral<\/strong>: El exclusivo dise\u00f1o giratorio cambia sin esfuerzo entre los puertos USB A y Type-C, eliminando la necesidad de voluminosos adaptadores. Disfruta de una transferencia de datos fluida entre tel\u00e9fonos, ordenadores y otros dispositivos para una conectividad eficiente y sin complicaciones.<br><strong>Acabado met\u00e1lico de primera calidad, sabor excepcional<\/strong>: Fabricado en metal de alta calidad con una exquisita artesan\u00eda, ofrece un tacto suave y sedoso y un brillo deslumbrante. Elija entre un elegante plateado para una elegancia minimalista o un gris plomo para una sofisticaci\u00f3n discreta: ambas opciones realzar\u00e1n su estilo \u00fanico.<br><strong>Transferencia de alta velocidad, fluida y r\u00e1pida<\/strong>: Equipado con una interfaz USB 3.0 de alta velocidad, alcanza velocidades de transferencia te\u00f3ricas de hasta 5 Gbps. Transfiera sin esfuerzo archivos de gran tama\u00f1o en segundos, eliminando los tiempos de espera para trabajar o entretenerse.<br><strong>Compacto y port\u00e1til<\/strong>: Dise\u00f1ada para ser peque\u00f1a y delgada, es f\u00e1cil de llevar. Esta memoria USB tiene un ojo de cerradura y se puede enganchar directamente a un llavero.<\/p>\n<\/div>\n\n\n\n<div class=\"wp-block-column is-vertically-aligned-center is-layout-flow wp-block-column-is-layout-flow\">\n<figure class=\"wp-block-image size-full\"><img decoding=\"async\" width=\"800\" height=\"800\" src=\"https:\/\/www.yousanusb.com\/wp-content\/uploads\/2025\/01\/gun-colored-usb-a-and-usb-c-flash-drive.jpg\" alt=\"pistola - unidad flash usb a y usb c de colores\" class=\"wp-image-13312\" srcset=\"https:\/\/www.yousanusb.com\/wp-content\/uploads\/2025\/01\/gun-colored-usb-a-and-usb-c-flash-drive.jpg 800w, https:\/\/www.yousanusb.com\/wp-content\/uploads\/2025\/01\/gun-colored-usb-a-and-usb-c-flash-drive-300x300.jpg 300w, https:\/\/www.yousanusb.com\/wp-content\/uploads\/2025\/01\/gun-colored-usb-a-and-usb-c-flash-drive-150x150.jpg 150w, https:\/\/www.yousanusb.com\/wp-content\/uploads\/2025\/01\/gun-colored-usb-a-and-usb-c-flash-drive-768x768.jpg 768w, https:\/\/www.yousanusb.com\/wp-content\/uploads\/2025\/01\/gun-colored-usb-a-and-usb-c-flash-drive-12x12.jpg 12w, https:\/\/www.yousanusb.com\/wp-content\/uploads\/2025\/01\/gun-colored-usb-a-and-usb-c-flash-drive-600x600.jpg 600w, https:\/\/www.yousanusb.com\/wp-content\/uploads\/2025\/01\/gun-colored-usb-a-and-usb-c-flash-drive-100x100.jpg 100w\" sizes=\"(max-width: 800px) 100vw, 800px\" \/><\/figure>\n<\/div>\n<\/div>","protected":false},"excerpt":{"rendered":"<ul>\n<li>Nuevo estilo<\/li>\n<li>Interfaces USB a y USB C<\/li>\n<li>Uso del ordenador y del tel\u00e9fono m\u00f3vil<\/li>\n<li>Plateado y color pistola<\/li>\n<li>USB3.0 de alta velocidad<\/li>\n<li>Logotipo personalizado<\/li>\n<\/ul>","protected":false},"featured_media":13312,"comment_status":"open","ping_status":"closed","template":"","meta":{"_seopress_robots_primary_cat":"none","_seopress_titles_title":"new - style rotating usb a and usb c flash drive","_seopress_titles_desc":"With the new New-Style Rotating USB A and USB C Flash Drive,it is not only a storage device,but also a fashionable item to show off your taste.Own it now and start your digital life with efficiency and convenience!","_seopress_robots_index":""},"class_list":["post-13309","product","type-product","status-publish","has-post-thumbnail","hentry","product_cat-usb30-flash-drive","product_cat-rotating-usb-flash-drive","product_cat-otg-usb-flash-drive","product_tag-otg-usb-flash-drive","product_tag-buy-metal-leather-usb-flash-drive"],"_links":{"self":[{"href":"https:\/\/www.yousanusb.com\/es\/wp-json\/wp\/v2\/product\/13309"}],"collection":[{"href":"https:\/\/www.yousanusb.com\/es\/wp-json\/wp\/v2\/product"}],"about":[{"href":"https:\/\/www.yousanusb.com\/es\/wp-json\/wp\/v2\/types\/product"}],"replies":[{"embeddable":true,"href":"https:\/\/www.yousanusb.com\/es\/wp-json\/wp\/v2\/comments?post=13309"}],"wp:featuredmedia":[{"embeddable":true,"href":"https:\/\/www.yousanusb.com\/es\/wp-json\/wp\/v2\/media\/13312"}],"wp:attachment":[{"href":"https:\/\/www.yousanusb.com\/es\/wp-json\/wp\/v2\/media?parent=13309"}],"curies":[{"name":"wp","href":"https:\/\/api.w.org\/{rel}","templated":true}]}}