{"id":1331,"date":"2021-06-09T08:17:36","date_gmt":"2021-06-09T08:17:36","guid":{"rendered":"https:\/\/yousanusb.com\/?post_type=product&#038;p=1331"},"modified":"2025-10-06T00:29:30","modified_gmt":"2025-10-06T00:29:30","slug":"super-mini-metal-usb-flash-drive","status":"publish","type":"product","link":"https:\/\/www.yousanusb.com\/es\/producto\/super-mini-metal-usb-flash-drive\/","title":{"rendered":"Mini memoria USB con llavero"},"content":{"rendered":"<p>La carcasa met\u00e1lica le ofrece protecci\u00f3n contra el polvo, el agua y la temperatura, y tambi\u00e9n es resistente a los golpes. Viene con un llavero en un extremo que le ayuda a conectarlo a su llavero, bolso, malet\u00edn o bolso y olvidarse de la idea de perder sus datos y archivos importantes guardados en la unidad.<\/p>\n<p><img fetchpriority=\"high\" decoding=\"async\" class=\"size-full wp-image-9232 aligncenter\" src=\"https:\/\/yousanusb.com\/wp-content\/uploads\/2021\/06\/china-mini-metal-usb-flash-drive-supplier.jpg\" alt=\"china mini metal usb flash drive proveedor\" width=\"1000\" height=\"1000\" srcset=\"https:\/\/www.yousanusb.com\/wp-content\/uploads\/2021\/06\/china-mini-metal-usb-flash-drive-supplier.jpg 1000w, https:\/\/www.yousanusb.com\/wp-content\/uploads\/2021\/06\/china-mini-metal-usb-flash-drive-supplier-300x300.jpg 300w, https:\/\/www.yousanusb.com\/wp-content\/uploads\/2021\/06\/china-mini-metal-usb-flash-drive-supplier-150x150.jpg 150w, https:\/\/www.yousanusb.com\/wp-content\/uploads\/2021\/06\/china-mini-metal-usb-flash-drive-supplier-768x768.jpg 768w, https:\/\/www.yousanusb.com\/wp-content\/uploads\/2021\/06\/china-mini-metal-usb-flash-drive-supplier-600x600.jpg 600w, https:\/\/www.yousanusb.com\/wp-content\/uploads\/2021\/06\/china-mini-metal-usb-flash-drive-supplier-100x100.jpg 100w\" sizes=\"(max-width: 1000px) 100vw, 1000px\" \/><\/p>\n<p><img decoding=\"async\" class=\"size-full wp-image-9233 aligncenter\" src=\"https:\/\/yousanusb.com\/wp-content\/uploads\/2021\/06\/china-mini-metal-usb-flash-drive-wholesale.jpg\" alt=\"china mini metal usb flash drive wholesale\" width=\"1000\" height=\"1000\" srcset=\"https:\/\/www.yousanusb.com\/wp-content\/uploads\/2021\/06\/china-mini-metal-usb-flash-drive-wholesale.jpg 1000w, https:\/\/www.yousanusb.com\/wp-content\/uploads\/2021\/06\/china-mini-metal-usb-flash-drive-wholesale-300x300.jpg 300w, https:\/\/www.yousanusb.com\/wp-content\/uploads\/2021\/06\/china-mini-metal-usb-flash-drive-wholesale-150x150.jpg 150w, https:\/\/www.yousanusb.com\/wp-content\/uploads\/2021\/06\/china-mini-metal-usb-flash-drive-wholesale-768x768.jpg 768w, https:\/\/www.yousanusb.com\/wp-content\/uploads\/2021\/06\/china-mini-metal-usb-flash-drive-wholesale-600x600.jpg 600w, https:\/\/www.yousanusb.com\/wp-content\/uploads\/2021\/06\/china-mini-metal-usb-flash-drive-wholesale-100x100.jpg 100w\" sizes=\"(max-width: 1000px) 100vw, 1000px\" \/><\/p>","protected":false},"excerpt":{"rendered":"<ul>\n<li>Dise\u00f1o Super Mini<\/li>\n<li>Material met\u00e1lico<\/li>\n<li>Impermeable y duradero<\/li>\n<li>Mayor velocidad y alta calidad<\/li>\n<li>Fiabilidad y seguridad<\/li>\n<li>Ideal para todos los usos<\/li>\n<\/ul>","protected":false},"featured_media":9230,"comment_status":"open","ping_status":"closed","template":"","meta":{"_seopress_robots_primary_cat":"none","_seopress_titles_title":"Super Mini metal USB Flash Drive","_seopress_titles_desc":"Super Mini metal USB Flash Drive 8Gb 16Gb 32Gb Bulk 64Gb Data Storage Thumb Pendrive 3.0 high speed usb flash memory.","_seopress_robots_index":""},"class_list":["post-1331","product","type-product","status-publish","has-post-thumbnail","hentry","product_cat-metal-usb-flash-drive","product_tag-rose-gold-usb-flash-drive","product_tag-custom-metal-keychain-usb-flash-drive","product_tag-buy-metal-leather-usb-flash-drive"],"_links":{"self":[{"href":"https:\/\/www.yousanusb.com\/es\/wp-json\/wp\/v2\/product\/1331"}],"collection":[{"href":"https:\/\/www.yousanusb.com\/es\/wp-json\/wp\/v2\/product"}],"about":[{"href":"https:\/\/www.yousanusb.com\/es\/wp-json\/wp\/v2\/types\/product"}],"replies":[{"embeddable":true,"href":"https:\/\/www.yousanusb.com\/es\/wp-json\/wp\/v2\/comments?post=1331"}],"wp:featuredmedia":[{"embeddable":true,"href":"https:\/\/www.yousanusb.com\/es\/wp-json\/wp\/v2\/media\/9230"}],"wp:attachment":[{"href":"https:\/\/www.yousanusb.com\/es\/wp-json\/wp\/v2\/media?parent=1331"}],"curies":[{"name":"wp","href":"https:\/\/api.w.org\/{rel}","templated":true}]}}